{"id":9487,"date":"2021-11-19T15:38:19","date_gmt":"2021-11-19T18:38:19","guid":{"rendered":"https:\/\/festivalpoesiabsas.com.ar\/festivales-anteriores\/?page_id=9487"},"modified":"2021-11-19T17:07:13","modified_gmt":"2021-11-19T20:07:13","slug":"momentos-2021","status":"publish","type":"page","link":"https:\/\/festivalpoesiabsas.com.ar\/festivales-anteriores\/?page_id=9487","title":{"rendered":"Momentos 2021"},"content":{"rendered":"<div class=\"wpb-content-wrapper\"><p>[vc_row][vc_column]<div id=\"sc_blogger_1210558282\" class=\"sc_blogger layout_colored_3 template_portfolio  sc_blogger_horizontal no_description\"><div class=\"isotope_wrap\" data-columns=\"3\">\t\t\t<div class=\"isotope_item isotope_item_colored isotope_item_colored_3 isotope_column_3\t\t\t\t\t\t\">\n\t\t\t\t<div class=\"post_item post_item_colored post_item_colored_3\t\t\t\t\tpost_format_standard odd\">\n\t\n\t\t\t\t\t<div class=\"post_content isotope_item_content\">\n\t\t\t\t\t\t\t\t\t\t\t\t<div class=\"post_featured img \">\n\t\t\t\t\t\t\t<a href=\"https:\/\/festivalpoesiabsas.com.ar\/festivales-anteriores\/?p=9558\"><img loading=\"lazy\" decoding=\"async\" class=\"wp-post-image\" width=\"370\" height=\"370\" alt=\"D\u00eda 1 &#8211; CCR Previa\" src=\"https:\/\/festivalpoesiabsas.com.ar\/festivales-anteriores\/wp-content\/uploads\/2021\/11\/3FIP_14_opt-370x370.jpg\"><\/a>\t\t\t\t\t\t\t\t<h5 class=\"post_title\"><a href=\"https:\/\/festivalpoesiabsas.com.ar\/festivales-anteriores\/?p=9558\">D\u00eda 1 &#8211; CCR Previa<\/a><\/h5>\n\t\t\t\t\t\t\t\t<div class=\"post_descr\">\n\t\t\t\t\t\t\t\t\t<div class=\"post_category\"><a href=\"https:\/\/festivalpoesiabsas.com.ar\/festivales-anteriores\/?cat=106\">Momentos 2021<\/a><\/div>\t\t\t\t\t\t\t\t<\/div>\n\t\t\t\t\t\t\t\t\t\t\t\t\t\t<\/div>\n\t\t\t\t\t\t\t\t\t\t\t<\/div>\t\t\t\t<!-- \/.post_content -->\n\t\t\t\t<\/div>\t<!-- \/.post_item -->\n\t\t\t<\/div>\t\t\t\t\t\t<!-- \/.isotope_item -->\n\t\t\t\t\t\t<div class=\"isotope_item isotope_item_colored isotope_item_colored_3 isotope_column_3\t\t\t\t\t\t\">\n\t\t\t\t<div class=\"post_item post_item_colored post_item_colored_3\t\t\t\t\tpost_format_standard even\">\n\t\n\t\t\t\t\t<div class=\"post_content isotope_item_content\">\n\t\t\t\t\t\t\t\t\t\t\t\t<div class=\"post_featured img \">\n\t\t\t\t\t\t\t<a href=\"https:\/\/festivalpoesiabsas.com.ar\/festivales-anteriores\/?p=9494\"><img loading=\"lazy\" decoding=\"async\" class=\"wp-post-image\" width=\"370\" height=\"370\" alt=\"D\u00eda 1 &#8211; CCR Lecturas\" src=\"https:\/\/festivalpoesiabsas.com.ar\/festivales-anteriores\/wp-content\/uploads\/2021\/11\/FIP_58_opt-370x370.jpg\"><\/a>\t\t\t\t\t\t\t\t<h5 class=\"post_title\"><a href=\"https:\/\/festivalpoesiabsas.com.ar\/festivales-anteriores\/?p=9494\">D\u00eda 1 &#8211; CCR Lecturas<\/a><\/h5>\n\t\t\t\t\t\t\t\t<div class=\"post_descr\">\n\t\t\t\t\t\t\t\t\t<div class=\"post_category\"><a href=\"https:\/\/festivalpoesiabsas.com.ar\/festivales-anteriores\/?cat=106\">Momentos 2021<\/a><\/div>\t\t\t\t\t\t\t\t<\/div>\n\t\t\t\t\t\t\t\t\t\t\t\t\t\t<\/div>\n\t\t\t\t\t\t\t\t\t\t\t<\/div>\t\t\t\t<!-- \/.post_content -->\n\t\t\t\t<\/div>\t<!-- \/.post_item -->\n\t\t\t<\/div>\t\t\t\t\t\t<!-- \/.isotope_item -->\n\t\t\t\t\t\t<div class=\"isotope_item isotope_item_colored isotope_item_colored_3 isotope_column_3\t\t\t\t\t\t\">\n\t\t\t\t<div class=\"post_item post_item_colored post_item_colored_3\t\t\t\t\tpost_format_standard odd\">\n\t\n\t\t\t\t\t<div class=\"post_content isotope_item_content\">\n\t\t\t\t\t\t\t\t\t\t\t\t<div class=\"post_featured img \">\n\t\t\t\t\t\t\t<a href=\"https:\/\/festivalpoesiabsas.com.ar\/festivales-anteriores\/?p=9555\"><img loading=\"lazy\" decoding=\"async\" class=\"wp-post-image\" width=\"370\" height=\"370\" alt=\"D\u00eda 1 &#8211; CCR Cierre\" src=\"https:\/\/festivalpoesiabsas.com.ar\/festivales-anteriores\/wp-content\/uploads\/2021\/11\/FIP_122_opt-370x370.jpg\"><\/a>\t\t\t\t\t\t\t\t<h5 class=\"post_title\"><a href=\"https:\/\/festivalpoesiabsas.com.ar\/festivales-anteriores\/?p=9555\">D\u00eda 1 &#8211; CCR Cierre<\/a><\/h5>\n\t\t\t\t\t\t\t\t<div class=\"post_descr\">\n\t\t\t\t\t\t\t\t\t<div class=\"post_category\"><a href=\"https:\/\/festivalpoesiabsas.com.ar\/festivales-anteriores\/?cat=106\">Momentos 2021<\/a><\/div>\t\t\t\t\t\t\t\t<\/div>\n\t\t\t\t\t\t\t\t\t\t\t\t\t\t<\/div>\n\t\t\t\t\t\t\t\t\t\t\t<\/div>\t\t\t\t<!-- \/.post_content -->\n\t\t\t\t<\/div>\t<!-- \/.post_item -->\n\t\t\t<\/div>\t\t\t\t\t\t<!-- \/.isotope_item -->\n\t\t\t\t\t\t<div class=\"isotope_item isotope_item_colored isotope_item_colored_3 isotope_column_3\t\t\t\t\t\t\">\n\t\t\t\t<div class=\"post_item post_item_colored post_item_colored_3\t\t\t\t\tpost_format_standard even\">\n\t\n\t\t\t\t\t<div class=\"post_content isotope_item_content\">\n\t\t\t\t\t\t\t\t\t\t\t\t<div class=\"post_featured img \">\n\t\t\t\t\t\t\t<a href=\"https:\/\/festivalpoesiabsas.com.ar\/festivales-anteriores\/?p=9484\"><img loading=\"lazy\" decoding=\"async\" class=\"wp-post-image\" width=\"370\" height=\"370\" alt=\"D\u00eda 1\" src=\"https:\/\/festivalpoesiabsas.com.ar\/festivales-anteriores\/wp-content\/uploads\/2021\/11\/video-370x370.jpg\"><\/a>\t\t\t\t\t\t\t\t<h5 class=\"post_title\"><a href=\"https:\/\/festivalpoesiabsas.com.ar\/festivales-anteriores\/?p=9484\">D\u00eda 1<\/a><\/h5>\n\t\t\t\t\t\t\t\t<div class=\"post_descr\">\n\t\t\t\t\t\t\t\t\t<div class=\"post_category\"><a href=\"https:\/\/festivalpoesiabsas.com.ar\/festivales-anteriores\/?cat=106\">Momentos 2021<\/a><\/div>\t\t\t\t\t\t\t\t<\/div>\n\t\t\t\t\t\t\t\t\t\t\t\t\t\t<\/div>\n\t\t\t\t\t\t\t\t\t\t\t<\/div>\t\t\t\t<!-- \/.post_content -->\n\t\t\t\t<\/div>\t<!-- \/.post_item -->\n\t\t\t<\/div>\t\t\t\t\t\t<!-- \/.isotope_item -->\n\t\t\t\t\t\t<div class=\"isotope_item isotope_item_colored isotope_item_colored_3 isotope_column_3\t\t\t\t\t\t\">\n\t\t\t\t<div class=\"post_item post_item_colored post_item_colored_3\t\t\t\t\tpost_format_standard odd\">\n\t\n\t\t\t\t\t<div class=\"post_content isotope_item_content\">\n\t\t\t\t\t\t\t\t\t\t\t\t<div class=\"post_featured img \">\n\t\t\t\t\t\t\t<a href=\"https:\/\/festivalpoesiabsas.com.ar\/festivales-anteriores\/?p=9594\"><img loading=\"lazy\" decoding=\"async\" class=\"wp-post-image\" width=\"370\" height=\"370\" alt=\"D\u00eda 2\" src=\"https:\/\/festivalpoesiabsas.com.ar\/festivales-anteriores\/wp-content\/uploads\/2021\/11\/video-370x370.jpg\"><\/a>\t\t\t\t\t\t\t\t<h5 class=\"post_title\"><a href=\"https:\/\/festivalpoesiabsas.com.ar\/festivales-anteriores\/?p=9594\">D\u00eda 2<\/a><\/h5>\n\t\t\t\t\t\t\t\t<div class=\"post_descr\">\n\t\t\t\t\t\t\t\t\t<div class=\"post_category\"><a href=\"https:\/\/festivalpoesiabsas.com.ar\/festivales-anteriores\/?cat=106\">Momentos 2021<\/a><\/div>\t\t\t\t\t\t\t\t<\/div>\n\t\t\t\t\t\t\t\t\t\t\t\t\t\t<\/div>\n\t\t\t\t\t\t\t\t\t\t\t<\/div>\t\t\t\t<!-- \/.post_content -->\n\t\t\t\t<\/div>\t<!-- \/.post_item -->\n\t\t\t<\/div>\t\t\t\t\t\t<!-- \/.isotope_item -->\n\t\t\t\t\t\t<div class=\"isotope_item isotope_item_colored isotope_item_colored_3 isotope_column_3\t\t\t\t\t\t\">\n\t\t\t\t<div class=\"post_item post_item_colored post_item_colored_3\t\t\t\t\tpost_format_standard even\">\n\t\n\t\t\t\t\t<div class=\"post_content isotope_item_content\">\n\t\t\t\t\t\t\t\t\t\t\t\t<div class=\"post_featured img \">\n\t\t\t\t\t\t\t<a href=\"https:\/\/festivalpoesiabsas.com.ar\/festivales-anteriores\/?p=9602\"><img loading=\"lazy\" decoding=\"async\" class=\"wp-post-image\" width=\"370\" height=\"370\" alt=\"D\u00eda 3 &#8211; Poes\u00eda y M\u00fasica\" src=\"https:\/\/festivalpoesiabsas.com.ar\/festivales-anteriores\/wp-content\/uploads\/2021\/11\/fip_2_27-370x370.jpg\"><\/a>\t\t\t\t\t\t\t\t<h5 class=\"post_title\"><a href=\"https:\/\/festivalpoesiabsas.com.ar\/festivales-anteriores\/?p=9602\">D\u00eda 3 &#8211; Poes\u00eda y M\u00fasica<\/a><\/h5>\n\t\t\t\t\t\t\t\t<div class=\"post_descr\">\n\t\t\t\t\t\t\t\t\t<div class=\"post_category\"><a href=\"https:\/\/festivalpoesiabsas.com.ar\/festivales-anteriores\/?cat=106\">Momentos 2021<\/a><\/div>\t\t\t\t\t\t\t\t<\/div>\n\t\t\t\t\t\t\t\t\t\t\t\t\t\t<\/div>\n\t\t\t\t\t\t\t\t\t\t\t<\/div>\t\t\t\t<!-- \/.post_content -->\n\t\t\t\t<\/div>\t<!-- \/.post_item -->\n\t\t\t<\/div>\t\t\t\t\t\t<!-- \/.isotope_item -->\n\t\t\t\t\t\t<div class=\"isotope_item isotope_item_colored isotope_item_colored_3 isotope_column_3\t\t\t\t\t\t\">\n\t\t\t\t<div class=\"post_item post_item_colored post_item_colored_3\t\t\t\t\tpost_format_standard odd\">\n\t\n\t\t\t\t\t<div class=\"post_content isotope_item_content\">\n\t\t\t\t\t\t\t\t\t\t\t\t<div class=\"post_featured img \">\n\t\t\t\t\t\t\t<a href=\"https:\/\/festivalpoesiabsas.com.ar\/festivales-anteriores\/?p=9611\"><img loading=\"lazy\" decoding=\"async\" class=\"wp-post-image\" width=\"370\" height=\"370\" alt=\"D\u00eda 3 &#8211; Lecturas\" src=\"https:\/\/festivalpoesiabsas.com.ar\/festivales-anteriores\/wp-content\/uploads\/2021\/11\/fip_2_10-370x370.jpg\"><\/a>\t\t\t\t\t\t\t\t<h5 class=\"post_title\"><a href=\"https:\/\/festivalpoesiabsas.com.ar\/festivales-anteriores\/?p=9611\">D\u00eda 3 &#8211; Lecturas<\/a><\/h5>\n\t\t\t\t\t\t\t\t<div class=\"post_descr\">\n\t\t\t\t\t\t\t\t\t<div class=\"post_category\"><a href=\"https:\/\/festivalpoesiabsas.com.ar\/festivales-anteriores\/?cat=106\">Momentos 2021<\/a><\/div>\t\t\t\t\t\t\t\t<\/div>\n\t\t\t\t\t\t\t\t\t\t\t\t\t\t<\/div>\n\t\t\t\t\t\t\t\t\t\t\t<\/div>\t\t\t\t<!-- \/.post_content -->\n\t\t\t\t<\/div>\t<!-- \/.post_item -->\n\t\t\t<\/div>\t\t\t\t\t\t<!-- \/.isotope_item -->\n\t\t\t\t\t\t<div class=\"isotope_item isotope_item_colored isotope_item_colored_3 isotope_column_3\t\t\t\t\t\t\">\n\t\t\t\t<div class=\"post_item post_item_colored post_item_colored_3\t\t\t\t\tpost_format_standard even\">\n\t\n\t\t\t\t\t<div class=\"post_content isotope_item_content\">\n\t\t\t\t\t\t\t\t\t\t\t\t<div class=\"post_featured img \">\n\t\t\t\t\t\t\t<a href=\"https:\/\/festivalpoesiabsas.com.ar\/festivales-anteriores\/?p=9643\"><img loading=\"lazy\" decoding=\"async\" class=\"wp-post-image\" width=\"370\" height=\"370\" alt=\"D\u00eda 3 &#8211; Cierre\" src=\"https:\/\/festivalpoesiabsas.com.ar\/festivales-anteriores\/wp-content\/uploads\/2021\/11\/fip_2_37-370x370.jpg\"><\/a>\t\t\t\t\t\t\t\t<h5 class=\"post_title\"><a href=\"https:\/\/festivalpoesiabsas.com.ar\/festivales-anteriores\/?p=9643\">D\u00eda 3 &#8211; Cierre<\/a><\/h5>\n\t\t\t\t\t\t\t\t<div class=\"post_descr\">\n\t\t\t\t\t\t\t\t\t<div class=\"post_category\"><a href=\"https:\/\/festivalpoesiabsas.com.ar\/festivales-anteriores\/?cat=106\">Momentos 2021<\/a><\/div>\t\t\t\t\t\t\t\t<\/div>\n\t\t\t\t\t\t\t\t\t\t\t\t\t\t<\/div>\n\t\t\t\t\t\t\t\t\t\t\t<\/div>\t\t\t\t<!-- \/.post_content -->\n\t\t\t\t<\/div>\t<!-- \/.post_item -->\n\t\t\t<\/div>\t\t\t\t\t\t<!-- \/.isotope_item -->\n\t\t\t\t\t\t<div class=\"isotope_item isotope_item_colored isotope_item_colored_3 isotope_column_3\t\t\t\t\t\t\">\n\t\t\t\t<div class=\"post_item post_item_colored post_item_colored_3\t\t\t\t\tpost_format_standard odd\">\n\t\n\t\t\t\t\t<div class=\"post_content isotope_item_content\">\n\t\t\t\t\t\t\t\t\t\t\t\t<div class=\"post_featured img \">\n\t\t\t\t\t\t\t<a href=\"https:\/\/festivalpoesiabsas.com.ar\/festivales-anteriores\/?p=9596\"><img loading=\"lazy\" decoding=\"async\" class=\"wp-post-image\" width=\"370\" height=\"370\" alt=\"D\u00eda 3\" src=\"https:\/\/festivalpoesiabsas.com.ar\/festivales-anteriores\/wp-content\/uploads\/2021\/11\/video-370x370.jpg\"><\/a>\t\t\t\t\t\t\t\t<h5 class=\"post_title\"><a href=\"https:\/\/festivalpoesiabsas.com.ar\/festivales-anteriores\/?p=9596\">D\u00eda 3<\/a><\/h5>\n\t\t\t\t\t\t\t\t<div class=\"post_descr\">\n\t\t\t\t\t\t\t\t\t<div class=\"post_category\"><a href=\"https:\/\/festivalpoesiabsas.com.ar\/festivales-anteriores\/?cat=106\">Momentos 2021<\/a><\/div>\t\t\t\t\t\t\t\t<\/div>\n\t\t\t\t\t\t\t\t\t\t\t\t\t\t<\/div>\n\t\t\t\t\t\t\t\t\t\t\t<\/div>\t\t\t\t<!-- \/.post_content -->\n\t\t\t\t<\/div>\t<!-- \/.post_item -->\n\t\t\t<\/div>\t\t\t\t\t\t<!-- \/.isotope_item -->\n\t\t\t\t\t\t<div class=\"isotope_item isotope_item_colored isotope_item_colored_3 isotope_column_3\t\t\t\t\t\t\">\n\t\t\t\t<div class=\"post_item post_item_colored post_item_colored_3\t\t\t\t\tpost_format_standard even\">\n\t\n\t\t\t\t\t<div class=\"post_content isotope_item_content\">\n\t\t\t\t\t\t\t\t\t\t\t\t<div class=\"post_featured img \">\n\t\t\t\t\t\t\t<a href=\"https:\/\/festivalpoesiabsas.com.ar\/festivales-anteriores\/?p=9659\"><img loading=\"lazy\" decoding=\"async\" class=\"wp-post-image\" width=\"370\" height=\"370\" alt=\"D\u00eda 4 &#8211; Gato Negro\" src=\"https:\/\/festivalpoesiabsas.com.ar\/festivales-anteriores\/wp-content\/uploads\/2021\/11\/8-370x370.jpg\"><\/a>\t\t\t\t\t\t\t\t<h5 class=\"post_title\"><a href=\"https:\/\/festivalpoesiabsas.com.ar\/festivales-anteriores\/?p=9659\">D\u00eda 4 &#8211; Gato Negro<\/a><\/h5>\n\t\t\t\t\t\t\t\t<div class=\"post_descr\">\n\t\t\t\t\t\t\t\t\t<div class=\"post_category\"><a href=\"https:\/\/festivalpoesiabsas.com.ar\/festivales-anteriores\/?cat=106\">Momentos 2021<\/a><\/div>\t\t\t\t\t\t\t\t<\/div>\n\t\t\t\t\t\t\t\t\t\t\t\t\t\t<\/div>\n\t\t\t\t\t\t\t\t\t\t\t<\/div>\t\t\t\t<!-- \/.post_content -->\n\t\t\t\t<\/div>\t<!-- \/.post_item -->\n\t\t\t<\/div>\t\t\t\t\t\t<!-- \/.isotope_item -->\n\t\t\t\t\t\t<div class=\"isotope_item isotope_item_colored isotope_item_colored_3 isotope_column_3\t\t\t\t\t\t\">\n\t\t\t\t<div class=\"post_item post_item_colored post_item_colored_3\t\t\t\t\tpost_format_standard odd\">\n\t\n\t\t\t\t\t<div class=\"post_content isotope_item_content\">\n\t\t\t\t\t\t\t\t\t\t\t\t<div class=\"post_featured img \">\n\t\t\t\t\t\t\t<a href=\"https:\/\/festivalpoesiabsas.com.ar\/festivales-anteriores\/?p=9683\"><img loading=\"lazy\" decoding=\"async\" class=\"wp-post-image\" width=\"370\" height=\"370\" alt=\"D\u00eda 4 &#8211; Bar Sur\" src=\"https:\/\/festivalpoesiabsas.com.ar\/festivales-anteriores\/wp-content\/uploads\/2021\/11\/14-370x370.jpg\"><\/a>\t\t\t\t\t\t\t\t<h5 class=\"post_title\"><a href=\"https:\/\/festivalpoesiabsas.com.ar\/festivales-anteriores\/?p=9683\">D\u00eda 4 &#8211; Bar Sur<\/a><\/h5>\n\t\t\t\t\t\t\t\t<div class=\"post_descr\">\n\t\t\t\t\t\t\t\t\t<div class=\"post_category\"><a href=\"https:\/\/festivalpoesiabsas.com.ar\/festivales-anteriores\/?cat=106\">Momentos 2021<\/a><\/div>\t\t\t\t\t\t\t\t<\/div>\n\t\t\t\t\t\t\t\t\t\t\t\t\t\t<\/div>\n\t\t\t\t\t\t\t\t\t\t\t<\/div>\t\t\t\t<!-- \/.post_content -->\n\t\t\t\t<\/div>\t<!-- \/.post_item -->\n\t\t\t<\/div>\t\t\t\t\t\t<!-- \/.isotope_item -->\n\t\t\t<\/div><\/div>[\/vc_column][\/vc_row]<\/p>\n<\/div><!-- AddThis Advanced Settings generic via filter on the_content --><!-- AddThis Share Buttons generic via filter on the_content -->","protected":false},"excerpt":{"rendered":"<p>[vc_row][vc_column][\/vc_column][\/vc_row]<!-- AddThis Advanced Settings generic via filter on get_the_excerpt --><!-- AddThis Share Buttons generic via filter on get_the_excerpt --><\/p>\n","protected":false},"author":1,"featured_media":0,"parent":0,"menu_order":0,"comment_status":"closed","ping_status":"closed","template":"","meta":{"footnotes":""},"_links":{"self":[{"href":"https:\/\/festivalpoesiabsas.com.ar\/festivales-anteriores\/index.php?rest_route=\/wp\/v2\/pages\/9487"}],"collection":[{"href":"https:\/\/festivalpoesiabsas.com.ar\/festivales-anteriores\/index.php?rest_route=\/wp\/v2\/pages"}],"about":[{"href":"https:\/\/festivalpoesiabsas.com.ar\/festivales-anteriores\/index.php?rest_route=\/wp\/v2\/types\/page"}],"author":[{"embeddable":true,"href":"https:\/\/festivalpoesiabsas.com.ar\/festivales-anteriores\/index.php?rest_route=\/wp\/v2\/users\/1"}],"replies":[{"embeddable":true,"href":"https:\/\/festivalpoesiabsas.com.ar\/festivales-anteriores\/index.php?rest_route=%2Fwp%2Fv2%2Fcomments&post=9487"}],"version-history":[{"count":9,"href":"https:\/\/festivalpoesiabsas.com.ar\/festivales-anteriores\/index.php?rest_route=\/wp\/v2\/pages\/9487\/revisions"}],"predecessor-version":[{"id":9495,"href":"https:\/\/festivalpoesiabsas.com.ar\/festivales-anteriores\/index.php?rest_route=\/wp\/v2\/pages\/9487\/revisions\/9495"}],"wp:attachment":[{"href":"https:\/\/festivalpoesiabsas.com.ar\/festivales-anteriores\/index.php?rest_route=%2Fwp%2Fv2%2Fmedia&parent=9487"}],"curies":[{"name":"wp","href":"https:\/\/api.w.org\/{rel}","templated":true}]}}