{"id":8792,"date":"2021-09-23T23:04:58","date_gmt":"2021-09-24T02:04:58","guid":{"rendered":"https:\/\/festivalpoesiabsas.com.ar\/festivales-anteriores\/?page_id=8792"},"modified":"2021-09-24T19:07:14","modified_gmt":"2021-09-24T22:07:14","slug":"escuela-internacional-de-poesia","status":"publish","type":"page","link":"https:\/\/festivalpoesiabsas.com.ar\/festivales-anteriores\/?page_id=8792","title":{"rendered":"Escuela Internacional de poes\u00eda"},"content":{"rendered":"<div class=\"wpb-content-wrapper\"><p>[vc_row][vc_column][vc_images_carousel images=&#8221;6056,7201,5864,6060,6058,5862&#8243; img_size=&#8221;large&#8221; onclick=&#8221;link_no&#8221; speed=&#8221;3000&#8243; autoplay=&#8221;yes&#8221; hide_pagination_control=&#8221;yes&#8221; wrap=&#8221;yes&#8221;][vc_column_text]<\/p>\n<h4><b>IX Edici\u00f3n<\/b><\/h4>\n<p>&nbsp;<\/p>\n<p><span style=\"font-weight: 400;\">Antecedida y apoyada en las experiencias de Viena, Medell\u00edn y La Habana, naci\u00f3 la Escuela Internacional de Poes\u00eda que, en su novena edici\u00f3n<\/span><span style=\"font-weight: 400;\"> se realizar\u00e1 el 18, 19 y 20 de noviembre de 2021.<\/span><span style=\"font-weight: 400;\"> El prop\u00f3sito de la Escuela es indagar la experiencia po\u00e9tica desde diferentes \u00f3pticas para intentar responder algunas preguntas enga\u00f1osamente simples: \u00bfQu\u00e9 es la poes\u00eda?, \u00bfQu\u00e9 hacer con un libro de poemas? \u00bfDe d\u00f3nde surge un poema? \u00bfPara qu\u00e9 sirve la poes\u00eda? \u00bfQu\u00e9 nos hace el poema?<\/span><\/p>\n<p><span style=\"font-weight: 400;\">A trav\u00e9s de actividades acad\u00e9micas no formales realizadas por algunos de los escritores que nos visitan, mostraremos las posibilidades creativas de la palabra, estimulando la reflexi\u00f3n alrededor de los interrogantes arriba planteados para que la puerta de acceso a la poes\u00eda, que para muchos permanece cerrada, se abra generosa.<\/span><\/p>\n<p><span style=\"font-weight: 400;\">Nos proponemos captar nuevos lectores, j\u00f3venes, y que aprendamos entre todos con propuestas divertidas nuevas formas de decir la poes\u00eda, utilizando el cuerpo, la voz, el canto, entre otras.<\/span><\/p>\n<p><span style=\"font-weight: 400;\">La poes\u00eda no es s\u00f3lo la que escriben los poetas, es una mirada po\u00e9tica que puede tener cualquier ser y que lo enriquece para poder ampliar el universo.<\/span><\/p>\n<p><span style=\"font-weight: 400;\">Es casi un lugar com\u00fan creer que s\u00f3lo pueden acceder los elegidos, esos \u201cmuy estudiados\u201d. \u00bfY si la poes\u00eda estuviera en todas partes, esperando la atenci\u00f3n de cualquiera para ser develada?<\/span><\/p>\n<p><span style=\"font-weight: 400;\">Muchos, en su vida cotidiana, eluden abordar un libro de poemas porque la poes\u00eda exige y puede incomodar al desnudar tantas cosas. Pero para los que trabajan en las bibliotecas, los maestros, profesores, los que quieren dar lectura a los otros, para el padre que se sienta en las noches a leerle a su hijo mientras entra en el sue\u00f1o, para aquel que quiera escuchar la m\u00fasica del mundo en el caracol donde resuena -que es <\/span><i><span style=\"font-weight: 400;\">el poema<\/span><\/i><span style=\"font-weight: 400;\">, seg\u00fan Octavio Paz-, para ellos y todos ofrecemos esta Escuela de Poes\u00eda que pretende descubrir matices de la enorme potencia de lo po\u00e9tico.<\/span><\/p>\n<div style=\"text-align: justify;\">\n<p><span style=\"font-weight: 400;\">Por segundo a\u00f1o consecutivo, dada la gran aceptaci\u00f3n y convocatoria de la propuesta, ofreceremos nuevamente un taller exclusivo para docentes y bibliotecarios, porque tenemos la certeza que toda mujer u hombre que pueda gozar de la poes\u00eda como se disfruta cualquier obra de arte o la m\u00fasica misma, podr\u00e1 transmitirla a los educandos desde ese lugar de placer que nada tiene que ver con la curr\u00edcula (que abunda en elementos para la ense\u00f1anza de la lengua y la literatura), sino con esa alegr\u00eda que producen la emociones y la belleza.<\/span><\/p>\n<p><span style=\"font-weight: 400;\">Queremos, ayudados por ustedes, contar el poder de las palabras y su riqueza cotidiana, hablar de la contemplaci\u00f3n, del pensamiento y de los sue\u00f1os. Hablar de tantas cosas de nuestro ser, hermosas, crueles y canallas que tambi\u00e9n la poes\u00eda enciende, para no olvidar y revelar su condici\u00f3n, en su justa y precisa medida o f\u00e9rtil desmesura. La poes\u00eda nos ayuda a ver, a vernos.<\/span><\/p>\n<\/div>\n<p>[\/vc_column_text][\/vc_column][\/vc_row]<\/p>\n<\/div><!-- AddThis Advanced Settings generic via filter on the_content --><!-- AddThis Share Buttons generic via filter on the_content -->","protected":false},"excerpt":{"rendered":"<p>[vc_row][vc_column][vc_images_carousel images=&#8221;6056,7201,5864,6060,6058,5862&#8243; img_size=&#8221;large&#8221; onclick=&#8221;link_no&#8221; speed=&#8221;3000&#8243; autoplay=&#8221;yes&#8221; hide_pagination_control=&#8221;yes&#8221; wrap=&#8221;yes&#8221;][vc_column_text] IX Edici\u00f3n &nbsp; Antecedida y apoyada en las experiencias de Viena, Medell\u00edn y La Habana, naci\u00f3 la Escuela Internacional de Poes\u00eda que, [&hellip;]<!-- AddThis Advanced Settings generic via filter on get_the_excerpt --><!-- AddThis Share Buttons generic via filter on get_the_excerpt --><\/p>\n","protected":false},"author":1,"featured_media":0,"parent":0,"menu_order":0,"comment_status":"closed","ping_status":"closed","template":"","meta":{"footnotes":""},"_links":{"self":[{"href":"https:\/\/festivalpoesiabsas.com.ar\/festivales-anteriores\/index.php?rest_route=\/wp\/v2\/pages\/8792"}],"collection":[{"href":"https:\/\/festivalpoesiabsas.com.ar\/festivales-anteriores\/index.php?rest_route=\/wp\/v2\/pages"}],"about":[{"href":"https:\/\/festivalpoesiabsas.com.ar\/festivales-anteriores\/index.php?rest_route=\/wp\/v2\/types\/page"}],"author":[{"embeddable":true,"href":"https:\/\/festivalpoesiabsas.com.ar\/festivales-anteriores\/index.php?rest_route=\/wp\/v2\/users\/1"}],"replies":[{"embeddable":true,"href":"https:\/\/festivalpoesiabsas.com.ar\/festivales-anteriores\/index.php?rest_route=%2Fwp%2Fv2%2Fcomments&post=8792"}],"version-history":[{"count":4,"href":"https:\/\/festivalpoesiabsas.com.ar\/festivales-anteriores\/index.php?rest_route=\/wp\/v2\/pages\/8792\/revisions"}],"predecessor-version":[{"id":8800,"href":"https:\/\/festivalpoesiabsas.com.ar\/festivales-anteriores\/index.php?rest_route=\/wp\/v2\/pages\/8792\/revisions\/8800"}],"wp:attachment":[{"href":"https:\/\/festivalpoesiabsas.com.ar\/festivales-anteriores\/index.php?rest_route=%2Fwp%2Fv2%2Fmedia&parent=8792"}],"curies":[{"name":"wp","href":"https:\/\/api.w.org\/{rel}","templated":true}]}}