{"id":8786,"date":"2021-09-23T22:58:17","date_gmt":"2021-09-24T01:58:17","guid":{"rendered":"https:\/\/festivalpoesiabsas.com.ar\/festivales-anteriores\/?page_id=8786"},"modified":"2021-10-01T12:21:46","modified_gmt":"2021-10-01T15:21:46","slug":"historia","status":"publish","type":"page","link":"https:\/\/festivalpoesiabsas.com.ar\/festivales-anteriores\/?page_id=8786","title":{"rendered":"Historia"},"content":{"rendered":"<div class=\"wpb-content-wrapper\"><p>[vc_row][vc_column][vc_images_carousel images=&#8221;3912,3789,4528,4480,6128,7102,8397,8364,8330&#8243; img_size=&#8221;large&#8221; onclick=&#8221;link_no&#8221; speed=&#8221;3000&#8243; autoplay=&#8221;yes&#8221; hide_pagination_control=&#8221;yes&#8221; wrap=&#8221;yes&#8221;][vc_empty_space height=&#8221;50px&#8221;][vc_column_text]<\/p>\n<div style=\"text-align: justify;\">\n<p><span style=\"font-weight: 400;\">El <strong>FIP Festival Internacional de Poes\u00eda de Buenos Aires<\/strong>, es un evento anual que re\u00fane a poetas de distintos continentes, de las provincias de nuestra Argentina y de la Ciudad de Buenos Aires. Se ha convertido en el m\u00e1s grande de nuestro pa\u00eds y, seg\u00fan la prensa especializada, es el tercero m\u00e1s importante a nivel internacional.\u00a0<\/span><\/p>\n<p><span style=\"font-weight: 400;\">Durante diez a\u00f1os el Festival se realiz\u00f3 en el marco de la Feria Internacional del Libro. Desde la primera edici\u00f3n, en el 2006, el Festival sali\u00f3 a buscar lectores, en un principio en\u00a0 c\u00e1rceles y hospitales.<\/span><\/p>\n<p><span style=\"font-weight: 400;\">En posteriores ediciones se comparti\u00f3 la realizaci\u00f3n de tres d\u00edas en la Feria y tres d\u00edas en la Ciudad Aut\u00f3noma de Buenos Aires y, desde el 2016, la X edici\u00f3n se llev\u00f3 a cabo en forma independiente en distintos lugares de la ciudad.<\/span><\/p>\n<p><span style=\"font-weight: 400;\">Entre los poetas que han participado del <\/span><b>FIP Festival Internacional de Poes\u00eda de Buenos Aires<\/b><span style=\"font-weight: 400;\">, por citar algunos nombres reconocidos entre los setecientos (700) autoras\/es, se encuentran Antonio Gamoneda (Espa\u00f1a, Premio Cervantes),\u00a0 Luis Garc\u00eda Montero (Espa\u00f1a), Luisa Futoransky (Argentina\/Francia),\u00a0 Jacobo Rauskin (Paraguay), Kasuko Shiraishi (Jap\u00f3n), German Belli (Per\u00fa),\u00a0Susy Delgado (Paraguay), Aitana Alberti (argentina-espa\u00f1ola-cubana), Nancy Morej\u00f3n (Cuba), Ant\u00f3n Arrufat y C\u00e9sar L\u00f3pez (ambos Premio Nacional de Cuba),\u00a0 Rigoberto Paredes (Honduras), Otoniel Guevara (El Salvador),\u00a0 Ram\u00f3n Palomares (Venezuela), el candidato al Premio Nobel, Cees Nooteboom (Holanda), Juan Carlos Mestre (Espa\u00f1a), Zakaria Mohamed (Palestina), Teresa Calder\u00f3n (Chile), Alex Pausides, Presidente de la Uni\u00f3n de Artistas Cubanos (UNEAC), Temsula \u00c4o (India), Ida Vitale (Uruguay, Premio Reina Sof\u00eda y Premio Cervantes), as\u00ed como los poetas argentinos Hugo Padeletti, Diana Bellessi,\u00a0 Hugo Mugica, Mirta Rosenberg, Arturo Carrera\u00a0 y V\u00edctor Redondo.<\/span><\/p>\n<p><span style=\"font-weight: 400;\">Los festivales son enriquecedores para marcar tendencias y descubrir nuevas voces y fundamentalmente para que la poes\u00eda se lea, porque como dijo Fernando, un ni\u00f1o de 9 a\u00f1os, \u201c<\/span><i><span style=\"font-weight: 400;\">El poeta es alguien que ha descubierto algo en el mundo<\/span><\/i><span style=\"font-weight: 400;\">\u201d, y el mundo sin poes\u00eda es un mundo sin m\u00fasica. Consideramos que difundir la poes\u00eda a trav\u00e9s de festivales, encuentros, recitales o concursos puede ser una herramienta de vital importancia para que los Ministerios de Educaci\u00f3n y Cultura, as\u00ed como las Bibliotecas Populares y P\u00fablicas de nuestro pa\u00eds compren libros de poes\u00eda, que las editoriales editen poes\u00eda, y las librer\u00edas coloquen poes\u00eda en estantes o anaqueles, promocionando la misma.\u00a0<\/span><\/p>\n<p><span style=\"font-weight: 400;\">Este Festival integra las distintas disciplinas del arte: performer, cantantes, m\u00fasica, danza y nuevas tecnolog\u00edas.\u00a0<\/span><\/p>\n<p><span style=\"font-weight: 400;\">Hemos recibido la Declaraci\u00f3n de Inter\u00e9s Cultural de la Ciudad Aut\u00f3noma de Buenos Aires tanto para el FIP como para la Escuela Internacional de Poes\u00eda (Declaraci\u00f3n 275\/2018).<\/span><\/p>\n<p><span style=\"font-weight: 400;\">Tambi\u00e9n la Resoluci\u00f3n del Ministerio de Educaci\u00f3n\u00a0Cultura, Ciencia y Tecnolog\u00eda\u00a0de la Rep\u00fablica Argentina que nos reconoci\u00f3, luego de organizar con esmero y gran esfuerzo durante trece a\u00f1os el Festival y la Escuela Internacional de Poes\u00eda de Buenos Aires, con la Declaraci\u00f3n de Inter\u00e9s Educativo, aprobados por la sesi\u00f3n del martes 1 de septiembre de 2018 (Resoluci\u00f3n 2018-39-APN-MECCYT).<\/span><\/p>\n<p><span style=\"font-weight: 400;\">En estos momentos, debido a la pandemia producida por el coronavirus (Covid 19) decidimos producirlo en formato h\u00edbrido: presencial\/virtual, con el prop\u00f3sito que la poes\u00eda siga resistiendo ante las adversidades del mundo.<\/span><\/p>\n<p><span style=\"font-weight: 400;\">Tambi\u00e9n nuestro FIP cuenta con la IX edici\u00f3n de la Escuela Internacional de Poes\u00eda de Buenos Aires. Esta acci\u00f3n fue una iniciativa del <\/span><span style=\"font-weight: 400;\">World Poetry Movement \/ Movimiento Po\u00e9tico Mundial<\/span><span style=\"font-weight: 400;\">, del que somos fundadores. En nuestro FIP los poetas visitantes dictan talleres informales y atractivos para un p\u00fablico joven. Hemos incorporado un nuevo taller dedicado a docentes y bibliotecarios que despierta gran inter\u00e9s. En general los talleres de la Escuela han logrado que alcancemos uno de nuestros grandes objetivos: captar lectoras y lectores, en especial j\u00f3venes.<\/span><\/p>\n<p><span style=\"font-weight: 400;\">Todos los a\u00f1os, durante estos tres d\u00edas, la ciudad se convierte en la fiesta de la poes\u00eda.<\/span><\/p>\n<\/div>\n<p>[\/vc_column_text][\/vc_column][\/vc_row]<\/p>\n<\/div><!-- AddThis Advanced Settings generic via filter on the_content --><!-- AddThis Share Buttons generic via filter on the_content -->","protected":false},"excerpt":{"rendered":"<p>[vc_row][vc_column][vc_images_carousel images=&#8221;3912,3789,4528,4480,6128,7102,8397,8364,8330&#8243; img_size=&#8221;large&#8221; onclick=&#8221;link_no&#8221; speed=&#8221;3000&#8243; autoplay=&#8221;yes&#8221; hide_pagination_control=&#8221;yes&#8221; wrap=&#8221;yes&#8221;][vc_empty_space height=&#8221;50px&#8221;][vc_column_text] El FIP Festival Internacional de Poes\u00eda de Buenos Aires, es un evento anual que re\u00fane a poetas de distintos continentes, de [&hellip;]<!-- AddThis Advanced Settings generic via filter on get_the_excerpt --><!-- AddThis Share Buttons generic via filter on get_the_excerpt --><\/p>\n","protected":false},"author":1,"featured_media":0,"parent":0,"menu_order":0,"comment_status":"closed","ping_status":"closed","template":"","meta":{"footnotes":""},"_links":{"self":[{"href":"https:\/\/festivalpoesiabsas.com.ar\/festivales-anteriores\/index.php?rest_route=\/wp\/v2\/pages\/8786"}],"collection":[{"href":"https:\/\/festivalpoesiabsas.com.ar\/festivales-anteriores\/index.php?rest_route=\/wp\/v2\/pages"}],"about":[{"href":"https:\/\/festivalpoesiabsas.com.ar\/festivales-anteriores\/index.php?rest_route=\/wp\/v2\/types\/page"}],"author":[{"embeddable":true,"href":"https:\/\/festivalpoesiabsas.com.ar\/festivales-anteriores\/index.php?rest_route=\/wp\/v2\/users\/1"}],"replies":[{"embeddable":true,"href":"https:\/\/festivalpoesiabsas.com.ar\/festivales-anteriores\/index.php?rest_route=%2Fwp%2Fv2%2Fcomments&post=8786"}],"version-history":[{"count":7,"href":"https:\/\/festivalpoesiabsas.com.ar\/festivales-anteriores\/index.php?rest_route=\/wp\/v2\/pages\/8786\/revisions"}],"predecessor-version":[{"id":8868,"href":"https:\/\/festivalpoesiabsas.com.ar\/festivales-anteriores\/index.php?rest_route=\/wp\/v2\/pages\/8786\/revisions\/8868"}],"wp:attachment":[{"href":"https:\/\/festivalpoesiabsas.com.ar\/festivales-anteriores\/index.php?rest_route=%2Fwp%2Fv2%2Fmedia&parent=8786"}],"curies":[{"name":"wp","href":"https:\/\/api.w.org\/{rel}","templated":true}]}}