{"id":8780,"date":"2021-09-23T22:48:13","date_gmt":"2021-09-24T01:48:13","guid":{"rendered":"https:\/\/festivalpoesiabsas.com.ar\/festivales-anteriores\/?page_id=8780"},"modified":"2021-11-19T11:27:09","modified_gmt":"2021-11-19T14:27:09","slug":"bienvenida","status":"publish","type":"page","link":"https:\/\/festivalpoesiabsas.com.ar\/festivales-anteriores\/?page_id=8780","title":{"rendered":"Bienvenida"},"content":{"rendered":"<div class=\"wpb-content-wrapper\"><p>[vc_row][vc_column][vc_single_image image=&#8221;8809&#8243; img_size=&#8221;large&#8221; alignment=&#8221;center&#8221;][vc_empty_space height=&#8221;50px&#8221;][vc_column_text]<\/p>\n<div style=\"text-align: justify;\">\n<p><span style=\"font-weight: 400;\">Logramos dar inicio a la decimoquinta edici\u00f3n del<\/span><b> FIP Festival Internacional de Poes\u00eda de Buenos Aires<\/b><span style=\"font-weight: 400;\">, suspendido en 2020 por la crisis sanitaria global.<\/span><\/p>\n<p><span style=\"font-weight: 400;\">Esper\u00e1bamos volver a vernos todos, despu\u00e9s de esta larga ausencia de abrazos y versos, pero a\u00fan no ser\u00e1 posible la magia completa. Hemos tenido que adaptar nuestro tradicional encuentro a un formato mixto: para los poetas y artistas de nuestra ciudad ser\u00e1 presencial y\u00a0 estaremos con los de afuera de manera virtual.<\/span><\/p>\n<p><span style=\"font-weight: 400;\">La inauguraci\u00f3n se har\u00e1, por primera vez, en el<\/span><b> Centro Cultural Recoleta<\/b><span style=\"font-weight: 400;\">, lugar emblem\u00e1tico de la ciudad. Tendremos actividades en la sede de nuestra organizaci\u00f3n -La SEA- y en Bares Notables de Buenos Aires.\u00a0<\/span><\/p>\n<p><span style=\"font-weight: 400;\">En esta pausa de encuentros, no han faltado expresiones de belleza en balcones de todo el planeta y videos que recorrieron el mundo. La belleza nos acompa\u00f1\u00f3 a soportar el peso de la realidad. Aprovechamos esta tregua que nos da la pandemia, que esperamos sea claudicaci\u00f3n definitiva, para volver a\u00a0 celebrar la palabra y encontrarnos con el misterio de la poes\u00eda tras un tiempo en que seguramente hemos reflexionado profundamente sobre el mundo y su sentido.<\/span><\/p>\n<p><span style=\"font-weight: 400;\">Debemos acercarle las palabras y que circule la belleza entre nosotros.\u00a0<\/span><\/p>\n<p><span style=\"font-weight: 400;\">En esta XV edici\u00f3n, cuyo n\u00famero es el s\u00edmbolo de Eros, de la vida y el amor, celebraremos la vida de este festival en este n\u00famero casi m\u00e1gico.<\/span><\/p>\n<p><span style=\"font-weight: 400;\">Estar\u00e1n presentes poetas de Am\u00e9rica: Uruguay, Chile, Ecuador, M\u00e9xico, Colombia, Cuba, Canad\u00e1, Guatemala y de Europa: Espa\u00f1a, Finlandia, Italia, Suecia, Suiza. De pa\u00edses asi\u00e1ticos: China, Jap\u00f3n, Palestina y por primera vez Guatemala y Kurdist\u00e1n, de Medio Oriente; y de Argentina, de nuestras provincias: Tucum\u00e1n, C\u00f3rdoba, R\u00edo Negro, Chubut, Provincia de Buenos Aires y Ciudad Aut\u00f3noma de Buenos Aires.<\/span><\/p>\n<p><span style=\"font-weight: 400;\">La poes\u00eda no estar\u00e1 sola, la acompa\u00f1aremos en esta oportunidad con algunas de las otras expresiones del arte como la escultura, la m\u00fasica, la danza y la pintura.<\/span><\/p>\n<p>&nbsp;<\/p>\n<p><span style=\"font-weight: 400;\">Bienvenidos a esta fiesta de la poes\u00eda.<\/span><\/p>\n<\/div>\n<p>[\/vc_column_text][\/vc_column][\/vc_row]<\/p>\n<\/div><!-- AddThis Advanced Settings generic via filter on the_content --><!-- AddThis Share Buttons generic via filter on the_content -->","protected":false},"excerpt":{"rendered":"<p>[vc_row][vc_column][vc_single_image image=&#8221;8809&#8243; img_size=&#8221;large&#8221; alignment=&#8221;center&#8221;][vc_empty_space height=&#8221;50px&#8221;][vc_column_text] Logramos dar inicio a la decimoquinta edici\u00f3n del FIP Festival Internacional de Poes\u00eda de Buenos Aires, suspendido en 2020 por la crisis sanitaria global. Esper\u00e1bamos [&hellip;]<!-- AddThis Advanced Settings generic via filter on get_the_excerpt --><!-- AddThis Share Buttons generic via filter on get_the_excerpt --><\/p>\n","protected":false},"author":1,"featured_media":0,"parent":0,"menu_order":0,"comment_status":"closed","ping_status":"closed","template":"","meta":{"footnotes":""},"_links":{"self":[{"href":"https:\/\/festivalpoesiabsas.com.ar\/festivales-anteriores\/index.php?rest_route=\/wp\/v2\/pages\/8780"}],"collection":[{"href":"https:\/\/festivalpoesiabsas.com.ar\/festivales-anteriores\/index.php?rest_route=\/wp\/v2\/pages"}],"about":[{"href":"https:\/\/festivalpoesiabsas.com.ar\/festivales-anteriores\/index.php?rest_route=\/wp\/v2\/types\/page"}],"author":[{"embeddable":true,"href":"https:\/\/festivalpoesiabsas.com.ar\/festivales-anteriores\/index.php?rest_route=\/wp\/v2\/users\/1"}],"replies":[{"embeddable":true,"href":"https:\/\/festivalpoesiabsas.com.ar\/festivales-anteriores\/index.php?rest_route=%2Fwp%2Fv2%2Fcomments&post=8780"}],"version-history":[{"count":10,"href":"https:\/\/festivalpoesiabsas.com.ar\/festivales-anteriores\/index.php?rest_route=\/wp\/v2\/pages\/8780\/revisions"}],"predecessor-version":[{"id":9470,"href":"https:\/\/festivalpoesiabsas.com.ar\/festivales-anteriores\/index.php?rest_route=\/wp\/v2\/pages\/8780\/revisions\/9470"}],"wp:attachment":[{"href":"https:\/\/festivalpoesiabsas.com.ar\/festivales-anteriores\/index.php?rest_route=%2Fwp%2Fv2%2Fmedia&parent=8780"}],"curies":[{"name":"wp","href":"https:\/\/api.w.org\/{rel}","templated":true}]}}