{"id":8776,"date":"2021-09-23T22:39:44","date_gmt":"2021-09-24T01:39:44","guid":{"rendered":"https:\/\/festivalpoesiabsas.com.ar\/festivales-anteriores\/?page_id=8776"},"modified":"2021-11-10T15:28:28","modified_gmt":"2021-11-10T18:28:28","slug":"staff-2","status":"publish","type":"page","link":"https:\/\/festivalpoesiabsas.com.ar\/festivales-anteriores\/?page_id=8776","title":{"rendered":"Staff"},"content":{"rendered":"<div class=\"wpb-content-wrapper\"><p>[vc_row][vc_column width=&#8221;2\/3&#8243;]<h3 class=\"sc_title sc_title_regular margin_top_null\">Staff<\/h3>[vc_column_text]<\/p>\n<p class=\"p1\"><strong>Directora General<\/strong><br \/>\nGraciela Ar\u00e1oz<\/p>\n<p>&nbsp;<\/p>\n<p><strong>Consejo de Asesores<\/strong><br \/>\nLouis Dupr\u00e9 (Canad\u00e1)<br \/>\nLuisa Futoransky (Argentina-Francia)<br \/>\nAlejandro Nicotra (Argentina)<br \/>\nMar\u00eda \u00c1ngeles P\u00e9rez L\u00f3pez (Espa\u00f1a)<br \/>\nV\u00edctor Redondo (Argentina)<\/p>\n<p>&nbsp;<\/p>\n<p><strong>Curadur\u00eda<\/strong><br \/>\nGraciela Ar\u00e1oz<br \/>\nMar\u00eda \u00c1ngeles P\u00e9rez L\u00f3pez (Espa\u00f1a)<br \/>\nV\u00edctor Redondo<\/p>\n<p>&nbsp;<\/p>\n<p><strong>Asistente Coordinaci\u00f3n<\/strong><br \/>\nLeandro Bernal<\/p>\n<p>&nbsp;<\/p>\n<p><strong>Escuela Internacional de Poes\u00eda de Buenos Aires<\/strong><\/p>\n<p>&nbsp;<\/p>\n<p class=\"p1\"><strong>Coordinaci\u00f3n<\/strong><br \/>\nSof\u00eda Spano<\/p>\n<p>&nbsp;<\/p>\n<p><strong>Producci\u00f3n del CCR<\/strong><br \/>\nAlejandra Alesso y Sof\u00eda Bolla<\/p>\n<p>&nbsp;<\/p>\n<p><strong>Traductor<\/strong><\/p>\n<p class=\"p1\">Leandro Bernal<\/p>\n<p>&nbsp;<\/p>\n<p><strong>Edici\u00f3n y correcci\u00f3n<\/strong><br \/>\nV\u00edctor Redondo<\/p>\n<p>&nbsp;<\/p>\n<p><strong>Dise\u00f1o<\/strong><br \/>\nRamilo branding<\/p>\n<p>&nbsp;<\/p>\n<p><strong>Web<\/strong><br \/>\nPaula Buccolieri<\/p>\n<p>&nbsp;<\/p>\n<p><strong>Community Manager<\/strong><br \/>\nMarisa Fern\u00e1ndez<\/p>\n<p>&nbsp;<\/p>\n<p><strong>Prensa<\/strong><br \/>\nEdgardo Ber\u00f3n<\/p>\n<p>&nbsp;<\/p>\n<p><strong>Audiovisual<\/strong><br \/>\nLuciano Nacci<\/p>\n<p>&nbsp;<\/p>\n<p><strong>Fotograf\u00eda<\/strong><br \/>\nFlorencia Velozo<\/p>\n<p>&nbsp;<\/p>\n<p><strong>Servicios inform\u00e1ticos<\/strong><br \/>\nDaniel Lvovsky<\/p>\n<p>&nbsp;<\/p>\n<p class=\"p1\"><strong>Transmisi\u00f3n<\/strong><\/p>\n<p class=\"p1\">\u201cPlica Records\u201d<\/p>\n<p>&nbsp;<\/p>\n<p>Gustavo Carretino y Luciano Bruno<\/p>\n<p>&nbsp;<\/p>\n<p><strong>Log\u00edstica<\/strong><br \/>\nRosario del Pilar Colunga Ram\u00edrez[\/vc_column_text][\/vc_column][vc_column width=&#8221;1\/3&#8243;][vc_single_image image=&#8221;5408&#8243; img_size=&#8221;full&#8221; alignment=&#8221;center&#8221; style=&#8221;vc_box_outline_circle&#8221;][\/vc_column][\/vc_row]<\/p>\n<\/div><!-- AddThis Advanced Settings generic via filter on the_content --><!-- AddThis Share Buttons generic via filter on the_content -->","protected":false},"excerpt":{"rendered":"<p>[vc_row][vc_column width=&#8221;2\/3&#8243;][vc_column_text] Directora General Graciela Ar\u00e1oz &nbsp; Consejo de Asesores Louis Dupr\u00e9 (Canad\u00e1) Luisa Futoransky (Argentina-Francia) Alejandro Nicotra (Argentina) Mar\u00eda \u00c1ngeles P\u00e9rez L\u00f3pez (Espa\u00f1a) V\u00edctor Redondo (Argentina) &nbsp; Curadur\u00eda Graciela [&hellip;]<!-- AddThis Advanced Settings generic via filter on get_the_excerpt --><!-- AddThis Share Buttons generic via filter on get_the_excerpt --><\/p>\n","protected":false},"author":1,"featured_media":0,"parent":0,"menu_order":0,"comment_status":"closed","ping_status":"closed","template":"","meta":{"footnotes":""},"_links":{"self":[{"href":"https:\/\/festivalpoesiabsas.com.ar\/festivales-anteriores\/index.php?rest_route=\/wp\/v2\/pages\/8776"}],"collection":[{"href":"https:\/\/festivalpoesiabsas.com.ar\/festivales-anteriores\/index.php?rest_route=\/wp\/v2\/pages"}],"about":[{"href":"https:\/\/festivalpoesiabsas.com.ar\/festivales-anteriores\/index.php?rest_route=\/wp\/v2\/types\/page"}],"author":[{"embeddable":true,"href":"https:\/\/festivalpoesiabsas.com.ar\/festivales-anteriores\/index.php?rest_route=\/wp\/v2\/users\/1"}],"replies":[{"embeddable":true,"href":"https:\/\/festivalpoesiabsas.com.ar\/festivales-anteriores\/index.php?rest_route=%2Fwp%2Fv2%2Fcomments&post=8776"}],"version-history":[{"count":9,"href":"https:\/\/festivalpoesiabsas.com.ar\/festivales-anteriores\/index.php?rest_route=\/wp\/v2\/pages\/8776\/revisions"}],"predecessor-version":[{"id":9322,"href":"https:\/\/festivalpoesiabsas.com.ar\/festivales-anteriores\/index.php?rest_route=\/wp\/v2\/pages\/8776\/revisions\/9322"}],"wp:attachment":[{"href":"https:\/\/festivalpoesiabsas.com.ar\/festivales-anteriores\/index.php?rest_route=%2Fwp%2Fv2%2Fmedia&parent=8776"}],"curies":[{"name":"wp","href":"https:\/\/api.w.org\/{rel}","templated":true}]}}