{"id":8495,"date":"2020-05-08T16:40:54","date_gmt":"2020-05-08T19:40:54","guid":{"rendered":"https:\/\/festivalpoesiabsas.com.ar\/festivales-anteriores\/?page_id=8495"},"modified":"2021-09-20T22:32:13","modified_gmt":"2021-09-21T01:32:13","slug":"40-blacones","status":"publish","type":"page","link":"https:\/\/festivalpoesiabsas.com.ar\/festivales-anteriores\/?page_id=8495","title":{"rendered":"40 Balcones"},"content":{"rendered":"<div class=\"wpb-content-wrapper\"><p>[vc_row css=&#8221;.vc_custom_1588967491956{margin-top: 0px !important;padding-top: 0px !important;}&#8221;][vc_column]<h3 class=\"sc_title sc_title_regular sc_align_center margin_top_null\" style=\"text-align:center;\">#40BALCONES\u00a0#POES\u00cdAENCUARENTENA<\/h3>[vc_row_inner css=&#8221;.vc_custom_1588968554166{margin-bottom: 50px !important;border-top-width: 1px !important;border-top-color: #d1d1d1 !important;border-top-style: solid !important;}&#8221;][vc_column_inner width=&#8221;1\/4&#8243;][vc_column_text]04 de Junio<\/p>\n<h4 style=\"margin-top: 0.2em;\">Esperando que todo pase<\/h4>\n<p><strong>Luciano Nacci<\/strong><br \/>\n<em>Argentina<\/em>[\/vc_column_text][\/vc_column_inner][vc_column_inner width=&#8221;3\/4&#8243;][vc_video link=&#8221;https:\/\/youtu.be\/11fObIPzS1w&#8221;][\/vc_column_inner][\/vc_row_inner][vc_empty_space height=&#8221;60px&#8221;][vc_row_inner css=&#8221;.vc_custom_1588968554166{margin-bottom: 50px !important;border-top-width: 1px !important;border-top-color: #d1d1d1 !important;border-top-style: solid !important;}&#8221;][vc_column_inner width=&#8221;1\/4&#8243;][vc_column_text]03 de Junio<\/p>\n<h4 style=\"margin-top: 0.2em;\">Mascarillas<\/h4>\n<p><strong>Pedro Enr\u00edquez<\/strong><br \/>\n<em>Espa\u00f1a<\/em>[\/vc_column_text][\/vc_column_inner][vc_column_inner width=&#8221;3\/4&#8243;][vc_video link=&#8221;https:\/\/youtu.be\/6bd4LmpsZ5I&#8221;][\/vc_column_inner][\/vc_row_inner][vc_empty_space height=&#8221;60px&#8221;][vc_row_inner css=&#8221;.vc_custom_1588968554166{margin-bottom: 50px !important;border-top-width: 1px !important;border-top-color: #d1d1d1 !important;border-top-style: solid !important;}&#8221;][vc_column_inner width=&#8221;1\/4&#8243;][vc_column_text]02 de Junio<\/p>\n<h4 style=\"margin-top: 0.2em;\">Lo nuevo reemplaza a lo viejo<\/h4>\n<p><strong>Felipe Nicol\u00e1s Dom\u00ednguez<\/strong><br \/>\n<em>Argentina<\/em>[\/vc_column_text][\/vc_column_inner][vc_column_inner width=&#8221;3\/4&#8243;][vc_video link=&#8221;https:\/\/youtu.be\/KMp28u-nyr0&#8243;][\/vc_column_inner][\/vc_row_inner][vc_empty_space height=&#8221;60px&#8221;][vc_row_inner css=&#8221;.vc_custom_1588968554166{margin-bottom: 50px !important;border-top-width: 1px !important;border-top-color: #d1d1d1 !important;border-top-style: solid !important;}&#8221;][vc_column_inner width=&#8221;1\/4&#8243;][vc_column_text]01 de Junio<\/p>\n<h4 style=\"margin-top: 0.2em;\">Poema<\/h4>\n<p><strong>Lila Zemborain<\/strong><br \/>\n<em>Nueva York &#8211; Buenos Aires<\/em>[\/vc_column_text][\/vc_column_inner][vc_column_inner width=&#8221;3\/4&#8243;][vc_video link=&#8221;https:\/\/youtu.be\/jPqDFW2uzA0&#8243;][\/vc_column_inner][\/vc_row_inner][vc_empty_space height=&#8221;60px&#8221;][vc_row_inner css=&#8221;.vc_custom_1588968554166{margin-bottom: 50px !important;border-top-width: 1px !important;border-top-color: #d1d1d1 !important;border-top-style: solid !important;}&#8221;][vc_column_inner width=&#8221;1\/4&#8243;][vc_column_text]31 de Mayo<\/p>\n<h4 style=\"margin-top: 0.2em;\">Tallone del capogiro<\/h4>\n<p><strong>Dome Bulfaro<\/strong><br \/>\n<em>Italia<\/em>[\/vc_column_text][\/vc_column_inner][vc_column_inner width=&#8221;3\/4&#8243;][vc_video link=&#8221;https:\/\/youtu.be\/j5WZ0rBlhmo&#8221;][\/vc_column_inner][\/vc_row_inner][vc_empty_space height=&#8221;60px&#8221;][vc_row_inner css=&#8221;.vc_custom_1588968554166{margin-bottom: 50px !important;border-top-width: 1px !important;border-top-color: #d1d1d1 !important;border-top-style: solid !important;}&#8221;][vc_column_inner width=&#8221;1\/4&#8243;][vc_column_text]30 de Mayo<\/p>\n<h4 style=\"margin-top: 0.2em;\">Poema<\/h4>\n<p><strong>Ana Arzoumanian<\/strong><br \/>\n<em>Argentina<\/em>[\/vc_column_text][\/vc_column_inner][vc_column_inner width=&#8221;3\/4&#8243;][vc_video link=&#8221;https:\/\/youtu.be\/6DAkHXkeOOk&#8221;][\/vc_column_inner][\/vc_row_inner][vc_empty_space height=&#8221;160px&#8221;][vc_row_inner css=&#8221;.vc_custom_1588968554166{margin-bottom: 50px !important;border-top-width: 1px !important;border-top-color: #d1d1d1 !important;border-top-style: solid !important;}&#8221;][vc_column_inner width=&#8221;1\/4&#8243;][vc_column_text]29 de Mayo<\/p>\n<h4 style=\"margin-top: 0.2em;\">Luz aut\u00e9ntica solo hay al caer la tarde<\/h4>\n<p><strong>Giovanni Catelli<\/strong><br \/>\n<em>Italia<\/em>[\/vc_column_text][\/vc_column_inner][vc_column_inner width=&#8221;3\/4&#8243;][vc_video link=&#8221;https:\/\/youtu.be\/8R9ECfVbsHY&#8221;][\/vc_column_inner][\/vc_row_inner][vc_empty_space height=&#8221;160px&#8221;][vc_row_inner css=&#8221;.vc_custom_1588968554166{margin-bottom: 50px !important;border-top-width: 1px !important;border-top-color: #d1d1d1 !important;border-top-style: solid !important;}&#8221;][vc_column_inner width=&#8221;1\/4&#8243;][vc_column_text]28 de Mayo<\/p>\n<h4 style=\"margin-top: 0.2em;\">De la luna y sus obligaciones<\/h4>\n<p><strong>Beatriz Schaefer<\/strong><br \/>\n<em>Argentina<\/em>[\/vc_column_text][\/vc_column_inner][vc_column_inner width=&#8221;3\/4&#8243;][vc_video link=&#8221;https:\/\/youtu.be\/_8qDNn_dNk8&#8243;][\/vc_column_inner][\/vc_row_inner][vc_empty_space height=&#8221;60px&#8221;][vc_row_inner css=&#8221;.vc_custom_1588968554166{margin-bottom: 50px !important;border-top-width: 1px !important;border-top-color: #d1d1d1 !important;border-top-style: solid !important;}&#8221;][vc_column_inner width=&#8221;1\/4&#8243;][vc_column_text]27 de Mayo<\/p>\n<h4 style=\"margin-top: 0.2em;\">La vida real<\/h4>\n<p><strong>Luis Ra\u00fal Calvo<\/strong><br \/>\n<em>Argentina<\/em>[\/vc_column_text][\/vc_column_inner][vc_column_inner width=&#8221;3\/4&#8243;][vc_video link=&#8221;https:\/\/youtu.be\/pl8c_ZVjRO8&#8243;][\/vc_column_inner][\/vc_row_inner][vc_empty_space height=&#8221;60px&#8221;][vc_row_inner css=&#8221;.vc_custom_1588968554166{margin-bottom: 50px !important;border-top-width: 1px !important;border-top-color: #d1d1d1 !important;border-top-style: solid !important;}&#8221;][vc_column_inner width=&#8221;1\/4&#8243;][vc_column_text]26 de Mayo<\/p>\n<h4 style=\"margin-top: 0.2em;\">Del s\u00e1bado del oto\u00f1o<\/h4>\n<p><strong>Oulaya Drissi<\/strong><br \/>\n<em>Marruecos<\/em>[\/vc_column_text][\/vc_column_inner][vc_column_inner width=&#8221;3\/4&#8243;][vc_video link=&#8221;https:\/\/youtu.be\/7T93qu-7n0A&#8221;][\/vc_column_inner][\/vc_row_inner][vc_empty_space height=&#8221;60px&#8221;][vc_row_inner css=&#8221;.vc_custom_1588968554166{margin-bottom: 50px !important;border-top-width: 1px !important;border-top-color: #d1d1d1 !important;border-top-style: solid !important;}&#8221;][vc_column_inner width=&#8221;1\/4&#8243;][vc_column_text]25 de Mayo<\/p>\n<h4 style=\"margin-top: 0.2em;\">Como Durazno<\/h4>\n<p><strong>Gustavo Tisocco<\/strong><br \/>\n<em>Argentina<\/em>[\/vc_column_text][\/vc_column_inner][vc_column_inner width=&#8221;3\/4&#8243;][vc_video link=&#8221;https:\/\/youtu.be\/k8N6KeBa2T0&#8243;][\/vc_column_inner][\/vc_row_inner][vc_empty_space height=&#8221;60px&#8221;][vc_row_inner css=&#8221;.vc_custom_1588968554166{margin-bottom: 50px !important;border-top-width: 1px !important;border-top-color: #d1d1d1 !important;border-top-style: solid !important;}&#8221;][vc_column_inner width=&#8221;1\/4&#8243;][vc_column_text]24 de Mayo<\/p>\n<h4 style=\"margin-top: 0.2em;\">El musgo<\/h4>\n<p><strong>Mar\u00eda \u00c1ngeles P\u00e9rez L\u00f3pez<\/strong><br \/>\n<em>Espa\u00f1a<\/em>[\/vc_column_text][\/vc_column_inner][vc_column_inner width=&#8221;3\/4&#8243;][vc_video link=&#8221;https:\/\/youtu.be\/HzA3f1ZbzRw&#8221;][\/vc_column_inner][\/vc_row_inner][vc_empty_space height=&#8221;60px&#8221;][vc_row_inner css=&#8221;.vc_custom_1588968554166{margin-bottom: 50px !important;border-top-width: 1px !important;border-top-color: #d1d1d1 !important;border-top-style: solid !important;}&#8221;][vc_column_inner width=&#8221;1\/4&#8243;][vc_column_text]23 de Mayo<\/p>\n<h4 style=\"margin-top: 0.2em;\">Hasta que valga la pena vivir<\/h4>\n<p><strong>\u00c1lvaro Inostroza<\/strong><br \/>\n<em>Chile<\/em>[\/vc_column_text][\/vc_column_inner][vc_column_inner width=&#8221;3\/4&#8243;][vc_video link=&#8221;https:\/\/youtu.be\/RC7TONCWu_s&#8221;][\/vc_column_inner][\/vc_row_inner][vc_empty_space height=&#8221;60px&#8221;][vc_row_inner css=&#8221;.vc_custom_1588968554166{margin-bottom: 50px !important;border-top-width: 1px !important;border-top-color: #d1d1d1 !important;border-top-style: solid !important;}&#8221;][vc_column_inner width=&#8221;1\/4&#8243;][vc_column_text]22 de Mayo<\/p>\n<h4 style=\"margin-top: 0.2em;\">Habitantes<\/h4>\n<p><strong>Mirta Hortas<\/strong><br \/>\n<em>Argentina<\/em>[\/vc_column_text][\/vc_column_inner][vc_column_inner width=&#8221;3\/4&#8243;][vc_video link=&#8221;https:\/\/youtu.be\/TQwotid49L4&#8243;][\/vc_column_inner][\/vc_row_inner][vc_empty_space height=&#8221;60px&#8221;][vc_row_inner css=&#8221;.vc_custom_1588968554166{margin-bottom: 50px !important;border-top-width: 1px !important;border-top-color: #d1d1d1 !important;border-top-style: solid !important;}&#8221;][vc_column_inner width=&#8221;1\/4&#8243;][vc_column_text]21 de Mayo<\/p>\n<h4 style=\"margin-top: 0.2em;\">Bocasanta<\/h4>\n<p><strong>Juan Manuel Rodr\u00edguez Tobal<\/strong><br \/>\n<em>Espa\u00f1a<\/em>[\/vc_column_text][\/vc_column_inner][vc_column_inner width=&#8221;3\/4&#8243;][vc_video link=&#8221;https:\/\/youtu.be\/PK3W7lM8n0Y&#8221;][\/vc_column_inner][\/vc_row_inner][vc_empty_space height=&#8221;60px&#8221;][vc_row_inner css=&#8221;.vc_custom_1588968554166{margin-bottom: 50px !important;border-top-width: 1px !important;border-top-color: #d1d1d1 !important;border-top-style: solid !important;}&#8221;][vc_column_inner width=&#8221;1\/4&#8243;][vc_column_text]20 de Mayo<\/p>\n<h4 style=\"margin-top: 0.2em;\">Lo que nos une<\/h4>\n<p><strong>Diane R\u00e9gimbald<\/strong><br \/>\n<em>Canad\u00e1<\/em>[\/vc_column_text][\/vc_column_inner][vc_column_inner width=&#8221;3\/4&#8243;][vc_video link=&#8221;https:\/\/youtu.be\/xB20jtQvxeA&#8221;][\/vc_column_inner][\/vc_row_inner][vc_empty_space height=&#8221;60px&#8221;][vc_row_inner css=&#8221;.vc_custom_1588968554166{margin-bottom: 50px !important;border-top-width: 1px !important;border-top-color: #d1d1d1 !important;border-top-style: solid !important;}&#8221;][vc_column_inner width=&#8221;1\/4&#8243;][vc_column_text]19 de Mayo<\/p>\n<h4 style=\"margin-top: 0.2em;\">La ma\u00f1ana<\/h4>\n<p><strong>Mariano Rolando Andrade<\/strong><br \/>\n<em>Argentina &#8211; Francia<\/em>[\/vc_column_text][\/vc_column_inner][vc_column_inner width=&#8221;3\/4&#8243;][vc_video link=&#8221;https:\/\/youtu.be\/5Wi4bIS905s&#8221;][\/vc_column_inner][\/vc_row_inner][vc_empty_space height=&#8221;60px&#8221;][vc_row_inner css=&#8221;.vc_custom_1588968554166{margin-bottom: 50px !important;border-top-width: 1px !important;border-top-color: #d1d1d1 !important;border-top-style: solid !important;}&#8221;][vc_column_inner width=&#8221;1\/4&#8243;][vc_column_text]18 de Mayo<\/p>\n<h4 style=\"margin-top: 0.2em;\">Alabanza<\/h4>\n<p><strong>Sandra Cornejo<\/strong><br \/>\n<em>Argentina<\/em>[\/vc_column_text][\/vc_column_inner][vc_column_inner width=&#8221;3\/4&#8243;][vc_video link=&#8221;https:\/\/youtu.be\/tU5N3Soy-lM&#8221;][\/vc_column_inner][\/vc_row_inner][vc_empty_space height=&#8221;60px&#8221;][vc_row_inner css=&#8221;.vc_custom_1588968554166{margin-bottom: 50px !important;border-top-width: 1px !important;border-top-color: #d1d1d1 !important;border-top-style: solid !important;}&#8221;][vc_column_inner width=&#8221;1\/4&#8243;][vc_column_text]17 de Mayo<\/p>\n<h4 style=\"margin-top: 0.2em;\">Muertos que llevo en el coraz\u00f3n<\/h4>\n<p><strong>Marijose Tobal y Aquilino Ramos<\/strong><br \/>\n<em>Espa\u00f1a<\/em>[\/vc_column_text][\/vc_column_inner][vc_column_inner width=&#8221;3\/4&#8243;][vc_video link=&#8221;https:\/\/youtu.be\/crVYKAogn_s&#8221;][\/vc_column_inner][\/vc_row_inner][vc_empty_space height=&#8221;160px&#8221;][vc_row_inner css=&#8221;.vc_custom_1588968554166{margin-bottom: 50px !important;border-top-width: 1px !important;border-top-color: #d1d1d1 !important;border-top-style: solid !important;}&#8221;][vc_column_inner width=&#8221;1\/4&#8243;][vc_column_text]16 de Mayo<\/p>\n<h4 style=\"margin-top: 0.2em;\">Nunca<\/h4>\n<p><strong>Dome Bulfaro<\/strong><br \/>\n<em>Italia<\/em>[\/vc_column_text][\/vc_column_inner][vc_column_inner width=&#8221;3\/4&#8243;][vc_video link=&#8221;https:\/\/youtu.be\/ByGCOcQygRg&#8221;][\/vc_column_inner][\/vc_row_inner][vc_empty_space height=&#8221;60px&#8221;][vc_row_inner css=&#8221;.vc_custom_1588968554166{margin-bottom: 50px !important;border-top-width: 1px !important;border-top-color: #d1d1d1 !important;border-top-style: solid !important;}&#8221;][vc_column_inner width=&#8221;1\/4&#8243;][vc_column_text]15 de Mayo<\/p>\n<h4 style=\"margin-top: 0.2em;\">Exploraci\u00f3n de contenci\u00f3n<\/h4>\n<p><strong>Heike Fiedler<\/strong><br \/>\n<em>Alemania\/Suiza<\/em>[\/vc_column_text][\/vc_column_inner][vc_column_inner width=&#8221;3\/4&#8243;][vc_video link=&#8221;https:\/\/youtu.be\/XNU3wB_BWRg&#8221;][\/vc_column_inner][\/vc_row_inner][vc_empty_space height=&#8221;200px&#8221;][vc_row_inner css=&#8221;.vc_custom_1588968554166{margin-bottom: 50px !important;border-top-width: 1px !important;border-top-color: #d1d1d1 !important;border-top-style: solid !important;}&#8221;][vc_column_inner width=&#8221;1\/4&#8243;][vc_column_text]14 de Mayo<\/p>\n<h4 style=\"margin-top: 0.2em;\">Ars po\u00e9tica V<\/h4>\n<p><strong>Juan Bautista Ramazzotti<\/strong><br \/>\n<em>Argentina<\/em>[\/vc_column_text][\/vc_column_inner][vc_column_inner width=&#8221;3\/4&#8243;][vc_video link=&#8221;https:\/\/youtu.be\/Mogfwj1nww4&#8243;][\/vc_column_inner][\/vc_row_inner][vc_empty_space height=&#8221;60px&#8221;][vc_row_inner css=&#8221;.vc_custom_1588968554166{margin-bottom: 50px !important;border-top-width: 1px !important;border-top-color: #d1d1d1 !important;border-top-style: solid !important;}&#8221;][vc_column_inner width=&#8221;1\/4&#8243;][vc_column_text]13 de Mayo<\/p>\n<h4 style=\"margin-top: 0.2em;\">Sandouping, mi pueblo natal borrado del mapa<\/h4>\n<p><strong>Ming Di<\/strong><br \/>\n<em>China<\/em>[\/vc_column_text][\/vc_column_inner][vc_column_inner width=&#8221;3\/4&#8243;][vc_video link=&#8221;https:\/\/youtu.be\/H2Kc6Tg-jh4&#8243;][\/vc_column_inner][\/vc_row_inner][vc_empty_space height=&#8221;60px&#8221;][vc_row_inner css=&#8221;.vc_custom_1588968554166{margin-bottom: 50px !important;border-top-width: 1px !important;border-top-color: #d1d1d1 !important;border-top-style: solid !important;}&#8221;][vc_column_inner width=&#8221;1\/4&#8243;][vc_column_text]12 de Mayo<\/p>\n<h4 style=\"margin-top: 0.2em;\">Deja que la angustia se apodere de ti<\/h4>\n<p><strong>Juan Leguizam\u00f3n<\/strong><br \/>\n<em>Argentina<\/em>[\/vc_column_text][\/vc_column_inner][vc_column_inner width=&#8221;3\/4&#8243;][vc_video link=&#8221;https:\/\/youtu.be\/ThuYNCT04lY&#8221;][\/vc_column_inner][\/vc_row_inner][vc_empty_space height=&#8221;60px&#8221;][vc_row_inner css=&#8221;.vc_custom_1588968554166{margin-bottom: 50px !important;border-top-width: 1px !important;border-top-color: #d1d1d1 !important;border-top-style: solid !important;}&#8221;][vc_column_inner width=&#8221;1\/4&#8243;][vc_column_text]10 de Mayo<\/p>\n<h4 style=\"margin-top: 0.2em;\">Morir Juntos<\/h4>\n<p><strong>Alejandro Ber\u00f3n<\/strong><br \/>\n<em>Argentina<\/em>[\/vc_column_text][\/vc_column_inner][vc_column_inner width=&#8221;3\/4&#8243;][vc_video link=&#8221;https:\/\/youtu.be\/RoqSRNM0j4k&#8221;][\/vc_column_inner][\/vc_row_inner][vc_empty_space height=&#8221;60px&#8221;][vc_row_inner css=&#8221;.vc_custom_1588968554166{margin-bottom: 50px !important;border-top-width: 1px !important;border-top-color: #d1d1d1 !important;border-top-style: solid !important;}&#8221;][vc_column_inner width=&#8221;1\/4&#8243;][vc_column_text]9 de Mayo<\/p>\n<h4 style=\"margin-top: 0.2em;\">Mascar\u00f3n de proa<\/h4>\n<p><strong>Valeria Pariso<\/strong><br \/>\n<em>Argentina<\/em>[\/vc_column_text][\/vc_column_inner][vc_column_inner width=&#8221;3\/4&#8243;][vc_video link=&#8221;https:\/\/youtu.be\/feSS0J2oa3w&#8221;][\/vc_column_inner][\/vc_row_inner][vc_empty_space height=&#8221;60px&#8221;][vc_row_inner css=&#8221;.vc_custom_1588968554166{margin-bottom: 50px !important;border-top-width: 1px !important;border-top-color: #d1d1d1 !important;border-top-style: solid !important;}&#8221;][vc_column_inner width=&#8221;1\/4&#8243;][vc_column_text]8 de Mayo<\/p>\n<h4 style=\"margin-top: 0.2em;\">Etapa de sublimaci\u00f3n<\/h4>\n<p><strong>Juliana Calvo<\/strong><br \/>\n<em>Argentina<\/em>[\/vc_column_text][\/vc_column_inner][vc_column_inner width=&#8221;3\/4&#8243;][vc_video link=&#8221;https:\/\/youtu.be\/Zu7AMLgs4aY&#8221;][\/vc_column_inner][\/vc_row_inner][vc_empty_space height=&#8221;200px&#8221;][vc_row_inner css=&#8221;.vc_custom_1588968577896{margin-bottom: 50px !important;border-top-width: 1px !important;border-top-color: #d1d1d1 !important;border-top-style: solid !important;}&#8221;][vc_column_inner width=&#8221;1\/4&#8243;][vc_column_text]7 de Mayo<\/p>\n<h4 style=\"margin-top: 0.2em;\">Inseminoid<\/h4>\n<p><strong>Leif Holmstrand<\/strong><br \/>\n<em>Suecia<\/em>[\/vc_column_text][\/vc_column_inner][vc_column_inner width=&#8221;3\/4&#8243;][vc_video link=&#8221;https:\/\/youtu.be\/39x3TPz7ark&#8221;][\/vc_column_inner][\/vc_row_inner][vc_empty_space height=&#8221;60px&#8221;][vc_row_inner css=&#8221;.vc_custom_1588968091393{margin-bottom: 50px !important;}&#8221;][vc_column_inner width=&#8221;1\/4&#8243;][vc_column_text]6 de Mayo<\/p>\n<h4 style=\"margin-top: 0.2em;\">Violeta de los Alpes<\/h4>\n<p><strong>Yumiko Otomasu<\/strong><br \/>\n<em>Jap\u00f3n<\/em>[\/vc_column_text][\/vc_column_inner][vc_column_inner width=&#8221;3\/4&#8243;][vc_video link=&#8221;https:\/\/youtu.be\/DhjF7HDSba4&#8243;][\/vc_column_inner][\/vc_row_inner][vc_empty_space height=&#8221;60px&#8221;][vc_row_inner][vc_column_inner width=&#8221;1\/4&#8243;][vc_column_text]5 de Mayo<\/p>\n<h4 style=\"margin-top: 0.2em;\">Mi nombre es Anne Sexton<\/h4>\n<p><strong>Jos\u00e9 Javier Villarreal<\/strong><br \/>\n<em>M\u00e9xico<\/em>[\/vc_column_text][\/vc_column_inner][vc_column_inner width=&#8221;3\/4&#8243;][vc_video link=&#8221;https:\/\/youtu.be\/l6QVSJDcFQ8&#8243;][\/vc_column_inner][\/vc_row_inner][\/vc_column][\/vc_row]<\/p>\n<\/div><!-- AddThis Advanced Settings generic via filter on the_content --><!-- AddThis Share Buttons generic via filter on the_content -->","protected":false},"excerpt":{"rendered":"<p>[vc_row css=&#8221;.vc_custom_1588967491956{margin-top: 0px !important;padding-top: 0px !important;}&#8221;][vc_column][vc_row_inner css=&#8221;.vc_custom_1588968554166{margin-bottom: 50px !important;border-top-width: 1px !important;border-top-color: #d1d1d1 !important;border-top-style: solid !important;}&#8221;][vc_column_inner width=&#8221;1\/4&#8243;][vc_column_text]04 de Junio Esperando que todo pase Luciano Nacci Argentina[\/vc_column_text][\/vc_column_inner][vc_column_inner width=&#8221;3\/4&#8243;][vc_video link=&#8221;https:\/\/youtu.be\/11fObIPzS1w&#8221;][\/vc_column_inner][\/vc_row_inner][vc_empty_space height=&#8221;60px&#8221;][vc_row_inner css=&#8221;.vc_custom_1588968554166{margin-bottom: 50px [&hellip;]<!-- AddThis Advanced Settings generic via filter on get_the_excerpt --><!-- AddThis Share Buttons generic via filter on get_the_excerpt --><\/p>\n","protected":false},"author":1,"featured_media":0,"parent":0,"menu_order":0,"comment_status":"closed","ping_status":"closed","template":"","meta":{"footnotes":""},"_links":{"self":[{"href":"https:\/\/festivalpoesiabsas.com.ar\/festivales-anteriores\/index.php?rest_route=\/wp\/v2\/pages\/8495"}],"collection":[{"href":"https:\/\/festivalpoesiabsas.com.ar\/festivales-anteriores\/index.php?rest_route=\/wp\/v2\/pages"}],"about":[{"href":"https:\/\/festivalpoesiabsas.com.ar\/festivales-anteriores\/index.php?rest_route=\/wp\/v2\/types\/page"}],"author":[{"embeddable":true,"href":"https:\/\/festivalpoesiabsas.com.ar\/festivales-anteriores\/index.php?rest_route=\/wp\/v2\/users\/1"}],"replies":[{"embeddable":true,"href":"https:\/\/festivalpoesiabsas.com.ar\/festivales-anteriores\/index.php?rest_route=%2Fwp%2Fv2%2Fcomments&post=8495"}],"version-history":[{"count":28,"href":"https:\/\/festivalpoesiabsas.com.ar\/festivales-anteriores\/index.php?rest_route=\/wp\/v2\/pages\/8495\/revisions"}],"predecessor-version":[{"id":8562,"href":"https:\/\/festivalpoesiabsas.com.ar\/festivales-anteriores\/index.php?rest_route=\/wp\/v2\/pages\/8495\/revisions\/8562"}],"wp:attachment":[{"href":"https:\/\/festivalpoesiabsas.com.ar\/festivales-anteriores\/index.php?rest_route=%2Fwp%2Fv2%2Fmedia&parent=8495"}],"curies":[{"name":"wp","href":"https:\/\/api.w.org\/{rel}","templated":true}]}}