{"id":7891,"date":"2019-05-15T13:01:38","date_gmt":"2019-05-15T16:01:38","guid":{"rendered":"https:\/\/festivalpoesiabsas.com.ar\/festivales-anteriores\/?page_id=7891"},"modified":"2019-05-21T10:45:08","modified_gmt":"2019-05-21T13:45:08","slug":"staff-y-agradecimientos-2","status":"publish","type":"page","link":"https:\/\/festivalpoesiabsas.com.ar\/festivales-anteriores\/?page_id=7891","title":{"rendered":"Staff y Agradecimientos"},"content":{"rendered":"<div class=\"wpb-content-wrapper\"><p>[vc_row][vc_column width=&#8221;2\/3&#8243;]<h3 class=\"sc_title sc_title_regular margin_top_null\">Staff<\/h3>[vc_column_text]<b>Directora General<\/b><\/p>\n<p style=\"padding-left: 40px;\">Graciela Ar\u00e1oz<\/p>\n<p><b>Consejo de Asesores<\/b><\/p>\n<p style=\"padding-left: 40px;\">Louis Dupr\u00e9 (Canad\u00e1)<br \/>\nLuisa Futoransky (Argentina-Francia)<br \/>\nMinerva Margarita Villareal (M\u00e9xico)<br \/>\nAlejandro Nicotra (Argentina)<br \/>\nV\u00edctor Redondo (Argentina)<br \/>\nEnrique Solinas (Argentina)<\/p>\n<p><b>Asesora en Relaciones Internacionales y b\u00fasqueda de fondos<\/b><\/p>\n<p style=\"padding-left: 40px;\">Blanca Ram\u00edrez<\/p>\n<p><b>Asistente Coordinaci\u00f3n<\/b><\/p>\n<p style=\"padding-left: 40px;\">Ana Carrino<\/p>\n<p><b>Coordinaci\u00f3n Escuela de Poes\u00eda<\/b><\/p>\n<p style=\"padding-left: 40px;\">Diana Person<\/p>\n<p><b>Coordinaci\u00f3n de actividades<\/b><\/p>\n<p style=\"padding-left: 40px;\">Mercado del Progreso y acciones en el subte<br \/>\nFrancisco \u201cPaco\u201d Redondo<\/p>\n<p><b>Edici\u00f3n<\/b><\/p>\n<p style=\"padding-left: 40px;\">Jorge Paolantonio<\/p>\n<p><b>Dise\u00f1o<\/b><\/p>\n<p style=\"padding-left: 40px;\">Gustavo Ramilo<\/p>\n<p><b>Community Manager<\/b><\/p>\n<p style=\"padding-left: 40px;\">Sof\u00eda Benetti<\/p>\n<p><b>Curadur\u00eda<\/b><\/p>\n<p style=\"padding-left: 40px;\">Graciela Ar\u00e1oz<br \/>\nLuisa Futoransky<br \/>\nV\u00edctor Redondo<br \/>\nEnrique Solinas<\/p>\n<p>[\/vc_column_text][\/vc_column][vc_column width=&#8221;1\/3&#8243;][vc_single_image image=&#8221;8032&#8243; img_size=&#8221;full&#8221; alignment=&#8221;center&#8221; style=&#8221;vc_box_outline_circle&#8221;][\/vc_column][\/vc_row][vc_row][vc_column]<h3 class=\"sc_title sc_title_regular\">Agradecimientos<\/h3>[vc_column_text]<\/p>\n<ul>\n<li>Agencia P\u00fablica del Libro de la Rep\u00fablica de Eslovenia (JAK)<\/li>\n<li>Castelar Hotel &amp; Spa<\/li>\n<li>CCK<\/li>\n<li>CRICAL \u2013 Centro Regional de Institutos Confucio para Am\u00e9rica Latina<\/li>\n<li>Danish Arts Foundation<\/li>\n<li>Edge Hill University<\/li>\n<li>Embajada de la Rep\u00fablica de Cuba en Argentina<\/li>\n<li>Embajada de Espa\u00f1a en Argentina<\/li>\n<li>Embajada de Brasil en Argentina<\/li>\n<li>Escuela Primaria N\u00b01 Juan Jos\u00e9 Castelli<\/li>\n<li>Festival Internacional de Poes\u00eda de Trois Rivi\u00e8res, Quebec, Canad\u00e1<\/li>\n<li>Fundaci\u00f3n Cultural Esteros<\/li>\n<li>Gaby Herbstein (Fot\u00f3grafa)<\/li>\n<li>Instituto Cubano del Libro (ICL)<\/li>\n<li>Istituto Italiano di Cultura de Buenos Aires<\/li>\n<li>Mercado del Progreso<\/li>\n<li>Revista \u00d1<\/li>\n<li>Sistema Federal de Medios y Contenidos P\u00fablicos<\/li>\n<li>Sociedad de Escritoras y Escritores de la Argentina \u2013SEA-<\/li>\n<li>Subterr\u00e1neos de Buenos Aires<\/li>\n<li>Swedish Arts Council<\/li>\n<li>Prensa La Libertad<\/li>\n<li>UNESCO<\/li>\n<li>World Poetry Movement<\/li>\n<\/ul>\n<p>Agradecimiento especial a Mi-Hee Jo y Byung-soo Lee.<\/p>\n<p>Agradecimientos a Aldana Gaggero, Rosario Colunga, Sandra Cornejo, Silvia Montenegro, Carolina Zamudio y Rosario Colunga.<\/p>\n<p>A los y las lectoras: Laura Calvo, Florencia Ferr\u00e9, Mirta Hortas, Jorge Paolantonio y Carolina Zamudio.<span class=\"Apple-converted-space\">\u00a0<\/span><\/p>\n<p>Agradecimientos especiales al Director del CCK, Gustavo Mozzi, y a su equipo.<br \/>\nAl Ministro Hern\u00e1n Lombardi y a sus colaboradores.[\/vc_column_text][\/vc_column][\/vc_row]<\/p>\n<\/div><!-- AddThis Advanced Settings generic via filter on the_content --><!-- AddThis Share Buttons generic via filter on the_content -->","protected":false},"excerpt":{"rendered":"<p>[vc_row][vc_column width=&#8221;2\/3&#8243;][vc_column_text]Directora General Graciela Ar\u00e1oz Consejo de Asesores Louis Dupr\u00e9 (Canad\u00e1) Luisa Futoransky (Argentina-Francia) Minerva Margarita Villareal (M\u00e9xico) Alejandro Nicotra (Argentina) V\u00edctor Redondo (Argentina) Enrique Solinas (Argentina) Asesora en Relaciones [&hellip;]<!-- AddThis Advanced Settings generic via filter on get_the_excerpt --><!-- AddThis Share Buttons generic via filter on get_the_excerpt --><\/p>\n","protected":false},"author":1,"featured_media":0,"parent":0,"menu_order":0,"comment_status":"closed","ping_status":"closed","template":"","meta":{"footnotes":""},"_links":{"self":[{"href":"https:\/\/festivalpoesiabsas.com.ar\/festivales-anteriores\/index.php?rest_route=\/wp\/v2\/pages\/7891"}],"collection":[{"href":"https:\/\/festivalpoesiabsas.com.ar\/festivales-anteriores\/index.php?rest_route=\/wp\/v2\/pages"}],"about":[{"href":"https:\/\/festivalpoesiabsas.com.ar\/festivales-anteriores\/index.php?rest_route=\/wp\/v2\/types\/page"}],"author":[{"embeddable":true,"href":"https:\/\/festivalpoesiabsas.com.ar\/festivales-anteriores\/index.php?rest_route=\/wp\/v2\/users\/1"}],"replies":[{"embeddable":true,"href":"https:\/\/festivalpoesiabsas.com.ar\/festivales-anteriores\/index.php?rest_route=%2Fwp%2Fv2%2Fcomments&post=7891"}],"version-history":[{"count":14,"href":"https:\/\/festivalpoesiabsas.com.ar\/festivales-anteriores\/index.php?rest_route=\/wp\/v2\/pages\/7891\/revisions"}],"predecessor-version":[{"id":8035,"href":"https:\/\/festivalpoesiabsas.com.ar\/festivales-anteriores\/index.php?rest_route=\/wp\/v2\/pages\/7891\/revisions\/8035"}],"wp:attachment":[{"href":"https:\/\/festivalpoesiabsas.com.ar\/festivales-anteriores\/index.php?rest_route=%2Fwp%2Fv2%2Fmedia&parent=7891"}],"curies":[{"name":"wp","href":"https:\/\/api.w.org\/{rel}","templated":true}]}}