{"id":7456,"date":"2019-03-29T12:47:27","date_gmt":"2019-03-29T15:47:27","guid":{"rendered":"https:\/\/festivalpoesiabsas.com.ar\/festivales-anteriores\/?page_id=7456"},"modified":"2019-05-17T15:06:27","modified_gmt":"2019-05-17T18:06:27","slug":"escuela-internacional-de-poesia-2019","status":"publish","type":"page","link":"https:\/\/festivalpoesiabsas.com.ar\/festivales-anteriores\/?page_id=7456","title":{"rendered":"Escuela Internacional de poes\u00eda 2019"},"content":{"rendered":"<div class=\"wpb-content-wrapper\"><p>[vc_row][vc_column width=&#8221;2\/3&#8243;][vc_column_text]<\/p>\n<p style=\"text-align: justify;\">Antecedida y apoyada en las experiencias de Viena, Medell\u00edn y La Habana, naci\u00f3 la Escuela Internacional de Poes\u00eda que, en su octava edici\u00f3n, se realizar\u00e1 en el marco del FIP XIV Festival Internacional de Poes\u00eda de Buenos Aires. Este encuentro se llevar\u00e1 a cabo desde el jueves 20 al domingo 23 de junio del presente a\u00f1o.<\/p>\n<p style=\"text-align: justify;\">El prop\u00f3sito de la Escuela es indagar la experiencia po\u00e9tica desde diferentes \u00f3pticas para intentar responder algunas preguntas enga\u00f1osamente simples: \u00bfQu\u00e9 es la poes\u00eda?, \u00bfQu\u00e9 hacer con un libro de poemas? \u00bfDe d\u00f3nde surge un poema?\u00a0\u00bfPara qu\u00e9 sirve la poes\u00eda? \u00bfQu\u00e9 nos hace el poema?<\/p>\n<p style=\"text-align: justify;\">A trav\u00e9s de actividades acad\u00e9micas no formales realizadas por algunos de los escritores que nos visitan, mostraremos las posibilidades creativas de la palabra, estimulando la reflexi\u00f3n alrededor de los interrogantes arriba planteados para que la puerta de acceso a la poes\u00eda,\u00a0que para muchos\u00a0permanece cerrada,\u00a0se abra generosa.<\/p>\n<p style=\"text-align: justify;\">Nos proponemos captar nuevos lectores, j\u00f3venes, y que aprendamos entre todos con propuestas divertidas nuevas formas de decir la poes\u00eda, utilizando el cuerpo, la voz, el canto, entre otras.<\/p>\n<p style=\"text-align: justify;\">La poes\u00eda no es s\u00f3lo la que escriben los poetas, es una mirada po\u00e9tica que puede tener cualquier ser y que lo enriquece para poder ampliar el universo.<\/p>\n<p style=\"text-align: justify;\">Es casi un lugar com\u00fan creer que s\u00f3lo pueden acceder los elegidos, esos \u201cmuy estudiados\u201d. \u00bfY si la poes\u00eda estuviera en todas partes, esperando la atenci\u00f3n de cualquiera para ser develada?<\/p>\n<p style=\"text-align: justify;\">Muchos, en su vida cotidiana, eluden abordar un libro de poemas porque la poes\u00eda exige y puede incomodar al desnudar tantas cosas. Pero para los que trabajan en las bibliotecas, los maestros, profesores, los que quieren dar lectura a los otros, para el padre que se sienta en las noches a leerle a su hijo mientras entra en el sue\u00f1o,\u00a0para aquel que quiera\u00a0escuchar la m\u00fasica del mundo en el caracol donde resuena -que es\u00a0<i>el poema<\/i>, seg\u00fan Octavio Paz-,\u00a0para ellos y todos ofrecemos esta Escuela de Poes\u00eda que pretende descubrir matices de la enorme potencia de lo po\u00e9tico.<\/p>\n<p style=\"text-align: justify;\">Por segundo a\u00f1o consecutivo, dada la gran aceptaci\u00f3n y convocatoria de la propuesta, ofreceremos nuevamente un taller exclusivo para docentes y bibliotecarios, porque tenemos la certeza que toda mujer u hombre que pueda gozar de la poes\u00eda como se disfruta cualquier obra de arte o la m\u00fasica misma, podr\u00e1 transmitirla a los educandos desde ese lugar de placer que nada tiene que ver con la curr\u00edcula (que abunda en elementos para la ense\u00f1anza de la lengua y la literatura), sino con esa alegr\u00eda que producen la emociones y la belleza.<\/p>\n<p style=\"text-align: justify;\">Queremos, ayudados por ustedes, contar el poder de las palabras y su riqueza cotidiana, hablar de la contemplaci\u00f3n, del pensamiento y de los sue\u00f1os. Hablar de tantas cosas de nuestro ser, hermosas, crueles y canallas que tambi\u00e9n la poes\u00eda enciende, para no olvidar y revelar su condici\u00f3n, en su justa y precisa medida o f\u00e9rtil desmesura.\u00a0La poes\u00eda nos ayuda a ver, a vernos.<\/p>\n<p>[\/vc_column_text][\/vc_column][vc_column width=&#8221;1\/3&#8243;][vc_images_carousel images=&#8221;7990,7936,7989,7937&#8243; img_size=&#8221;full&#8221; speed=&#8221;6000&#8243; autoplay=&#8221;yes&#8221; hide_pagination_control=&#8221;yes&#8221; wrap=&#8221;yes&#8221;][\/vc_column][\/vc_row]<\/p>\n<\/div><!-- AddThis Advanced Settings generic via filter on the_content --><!-- AddThis Share Buttons generic via filter on the_content -->","protected":false},"excerpt":{"rendered":"<p>[vc_row][vc_column width=&#8221;2\/3&#8243;][vc_column_text] Antecedida y apoyada en las experiencias de Viena, Medell\u00edn y La Habana, naci\u00f3 la Escuela Internacional de Poes\u00eda que, en su octava edici\u00f3n, se realizar\u00e1 en el marco [&hellip;]<!-- AddThis Advanced Settings generic via filter on get_the_excerpt --><!-- AddThis Share Buttons generic via filter on get_the_excerpt --><\/p>\n","protected":false},"author":1,"featured_media":0,"parent":0,"menu_order":0,"comment_status":"closed","ping_status":"closed","template":"","meta":{"footnotes":""},"_links":{"self":[{"href":"https:\/\/festivalpoesiabsas.com.ar\/festivales-anteriores\/index.php?rest_route=\/wp\/v2\/pages\/7456"}],"collection":[{"href":"https:\/\/festivalpoesiabsas.com.ar\/festivales-anteriores\/index.php?rest_route=\/wp\/v2\/pages"}],"about":[{"href":"https:\/\/festivalpoesiabsas.com.ar\/festivales-anteriores\/index.php?rest_route=\/wp\/v2\/types\/page"}],"author":[{"embeddable":true,"href":"https:\/\/festivalpoesiabsas.com.ar\/festivales-anteriores\/index.php?rest_route=\/wp\/v2\/users\/1"}],"replies":[{"embeddable":true,"href":"https:\/\/festivalpoesiabsas.com.ar\/festivales-anteriores\/index.php?rest_route=%2Fwp%2Fv2%2Fcomments&post=7456"}],"version-history":[{"count":10,"href":"https:\/\/festivalpoesiabsas.com.ar\/festivales-anteriores\/index.php?rest_route=\/wp\/v2\/pages\/7456\/revisions"}],"predecessor-version":[{"id":7994,"href":"https:\/\/festivalpoesiabsas.com.ar\/festivales-anteriores\/index.php?rest_route=\/wp\/v2\/pages\/7456\/revisions\/7994"}],"wp:attachment":[{"href":"https:\/\/festivalpoesiabsas.com.ar\/festivales-anteriores\/index.php?rest_route=%2Fwp%2Fv2%2Fmedia&parent=7456"}],"curies":[{"name":"wp","href":"https:\/\/api.w.org\/{rel}","templated":true}]}}