{"id":7417,"date":"2019-03-28T20:16:24","date_gmt":"2019-03-28T23:16:24","guid":{"rendered":"https:\/\/festivalpoesiabsas.com.ar\/festivales-anteriores\/?page_id=7417"},"modified":"2019-05-09T14:48:33","modified_gmt":"2019-05-09T17:48:33","slug":"introduccion-al-programa-fip-2019","status":"publish","type":"page","link":"https:\/\/festivalpoesiabsas.com.ar\/festivales-anteriores\/?page_id=7417","title":{"rendered":"Bienvenida"},"content":{"rendered":"<div class=\"wpb-content-wrapper\"><p><\/p>\n<p>[vc_row][vc_column][vc_column_text css=&#8221;.vc_custom_1553873098810{margin-bottom: 60px !important;}&#8221;]<em>Preferimos el iceberg al barco,<\/em><br \/>\n<em>aunque ello significara el fin del viaje\u2026<\/em><\/p>\n<p style=\"padding-left: 120px;\"><strong>Elizabeth Bishop<\/strong><\/p>\n<p>[\/vc_column_text][vc_column_text css=&#8221;.vc_custom_1557423651103{margin-bottom: 60px !important;}&#8221;]Comenzamos la decimocuarta edici\u00f3n del FIP Festival Internacional de Poes\u00eda de Buenos Aires y los fieles nos volvemos a congregar. La poes\u00eda, como casi todos los misterios del mundo, es secreta. Secreta quiere decir que sus c\u00f3digos y estrategias son revelados para aquellos que la estudian. El tono, el ritmo, las palabras ocultas, la melod\u00eda de las llamas, la melod\u00eda del hielo, la oscuridad y la luz forman parte de ese secreto claro. Los poetas forman parte de esa cofrad\u00eda que trata de descifrar el secreto. Los lectores de poes\u00eda tambi\u00e9n. Se unen, nos unimos dos partes aqu\u00ed. Como dijera un mexicano, la poes\u00eda es la mitad que nos falta. Intentar reunirla o hallarla es la tarea del poeta y es tambi\u00e9n la tarea del lector u oyente.<br \/>\nLa poes\u00eda reconforta en la medida en que nos da lo que no pudimos hallar en nuestra soledad. Olga Orozco, Enrique Molina, Alfonso Sola Gonz\u00e1lez, Alejandra Pizarnik, Pedroni, Bayley, y el escondido poeta de los Andes o de la selva misionera, de la Pampa, de la Patagonia, y tambi\u00e9n los poetas de los pa\u00edses lejanos que nos visitan, lo que buscan es eso: descubrir lo que les falta y descubrir lo que nos falta. El lector y el poeta en alg\u00fan instante se transforman en uno. En la b\u00fasqueda de ese uno venimos transitando estos a\u00f1os. En esta nueva edici\u00f3n del FIP, cuarta en realizarse en el CCK, recibimos a poetas de nuestras provincias: C\u00f3rdoba, Tucum\u00e1n, Mendoza, Buenos Aires y de la Ciudad Aut\u00f3noma Hasta aqu\u00ed ser\u00eda un festival nacional. Pero es Internacional porque viajan para participar poetas de Brasil, Canad\u00e1, Chile, China, Colombia, Dinamarca, Eslovenia, Espa\u00f1a, Italia, Marruecos, M\u00e9xico, Suecia, Uruguay, Venezuela y, por primera vez, Inglaterra.<br \/>\nCelebramos que formen parte de la historia de nuestro FIP en su decimocuarta edici\u00f3n.<\/p>\n<p>Bienvenidas. Bienvenidos.[\/vc_column_text][\/vc_column][\/vc_row]<\/p>\n<p><\/p>\n<\/div><!-- AddThis Advanced Settings generic via filter on the_content --><!-- AddThis Share Buttons generic via filter on the_content -->","protected":false},"excerpt":{"rendered":"<p>[vc_row][vc_column][vc_column_text css=&#8221;.vc_custom_1553873098810{margin-bottom: 60px !important;}&#8221;]Preferimos el iceberg al barco, aunque ello significara el fin del viaje\u2026 Elizabeth Bishop [\/vc_column_text][vc_column_text css=&#8221;.vc_custom_1557423651103{margin-bottom: 60px !important;}&#8221;]Comenzamos la decimocuarta edici\u00f3n del FIP Festival Internacional de Poes\u00eda [&hellip;]<!-- AddThis Advanced Settings generic via filter on get_the_excerpt --><!-- AddThis Share Buttons generic via filter on get_the_excerpt --><\/p>\n","protected":false},"author":1,"featured_media":0,"parent":0,"menu_order":0,"comment_status":"closed","ping_status":"closed","template":"","meta":{"footnotes":""},"_links":{"self":[{"href":"https:\/\/festivalpoesiabsas.com.ar\/festivales-anteriores\/index.php?rest_route=\/wp\/v2\/pages\/7417"}],"collection":[{"href":"https:\/\/festivalpoesiabsas.com.ar\/festivales-anteriores\/index.php?rest_route=\/wp\/v2\/pages"}],"about":[{"href":"https:\/\/festivalpoesiabsas.com.ar\/festivales-anteriores\/index.php?rest_route=\/wp\/v2\/types\/page"}],"author":[{"embeddable":true,"href":"https:\/\/festivalpoesiabsas.com.ar\/festivales-anteriores\/index.php?rest_route=\/wp\/v2\/users\/1"}],"replies":[{"embeddable":true,"href":"https:\/\/festivalpoesiabsas.com.ar\/festivales-anteriores\/index.php?rest_route=%2Fwp%2Fv2%2Fcomments&post=7417"}],"version-history":[{"count":27,"href":"https:\/\/festivalpoesiabsas.com.ar\/festivales-anteriores\/index.php?rest_route=\/wp\/v2\/pages\/7417\/revisions"}],"predecessor-version":[{"id":7681,"href":"https:\/\/festivalpoesiabsas.com.ar\/festivales-anteriores\/index.php?rest_route=\/wp\/v2\/pages\/7417\/revisions\/7681"}],"wp:attachment":[{"href":"https:\/\/festivalpoesiabsas.com.ar\/festivales-anteriores\/index.php?rest_route=%2Fwp%2Fv2%2Fmedia&parent=7417"}],"curies":[{"name":"wp","href":"https:\/\/api.w.org\/{rel}","templated":true}]}}