{"id":6947,"date":"2018-06-05T11:57:30","date_gmt":"2018-06-05T14:57:30","guid":{"rendered":"https:\/\/festivalpoesiabsas.com.ar\/festivales-anteriores\/?page_id=6947"},"modified":"2020-05-07T14:42:02","modified_gmt":"2020-05-07T17:42:02","slug":"momentos-2018","status":"publish","type":"page","link":"https:\/\/festivalpoesiabsas.com.ar\/festivales-anteriores\/?page_id=6947","title":{"rendered":"Momentos 2018"},"content":{"rendered":"<div class=\"wpb-content-wrapper\"><p>[vc_row][vc_column]<div id=\"sc_blogger_213199633\" class=\"sc_blogger layout_classic_3 template_masonry  sc_blogger_horizontal no_description\"><div class=\"isotope_wrap\" data-columns=\"3\">\t\t<div class=\"isotope_item isotope_item_classic isotope_item_classic_3 isotope_column_3\t\t\t\t\t\">\n\t\t\t<div class=\"post_item post_item_classic post_item_classic_3\t\t\t\t  post_format_standard odd\">\n\t\t\t\t\n\t\t\t\t\t\t\t\t\t<div class=\"post_featured\">\n\t\t\t\t\t\t\t<div class=\"post_thumb\" data-image=\"https:\/\/festivalpoesiabsas.com.ar\/festivales-anteriores\/wp-content\/uploads\/2018\/09\/interes_educaticvo-01.jpg\" data-title=\"El FIP declarado de Inter\u00e9s Educativo\">\n\t<a class=\"hover_icon hover_icon_link\" href=\"https:\/\/festivalpoesiabsas.com.ar\/festivales-anteriores\/?p=7382\"><img loading=\"lazy\" decoding=\"async\" class=\"wp-post-image\" width=\"570\" height=\"282\" alt=\"El FIP declarado de Inter\u00e9s Educativo\" src=\"https:\/\/festivalpoesiabsas.com.ar\/festivales-anteriores\/wp-content\/uploads\/2018\/09\/interes_educaticvo-01-570x282.jpg\"><\/a>\t<\/div>\n\t\t\t\t\t\t<\/div>\n\t\t\t\t\n\t\t\t\t<div class=\"post_content isotope_item_content\">\n\t\t\t\t\t\n\t\t\t\t\t<div class=\"post_info\">\n\t\t\t<span class=\"post_info_item post_info_posted\"> <a href=\"https:\/\/festivalpoesiabsas.com.ar\/festivales-anteriores\/?p=7382\" class=\"post_info_date\">17 September, 2018<\/a><\/span>\n\t\t<\/div>\t\t\t\t\t\t\t<h4 class=\"post_title\"><a href=\"https:\/\/festivalpoesiabsas.com.ar\/festivales-anteriores\/?p=7382\">El FIP declarado de Inter\u00e9s Educativo<\/a><\/h4>\n\t\t\t\t\t\t\t<div class=\"post_info\">\n\t\t\t<span class=\"post_info_item post_info_counters\">\t<a class=\"post_counters_item post_counters_views icon-eye\" title=\"Views - 304\" href=\"https:\/\/festivalpoesiabsas.com.ar\/festivales-anteriores\/?p=7382\"><span class=\"post_counters_number\">304<\/span><\/a>\n\t<\/span>\n\t\t<\/div>\n\t\t\t\t\t<div class=\"post_descr\">\n\t\t\t\t\t\t<p><\/p><a href=\"https:\/\/festivalpoesiabsas.com.ar\/festivales-anteriores\/?p=7382\" class=\"sc_button sc_button_square sc_button_style_filled sc_button_size_small\">Read more<\/a>\t\t\t\t\t<\/div>\n\n\t\t\t\t<\/div>\t\t\t\t<!-- \/.post_content -->\n\t\t\t<\/div>\t<!-- \/.post_item -->\n\t\t<\/div>\t\t\t\t\t\t<!-- \/.isotope_item -->\n\t\t\t\t<div class=\"isotope_item isotope_item_classic isotope_item_classic_3 isotope_column_3\t\t\t\t\t\">\n\t\t\t<div class=\"post_item post_item_classic post_item_classic_3\t\t\t\t  post_format_standard even\">\n\t\t\t\t\n\t\t\t\t\t\t\t\t\t<div class=\"post_featured\">\n\t\t\t\t\t\t\t<div class=\"post_thumb\" data-image=\"https:\/\/festivalpoesiabsas.com.ar\/festivales-anteriores\/wp-content\/uploads\/2018\/06\/img_dest_371x183_cierre.jpg\" data-title=\"\u00a1Hasta luego Buenos Aires!\">\n\t<a class=\"hover_icon hover_icon_link\" href=\"https:\/\/festivalpoesiabsas.com.ar\/festivales-anteriores\/?p=7234\"><img decoding=\"async\" class=\"wp-post-image\" height=\"183\" alt=\"\u00a1Hasta luego Buenos Aires!\" src=\"https:\/\/festivalpoesiabsas.com.ar\/festivales-anteriores\/wp-content\/uploads\/2018\/06\/img_dest_371x183_cierre.jpg\"><\/a>\t<\/div>\n\t\t\t\t\t\t<\/div>\n\t\t\t\t\n\t\t\t\t<div class=\"post_content isotope_item_content\">\n\t\t\t\t\t\n\t\t\t\t\t<div class=\"post_info\">\n\t\t\t<span class=\"post_info_item post_info_posted\"> <a href=\"https:\/\/festivalpoesiabsas.com.ar\/festivales-anteriores\/?p=7234\" class=\"post_info_date\">11 June, 2018<\/a><\/span>\n\t\t<\/div>\t\t\t\t\t\t\t<h4 class=\"post_title\"><a href=\"https:\/\/festivalpoesiabsas.com.ar\/festivales-anteriores\/?p=7234\">\u00a1Hasta luego Buenos Aires!<\/a><\/h4>\n\t\t\t\t\t\t\t<div class=\"post_info\">\n\t\t\t<span class=\"post_info_item post_info_counters\">\t<a class=\"post_counters_item post_counters_views icon-eye\" title=\"Views - 303\" href=\"https:\/\/festivalpoesiabsas.com.ar\/festivales-anteriores\/?p=7234\"><span class=\"post_counters_number\">303<\/span><\/a>\n\t<\/span>\n\t\t<\/div>\n\t\t\t\t\t<div class=\"post_descr\">\n\t\t\t\t\t\t<p><\/p><a href=\"https:\/\/festivalpoesiabsas.com.ar\/festivales-anteriores\/?p=7234\" class=\"sc_button sc_button_square sc_button_style_filled sc_button_size_small\">Read more<\/a>\t\t\t\t\t<\/div>\n\n\t\t\t\t<\/div>\t\t\t\t<!-- \/.post_content -->\n\t\t\t<\/div>\t<!-- \/.post_item -->\n\t\t<\/div>\t\t\t\t\t\t<!-- \/.isotope_item -->\n\t\t\t\t<div class=\"isotope_item isotope_item_classic isotope_item_classic_3 isotope_column_3\t\t\t\t\t\">\n\t\t\t<div class=\"post_item post_item_classic post_item_classic_3\t\t\t\t  post_format_standard odd\">\n\t\t\t\t\n\t\t\t\t\t\t\t\t\t<div class=\"post_featured\">\n\t\t\t\t\t\t\t<div class=\"post_thumb\" data-image=\"https:\/\/festivalpoesiabsas.com.ar\/festivales-anteriores\/wp-content\/uploads\/2018\/06\/img_dest_371x183_jurgen.jpg\" data-title=\"Escuela Internacional de poes\u00eda. Taller poes\u00eda ac\u00fastica. La m\u00fasica del lenguaje.\">\n\t<a class=\"hover_icon hover_icon_link\" href=\"https:\/\/festivalpoesiabsas.com.ar\/festivales-anteriores\/?p=7332\"><img decoding=\"async\" class=\"wp-post-image\" height=\"183\" alt=\"Escuela Internacional de poes\u00eda. Taller poes\u00eda ac\u00fastica. La m\u00fasica del lenguaje.\" src=\"https:\/\/festivalpoesiabsas.com.ar\/festivales-anteriores\/wp-content\/uploads\/2018\/06\/img_dest_371x183_jurgen.jpg\"><\/a>\t<\/div>\n\t\t\t\t\t\t<\/div>\n\t\t\t\t\n\t\t\t\t<div class=\"post_content isotope_item_content\">\n\t\t\t\t\t\n\t\t\t\t\t<div class=\"post_info\">\n\t\t\t<span class=\"post_info_item post_info_posted\"> <a href=\"https:\/\/festivalpoesiabsas.com.ar\/festivales-anteriores\/?p=7332\" class=\"post_info_date\">11 June, 2018<\/a><\/span>\n\t\t<\/div>\t\t\t\t\t\t\t<h4 class=\"post_title\"><a href=\"https:\/\/festivalpoesiabsas.com.ar\/festivales-anteriores\/?p=7332\">Escuela Internacional de poes\u00eda. Taller poes\u00eda ac\u00fastica. La m\u00fasica del lenguaje.<\/a><\/h4>\n\t\t\t\t\t\t\t<div class=\"post_info\">\n\t\t\t<span class=\"post_info_item post_info_counters\">\t<a class=\"post_counters_item post_counters_views icon-eye\" title=\"Views - 388\" href=\"https:\/\/festivalpoesiabsas.com.ar\/festivales-anteriores\/?p=7332\"><span class=\"post_counters_number\">388<\/span><\/a>\n\t<\/span>\n\t\t<\/div>\n\t\t\t\t\t<div class=\"post_descr\">\n\t\t\t\t\t\t<p><\/p><a href=\"https:\/\/festivalpoesiabsas.com.ar\/festivales-anteriores\/?p=7332\" class=\"sc_button sc_button_square sc_button_style_filled sc_button_size_small\">Read more<\/a>\t\t\t\t\t<\/div>\n\n\t\t\t\t<\/div>\t\t\t\t<!-- \/.post_content -->\n\t\t\t<\/div>\t<!-- \/.post_item -->\n\t\t<\/div>\t\t\t\t\t\t<!-- \/.isotope_item -->\n\t\t\t\t<div class=\"isotope_item isotope_item_classic isotope_item_classic_3 isotope_column_3\t\t\t\t\t\">\n\t\t\t<div class=\"post_item post_item_classic post_item_classic_3\t\t\t\t  post_format_standard even\">\n\t\t\t\t\n\t\t\t\t\t\t\t\t\t<div class=\"post_featured\">\n\t\t\t\t\t\t\t<div class=\"post_thumb\" data-image=\"https:\/\/festivalpoesiabsas.com.ar\/festivales-anteriores\/wp-content\/uploads\/2018\/06\/img_dest_371x183_chita.jpg\" data-title=\"Escuela Internacional de poes\u00eda. Taller de poes\u00eda para docentes y bibliotecarios\">\n\t<a class=\"hover_icon hover_icon_link\" href=\"https:\/\/festivalpoesiabsas.com.ar\/festivales-anteriores\/?p=7328\"><img decoding=\"async\" class=\"wp-post-image\" height=\"183\" alt=\"Escuela Internacional de poes\u00eda. Taller de poes\u00eda para docentes y bibliotecarios\" src=\"https:\/\/festivalpoesiabsas.com.ar\/festivales-anteriores\/wp-content\/uploads\/2018\/06\/img_dest_371x183_chita.jpg\"><\/a>\t<\/div>\n\t\t\t\t\t\t<\/div>\n\t\t\t\t\n\t\t\t\t<div class=\"post_content isotope_item_content\">\n\t\t\t\t\t\n\t\t\t\t\t<div class=\"post_info\">\n\t\t\t<span class=\"post_info_item post_info_posted\"> <a href=\"https:\/\/festivalpoesiabsas.com.ar\/festivales-anteriores\/?p=7328\" class=\"post_info_date\">11 June, 2018<\/a><\/span>\n\t\t<\/div>\t\t\t\t\t\t\t<h4 class=\"post_title\"><a href=\"https:\/\/festivalpoesiabsas.com.ar\/festivales-anteriores\/?p=7328\">Escuela Internacional de poes\u00eda. Taller de poes\u00eda para docentes y bibliotecarios<\/a><\/h4>\n\t\t\t\t\t\t\t<div class=\"post_info\">\n\t\t\t<span class=\"post_info_item post_info_counters\">\t<a class=\"post_counters_item post_counters_views icon-eye\" title=\"Views - 283\" href=\"https:\/\/festivalpoesiabsas.com.ar\/festivales-anteriores\/?p=7328\"><span class=\"post_counters_number\">283<\/span><\/a>\n\t<\/span>\n\t\t<\/div>\n\t\t\t\t\t<div class=\"post_descr\">\n\t\t\t\t\t\t<p><\/p><a href=\"https:\/\/festivalpoesiabsas.com.ar\/festivales-anteriores\/?p=7328\" class=\"sc_button sc_button_square sc_button_style_filled sc_button_size_small\">Read more<\/a>\t\t\t\t\t<\/div>\n\n\t\t\t\t<\/div>\t\t\t\t<!-- \/.post_content -->\n\t\t\t<\/div>\t<!-- \/.post_item -->\n\t\t<\/div>\t\t\t\t\t\t<!-- \/.isotope_item -->\n\t\t\t\t<div class=\"isotope_item isotope_item_classic isotope_item_classic_3 isotope_column_3\t\t\t\t\t\">\n\t\t\t<div class=\"post_item post_item_classic post_item_classic_3\t\t\t\t  post_format_standard odd\">\n\t\t\t\t\n\t\t\t\t\t\t\t\t\t<div class=\"post_featured\">\n\t\t\t\t\t\t\t<div class=\"post_thumb\" data-image=\"https:\/\/festivalpoesiabsas.com.ar\/festivales-anteriores\/wp-content\/uploads\/2018\/06\/img_dest_371x183_8-6-18-1.jpg\" data-title=\"3\u00ba d\u00eda del FIP en el CCK\">\n\t<a class=\"hover_icon hover_icon_link\" href=\"https:\/\/festivalpoesiabsas.com.ar\/festivales-anteriores\/?p=7194\"><img loading=\"lazy\" decoding=\"async\" class=\"wp-post-image\" width=\"570\" height=\"282\" alt=\"3\u00ba d\u00eda del FIP en el CCK\" src=\"https:\/\/festivalpoesiabsas.com.ar\/festivales-anteriores\/wp-content\/uploads\/2018\/06\/img_dest_371x183_8-6-18-1.jpg\"><\/a>\t<\/div>\n\t\t\t\t\t\t<\/div>\n\t\t\t\t\n\t\t\t\t<div class=\"post_content isotope_item_content\">\n\t\t\t\t\t\n\t\t\t\t\t<div class=\"post_info\">\n\t\t\t<span class=\"post_info_item post_info_posted\"> <a href=\"https:\/\/festivalpoesiabsas.com.ar\/festivales-anteriores\/?p=7194\" class=\"post_info_date\">11 June, 2018<\/a><\/span>\n\t\t<\/div>\t\t\t\t\t\t\t<h4 class=\"post_title\"><a href=\"https:\/\/festivalpoesiabsas.com.ar\/festivales-anteriores\/?p=7194\">3\u00ba d\u00eda del FIP en el CCK<\/a><\/h4>\n\t\t\t\t\t\t\t<div class=\"post_info\">\n\t\t\t<span class=\"post_info_item post_info_counters\">\t<a class=\"post_counters_item post_counters_views icon-eye\" title=\"Views - 374\" href=\"https:\/\/festivalpoesiabsas.com.ar\/festivales-anteriores\/?p=7194\"><span class=\"post_counters_number\">374<\/span><\/a>\n\t<\/span>\n\t\t<\/div>\n\t\t\t\t\t<div class=\"post_descr\">\n\t\t\t\t\t\t<p><\/p><a href=\"https:\/\/festivalpoesiabsas.com.ar\/festivales-anteriores\/?p=7194\" class=\"sc_button sc_button_square sc_button_style_filled sc_button_size_small\">Read more<\/a>\t\t\t\t\t<\/div>\n\n\t\t\t\t<\/div>\t\t\t\t<!-- \/.post_content -->\n\t\t\t<\/div>\t<!-- \/.post_item -->\n\t\t<\/div>\t\t\t\t\t\t<!-- \/.isotope_item -->\n\t\t\t\t<div class=\"isotope_item isotope_item_classic isotope_item_classic_3 isotope_column_3\t\t\t\t\t\">\n\t\t\t<div class=\"post_item post_item_classic post_item_classic_3\t\t\t\t  post_format_standard even\">\n\t\t\t\t\n\t\t\t\t\t\t\t\t\t<div class=\"post_featured\">\n\t\t\t\t\t\t\t<div class=\"post_thumb\" data-image=\"https:\/\/festivalpoesiabsas.com.ar\/festivales-anteriores\/wp-content\/uploads\/2018\/06\/img_dest_mercado_371x183.jpg\" data-title=\"Mercado del Progreso\">\n\t<a class=\"hover_icon hover_icon_link\" href=\"https:\/\/festivalpoesiabsas.com.ar\/festivales-anteriores\/?p=7179\"><img decoding=\"async\" class=\"wp-post-image\" height=\"183\" alt=\"Mercado del Progreso\" src=\"https:\/\/festivalpoesiabsas.com.ar\/festivales-anteriores\/wp-content\/uploads\/2018\/06\/img_dest_mercado_371x183.jpg\"><\/a>\t<\/div>\n\t\t\t\t\t\t<\/div>\n\t\t\t\t\n\t\t\t\t<div class=\"post_content isotope_item_content\">\n\t\t\t\t\t\n\t\t\t\t\t<div class=\"post_info\">\n\t\t\t<span class=\"post_info_item post_info_posted\"> <a href=\"https:\/\/festivalpoesiabsas.com.ar\/festivales-anteriores\/?p=7179\" class=\"post_info_date\">10 June, 2018<\/a><\/span>\n\t\t<\/div>\t\t\t\t\t\t\t<h4 class=\"post_title\"><a href=\"https:\/\/festivalpoesiabsas.com.ar\/festivales-anteriores\/?p=7179\">Mercado del Progreso<\/a><\/h4>\n\t\t\t\t\t\t\t<div class=\"post_info\">\n\t\t\t<span class=\"post_info_item post_info_counters\">\t<a class=\"post_counters_item post_counters_views icon-eye\" title=\"Views - 435\" href=\"https:\/\/festivalpoesiabsas.com.ar\/festivales-anteriores\/?p=7179\"><span class=\"post_counters_number\">435<\/span><\/a>\n\t<\/span>\n\t\t<\/div>\n\t\t\t\t\t<div class=\"post_descr\">\n\t\t\t\t\t\t<p><\/p><a href=\"https:\/\/festivalpoesiabsas.com.ar\/festivales-anteriores\/?p=7179\" class=\"sc_button sc_button_square sc_button_style_filled sc_button_size_small\">Read more<\/a>\t\t\t\t\t<\/div>\n\n\t\t\t\t<\/div>\t\t\t\t<!-- \/.post_content -->\n\t\t\t<\/div>\t<!-- \/.post_item -->\n\t\t<\/div>\t\t\t\t\t\t<!-- \/.isotope_item -->\n\t\t\t\t<div class=\"isotope_item isotope_item_classic isotope_item_classic_3 isotope_column_3\t\t\t\t\t\">\n\t\t\t<div class=\"post_item post_item_classic post_item_classic_3\t\t\t\t  post_format_standard odd\">\n\t\t\t\t\n\t\t\t\t\t\t\t\t\t<div class=\"post_featured\">\n\t\t\t\t\t\t\t<div class=\"post_thumb\" data-image=\"https:\/\/festivalpoesiabsas.com.ar\/festivales-anteriores\/wp-content\/uploads\/2018\/06\/img_dest_371x183_8-6-18.jpg\" data-title=\"2\u00ba d\u00eda del FIP en el CCK\">\n\t<a class=\"hover_icon hover_icon_link\" href=\"https:\/\/festivalpoesiabsas.com.ar\/festivales-anteriores\/?p=7136\"><img loading=\"lazy\" decoding=\"async\" class=\"wp-post-image\" width=\"570\" height=\"282\" alt=\"2\u00ba d\u00eda del FIP en el CCK\" src=\"https:\/\/festivalpoesiabsas.com.ar\/festivales-anteriores\/wp-content\/uploads\/2018\/06\/img_dest_371x183_8-6-18.jpg\"><\/a>\t<\/div>\n\t\t\t\t\t\t<\/div>\n\t\t\t\t\n\t\t\t\t<div class=\"post_content isotope_item_content\">\n\t\t\t\t\t\n\t\t\t\t\t<div class=\"post_info\">\n\t\t\t<span class=\"post_info_item post_info_posted\"> <a href=\"https:\/\/festivalpoesiabsas.com.ar\/festivales-anteriores\/?p=7136\" class=\"post_info_date\">10 June, 2018<\/a><\/span>\n\t\t<\/div>\t\t\t\t\t\t\t<h4 class=\"post_title\"><a href=\"https:\/\/festivalpoesiabsas.com.ar\/festivales-anteriores\/?p=7136\">2\u00ba d\u00eda del FIP en el CCK<\/a><\/h4>\n\t\t\t\t\t\t\t<div class=\"post_info\">\n\t\t\t<span class=\"post_info_item post_info_counters\">\t<a class=\"post_counters_item post_counters_views icon-eye\" title=\"Views - 287\" href=\"https:\/\/festivalpoesiabsas.com.ar\/festivales-anteriores\/?p=7136\"><span class=\"post_counters_number\">287<\/span><\/a>\n\t<\/span>\n\t\t<\/div>\n\t\t\t\t\t<div class=\"post_descr\">\n\t\t\t\t\t\t<p><\/p><a href=\"https:\/\/festivalpoesiabsas.com.ar\/festivales-anteriores\/?p=7136\" class=\"sc_button sc_button_square sc_button_style_filled sc_button_size_small\">Read more<\/a>\t\t\t\t\t<\/div>\n\n\t\t\t\t<\/div>\t\t\t\t<!-- \/.post_content -->\n\t\t\t<\/div>\t<!-- \/.post_item -->\n\t\t<\/div>\t\t\t\t\t\t<!-- \/.isotope_item -->\n\t\t\t\t<div class=\"isotope_item isotope_item_classic isotope_item_classic_3 isotope_column_3\t\t\t\t\t\">\n\t\t\t<div class=\"post_item post_item_classic post_item_classic_3\t\t\t\t  post_format_standard even\">\n\t\t\t\t\n\t\t\t\t\t\t\t\t\t<div class=\"post_featured\">\n\t\t\t\t\t\t\t<div class=\"post_thumb\" data-image=\"https:\/\/festivalpoesiabsas.com.ar\/festivales-anteriores\/wp-content\/uploads\/2018\/06\/img_dest_sea_371x183.jpg\" data-title=\"Poes\u00eda en la estaci\u00f3n\">\n\t<a class=\"hover_icon hover_icon_link\" href=\"https:\/\/festivalpoesiabsas.com.ar\/festivales-anteriores\/?p=7053\"><img decoding=\"async\" class=\"wp-post-image\" height=\"183\" alt=\"Poes\u00eda en la estaci\u00f3n\" src=\"https:\/\/festivalpoesiabsas.com.ar\/festivales-anteriores\/wp-content\/uploads\/2018\/06\/img_dest_sea_371x183.jpg\"><\/a>\t<\/div>\n\t\t\t\t\t\t<\/div>\n\t\t\t\t\n\t\t\t\t<div class=\"post_content isotope_item_content\">\n\t\t\t\t\t\n\t\t\t\t\t<div class=\"post_info\">\n\t\t\t<span class=\"post_info_item post_info_posted\"> <a href=\"https:\/\/festivalpoesiabsas.com.ar\/festivales-anteriores\/?p=7053\" class=\"post_info_date\">8 June, 2018<\/a><\/span>\n\t\t<\/div>\t\t\t\t\t\t\t<h4 class=\"post_title\"><a href=\"https:\/\/festivalpoesiabsas.com.ar\/festivales-anteriores\/?p=7053\">Poes\u00eda en la estaci\u00f3n<\/a><\/h4>\n\t\t\t\t\t\t\t<div class=\"post_info\">\n\t\t\t<span class=\"post_info_item post_info_counters\">\t<a class=\"post_counters_item post_counters_views icon-eye\" title=\"Views - 299\" href=\"https:\/\/festivalpoesiabsas.com.ar\/festivales-anteriores\/?p=7053\"><span class=\"post_counters_number\">299<\/span><\/a>\n\t<\/span>\n\t\t<\/div>\n\t\t\t\t\t<div class=\"post_descr\">\n\t\t\t\t\t\t<p><\/p><a href=\"https:\/\/festivalpoesiabsas.com.ar\/festivales-anteriores\/?p=7053\" class=\"sc_button sc_button_square sc_button_style_filled sc_button_size_small\">Read more<\/a>\t\t\t\t\t<\/div>\n\n\t\t\t\t<\/div>\t\t\t\t<!-- \/.post_content -->\n\t\t\t<\/div>\t<!-- \/.post_item -->\n\t\t<\/div>\t\t\t\t\t\t<!-- \/.isotope_item -->\n\t\t\t\t<div class=\"isotope_item isotope_item_classic isotope_item_classic_3 isotope_column_3\t\t\t\t\t\">\n\t\t\t<div class=\"post_item post_item_classic post_item_classic_3\t\t\t\t  post_format_standard odd\">\n\t\t\t\t\n\t\t\t\t\t\t\t\t\t<div class=\"post_featured\">\n\t\t\t\t\t\t\t<div class=\"post_thumb\" data-image=\"https:\/\/festivalpoesiabsas.com.ar\/festivales-anteriores\/wp-content\/uploads\/2018\/06\/img_dest_7-6-18_371x183.jpg\" data-title=\"Barhopping, de copas y poemas\">\n\t<a class=\"hover_icon hover_icon_link\" href=\"https:\/\/festivalpoesiabsas.com.ar\/festivales-anteriores\/?p=7336\"><img loading=\"lazy\" decoding=\"async\" class=\"wp-post-image\" width=\"18\" height=\"183\" alt=\"Barhopping, de copas y poemas\" src=\"https:\/\/festivalpoesiabsas.com.ar\/festivales-anteriores\/wp-content\/uploads\/2018\/06\/img_dest_7-6-18_371x183.jpg\"><\/a>\t<\/div>\n\t\t\t\t\t\t<\/div>\n\t\t\t\t\n\t\t\t\t<div class=\"post_content isotope_item_content\">\n\t\t\t\t\t\n\t\t\t\t\t<div class=\"post_info\">\n\t\t\t<span class=\"post_info_item post_info_posted\"> <a href=\"https:\/\/festivalpoesiabsas.com.ar\/festivales-anteriores\/?p=7336\" class=\"post_info_date\">8 June, 2018<\/a><\/span>\n\t\t<\/div>\t\t\t\t\t\t\t<h4 class=\"post_title\"><a href=\"https:\/\/festivalpoesiabsas.com.ar\/festivales-anteriores\/?p=7336\">Barhopping, de copas y poemas<\/a><\/h4>\n\t\t\t\t\t\t\t<div class=\"post_info\">\n\t\t\t<span class=\"post_info_item post_info_counters\">\t<a class=\"post_counters_item post_counters_views icon-eye\" title=\"Views - 326\" href=\"https:\/\/festivalpoesiabsas.com.ar\/festivales-anteriores\/?p=7336\"><span class=\"post_counters_number\">326<\/span><\/a>\n\t<\/span>\n\t\t<\/div>\n\t\t\t\t\t<div class=\"post_descr\">\n\t\t\t\t\t\t<p><\/p><a href=\"https:\/\/festivalpoesiabsas.com.ar\/festivales-anteriores\/?p=7336\" class=\"sc_button sc_button_square sc_button_style_filled sc_button_size_small\">Read more<\/a>\t\t\t\t\t<\/div>\n\n\t\t\t\t<\/div>\t\t\t\t<!-- \/.post_content -->\n\t\t\t<\/div>\t<!-- \/.post_item -->\n\t\t<\/div>\t\t\t\t\t\t<!-- \/.isotope_item -->\n\t\t\t\t<div class=\"isotope_item isotope_item_classic isotope_item_classic_3 isotope_column_3\t\t\t\t\t\">\n\t\t\t<div class=\"post_item post_item_classic post_item_classic_3\t\t\t\t  post_format_standard even\">\n\t\t\t\t\n\t\t\t\t\t\t\t\t\t<div class=\"post_featured\">\n\t\t\t\t\t\t\t<div class=\"post_thumb\" data-image=\"https:\/\/festivalpoesiabsas.com.ar\/festivales-anteriores\/wp-content\/uploads\/2018\/06\/img_dest_371x183.jpg\" data-title=\"Apertura XIII FIP\">\n\t<a class=\"hover_icon hover_icon_link\" href=\"https:\/\/festivalpoesiabsas.com.ar\/festivales-anteriores\/?p=7013\"><img decoding=\"async\" class=\"wp-post-image\" height=\"183\" alt=\"Apertura XIII FIP\" src=\"https:\/\/festivalpoesiabsas.com.ar\/festivales-anteriores\/wp-content\/uploads\/2018\/06\/img_dest_371x183.jpg\"><\/a>\t<\/div>\n\t\t\t\t\t\t<\/div>\n\t\t\t\t\n\t\t\t\t<div class=\"post_content isotope_item_content\">\n\t\t\t\t\t\n\t\t\t\t\t<div class=\"post_info\">\n\t\t\t<span class=\"post_info_item post_info_posted\"> <a href=\"https:\/\/festivalpoesiabsas.com.ar\/festivales-anteriores\/?p=7013\" class=\"post_info_date\">8 June, 2018<\/a><\/span>\n\t\t<\/div>\t\t\t\t\t\t\t<h4 class=\"post_title\"><a href=\"https:\/\/festivalpoesiabsas.com.ar\/festivales-anteriores\/?p=7013\">Apertura XIII FIP<\/a><\/h4>\n\t\t\t\t\t\t\t<div class=\"post_info\">\n\t\t\t<span class=\"post_info_item post_info_counters\">\t<a class=\"post_counters_item post_counters_views icon-eye\" title=\"Views - 289\" href=\"https:\/\/festivalpoesiabsas.com.ar\/festivales-anteriores\/?p=7013\"><span class=\"post_counters_number\">289<\/span><\/a>\n\t<\/span>\n\t\t<\/div>\n\t\t\t\t\t<div class=\"post_descr\">\n\t\t\t\t\t\t<p><\/p><a href=\"https:\/\/festivalpoesiabsas.com.ar\/festivales-anteriores\/?p=7013\" class=\"sc_button sc_button_square sc_button_style_filled sc_button_size_small\">Read more<\/a>\t\t\t\t\t<\/div>\n\n\t\t\t\t<\/div>\t\t\t\t<!-- \/.post_content -->\n\t\t\t<\/div>\t<!-- \/.post_item -->\n\t\t<\/div>\t\t\t\t\t\t<!-- \/.isotope_item -->\n\t\t<\/div><\/div>[\/vc_column][\/vc_row]<\/p>\n<\/div><!-- AddThis Advanced Settings generic via filter on the_content --><!-- AddThis Share Buttons generic via filter on the_content -->","protected":false},"excerpt":{"rendered":"<p>[vc_row][vc_column][\/vc_column][\/vc_row]<!-- AddThis Advanced Settings generic via filter on get_the_excerpt --><!-- AddThis Share Buttons generic via filter on get_the_excerpt --><\/p>\n","protected":false},"author":1,"featured_media":0,"parent":0,"menu_order":0,"comment_status":"closed","ping_status":"closed","template":"","meta":{"footnotes":""},"_links":{"self":[{"href":"https:\/\/festivalpoesiabsas.com.ar\/festivales-anteriores\/index.php?rest_route=\/wp\/v2\/pages\/6947"}],"collection":[{"href":"https:\/\/festivalpoesiabsas.com.ar\/festivales-anteriores\/index.php?rest_route=\/wp\/v2\/pages"}],"about":[{"href":"https:\/\/festivalpoesiabsas.com.ar\/festivales-anteriores\/index.php?rest_route=\/wp\/v2\/types\/page"}],"author":[{"embeddable":true,"href":"https:\/\/festivalpoesiabsas.com.ar\/festivales-anteriores\/index.php?rest_route=\/wp\/v2\/users\/1"}],"replies":[{"embeddable":true,"href":"https:\/\/festivalpoesiabsas.com.ar\/festivales-anteriores\/index.php?rest_route=%2Fwp%2Fv2%2Fcomments&post=6947"}],"version-history":[{"count":2,"href":"https:\/\/festivalpoesiabsas.com.ar\/festivales-anteriores\/index.php?rest_route=\/wp\/v2\/pages\/6947\/revisions"}],"predecessor-version":[{"id":6952,"href":"https:\/\/festivalpoesiabsas.com.ar\/festivales-anteriores\/index.php?rest_route=\/wp\/v2\/pages\/6947\/revisions\/6952"}],"wp:attachment":[{"href":"https:\/\/festivalpoesiabsas.com.ar\/festivales-anteriores\/index.php?rest_route=%2Fwp%2Fv2%2Fmedia&parent=6947"}],"curies":[{"name":"wp","href":"https:\/\/api.w.org\/{rel}","templated":true}]}}