{"id":6812,"date":"2018-05-22T12:03:21","date_gmt":"2018-05-22T15:03:21","guid":{"rendered":"https:\/\/festivalpoesiabsas.com.ar\/festivales-anteriores\/?page_id=6812"},"modified":"2020-05-07T14:06:16","modified_gmt":"2020-05-07T17:06:16","slug":"historia-del-fip-2","status":"publish","type":"page","link":"https:\/\/festivalpoesiabsas.com.ar\/festivales-anteriores\/?page_id=6812","title":{"rendered":"Historia del FIP"},"content":{"rendered":"<div class=\"wpb-content-wrapper\"><p>[vc_row content_placement=&#8221;top&#8221;][vc_column][vc_images_carousel images=&#8221;6176,6131,6057,5966,5781,4540,4480,3899,3811,3787,3306,6164&#8243; img_size=&#8221;full&#8221; slides_per_view=&#8221;2&#8243; autoplay=&#8221;yes&#8221; hide_pagination_control=&#8221;yes&#8221; hide_prev_next_buttons=&#8221;yes&#8221; wrap=&#8221;yes&#8221; css=&#8221;.vc_custom_1527516337369{margin-bottom: 40px !important;}&#8221;][vc_column_text css=&#8221;.vc_custom_1527001280689{margin-bottom: 40px !important;padding-top: 40px !important;padding-right: 40px !important;padding-bottom: 40px !important;padding-left: 40px !important;background-image: url(https:\/\/festivalpoesiabsas.com.ar\/festivales-anteriores\/wp-content\/uploads\/2018\/05\/historia-bk.jpg?id=6831) !important;background-position: center !important;background-repeat: no-repeat !important;background-size: cover !important;}&#8221;]<\/p>\n<h4 style=\"text-align: center;\"><strong>El FIP. Festival Internacional de Poes\u00eda de Buenos Aires<\/strong>, se define por promover la difusi\u00f3n de la lectura y escritura de poes\u00eda, la interculturalidad, el encuentro, la inclusi\u00f3n y difundir las nuevas tendencias que el g\u00e9nero va adquiriendo, como las nuevas tecnolog\u00edas, entre otros.<\/h4>\n<h4 style=\"text-align: center;\">La formaci\u00f3n es un eje importante y por eso se cre\u00f3 la Escuela Internacional de Poes\u00eda.<\/h4>\n<p>[\/vc_column_text][\/vc_column][\/vc_row][vc_row][vc_column][vc_column_text]El FIP Festival Internacional de Poes\u00eda de Buenos Aires, es un evento anual que re\u00fane a poetas de distintos continentes, de las provincias de nuestra Argentina. Se ha convertido en el m\u00e1s grande de nuestro pa\u00eds y seg\u00fan la prensa especializada es el tercero m\u00e1s importante a nivel internacional.<span class=\"Apple-converted-space\">\u00a0<\/span><\/p>\n<p>Durante diez a\u00f1os el Festival se realiz\u00f3 en el marco de la Feria Internacional del Libro. Siempre desde la primera edici\u00f3n en el 2006 salimos a la calle, a c\u00e1rceles y hospitales.<\/p>\n<p>En posteriores ediciones se comparti\u00f3 la realizaci\u00f3n de tres d\u00edas en la Feria y tres d\u00edas en la Ciudad Aut\u00f3noma de Buenos Aires.<\/p>\n<p>Dado el crecimiento insoslayable del FIP necesit\u00e1bamos un nuevo marco para poder contar con un espacio donde el silencio fuera m\u00e1s apropiado para las lecturas y tambi\u00e9n se tuviera libertad para organizar distintos escenarios donde llevar la poes\u00eda.<\/p>\n<p>Hace trece a\u00f1os que este <b>FIP. Festival Internacional de Poes\u00eda de Buenos Aires <\/b>contin\u00faa sus ediciones de manera ininterrumpida con los mismos prop\u00f3sitos que tuvo en sus or\u00edgenes.<\/p>\n<p>Con esta nueva edici\u00f3n podemos decir que han formado parte del FIP aproximadamente 450 poetas que est\u00e1n publicados tanto en el sitio web del festival como en la p\u00e1gina de Facebook. Algunos de estos poetas han marcado la l\u00edrica de las \u00faltimas d\u00e9cadas en todo el planeta. Ganadores del Premio Cervantes como Antonio Gamoneda, (Espa\u00f1a); Carlos Germ\u00e1n Belli (Per\u00fa), Kasuko Shiraishi (japonesa integrante de la generaci\u00f3n beat y amiga de Allen Ginsberg con quien grab\u00f3 un C.D., fue quien inaugur\u00f3 la primera edici\u00f3n), Antonio Palomares (Venezuela), Juan Calzadilla (Venezuela), Juan Manuel Roca (Colombia), Zakar\u00edas Mohamed (Palestina), Roberto Fern\u00e1ndez Retamar, Luisa Futoransky, V\u00edctor Redondo y un largo etc\u00e9tera que se puede consultar en la red.<span class=\"Apple-converted-space\">\u00a0<\/span><\/p>\n<p>Este festival cuenta con varias sedes y acostumbra tener acciones en la v\u00eda p\u00fablica, es un espacio que se consolida cada d\u00eda con m\u00e1s firmeza.<\/p>\n<p>Trabajamos con las nuevas formas de decir la poes\u00eda, los nuevos formatos digitales, y fundamentalmente integramos las distintas disciplinas del arte: teatro, performance, cantautores, audiovisuales, entre otras.<span class=\"Apple-converted-space\">\u00a0<\/span><\/p>\n<p>.<\/p>\n<p>Contamos con la tercera Escuela Internacional de Poes\u00eda, ya que somos fundadores del <a href=\"https:\/\/www.facebook.com\/groups\/1645220829119821\/\" target=\"_blank\" rel=\"noopener noreferrer\">World Poetry Movement \/ Movimiento Po\u00e9tico Mundial<\/a> en el que se propone a crear escuelas para captar nuevos lectoras\/es y proporcionar talleres no formales con el objetivo que se refleje que leer poes\u00eda es apasionante, ayuda a indagar la experiencia po\u00e9tica desde diferentes \u00f3pticas para intentar responder algunas preguntas enga\u00f1osamente simples: \u00bfqu\u00e9 es la poes\u00eda?, \u00bfqu\u00e9 hacer con un libro de poemas?, \u00bfde d\u00f3nde surge un poema?,\u00a0\u00bfpara qu\u00e9 sirve la poes\u00eda?, \u00bfqu\u00e9 nos hace el poema?<\/p>\n<p>Leer poes\u00eda es aprender a ir des-cubri\u00e9ndose a s\u00ed mismo.<\/p>\n<p>Los ejes del festival son la promoci\u00f3n, capacitaci\u00f3n, diversidad, vulnerabilidad, integraci\u00f3n de las artes, equidad de g\u00e9nero y el intercambio cultural y de lenguas.<\/p>\n<p>Desde el 2016 el FIP se realiza en el CCK,<b> <\/b>ubicado en el\u00a0edificio\u00a0que fuera tradicional sede del\u00a0Correo Central\u00a0de\u00a0Buenos Aires. Este centro cultural es el m\u00e1s grande en tama\u00f1o de\u00a0Am\u00e9rica Latina y el tercero a nivel mundial.<\/p>\n<p>Este Festival recibe el apoyo del Sistema Federal de Medios y Comunicaci\u00f3n de la Presidencia Argentina, del CCK, de las Embajadas de distintos pa\u00edses, de becas internacionales para los poetas y del trabajo que a\u00f1o a a\u00f1o realiza La SEA.<span class=\"Apple-converted-space\">\u00a0<\/span><\/p>\n<p>Sabemos que promover la poes\u00eda no es tarea f\u00e1cil pero con nuestro equipo lo hacemos con placer, \u00fanica manera que se logren los objetivos y lleguemos a la fiesta de cada a\u00f1o con alegr\u00eda.<span class=\"Apple-converted-space\">\u00a0<\/span>[\/vc_column_text][\/vc_column][\/vc_row]<\/p>\n<\/div><!-- AddThis Advanced Settings generic via filter on the_content --><!-- AddThis Share Buttons generic via filter on the_content -->","protected":false},"excerpt":{"rendered":"<p>[vc_row content_placement=&#8221;top&#8221;][vc_column][vc_images_carousel images=&#8221;6176,6131,6057,5966,5781,4540,4480,3899,3811,3787,3306,6164&#8243; img_size=&#8221;full&#8221; slides_per_view=&#8221;2&#8243; autoplay=&#8221;yes&#8221; hide_pagination_control=&#8221;yes&#8221; hide_prev_next_buttons=&#8221;yes&#8221; wrap=&#8221;yes&#8221; css=&#8221;.vc_custom_1527516337369{margin-bottom: 40px !important;}&#8221;][vc_column_text css=&#8221;.vc_custom_1527001280689{margin-bottom: 40px !important;padding-top: 40px !important;padding-right: 40px !important;padding-bottom: 40px !important;padding-left: 40px !important;background-image: url(https:\/\/festivalpoesiabsas.com.ar\/festivales-anteriores\/wp-content\/uploads\/2018\/05\/historia-bk.jpg?id=6831) !important;background-position: center !important;background-repeat: no-repeat !important;background-size: cover [&hellip;]<!-- AddThis Advanced Settings generic via filter on get_the_excerpt --><!-- AddThis Share Buttons generic via filter on get_the_excerpt --><\/p>\n","protected":false},"author":1,"featured_media":0,"parent":0,"menu_order":0,"comment_status":"closed","ping_status":"closed","template":"","meta":{"footnotes":""},"_links":{"self":[{"href":"https:\/\/festivalpoesiabsas.com.ar\/festivales-anteriores\/index.php?rest_route=\/wp\/v2\/pages\/6812"}],"collection":[{"href":"https:\/\/festivalpoesiabsas.com.ar\/festivales-anteriores\/index.php?rest_route=\/wp\/v2\/pages"}],"about":[{"href":"https:\/\/festivalpoesiabsas.com.ar\/festivales-anteriores\/index.php?rest_route=\/wp\/v2\/types\/page"}],"author":[{"embeddable":true,"href":"https:\/\/festivalpoesiabsas.com.ar\/festivales-anteriores\/index.php?rest_route=\/wp\/v2\/users\/1"}],"replies":[{"embeddable":true,"href":"https:\/\/festivalpoesiabsas.com.ar\/festivales-anteriores\/index.php?rest_route=%2Fwp%2Fv2%2Fcomments&post=6812"}],"version-history":[{"count":27,"href":"https:\/\/festivalpoesiabsas.com.ar\/festivales-anteriores\/index.php?rest_route=\/wp\/v2\/pages\/6812\/revisions"}],"predecessor-version":[{"id":6895,"href":"https:\/\/festivalpoesiabsas.com.ar\/festivales-anteriores\/index.php?rest_route=\/wp\/v2\/pages\/6812\/revisions\/6895"}],"wp:attachment":[{"href":"https:\/\/festivalpoesiabsas.com.ar\/festivales-anteriores\/index.php?rest_route=%2Fwp%2Fv2%2Fmedia&parent=6812"}],"curies":[{"name":"wp","href":"https:\/\/api.w.org\/{rel}","templated":true}]}}