{"id":6747,"date":"2018-05-17T15:56:36","date_gmt":"2018-05-17T18:56:36","guid":{"rendered":"https:\/\/festivalpoesiabsas.com.ar\/festivales-anteriores\/?page_id=6747"},"modified":"2020-05-07T14:48:55","modified_gmt":"2020-05-07T17:48:55","slug":"programacion-de-la-escuela-2018","status":"publish","type":"page","link":"https:\/\/festivalpoesiabsas.com.ar\/festivales-anteriores\/?page_id=6747","title":{"rendered":"Programaci\u00f3n de la escuela 2018"},"content":{"rendered":"<div class=\"wpb-content-wrapper\"><p>[vc_row][vc_column width=&#8221;1\/2&#8243;]<h2 class=\"sc_title sc_title_regular sc_align_left margin_top_null\" style=\"text-align:left;\">Eventos pasados<\/h2>[\/vc_column][vc_column width=&#8221;1\/2&#8243;][vc_btn title=&#8221;DESCARG\u00c1 LA PROGRAMACI\u00d3N&#8221; style=&#8221;custom&#8221; custom_background=&#8221;#f9b142&#8243; custom_text=&#8221;#ffffff&#8221; shape=&#8221;round&#8221; size=&#8221;lg&#8221; align=&#8221;center&#8221; i_icon_fontawesome=&#8221;fa fa-cloud-download&#8221; button_block=&#8221;true&#8221; add_icon=&#8221;true&#8221; link=&#8221;url:https%3A%2F%2Ffestivalpoesiabsas.com.ar%2Ffestivales-anteriores%2Fwp-content%2Fuploads%2F2018%2F06%2Fflyer_escuela_digita_2018_def_3.pdf||target:%20_blank|&#8221;][\/vc_column][\/vc_row][vc_row][vc_column width=&#8221;1\/4&#8243;][vc_single_image image=&#8221;6749&#8243; img_size=&#8221;full&#8221; onclick=&#8221;custom_link&#8221; link=&#8221;https:\/\/festivalpoesiabsas.com.ar\/festivales-anteriores\/?tribe_events=conversaciones-con-alumnos-de-la-escuela-n-1-juan-jose-castelli&#8221;]<h4 class=\"sc_title sc_title_regular sc_align_center\" style=\"text-align:center;\">Conversaciones con alumnos de la Escuela N\u00b0 1<\/h4>[\/vc_column][vc_column width=&#8221;1\/4&#8243;][vc_single_image image=&#8221;6798&#8243; img_size=&#8221;full&#8221; onclick=&#8221;custom_link&#8221; link=&#8221;https:\/\/festivalpoesiabsas.com.ar\/festivales-anteriores\/?tribe_events=la-misteriosa-poesia-del-dr-frankenstein&#8221;]<h4 class=\"sc_title sc_title_regular sc_align_center\" style=\"text-align:center;\">La misteriosa poes\u00eda del Dr. Frankenstein<\/h4>[\/vc_column][vc_column width=&#8221;1\/4&#8243;][vc_single_image image=&#8221;6753&#8243; img_size=&#8221;full&#8221; onclick=&#8221;custom_link&#8221; link=&#8221;https:\/\/festivalpoesiabsas.com.ar\/festivales-anteriores\/?tribe_events=cartas-de-amor&#8221;]<h4 class=\"sc_title sc_title_regular sc_align_center\" style=\"text-align:center;\">Cartas de amor<\/h4>[\/vc_column][vc_column width=&#8221;1\/4&#8243;][vc_single_image image=&#8221;6755&#8243; img_size=&#8221;full&#8221; onclick=&#8221;custom_link&#8221; link=&#8221;https:\/\/festivalpoesiabsas.com.ar\/festivales-anteriores\/?tribe_events=poesia-acustica-la-musica-del-lenguaje-acoustic-poetics-the-music-of-language&#8221;]<h4 class=\"sc_title sc_title_regular sc_align_center\" style=\"text-align:center;\">Poes\u00eda ac\u00fastica. La m\u00fasica del lenguaje<\/h4>[\/vc_column][\/vc_row][vc_row][vc_column width=&#8221;1\/4&#8243;][vc_single_image image=&#8221;6883&#8243; img_size=&#8221;full&#8221; onclick=&#8221;custom_link&#8221; link=&#8221;https:\/\/festivalpoesiabsas.com.ar\/festivales-anteriores\/?tribe_events=taller-de-poesia-para-docentes-y-bibliotecarios&#8221;]<h4 class=\"sc_title sc_title_regular sc_align_center\" style=\"text-align:center;\">Taller de Poes\u00eda para docentes y bibliotecarios<\/h4>[\/vc_column][vc_column width=&#8221;1\/4&#8243;][\/vc_column][vc_column width=&#8221;1\/4&#8243;][\/vc_column][vc_column width=&#8221;1\/4&#8243;][\/vc_column][\/vc_row]<\/p>\n<\/div><!-- AddThis Advanced Settings generic via filter on the_content --><!-- AddThis Share Buttons generic via filter on the_content -->","protected":false},"excerpt":{"rendered":"<p>[vc_row][vc_column width=&#8221;1\/2&#8243;][\/vc_column][vc_column width=&#8221;1\/2&#8243;][vc_btn title=&#8221;DESCARG\u00c1 LA PROGRAMACI\u00d3N&#8221; style=&#8221;custom&#8221; custom_background=&#8221;#f9b142&#8243; custom_text=&#8221;#ffffff&#8221; shape=&#8221;round&#8221; size=&#8221;lg&#8221; align=&#8221;center&#8221; i_icon_fontawesome=&#8221;fa fa-cloud-download&#8221; button_block=&#8221;true&#8221; add_icon=&#8221;true&#8221; link=&#8221;url:https%3A%2F%2Ffestivalpoesiabsas.com.ar%2Ffestivales-anteriores%2Fwp-content%2Fuploads%2F2018%2F06%2Fflyer_escuela_digita_2018_def_3.pdf||target:%20_blank|&#8221;][\/vc_column][\/vc_row][vc_row][vc_column width=&#8221;1\/4&#8243;][vc_single_image image=&#8221;6749&#8243; img_size=&#8221;full&#8221; onclick=&#8221;custom_link&#8221; link=&#8221;https:\/\/festivalpoesiabsas.com.ar\/festivales-anteriores\/?tribe_events=conversaciones-con-alumnos-de-la-escuela-n-1-juan-jose-castelli&#8221;][\/vc_column][vc_column width=&#8221;1\/4&#8243;][vc_single_image image=&#8221;6798&#8243; img_size=&#8221;full&#8221; onclick=&#8221;custom_link&#8221; link=&#8221;https:\/\/festivalpoesiabsas.com.ar\/festivales-anteriores\/?tribe_events=la-misteriosa-poesia-del-dr-frankenstein&#8221;][\/vc_column][vc_column width=&#8221;1\/4&#8243;][vc_single_image image=&#8221;6753&#8243; img_size=&#8221;full&#8221; [&hellip;]<!-- AddThis Advanced Settings generic via filter on get_the_excerpt --><!-- AddThis Share Buttons generic via filter on get_the_excerpt --><\/p>\n","protected":false},"author":1,"featured_media":0,"parent":0,"menu_order":0,"comment_status":"closed","ping_status":"closed","template":"","meta":{"footnotes":""},"_links":{"self":[{"href":"https:\/\/festivalpoesiabsas.com.ar\/festivales-anteriores\/index.php?rest_route=\/wp\/v2\/pages\/6747"}],"collection":[{"href":"https:\/\/festivalpoesiabsas.com.ar\/festivales-anteriores\/index.php?rest_route=\/wp\/v2\/pages"}],"about":[{"href":"https:\/\/festivalpoesiabsas.com.ar\/festivales-anteriores\/index.php?rest_route=\/wp\/v2\/types\/page"}],"author":[{"embeddable":true,"href":"https:\/\/festivalpoesiabsas.com.ar\/festivales-anteriores\/index.php?rest_route=\/wp\/v2\/users\/1"}],"replies":[{"embeddable":true,"href":"https:\/\/festivalpoesiabsas.com.ar\/festivales-anteriores\/index.php?rest_route=%2Fwp%2Fv2%2Fcomments&post=6747"}],"version-history":[{"count":25,"href":"https:\/\/festivalpoesiabsas.com.ar\/festivales-anteriores\/index.php?rest_route=\/wp\/v2\/pages\/6747\/revisions"}],"predecessor-version":[{"id":7233,"href":"https:\/\/festivalpoesiabsas.com.ar\/festivales-anteriores\/index.php?rest_route=\/wp\/v2\/pages\/6747\/revisions\/7233"}],"wp:attachment":[{"href":"https:\/\/festivalpoesiabsas.com.ar\/festivales-anteriores\/index.php?rest_route=%2Fwp%2Fv2%2Fmedia&parent=6747"}],"curies":[{"name":"wp","href":"https:\/\/api.w.org\/{rel}","templated":true}]}}