{"id":6707,"date":"2018-05-17T11:19:22","date_gmt":"2018-05-17T14:19:22","guid":{"rendered":"https:\/\/festivalpoesiabsas.com.ar\/festivales-anteriores\/?page_id=6707"},"modified":"2020-05-07T14:49:22","modified_gmt":"2020-05-07T17:49:22","slug":"staff-y-agradecimientos-2018","status":"publish","type":"page","link":"https:\/\/festivalpoesiabsas.com.ar\/festivales-anteriores\/?page_id=6707","title":{"rendered":"Staff y Agradecimientos 2018"},"content":{"rendered":"<div class=\"wpb-content-wrapper\"><p>[vc_row][vc_column width=&#8221;1\/2&#8243;]<h3 class=\"sc_title sc_title_regular margin_top_null\">Staff<\/h3>[vc_column_text]<b>Directora General<\/b><br \/>\nGraciela Ar\u00e1oz<br \/>\nFoto: Daniel Mordzinki<\/p>\n<p class=\"p1\"><strong><span class=\"s1\">Consejo de Asesores<br \/>\n<\/span><\/strong><span class=\"s1\">Louis Dupr\u00e9 (Canad\u00e1)<br \/>\n<\/span><span class=\"s1\">Luisa Futoransky (Argentina-Francia)<br \/>\n<\/span><span class=\"s1\">Minerva Margarita Villareal (M\u00e9xico)<br \/>\n<\/span><span class=\"s1\">Alejandro Nicotra (Argentina)<br \/>\n<\/span><span class=\"s1\">V\u00edctor Redondo (Argentina)<br \/>\n<\/span><span class=\"s1\">Enrique Solinas (Argentina)<\/span><\/p>\n<p class=\"p1\"><strong><span class=\"s1\">Directora Ejecutiva<br \/>\n<\/span><\/strong><span class=\"s1\">Blanca Ram\u00edrez Miralles <\/span><\/p>\n<p class=\"p1\"><strong><span class=\"s1\">Asistente de Direcci\u00f3n<br \/>\n<\/span><\/strong><span class=\"s1\">Paula \u00dasugua <\/span><\/p>\n<p class=\"p1\"><strong><span class=\"s1\">Coordinaci\u00f3n Escuela de Poes\u00eda<br \/>\n<\/span><\/strong><span class=\"s1\">Laura Calvo<\/span><\/p>\n<p class=\"p1\"><strong><span class=\"s1\">Coordinaci\u00f3n de actividades<br \/>\n<\/span><\/strong><span class=\"s1\">Jorge Paolantonio y Demi\u00e1n Rafael Gonz\u00e1lez: Barhopping, de copas y poemas en los Bares Notables \/ Miroslav Scheuba: Poes\u00eda a viva voz en la Recoleta y Poetas con meg\u00e1fono en el Mercado del Progreso<\/span><\/p>\n<p class=\"p1\"><strong><span class=\"s1\">Edici\u00f3n y traducci\u00f3n<br \/>\n<\/span><\/strong><span class=\"s1\">Jorge Paolantonio<\/span><\/p>\n<p class=\"p1\"><span class=\"s1\"><strong>Dise\u00f1o<\/strong><br \/>\n<\/span><span class=\"s1\">Gustavo Ramilo<\/span><\/p>\n<p class=\"p1\"><strong><span class=\"s1\">Comunicaci\u00f3n y redes sociales<br \/>\n<\/span><\/strong><span class=\"s1\">Mercedes Invernizzi<\/span><\/p>\n<p class=\"p1\"><span class=\"s1\"><strong>Curadur\u00eda<\/strong><br \/>\n<\/span><span class=\"s1\">Graciela Ar\u00e1oz<br \/>\n<\/span><span class=\"s1\">Luisa Futoransky<br \/>\n<\/span><span class=\"s1\">V\u00edctor Redondo<br \/>\n<\/span><span class=\"s1\">Enrique Solinas<\/span><\/p>\n<p>[\/vc_column_text][\/vc_column][vc_column width=&#8221;1\/2&#8243;][vc_single_image image=&#8221;5408&#8243; img_size=&#8221;full&#8221; alignment=&#8221;center&#8221; style=&#8221;vc_box_shadow_border_circle_2&#8243;][\/vc_column][\/vc_row][vc_row][vc_column]<h3 class=\"sc_title sc_title_regular margin_top_tiny\">Agradecimientos<\/h3>[vc_column_text]<\/p>\n<ul>\n<li class=\"p1\"><span class=\"s1\">Acci\u00f3n Cultural Espa\u00f1ola <\/span><\/li>\n<li class=\"p1\"><span class=\"s1\">Agencia P\u00fablica del Libro de la Rep\u00fablica de Eslovenia (JAK) <\/span><\/li>\n<li class=\"p1\"><span class=\"s1\">Bar Notable Los 36 Billares<\/span><\/li>\n<li class=\"p1\"><span class=\"s1\">Bar Notable Celta Bar<\/span><\/li>\n<li class=\"p1\"><span class=\"s1\">Cam\u00f5es &#8211;<span class=\"Apple-converted-space\">\u00a0 <\/span>Instituto da Coopera\u00e7\u00e3o e da L\u00edngua<\/span><\/li>\n<li class=\"p1\"><span class=\"s1\">Castelar Hotel &amp; Spa<\/span><\/li>\n<li class=\"p1\"><span class=\"s1\">CRICAL &#8211; Centro Regional de Institutos Confucio para Am\u00e9rica Latina<\/span><\/li>\n<li class=\"p1\"><span class=\"s1\">Direcci\u00f3n General del Libro Bibliotecas y Promoci\u00f3n de la Lectura<\/span><\/li>\n<li class=\"p1\"><span class=\"s1\">Dutch Foundation for Literature<\/span><\/li>\n<li class=\"p1\"><span class=\"s1\">Embajada de Austria en Buenos Aires<\/span><\/li>\n<li class=\"p1\"><span class=\"s1\">Embajada del Brasil en Buenos Aires<\/span><\/li>\n<li class=\"p1\"><span class=\"s1\">Embajada de la Rep\u00fablica de Cuba en Argentina<\/span><\/li>\n<li class=\"p1\"><span class=\"s1\">Embajada de Portugal en Buenos Aires<\/span><\/li>\n<li class=\"p1\"><span class=\"s1\">Embajada del Uruguay en Argentina<\/span><\/li>\n<li class=\"p1\"><span class=\"s1\">Embajada de Finlandia en Buenos Aires<\/span><\/li>\n<li class=\"p1\"><span class=\"s1\">Escuela Primaria n\u00b01 D.E. 1 Juan Jos\u00e9 Castelli<\/span><\/li>\n<li class=\"p1\"><span class=\"s1\">Festival Internacional de Poes\u00eda de Trois Rivi\u00e8res, Quebec, Canad\u00e1<\/span><\/li>\n<li class=\"p1\"><span class=\"s1\">FILI &#8211; Finnish Literature Exchange <\/span><\/li>\n<li class=\"p1\"><span class=\"s1\">Instituto Cubano del Libro (ICL)<\/span><\/li>\n<li class=\"p1\"><span class=\"s1\">Istituto Italiano di Cultura<\/span><\/li>\n<li class=\"p1\"><span class=\"s1\">Kenyon College (EEUU)<\/span><\/li>\n<li class=\"p1\"><span class=\"s1\">Mercado del Progreso<\/span><\/li>\n<li class=\"p1\"><span class=\"s1\">Ricardo Mosner, Artista pl\u00e1stico (Argentina-Francia)<\/span><\/li>\n<li class=\"p1\"><span class=\"s1\">Schule f\u00fcr Dichtung in Wien (sfd)<\/span><\/li>\n<li class=\"p1\"><span class=\"s1\">Sistema Federal de Medios y Contenidos P\u00fablicos<\/span><\/li>\n<li class=\"p1\"><span class=\"s1\">Sociedad de Escritoras y Escritores de la Argentina \u2013SEA-<\/span><\/li>\n<li class=\"p1\"><span class=\"s1\">Swedish Arts Council &#8211; Kulturradet<\/span><\/li>\n<li class=\"p1\"><span class=\"s1\">The Japan Foundation<\/span><\/li>\n<li class=\"p1\"><span class=\"s1\">The Swiss Arts Council &#8211; Pro Helvetia<\/span><\/li>\n<li class=\"p1\"><span class=\"s1\">UNESCO<\/span><\/li>\n<li class=\"p1\"><span class=\"s1\">Wales Arts International<\/span><\/li>\n<\/ul>\n<p>&nbsp;<\/p>\n<p>Agradecimientos especiales al Director del CCK, Gustavo Mozzi, y a su equipo.<br \/>\n<span class=\"s1\">Al Ministro Hern\u00e1n Lombardi y a sus colaboradores.<br \/>\n<\/span><span class=\"s1\">Javier Mart\u00ednez, de la Direcci\u00f3n General Libro, Bibliotecas y Promoci\u00f3n de la Lectura del Gobierno de la Ciudad<span class=\"Apple-converted-space\">\u00a0 <\/span>de Buenos Aires.<\/span>[\/vc_column_text][\/vc_column][\/vc_row]<\/p>\n<\/div><!-- AddThis Advanced Settings generic via filter on the_content --><!-- AddThis Share Buttons generic via filter on the_content -->","protected":false},"excerpt":{"rendered":"<p>[vc_row][vc_column width=&#8221;1\/2&#8243;][vc_column_text]Directora General Graciela Ar\u00e1oz Foto: Daniel Mordzinki Consejo de Asesores Louis Dupr\u00e9 (Canad\u00e1) Luisa Futoransky (Argentina-Francia) Minerva Margarita Villareal (M\u00e9xico) Alejandro Nicotra (Argentina) V\u00edctor Redondo (Argentina) Enrique Solinas (Argentina) [&hellip;]<!-- AddThis Advanced Settings generic via filter on get_the_excerpt --><!-- AddThis Share Buttons generic via filter on get_the_excerpt --><\/p>\n","protected":false},"author":1,"featured_media":0,"parent":0,"menu_order":0,"comment_status":"closed","ping_status":"closed","template":"","meta":{"footnotes":""},"_links":{"self":[{"href":"https:\/\/festivalpoesiabsas.com.ar\/festivales-anteriores\/index.php?rest_route=\/wp\/v2\/pages\/6707"}],"collection":[{"href":"https:\/\/festivalpoesiabsas.com.ar\/festivales-anteriores\/index.php?rest_route=\/wp\/v2\/pages"}],"about":[{"href":"https:\/\/festivalpoesiabsas.com.ar\/festivales-anteriores\/index.php?rest_route=\/wp\/v2\/types\/page"}],"author":[{"embeddable":true,"href":"https:\/\/festivalpoesiabsas.com.ar\/festivales-anteriores\/index.php?rest_route=\/wp\/v2\/users\/1"}],"replies":[{"embeddable":true,"href":"https:\/\/festivalpoesiabsas.com.ar\/festivales-anteriores\/index.php?rest_route=%2Fwp%2Fv2%2Fcomments&post=6707"}],"version-history":[{"count":12,"href":"https:\/\/festivalpoesiabsas.com.ar\/festivales-anteriores\/index.php?rest_route=\/wp\/v2\/pages\/6707\/revisions"}],"predecessor-version":[{"id":6879,"href":"https:\/\/festivalpoesiabsas.com.ar\/festivales-anteriores\/index.php?rest_route=\/wp\/v2\/pages\/6707\/revisions\/6879"}],"wp:attachment":[{"href":"https:\/\/festivalpoesiabsas.com.ar\/festivales-anteriores\/index.php?rest_route=%2Fwp%2Fv2%2Fmedia&parent=6707"}],"curies":[{"name":"wp","href":"https:\/\/api.w.org\/{rel}","templated":true}]}}