{"id":6453,"date":"2018-04-23T10:05:24","date_gmt":"2018-04-23T13:05:24","guid":{"rendered":"https:\/\/festivalpoesiabsas.com.ar\/festivales-anteriores\/?page_id=6453"},"modified":"2020-05-07T14:07:39","modified_gmt":"2020-05-07T17:07:39","slug":"introduccion-al-fip-xiii","status":"publish","type":"page","link":"https:\/\/festivalpoesiabsas.com.ar\/festivales-anteriores\/?page_id=6453","title":{"rendered":"Introducci\u00f3n al FIP XIII"},"content":{"rendered":"<div class=\"wpb-content-wrapper\"><p>[vc_row][vc_column][vc_column_text]<\/p>\n<h4>INTRODUCCI\u00d3N PROGRAMA 2018<\/h4>\n<p>[\/vc_column_text][vc_column_text css=&#8221;.vc_custom_1527008857708{margin-bottom: 30px !important;border-top-width: 1px !important;border-right-width: 1px !important;border-bottom-width: 1px !important;border-left-width: 1px !important;padding-top: 20px !important;padding-right: 20px !important;padding-bottom: 20px !important;padding-left: 20px !important;background-color: #ffffff !important;border-left-color: #e5e5e5 !important;border-left-style: solid !important;border-right-color: #e5e5e5 !important;border-right-style: solid !important;border-top-color: #e5e5e5 !important;border-top-style: solid !important;border-bottom-color: #e5e5e5 !important;border-bottom-style: solid !important;}&#8221;]<\/p>\n<h5 style=\"line-height: 1.3em; margin-top: 0.5em;\"><span style=\"color: #f8b33b;\"><em> La poes\u00eda \u201cno requiere ideolog\u00edas ni propicia fanatismos, la poes\u00eda que abre fronteras sin peligro, sin transportar el mal y el arbitrario dolor, rampa ignota de lanzarse al aire de la libertad\u201d, dijo nuestra invitada de honor, Ida Vitale al recibir el premio Reina Sof\u00eda.<\/em><\/span><\/h5>\n<p>[\/vc_column_text][\/vc_column][\/vc_row][vc_row][vc_column width=&#8221;2\/3&#8243;][vc_column_text]Qu\u00e9 palabra tan heroica, sin espacio, ni muertes, ni encierros. La poes\u00eda es la que sobrevuela todos los estados del alma y crece en cada encuentro, ciclo y libro donde la lectura individual nos hace crecer como personas, pero adem\u00e1s, parece, nos ayuda a combatir la depresi\u00f3n, la angustia y otras enfermedades como afirman diferentes estudios cient\u00edficos que est\u00e1n prescribiendo leer poes\u00eda.<\/p>\n<p>Por otra parte es la \u00fanica que se encuentra fuera de los mercados y de los cat\u00e1logos de las editoriales. La poes\u00eda, es esa habitante solitaria que como la hormiga va trazando caminos y en la huella deja el ritmo, la m\u00fasica, se despoja del v\u00e9rtigo y, al final del camino no sabe, porque no mira hacia atr\u00e1s, que ha dejado hierbas, estas han crecido de forma selv\u00e1tica y que al mirarlas explotan de versos y palabras inasibles.<span class=\"Apple-converted-space\">\u00a0<\/span><\/p>\n<p>El mundo, las guerras, la pobreza, las ni\u00f1as y ni\u00f1os que en vez de jugar viven entre armas y fuegos de explosivos, en medio de este dolor planetario, la poes\u00eda y los poetas somos una sucesi\u00f3n de espacios m\u00ednimos, pero en ellos se desarrolla el ser con el vigor de un atardecer que cae en el agua y que nos salva, siempre.<\/p>\n<p>La poes\u00eda &#8220;cuyo g\u00e9nero carece de nombre&#8221; -dijo Arist\u00f3teles- puede implicarse en m\u00f3dulos poem\u00e1ticos, pero tambi\u00e9n, con igual entereza y legitimidad, en cualquier otro de los g\u00e9neros literarios o en la trama de varios o de todos ellos, trama a la que alude L\u00e1zaro Carreter como peculiar de la escritura contempor\u00e1nea. Por no tener g\u00e9nero, la poes\u00eda puede estar en todas las formas que la literatura adopte. Su esencialidad y su sentido han de buscarse en la sensibilidad y en la existencia antes que en el lenguaje convenido.<\/p>\n<p>En este momento la poes\u00eda llena las redes sociales para atraer a p\u00fablicos j\u00f3venes que tienen muchos seguidores y adoptan nuevas formas de decirla con audios y videos. Quiz\u00e1 pueda parecer la forma de no considerarla aburrida y comenzar como los viejos juglares.<\/p>\n<p>Los poemas tienen lecturas infinitas, cada poema busca su lector. En el festival se mezclan, se alternan, buscan mientras buscamos nuestra voz expresada.<\/p>\n<p>En esta nueva edici\u00f3n del FIP, tercera en realizarse en el CCK, recibimos a poetas de nuestras provincias: C\u00f3rdoba, Tucum\u00e1n, Salta, Mendoza, Entre R\u00edos, de Buenos Aires y de la Ciudad Aut\u00f3noma. Hasta aqu\u00ed ser\u00eda un festival nacional. Pero es Internacional porque viajan para participar poetas de Uruguay, Brasil, Chile, Cuba, M\u00e9xico, Espa\u00f1a, Portugal, Italia, Canad\u00e1, Austria, Suecia, Suiza, Holanda, Eslovenia, Finlandia, Jap\u00f3n y este a\u00f1o estar\u00e1n, por primera vez China y Alemania con sus lenguas y sus culturas representando la<span class=\"Apple-converted-space\">\u00a0 <\/span>poes\u00eda regi\u00f3n.<\/p>\n<p>Celebramos que formen parte de la historia de nuestro FIP en su decimotercera edici\u00f3n.<\/p>\n<p>Bienvenidas. Bienvenidos.[\/vc_column_text][\/vc_column][vc_column width=&#8221;1\/3&#8243;][vc_gallery type=&#8221;nivo&#8221; interval=&#8221;3&#8243; images=&#8221;6130,6117,6060,5956,5893,6154,5914,5796,4528&#8243; img_size=&#8221;full&#8221; onclick=&#8221;&#8221;][vc_btn title=&#8221;CONOC\u00c9 LOS POETAS 2018&#8243; style=&#8221;custom&#8221; custom_background=&#8221;#ec6a84&#8243; custom_text=&#8221;#ffffff&#8221; shape=&#8221;round&#8221; size=&#8221;lg&#8221; align=&#8221;center&#8221; button_block=&#8221;true&#8221; link=&#8221;url:https%3A%2F%2Ffestivalpoesiabsas.com.ar%2Ffestivales-anteriores%2F%3Fpage_id%3D6320|||&#8221; css=&#8221;.vc_custom_1525810468065{margin-top: 30px !important;}&#8221;][\/vc_column][\/vc_row]<\/p>\n<\/div><!-- AddThis Advanced Settings generic via filter on the_content --><!-- AddThis Share Buttons generic via filter on the_content -->","protected":false},"excerpt":{"rendered":"<p>[vc_row][vc_column][vc_column_text] INTRODUCCI\u00d3N PROGRAMA 2018 [\/vc_column_text][vc_column_text css=&#8221;.vc_custom_1527008857708{margin-bottom: 30px !important;border-top-width: 1px !important;border-right-width: 1px !important;border-bottom-width: 1px !important;border-left-width: 1px !important;padding-top: 20px !important;padding-right: 20px !important;padding-bottom: 20px !important;padding-left: 20px !important;background-color: #ffffff !important;border-left-color: #e5e5e5 !important;border-left-style: solid !important;border-right-color: [&hellip;]<!-- AddThis Advanced Settings generic via filter on get_the_excerpt --><!-- AddThis Share Buttons generic via filter on get_the_excerpt --><\/p>\n","protected":false},"author":1,"featured_media":0,"parent":0,"menu_order":0,"comment_status":"closed","ping_status":"closed","template":"","meta":{"footnotes":""},"_links":{"self":[{"href":"https:\/\/festivalpoesiabsas.com.ar\/festivales-anteriores\/index.php?rest_route=\/wp\/v2\/pages\/6453"}],"collection":[{"href":"https:\/\/festivalpoesiabsas.com.ar\/festivales-anteriores\/index.php?rest_route=\/wp\/v2\/pages"}],"about":[{"href":"https:\/\/festivalpoesiabsas.com.ar\/festivales-anteriores\/index.php?rest_route=\/wp\/v2\/types\/page"}],"author":[{"embeddable":true,"href":"https:\/\/festivalpoesiabsas.com.ar\/festivales-anteriores\/index.php?rest_route=\/wp\/v2\/users\/1"}],"replies":[{"embeddable":true,"href":"https:\/\/festivalpoesiabsas.com.ar\/festivales-anteriores\/index.php?rest_route=%2Fwp%2Fv2%2Fcomments&post=6453"}],"version-history":[{"count":23,"href":"https:\/\/festivalpoesiabsas.com.ar\/festivales-anteriores\/index.php?rest_route=\/wp\/v2\/pages\/6453\/revisions"}],"predecessor-version":[{"id":6922,"href":"https:\/\/festivalpoesiabsas.com.ar\/festivales-anteriores\/index.php?rest_route=\/wp\/v2\/pages\/6453\/revisions\/6922"}],"wp:attachment":[{"href":"https:\/\/festivalpoesiabsas.com.ar\/festivales-anteriores\/index.php?rest_route=%2Fwp%2Fv2%2Fmedia&parent=6453"}],"curies":[{"name":"wp","href":"https:\/\/api.w.org\/{rel}","templated":true}]}}