{"id":6078,"date":"2017-06-23T15:51:21","date_gmt":"2017-06-23T18:51:21","guid":{"rendered":"https:\/\/festivalpoesiabsas.com.ar\/festivales-anteriores\/?page_id=6078"},"modified":"2020-05-07T14:09:04","modified_gmt":"2020-05-07T17:09:04","slug":"discurso-de-apertura-2017","status":"publish","type":"page","link":"https:\/\/festivalpoesiabsas.com.ar\/festivales-anteriores\/?page_id=6078","title":{"rendered":"Discurso de apertura 2017"},"content":{"rendered":"<p><strong>DISCURSO 12\u00b0 FESTIVAL INTERNACIONAL DE POES\u00cdA DE BUENOS AIRES. <\/strong><\/p>\n<p><img loading=\"lazy\" decoding=\"async\" class=\"wp-image-5956 size-full\" src=\"https:\/\/festivalpoesiabsas.com.ar\/festivales-anteriores\/wp-content\/uploads\/2017\/06\/XII-Festival-de-Poes\u00eda-de-Buenos-Aires-PH-Federico-Kaplun_22.jpg\" alt=\"\" width=\"1166\" height=\"778\" \/><\/p>\n<p style=\"text-align: justify;\">Celebrar la inauguraci\u00f3n de un festival de poes\u00eda, es como vernos en la escena de la pel\u00edcula <strong><em>danesa<\/em><\/strong> \u201cLa fiesta de Babette\u201d: todos los que conformamos la organizaci\u00f3n de este FIP hemos preparado amorosamente, todo el a\u00f1o, desde las grandes necesidades hasta los peque\u00f1os detalles para que nuestros poetas invitados se sientan como en ese film, degustando los sabores que producen estos encuentros donde si bien la poes\u00eda es la protagonista, tambi\u00e9n act\u00faan la interculturalidad, las diferentes est\u00e9ticas y generaciones y las culturas que cada uno nos ir\u00e1 ense\u00f1ando en estos cinco d\u00edas de fiesta de la poes\u00eda.<\/p>\n<p style=\"text-align: justify;\">Mucho se ha escrito sobre qu\u00e9 es la poes\u00eda, desde la antig\u00fcedad, desde la \u00e9poca de los trovadores en el siglo once hasta la actualidad y no s\u00e9 si existe una definici\u00f3n, quiz\u00e1 haya tantas como lectores posibles&#8230;<\/p>\n<p style=\"text-align: justify;\">\u201cLa poes\u00eda &#8211; ha dicho Rimbaud- quiere cambiar la vida. No piensa embellecerla como piensan los estetas y los literatos, ni hacerla m\u00e1s justa o buena, como sue\u00f1an los moralistas. Mediante la palabra, mediante la expresi\u00f3n de su experiencia, procura hacer sagrado al mundo; con la palabra consagra la experiencia de los hombres y las relaciones entre el hombre y el mundo, entre el hombre y la mujer, entre el hombre y su propia conciencia. No pretende hermosear, santificar o idealizar\u00a0\u00a0lo que toca, sino volverlo sagrado. Por eso no es moral o inmoral; justa o injusta; falsa o verdadera, hermosa o fea. Es simplemente poes\u00eda de soledad o de comuni\u00f3n. Porque la poes\u00eda que es un testimonio del \u00e9xtasis, del amor dichoso, tambi\u00e9n lo es de la desesperaci\u00f3n. Y tanto como un ruego puede ser una blasfemia\u201d.<\/p>\n<p style=\"text-align: justify;\">El gran narrador Ricardo Piglia, recientemente fallecido, defendi\u00f3 la poes\u00eda al afirmar que frente a los tiempos acelerados que vive hoy la sociedad, \u201ces uno de los pocos espacios donde se puede establecer una temporalidad propia\u201d. Y record\u00f3 que para Adorno despu\u00e9s de Auschwitz es imposible escribir poes\u00eda, \u201cpero no es \u00e9se el caso de la experiencia rusa y la argentina, que, a pesar de haber vivido sus peque\u00f1os Auschwitz, continuaron escribiendo poes\u00eda\u201d.<\/p>\n<p style=\"text-align: justify;\">\u201cSolamente la poes\u00eda ha logrado establecer ritmos lent\u00edsimos y tambi\u00e9n r\u00e1pidos, tiene una relaci\u00f3n con la velocidad que es \u00fanica: la poes\u00eda est\u00e1 en el l\u00edmite\u201d, subray\u00f3 el escritor. \u201cLos poetas son los \u00fanicos que consiguen hacernos tener una experiencia con el lenguaje de cambio de ritmo. Los narradores miramos a los poetas con respeto porque trabajan el lenguaje en su punto m\u00e1s perfecto. La lectura de la poes\u00eda es una experiencia que debemos recomendar. Los poetas tienen una indiferencia absoluta por la relaci\u00f3n entre verdad y mayor\u00eda; los poetas construyen comunidades que parecen ser microsc\u00f3picas, pero alteran las relaciones b\u00e1sicas con el lenguaje. Los poetas tienen una \u00e9tica, el lenguaje es el objeto de su experimentaci\u00f3n\u201d.<\/p>\n<p style=\"text-align: justify;\">Claro que es una experiencia que debemos recomendar: eso es lo que hizo este Festival durante 12 a\u00f1os ininterrumpidos. Se propone difundir su lectura, seducir nuevos lectores\/as, demostrando que quien lee poes\u00eda puede lograr una mirada m\u00e1s abarcadora y penetrante sobre el universo, la sociedad, la cultura y los seres humanos.<\/p>\n<p style=\"text-align: justify;\">La poes\u00eda enamora a los j\u00f3venes, quien dice que no se la lee no sabe de qu\u00e9 est\u00e1 hablando. No es masiva como el reggaeton, es cierto, pero abarca a todo el mundo y en todo el mundo es respetada.<\/p>\n<p style=\"text-align: justify;\">La mujer poderosa que muestra la pintura de Claudio Roncoli en nuestra gr\u00e1fica, ha sabido ir acomod\u00e1ndose a los nuevos tiempos, nuevos formatos, nuevas maneras de decir, y logra que la poes\u00eda forme parte de ese encuentro con las distintas artes, el cine, la pintura, el teatro, la m\u00fasica.<\/p>\n<p style=\"text-align: justify;\">Este festival se organiza con el entusiasmo de quienes creemos que este g\u00e9nero es el m\u00e1s poderoso, intentamos dar herramientas para que quienes no se han acercado a\u00fan puedan hacerlo, y nos parece que cada a\u00f1o cuando nos reunimos, todos juntos la acercamos a espacios ins\u00f3litos, quiz\u00e1 a donde puede parecer imposible que se escuche o que alguien se detenga por un verso.<\/p>\n<p style=\"text-align: justify;\">Seguramente no transformaremos el mundo, si bien el lenguaje debe ser siempre subversivo, pero quisi\u00e9ramos con la palabra pedir que desaparezcan del mundo el hambre, la pobreza construida por poderes esp\u00fareos, no s\u00e9 si podremos lograr la paz y lograr que la humanidad sea tolerante con las razas, las ideas diferentes, los espacios p\u00fablicos para promocionar poes\u00eda y lograr encuentros que deben defenderse, siempre.<\/p>\n<p style=\"text-align: justify;\">La poes\u00eda jam\u00e1s debe ser domesticada por los poderosos; la libertad de la poes\u00eda es el \u00e1ngel que traspasa fronteras, lenguas, culturas, y produce ese encuentro que este Festival como otros tantos de nuestro pa\u00eds y del mundo acercan al lector y al poeta, acercan la lectura, la educaci\u00f3n, el arte.<\/p>\n<p style=\"text-align: justify;\">Juntos, queridos poetas de las provincias que hoy nos acompa\u00f1an, C\u00f3rdoba, Santiago del Estero, Provincia de Buenos Aires, San Juan, R\u00edo Negro y este comit\u00e9 organizador en el que muchos somos de provincias, de nuestra Buenos Aires querida y de los pa\u00edses como Espa\u00f1a, Francia, Italia, Portugal, Holanda, Dinamarca, Turqu\u00eda, Canad\u00e1, Cuba, Ecuador, Brasil, Chile, Uruguay y de los que por primera vez participan como Eslovenia, Austria y Finlandia, hagamos de estos cinco d\u00edas un encuentro, una fiesta.<\/p>\n<p style=\"text-align: justify;\">Antes de finalizar quiero agradecer a todas la Embajadas que a\u00f1o a a\u00f1o nos acompa\u00f1an y bienvenidas las tres que en esta edici\u00f3n se han incorporado.<\/p>\n<p style=\"text-align: justify;\">Agradecimientos especiales al Director del CCK, Gustavo Mozzi, a la productora Juliana Consigli, al Coordinador de Contenidos Culturales, Leandro Olocco y todos los colaboradores de esa direcci\u00f3n.<\/p>\n<p style=\"text-align: justify;\">A Javier Mart\u00ednez, Director General del Libro, Bibliotecas y Promoci\u00f3n de la Lectura del Gobierno de la Ciudad.<\/p>\n<p style=\"text-align: justify;\">Al Ministro Hern\u00e1n Lombardi, por su apoyo a la poes\u00eda y a todo el equipo del Sistema Federal de Medios y Contenidos P\u00fablicos de la Naci\u00f3n.<\/p>\n<p style=\"text-align: justify;\">Y a todo el comit\u00e9 que ha trabajado incansablemente para que ustedes puedan sentirse como en su casa y a mi madre, hermosa y fuerte que se sum\u00f3 para ser la anfitriona y chef de la comida regional conque la SEA los invitar\u00e1 ma\u00f1ana.<\/p>\n<p>\u00a1Bienvenidos poetas!<\/p>\n<p>&nbsp;<\/p>\n<p style=\"padding-left: 30px;\"><em>Graciela Ar\u00e1oz<\/em><\/p>\n<p style=\"padding-left: 30px;\">Buenos Aires, 14 de Junio de 2017.<\/p>\n<p><\/p>\n<!-- AddThis Advanced Settings generic via filter on the_content --><!-- AddThis Share Buttons generic via filter on the_content -->","protected":false},"excerpt":{"rendered":"<p>DISCURSO 12\u00b0 FESTIVAL INTERNACIONAL DE POES\u00cdA DE BUENOS AIRES. Celebrar la inauguraci\u00f3n de un festival de poes\u00eda, es como vernos en la escena de la pel\u00edcula danesa \u201cLa fiesta de [&hellip;]<!-- AddThis Advanced Settings generic via filter on get_the_excerpt --><!-- AddThis Share Buttons generic via filter on get_the_excerpt --><\/p>\n","protected":false},"author":1,"featured_media":0,"parent":0,"menu_order":0,"comment_status":"closed","ping_status":"closed","template":"","meta":{"footnotes":""},"_links":{"self":[{"href":"https:\/\/festivalpoesiabsas.com.ar\/festivales-anteriores\/index.php?rest_route=\/wp\/v2\/pages\/6078"}],"collection":[{"href":"https:\/\/festivalpoesiabsas.com.ar\/festivales-anteriores\/index.php?rest_route=\/wp\/v2\/pages"}],"about":[{"href":"https:\/\/festivalpoesiabsas.com.ar\/festivales-anteriores\/index.php?rest_route=\/wp\/v2\/types\/page"}],"author":[{"embeddable":true,"href":"https:\/\/festivalpoesiabsas.com.ar\/festivales-anteriores\/index.php?rest_route=\/wp\/v2\/users\/1"}],"replies":[{"embeddable":true,"href":"https:\/\/festivalpoesiabsas.com.ar\/festivales-anteriores\/index.php?rest_route=%2Fwp%2Fv2%2Fcomments&post=6078"}],"version-history":[{"count":6,"href":"https:\/\/festivalpoesiabsas.com.ar\/festivales-anteriores\/index.php?rest_route=\/wp\/v2\/pages\/6078\/revisions"}],"predecessor-version":[{"id":8458,"href":"https:\/\/festivalpoesiabsas.com.ar\/festivales-anteriores\/index.php?rest_route=\/wp\/v2\/pages\/6078\/revisions\/8458"}],"wp:attachment":[{"href":"https:\/\/festivalpoesiabsas.com.ar\/festivales-anteriores\/index.php?rest_route=%2Fwp%2Fv2%2Fmedia&parent=6078"}],"curies":[{"name":"wp","href":"https:\/\/api.w.org\/{rel}","templated":true}]}}