{"id":5642,"date":"2017-06-09T14:13:52","date_gmt":"2017-06-09T17:13:52","guid":{"rendered":"https:\/\/festivalpoesiabsas.com.ar\/festivales-anteriores\/?page_id=5642"},"modified":"2020-05-07T14:08:52","modified_gmt":"2020-05-07T17:08:52","slug":"introduccion-al-fip-xii","status":"publish","type":"page","link":"https:\/\/festivalpoesiabsas.com.ar\/festivales-anteriores\/?page_id=5642","title":{"rendered":"Introducci\u00f3n al FIP XII"},"content":{"rendered":"<div class=\"wpb-content-wrapper\"><p>[vc_row][vc_column][vc_column_text]<\/p>\n<p style=\"text-align: justify;\">Pocas artes gozan de tan persistente vitalidad como la poes\u00eda. Festivales, encuentros, lecturas, recorren el mundo entero. La poes\u00eda se rejuvenece en cada uno de esos foros. Late, vibra, resplandece. Nadie es su due\u00f1o pero ella a todos se entrega sin pedir nada a cambio que no sea amor. Desde el Poema de Gilgamesh, compuesto 2500 a\u00f1os <strong>a.\u00a0C.<\/strong> en tablillas de arcilla, hasta los versos reci\u00e9n escritos en un tel\u00e9fono celular, la poes\u00eda acumula 46 siglos de permanente actualidad. Escrita o cantada, ella da testimonio de lo pasado, lo presente y lo porvenir. Para los poetas toda ocasi\u00f3n es motivo de orgullo para celebrarla.<\/p>\n<p style=\"text-align: justify;\">Este FIP 12 Festival Internacional de Poes\u00eda de Buenos Aires forma parte de esta fiesta universal. Hemos publicado la lista de todos quienes participaron, y esos casi 400 poetas de toda la Argentina y del mundo son embajadores y portavoces de los <span style=\"font-size: 18px;\">alephs<\/span> contenidos en un poema, much\u00edsimos, s\u00ed, pero apenas unas gotas en el oc\u00e9ano interminable de los entregados al poema.<\/p>\n<p style=\"text-align: justify;\">En esta nueva edici\u00f3n del FIP, segunda en realizarse en el CCK, recibimos a poetas de nuestras provincias: C\u00f3rdoba, Santiago del Estero, Tucum\u00e1n, San Juan, R\u00edo Negro, de la de Buenos Aires (Villa Elisa, Moreno, San Nicol\u00e1s) y de la Ciudad Aut\u00f3noma. Hasta aqu\u00ed ser\u00eda un festival nacional. Pero es Internacional porque viajan para participar poetas de Uruguay, Brasil, Chile, Ecuador, Cuba, Espa\u00f1a, Italia, Francia, Canad\u00e1, Dinamarca, Holanda y Turqu\u00eda. Y este a\u00f1o estar\u00e1n, por primera vez, poetas de Austria, Eslovenia y Finlandia.<\/p>\n<p style=\"text-align: justify;\">Para los organizadores parece que no llega nunca el d\u00eda en que el Festival comience. Pero luego los d\u00edas pasan volando y todos se quedan con ganas de m\u00e1s. As\u00ed que aprovechemos desde el primer instante esta doceava edici\u00f3n del FIP Festival Internacional de Poes\u00eda de Buenos Aires.<\/p>\n<p style=\"text-align: justify;\">Bienvenidos todas y todos los poetas, argentinos y extranjeros, y \u00a1Viva la Poes\u00eda!<\/p>\n<p>[\/vc_column_text][\/vc_column][\/vc_row]<\/p>\n<\/div><!-- AddThis Advanced Settings generic via filter on the_content --><!-- AddThis Share Buttons generic via filter on the_content -->","protected":false},"excerpt":{"rendered":"<p>[vc_row][vc_column][vc_column_text] Pocas artes gozan de tan persistente vitalidad como la poes\u00eda. Festivales, encuentros, lecturas, recorren el mundo entero. La poes\u00eda se rejuvenece en cada uno de esos foros. Late, vibra, [&hellip;]<!-- AddThis Advanced Settings generic via filter on get_the_excerpt --><!-- AddThis Share Buttons generic via filter on get_the_excerpt --><\/p>\n","protected":false},"author":1,"featured_media":0,"parent":0,"menu_order":0,"comment_status":"closed","ping_status":"closed","template":"","meta":{"footnotes":""},"_links":{"self":[{"href":"https:\/\/festivalpoesiabsas.com.ar\/festivales-anteriores\/index.php?rest_route=\/wp\/v2\/pages\/5642"}],"collection":[{"href":"https:\/\/festivalpoesiabsas.com.ar\/festivales-anteriores\/index.php?rest_route=\/wp\/v2\/pages"}],"about":[{"href":"https:\/\/festivalpoesiabsas.com.ar\/festivales-anteriores\/index.php?rest_route=\/wp\/v2\/types\/page"}],"author":[{"embeddable":true,"href":"https:\/\/festivalpoesiabsas.com.ar\/festivales-anteriores\/index.php?rest_route=\/wp\/v2\/users\/1"}],"replies":[{"embeddable":true,"href":"https:\/\/festivalpoesiabsas.com.ar\/festivales-anteriores\/index.php?rest_route=%2Fwp%2Fv2%2Fcomments&post=5642"}],"version-history":[{"count":3,"href":"https:\/\/festivalpoesiabsas.com.ar\/festivales-anteriores\/index.php?rest_route=\/wp\/v2\/pages\/5642\/revisions"}],"predecessor-version":[{"id":5645,"href":"https:\/\/festivalpoesiabsas.com.ar\/festivales-anteriores\/index.php?rest_route=\/wp\/v2\/pages\/5642\/revisions\/5645"}],"wp:attachment":[{"href":"https:\/\/festivalpoesiabsas.com.ar\/festivales-anteriores\/index.php?rest_route=%2Fwp%2Fv2%2Fmedia&parent=5642"}],"curies":[{"name":"wp","href":"https:\/\/api.w.org\/{rel}","templated":true}]}}