{"id":560,"date":"2013-04-18T14:38:26","date_gmt":"2013-04-18T17:38:26","guid":{"rendered":"https:\/\/festivalpoesiabsas.com.ar\/festivales-anteriores\/?page_id=560"},"modified":"2020-05-07T14:13:44","modified_gmt":"2020-05-07T17:13:44","slug":"artistas","status":"publish","type":"page","link":"https:\/\/festivalpoesiabsas.com.ar\/festivales-anteriores\/?page_id=560","title":{"rendered":"Artistas 2016"},"content":{"rendered":"<p><strong><span style=\"color: #c21b2d;\"><a href=\"https:\/\/festivalpoesiabsas.com.ar\/festivales-anteriores\/wp-content\/uploads\/soldado.jpg\" target=\"_blank\" rel=\"noopener noreferrer\"><img loading=\"lazy\" decoding=\"async\" class=\"alignleft wp-image-4375 size-thumbnail\" src=\"https:\/\/festivalpoesiabsas.com.ar\/festivales-anteriores\/wp-content\/uploads\/soldado-150x150.jpg\" alt=\"soldado\" width=\"150\" height=\"150\" data-id=\"4375\" \/><\/a><\/span><span style=\"color: #999966;\">EL SOLDADO<\/span><\/strong><br \/>\n<em>Un Soldado entre poetas<\/em><br \/>\nEspect\u00e1culo ac\u00fastico.<\/p>\n<p>Martes 7,<br \/>\n20:45 hs.<br \/>\nCCK, Sala Argentina, 2\u00ba Subsuelo<\/p>\n<p style=\"text-align: left;\"><img loading=\"lazy\" decoding=\"async\" style=\"text-align: left;\" src=\"https:\/\/festivalpoesiabsas.com.ar\/festivales-anteriores\/wp-content\/uploads\/linea_n1.jpg\" alt=\"\" width=\"621\" height=\"9\" \/><\/p>\n<p><a href=\"https:\/\/festivalpoesiabsas.com.ar\/festivales-anteriores\/wp-content\/uploads\/elisa_lucinda-.jpg\" target=\"_blank\" rel=\"noopener noreferrer\"><img loading=\"lazy\" decoding=\"async\" class=\"alignleft wp-image-4041 size-thumbnail\" src=\"https:\/\/festivalpoesiabsas.com.ar\/festivales-anteriores\/wp-content\/uploads\/elisa_lucinda--150x150.jpg\" alt=\"LUCINDA, Elisa (Brasil) Foto: Vantoen Pereira Jr.\" width=\"150\" height=\"150\" data-id=\"4041\" \/><\/a><\/p>\n<p><strong><span style=\"color: #999966;\">Elisa Lucinda<\/span><\/strong><br \/>\n<em>A poes\u00eda viva.<\/em><br \/>\nPerformance<\/p>\n<p>Viernes 10<br \/>\n20:00 hs.<br \/>\nCCK, Sala Federal, 6\u00ba Piso<\/p>\n<p style=\"text-align: left;\"><img loading=\"lazy\" decoding=\"async\" style=\"text-align: left;\" src=\"https:\/\/festivalpoesiabsas.com.ar\/festivales-anteriores\/wp-content\/uploads\/linea_n1.jpg\" alt=\"\" width=\"621\" height=\"9\" \/><\/p>\n<p><a href=\"https:\/\/festivalpoesiabsas.com.ar\/festivales-anteriores\/wp-content\/uploads\/p_barone_j_gonz\u00e1lez.jpg\" target=\"_blank\" rel=\"noopener noreferrer\"><img loading=\"lazy\" decoding=\"async\" class=\"alignleft wp-image-4418 size-thumbnail\" src=\"https:\/\/festivalpoesiabsas.com.ar\/festivales-anteriores\/wp-content\/uploads\/p_barone_j_gonz\u00e1lez-150x150.jpg\" alt=\"p_barone_j_gonz\u00e1lez\" width=\"150\" height=\"150\" data-id=\"4418\" \/><\/a><span style=\"color: #a3aa7d;\"><strong>PATRICIA BARONE y JAVIER GONZ\u00c1LEZ<\/strong><\/span><br \/>\n<em>Tangos Por Venir<\/em><\/p>\n<p>S\u00e1bado 11<br \/>\n19:30 hs.<br \/>\nCCK, Sala Federal, 6\u00ba Piso<\/p>\n<p>Musicalmente asociados desde 1989, Patricia Barone y Javier Gonz\u00e1lez son creadores de una nueva est\u00e9tica urbana.<br \/>\nUn repertorio de ra\u00edz tanguera, (en el que tambi\u00e9n suenan el candombe, la milonga y el vals) pero despegado de los clich\u00e9s y comprometido con las tem\u00e1ticas, la po\u00e9tica y la sonoridad del presente.<\/p>\n<!-- AddThis Advanced Settings generic via filter on the_content --><!-- AddThis Share Buttons generic via filter on the_content -->","protected":false},"excerpt":{"rendered":"<p>EL SOLDADO Un Soldado entre poetas Espect\u00e1culo ac\u00fastico. Martes 7, 20:45 hs. CCK, Sala Argentina, 2\u00ba Subsuelo Elisa Lucinda A poes\u00eda viva. Performance Viernes 10 20:00 hs. CCK, Sala Federal, [&hellip;]<!-- AddThis Advanced Settings generic via filter on get_the_excerpt --><!-- AddThis Share Buttons generic via filter on get_the_excerpt --><\/p>\n","protected":false},"author":1,"featured_media":0,"parent":0,"menu_order":0,"comment_status":"closed","ping_status":"closed","template":"","meta":{"footnotes":""},"_links":{"self":[{"href":"https:\/\/festivalpoesiabsas.com.ar\/festivales-anteriores\/index.php?rest_route=\/wp\/v2\/pages\/560"}],"collection":[{"href":"https:\/\/festivalpoesiabsas.com.ar\/festivales-anteriores\/index.php?rest_route=\/wp\/v2\/pages"}],"about":[{"href":"https:\/\/festivalpoesiabsas.com.ar\/festivales-anteriores\/index.php?rest_route=\/wp\/v2\/types\/page"}],"author":[{"embeddable":true,"href":"https:\/\/festivalpoesiabsas.com.ar\/festivales-anteriores\/index.php?rest_route=\/wp\/v2\/users\/1"}],"replies":[{"embeddable":true,"href":"https:\/\/festivalpoesiabsas.com.ar\/festivales-anteriores\/index.php?rest_route=%2Fwp%2Fv2%2Fcomments&post=560"}],"version-history":[{"count":70,"href":"https:\/\/festivalpoesiabsas.com.ar\/festivales-anteriores\/index.php?rest_route=\/wp\/v2\/pages\/560\/revisions"}],"predecessor-version":[{"id":5485,"href":"https:\/\/festivalpoesiabsas.com.ar\/festivales-anteriores\/index.php?rest_route=\/wp\/v2\/pages\/560\/revisions\/5485"}],"wp:attachment":[{"href":"https:\/\/festivalpoesiabsas.com.ar\/festivales-anteriores\/index.php?rest_route=%2Fwp%2Fv2%2Fmedia&parent=560"}],"curies":[{"name":"wp","href":"https:\/\/api.w.org\/{rel}","templated":true}]}}