{"id":529,"date":"2013-04-18T10:26:53","date_gmt":"2013-04-18T13:26:53","guid":{"rendered":"https:\/\/festivalpoesiabsas.com.ar\/festivales-anteriores\/?page_id=529"},"modified":"2020-05-07T14:28:41","modified_gmt":"2020-05-07T17:28:41","slug":"staff","status":"publish","type":"page","link":"https:\/\/festivalpoesiabsas.com.ar\/festivales-anteriores\/?page_id=529","title":{"rendered":"Staff 2016"},"content":{"rendered":"<p><strong>Directora<\/strong><br \/>\nGraciela Ar\u00e1oz. <span style=\"color: #999999;\"><i>Foto: Daniel Mordzinki<\/i><\/span><\/p>\n<p><img loading=\"lazy\" decoding=\"async\" class=\"alignnone\" src=\"https:\/\/festivalpoesiabsas.com.ar\/festivales-anteriores\/wp-content\/uploads\/Graciela_Araoz-150x150.jpg\" alt=\"\" width=\"150\" height=\"150\" \/><\/p>\n<p><strong>Consejo de Asesores<\/strong><br \/>\nLouis Dupr\u00e9 (Canad\u00e1)<br \/>\nLuisa Futoransky (Argentina-Par\u00eds)<br \/>\nAlejandro Nicotra ( Argentina)<br \/>\nHugo Padeletti (Argentina)<br \/>\nV\u00edctor Redondo (Argentina)<\/p>\n<p><strong>Asistente de Direcci\u00f3n<\/strong><br \/>\nBlanca Ram\u00edrez Miralles<br \/>\n(Espa\u00f1a-Argentina)<\/p>\n<p><strong>Coordinaci\u00f3n General<\/strong><br \/>\nMarta Miranda (Argentina)<\/p>\n<p><strong>Editor<\/strong><br \/>\nJorge Paolantonio<\/p>\n<p><strong>Dise\u00f1o<\/strong><br \/>\nRamilo Branding<\/p>\n<p><strong>Productor<\/strong><br \/>\nMart\u00edn Lombardi<\/p>\n<p><strong>Prensa<\/strong><br \/>\nNorbe Comunicaci\u00f3n<br \/>\nValeria Solarz<\/p>\n<p><strong>Redes Sociales<\/strong><br \/>\nLaura L\u00f3pez<\/p>\n<p><strong>Representante legal<\/strong><br \/>\nOdile Pedrido<\/p>\n<!-- AddThis Advanced Settings generic via filter on the_content --><!-- AddThis Share Buttons generic via filter on the_content -->","protected":false},"excerpt":{"rendered":"<p>Directora Graciela Ar\u00e1oz. Foto: Daniel Mordzinki Consejo de Asesores Louis Dupr\u00e9 (Canad\u00e1) Luisa Futoransky (Argentina-Par\u00eds) Alejandro Nicotra ( Argentina) Hugo Padeletti (Argentina) V\u00edctor Redondo (Argentina) Asistente de Direcci\u00f3n Blanca Ram\u00edrez [&hellip;]<!-- AddThis Advanced Settings generic via filter on get_the_excerpt --><!-- AddThis Share Buttons generic via filter on get_the_excerpt --><\/p>\n","protected":false},"author":1,"featured_media":0,"parent":0,"menu_order":0,"comment_status":"closed","ping_status":"closed","template":"","meta":{"footnotes":""},"_links":{"self":[{"href":"https:\/\/festivalpoesiabsas.com.ar\/festivales-anteriores\/index.php?rest_route=\/wp\/v2\/pages\/529"}],"collection":[{"href":"https:\/\/festivalpoesiabsas.com.ar\/festivales-anteriores\/index.php?rest_route=\/wp\/v2\/pages"}],"about":[{"href":"https:\/\/festivalpoesiabsas.com.ar\/festivales-anteriores\/index.php?rest_route=\/wp\/v2\/types\/page"}],"author":[{"embeddable":true,"href":"https:\/\/festivalpoesiabsas.com.ar\/festivales-anteriores\/index.php?rest_route=\/wp\/v2\/users\/1"}],"replies":[{"embeddable":true,"href":"https:\/\/festivalpoesiabsas.com.ar\/festivales-anteriores\/index.php?rest_route=%2Fwp%2Fv2%2Fcomments&post=529"}],"version-history":[{"count":80,"href":"https:\/\/festivalpoesiabsas.com.ar\/festivales-anteriores\/index.php?rest_route=\/wp\/v2\/pages\/529\/revisions"}],"predecessor-version":[{"id":5486,"href":"https:\/\/festivalpoesiabsas.com.ar\/festivales-anteriores\/index.php?rest_route=\/wp\/v2\/pages\/529\/revisions\/5486"}],"wp:attachment":[{"href":"https:\/\/festivalpoesiabsas.com.ar\/festivales-anteriores\/index.php?rest_route=%2Fwp%2Fv2%2Fmedia&parent=529"}],"curies":[{"name":"wp","href":"https:\/\/api.w.org\/{rel}","templated":true}]}}