{"id":5091,"date":"2017-05-08T19:58:28","date_gmt":"2017-05-08T22:58:28","guid":{"rendered":"https:\/\/festivalpoesiabsas.com.ar\/festivales-anteriores\/?page_id=5091"},"modified":"2020-05-07T14:48:55","modified_gmt":"2020-05-07T17:48:55","slug":"programacion-de-la-escuela-2017","status":"publish","type":"page","link":"https:\/\/festivalpoesiabsas.com.ar\/festivales-anteriores\/?page_id=5091","title":{"rendered":"Programaci\u00f3n de la Escuela 2017"},"content":{"rendered":"<div class=\"wpb-content-wrapper\"><p>[vc_row][vc_column]<h2 class=\"sc_title sc_title_regular sc_align_center margin_bottom_medium\" style=\"text-align:center;\">Eventos pasados<\/h2>[\/vc_column][\/vc_row][vc_row][vc_column width=&#8221;1\/4&#8243;][vc_single_image image=&#8221;4885&#8243; img_size=&#8221;full&#8221; onclick=&#8221;custom_link&#8221; link=&#8221;https:\/\/festivalpoesiabsas.com.ar\/festivales-anteriores\/?tribe_events=a-escribir-escribiendo-la-mirada-del-otro-como-herramienta-para-la-escritura&#8221;]<h4 class=\"sc_title sc_title_regular sc_align_center margin_top_tiny margin_bottom_medium\" style=\"text-align:center;\">A escribir escribiendo. La mirada del otro como herramienta para la escritura.<\/h4>[\/vc_column][vc_column width=&#8221;1\/4&#8243;][vc_single_image image=&#8221;5139&#8243; img_size=&#8221;full&#8221; onclick=&#8221;custom_link&#8221; link=&#8221;https:\/\/festivalpoesiabsas.com.ar\/festivales-anteriores\/?tribe_events=la-muerte-les-sienta-bien-cuando-la-muerte-se-hace-presencia-en-el-poema&#8221;]<h4 class=\"sc_title sc_title_regular sc_align_center margin_top_tiny margin_bottom_medium\" style=\"text-align:center;\">La muerte les sienta bien. Cuando la muerte se hace presencia en el poema.<\/h4>[\/vc_column][vc_column width=&#8221;1\/4&#8243;][vc_single_image image=&#8221;5271&#8243; img_size=&#8221;full&#8221; onclick=&#8221;custom_link&#8221; link=&#8221;https:\/\/festivalpoesiabsas.com.ar\/festivales-anteriores\/?tribe_events=la-poesia-de-las-mujeres-brasilenas&#8221;]<h4 class=\"sc_title sc_title_regular sc_align_center margin_top_tiny margin_bottom_medium\" style=\"text-align:center;\">La poes\u00eda de las mujeres brasile\u00f1as<\/h4>[\/vc_column][vc_column width=&#8221;1\/4&#8243;][vc_single_image image=&#8221;5242&#8243; img_size=&#8221;full&#8221; onclick=&#8221;custom_link&#8221; link=&#8221;https:\/\/festivalpoesiabsas.com.ar\/festivales-anteriores\/?tribe_events=conversaciones-con-alumnos-de-la-escuela-grupos-ya-definidos&#8221;]<h4 class=\"sc_title sc_title_regular sc_align_center margin_top_tiny margin_bottom_medium\" style=\"text-align:center;\">Conversaciones con alumnos de la escuela.<\/h4>[\/vc_column][\/vc_row][vc_row][vc_column width=&#8221;1\/4&#8243;][vc_single_image image=&#8221;4929&#8243; img_size=&#8221;full&#8221; onclick=&#8221;custom_link&#8221; link=&#8221;https:\/\/festivalpoesiabsas.com.ar\/festivales-anteriores\/?tribe_events=poesia-e-hipermodernidad-transformaciones-del-lenguaje-poetico-en-la-era-de-la-hiperconectividad&#8221;]<h4 class=\"sc_title sc_title_regular sc_align_center margin_top_tiny margin_bottom_medium\" style=\"text-align:center;\">Poes\u00eda e hipermodernidad. Transformaciones del lenguaje po\u00e9tico en la era de la hiperconectividad.<\/h4>[\/vc_column][vc_column width=&#8221;1\/4&#8243;][vc_single_image image=&#8221;4927&#8243; img_size=&#8221;full&#8221; onclick=&#8221;custom_link&#8221; link=&#8221;https:\/\/festivalpoesiabsas.com.ar\/festivales-anteriores\/?tribe_events=donde-esta-la-poesia-tras-las-huellas-de-la-oralidad&#8221;]<h4 class=\"sc_title sc_title_regular sc_align_center margin_top_tiny margin_bottom_medium\" style=\"text-align:center;\">\u00bfD\u00f3nde est\u00e1 la poes\u00eda? Tras las huellas de la oralidad.<\/h4>[\/vc_column][vc_column width=&#8221;1\/4&#8243;][vc_single_image image=&#8221;4941&#8243; img_size=&#8221;full&#8221; onclick=&#8221;custom_link&#8221; link=&#8221;https:\/\/festivalpoesiabsas.com.ar\/festivales-anteriores\/?tribe_events=color-de-un-cielo-otro-lugar-emigracion-y-destierro-cuando-hay-que-abandonar-la-casa&#8221;]<h4 class=\"sc_title sc_title_regular sc_align_center margin_top_tiny margin_bottom_medium\" style=\"text-align:center;\">Color de un cielo otro. Lugar, emigraci\u00f3n y destierro: cuando hay que abandonar la casa.<\/h4>[\/vc_column][vc_column width=&#8221;1\/4&#8243;][\/vc_column][\/vc_row]<\/p>\n<\/div><!-- AddThis Advanced Settings generic via filter on the_content --><!-- AddThis Share Buttons generic via filter on the_content -->","protected":false},"excerpt":{"rendered":"<p>[vc_row][vc_column][\/vc_column][\/vc_row][vc_row][vc_column width=&#8221;1\/4&#8243;][vc_single_image image=&#8221;4885&#8243; img_size=&#8221;full&#8221; onclick=&#8221;custom_link&#8221; link=&#8221;https:\/\/festivalpoesiabsas.com.ar\/festivales-anteriores\/?tribe_events=a-escribir-escribiendo-la-mirada-del-otro-como-herramienta-para-la-escritura&#8221;][\/vc_column][vc_column width=&#8221;1\/4&#8243;][vc_single_image image=&#8221;5139&#8243; img_size=&#8221;full&#8221; onclick=&#8221;custom_link&#8221; link=&#8221;https:\/\/festivalpoesiabsas.com.ar\/festivales-anteriores\/?tribe_events=la-muerte-les-sienta-bien-cuando-la-muerte-se-hace-presencia-en-el-poema&#8221;][\/vc_column][vc_column width=&#8221;1\/4&#8243;][vc_single_image image=&#8221;5271&#8243; img_size=&#8221;full&#8221; onclick=&#8221;custom_link&#8221; link=&#8221;https:\/\/festivalpoesiabsas.com.ar\/festivales-anteriores\/?tribe_events=la-poesia-de-las-mujeres-brasilenas&#8221;][\/vc_column][vc_column width=&#8221;1\/4&#8243;][vc_single_image image=&#8221;5242&#8243; img_size=&#8221;full&#8221; onclick=&#8221;custom_link&#8221; link=&#8221;https:\/\/festivalpoesiabsas.com.ar\/festivales-anteriores\/?tribe_events=conversaciones-con-alumnos-de-la-escuela-grupos-ya-definidos&#8221;][\/vc_column][\/vc_row][vc_row][vc_column width=&#8221;1\/4&#8243;][vc_single_image image=&#8221;4929&#8243; img_size=&#8221;full&#8221; onclick=&#8221;custom_link&#8221; link=&#8221;https:\/\/festivalpoesiabsas.com.ar\/festivales-anteriores\/?tribe_events=poesia-e-hipermodernidad-transformaciones-del-lenguaje-poetico-en-la-era-de-la-hiperconectividad&#8221;][\/vc_column][vc_column width=&#8221;1\/4&#8243;][vc_single_image image=&#8221;4927&#8243; img_size=&#8221;full&#8221; onclick=&#8221;custom_link&#8221; [&hellip;]<!-- AddThis Advanced Settings generic via filter on get_the_excerpt --><!-- AddThis Share Buttons generic via filter on get_the_excerpt --><\/p>\n","protected":false},"author":1,"featured_media":0,"parent":0,"menu_order":0,"comment_status":"closed","ping_status":"closed","template":"","meta":{"footnotes":""},"_links":{"self":[{"href":"https:\/\/festivalpoesiabsas.com.ar\/festivales-anteriores\/index.php?rest_route=\/wp\/v2\/pages\/5091"}],"collection":[{"href":"https:\/\/festivalpoesiabsas.com.ar\/festivales-anteriores\/index.php?rest_route=\/wp\/v2\/pages"}],"about":[{"href":"https:\/\/festivalpoesiabsas.com.ar\/festivales-anteriores\/index.php?rest_route=\/wp\/v2\/types\/page"}],"author":[{"embeddable":true,"href":"https:\/\/festivalpoesiabsas.com.ar\/festivales-anteriores\/index.php?rest_route=\/wp\/v2\/users\/1"}],"replies":[{"embeddable":true,"href":"https:\/\/festivalpoesiabsas.com.ar\/festivales-anteriores\/index.php?rest_route=%2Fwp%2Fv2%2Fcomments&post=5091"}],"version-history":[{"count":21,"href":"https:\/\/festivalpoesiabsas.com.ar\/festivales-anteriores\/index.php?rest_route=\/wp\/v2\/pages\/5091\/revisions"}],"predecessor-version":[{"id":5927,"href":"https:\/\/festivalpoesiabsas.com.ar\/festivales-anteriores\/index.php?rest_route=\/wp\/v2\/pages\/5091\/revisions\/5927"}],"wp:attachment":[{"href":"https:\/\/festivalpoesiabsas.com.ar\/festivales-anteriores\/index.php?rest_route=%2Fwp%2Fv2%2Fmedia&parent=5091"}],"curies":[{"name":"wp","href":"https:\/\/api.w.org\/{rel}","templated":true}]}}