{"id":5082,"date":"2017-05-08T19:36:40","date_gmt":"2017-05-08T22:36:40","guid":{"rendered":"https:\/\/festivalpoesiabsas.com.ar\/festivales-anteriores\/?page_id=5082"},"modified":"2020-05-07T14:06:54","modified_gmt":"2020-05-07T17:06:54","slug":"escuela-de-poesia-2017","status":"publish","type":"page","link":"https:\/\/festivalpoesiabsas.com.ar\/festivales-anteriores\/?page_id=5082","title":{"rendered":"Escuela Internacional de Poes\u00eda 2017"},"content":{"rendered":"<div class=\"wpb-content-wrapper\"><p>[vc_row css=&#8221;.vc_custom_1494885783598{margin-bottom: 50px !important;}&#8221;][vc_column]<div class=\"sc_testimonials_wrap sc_section\" style=\"background-image:url(https:\/\/festivalpoesiabsas.com.ar\/festivales-anteriores\/wp-content\/uploads\/2017\/05\/bk-performers-home-1.png);\"><div class=\"sc_section_overlay\" style=\"\"><div id=\"sc_testimonials_1920361606\" class=\"sc_testimonials sc_testimonials_style_testimonials-2  margin_top_small margin_bottom_small transparent_testimonials aligncenter\" style=\"width:100%;\"><div class=\"sc_slider_swiper swiper-slider-container sc_slider_nopagination sc_slider_nocontrols sc_slider_height_auto\" data-interval=\"5030\" data-slides-space=\"100\" data-slides-min-width=\"250\"><div class=\"slides swiper-wrapper\"><div class=\"swiper-slide\" data-style=\"width:100%;\" style=\"width:100%;\">\t\t\t<div id=\"sc_testimonials_1920361606_1\" class=\"sc_testimonial_item\">\n\t\t\t\t<div class=\"sc_testimonial_content\"><p>Poeta<\/p>\n<p>Alguien que ha descubierto algo en el mundo<\/p>\n<\/div>\n\t\t\t\t\t\t\t\t<div class=\"sc_testimonial_author\"><span class=\"sc_testimonial_author_name\">Nelson Fernando Londo\u00f1o<\/span><span class=\"sc_testimonial_author_position\">, ni\u00f1o, 9 a\u00f1os, Colombia<\/span><\/div>\n\t\t\t\t\t\t\t<\/div>\n\t\t<\/div><div class=\"swiper-slide\" data-style=\"width:100%;\" style=\"width:100%;\">\t\t\t<div id=\"sc_testimonials_1920361606_2\" class=\"sc_testimonial_item\">\n\t\t\t\t<div class=\"sc_testimonial_content\"><p>Lenguaje<\/p>\n<p>La piel<\/p>\n<\/div>\n\t\t\t\t\t\t\t\t<div class=\"sc_testimonial_author\"><span class=\"sc_testimonial_author_name\">V\u00edctor Alfonso Soto<\/span><span class=\"sc_testimonial_author_position\">, ni\u00f1o de 7 a\u00f1os,  Colombia.<\/span><\/div>\n\t\t\t\t\t\t\t<\/div>\n\t\t<\/div><div class=\"swiper-slide\" data-style=\"width:100%;\" style=\"width:100%;\">\t\t\t<div id=\"sc_testimonials_1920361606_3\" class=\"sc_testimonial_item\">\n\t\t\t\t<div class=\"sc_testimonial_content\"><p>El poeta ve lo po\u00e9tico aun en las cosas m\u00e1s cotidianas.<\/p>\n<\/div>\n\t\t\t\t\t\t\t\t<div class=\"sc_testimonial_author\"><span class=\"sc_testimonial_author_name\">Olga Orozco (1920-1999)<\/span><span class=\"sc_testimonial_author_position\">, Poeta argentina.<\/span><\/div>\n\t\t\t\t\t\t\t<\/div>\n\t\t<\/div><div class=\"swiper-slide\" data-style=\"width:100%;\" style=\"width:100%;\">\t\t\t<div id=\"sc_testimonials_1920361606_4\" class=\"sc_testimonial_item\">\n\t\t\t\t<div class=\"sc_testimonial_content\"><p>El hombre sordo a la voz de la poes\u00eda es un b\u00e1rbaro.<\/p>\n<\/div>\n\t\t\t\t\t\t\t\t<div class=\"sc_testimonial_author\"><span class=\"sc_testimonial_author_name\">Johann W. Goethe (1749-1832)<\/span><span class=\"sc_testimonial_author_position\">, Poeta  y dramaturgo alem\u00e1n.<\/span><\/div>\n\t\t\t\t\t\t\t<\/div>\n\t\t<\/div><div class=\"swiper-slide\" data-style=\"width:100%;\" style=\"width:100%;\">\t\t\t<div id=\"sc_testimonials_1920361606_5\" class=\"sc_testimonial_item\">\n\t\t\t\t<div class=\"sc_testimonial_content\"><p>En el fondo, un poema no es algo que se ve, sino la luz que nos permite ver. Y lo que vemos es la vida.<\/p>\n<\/div>\n\t\t\t\t\t\t\t\t<div class=\"sc_testimonial_author\"><span class=\"sc_testimonial_author_name\">Robert Penn Warren (1905-1989)<\/span><span class=\"sc_testimonial_author_position\">, Novelista, poeta y cr\u00edtico literario estadounidense.<\/span><\/div>\n\t\t\t\t\t\t\t<\/div>\n\t\t<\/div><\/div><div class=\"sc_slider_controls_wrap\"><a class=\"sc_slider_prev\" href=\"#\"><\/a><a class=\"sc_slider_next\" href=\"#\"><\/a><\/div><div class=\"sc_slider_pagination_wrap\"><\/div><\/div><\/div><\/div><\/div>[\/vc_column][\/vc_row][vc_row][vc_column][vc_column_text]Antecedida y apoyada en las experiencias de Viena, Medell\u00edn y La Habana, naci\u00f3 la Escuela Internacional de Poes\u00eda que, en su sexta edici\u00f3n, se realizar\u00e1 en el marco del FIP. XII Festival Internacional de Poes\u00eda de Buenos Aires. Este encuentro se llevar\u00e1 a cabo desde el mi\u00e9rcoles 14 al domingo 18 de Junio del presente a\u00f1o.<\/p>\n<p>El prop\u00f3sito de la Escuela es indagar la experiencia po\u00e9tica desde diferentes \u00f3pticas para intentar responder algunas preguntas enga\u00f1osamente simples: \u00bfqu\u00e9 es la poes\u00eda?, \u00bfqu\u00e9 hacer con un libro de poemas?, \u00bfde d\u00f3nde surge un poema?,\u00a0\u00bfpara qu\u00e9 sirve la poes\u00eda?, \u00bfqu\u00e9 nos hace el poema?<\/p>\n<p>A trav\u00e9s de actividades acad\u00e9micas no formales realizadas por algunos de los escritores que nos visitan, mostraremos las posibilidades creativas de la palabra, estimulando la reflexi\u00f3n alrededor de los interrogantes arriba planteados para que la puerta de acceso a la poes\u00eda,\u00a0que para muchos\u00a0 permanece cerrada, \u00a0se abra generosa.<\/p>\n<p>Nos proponemos captar nuevos lectores, j\u00f3venes, y que aprendamos entre todos con propuestas divertidas, nuevas formas de decir la poes\u00eda, utilizando el cuerpo, la voz, el canto, entre otras.<\/p>\n<p>La poes\u00eda no es s\u00f3lo la que escriben los poetas, es una mirada po\u00e9tica que puede tener cualquier ser y que lo enriquece para poder ampliar el universo.<\/p>\n<p>Es casi un lugar com\u00fan creer que s\u00f3lo pueden acceder los elegidos, esos \u201cmuy estudiados\u201d. \u00bfY si la poes\u00eda estuviera en todas partes, esperando la atenci\u00f3n de cualquiera para ser develada?<\/p>\n<p>Muchos, en su vida cotidiana, eluden abordar un libro de poemas porque la poes\u00eda exige y puede incomodar al desnudar tantas cosas. Pero para los que trabajan en las bibliotecas, los maestros, los que quieren dar lectura a los otros, para el padre que se sienta en las noches a leerle a su hijo mientras entra en el sue\u00f1o,\u00a0para aquel que quiera\u00a0escuchar la m\u00fasica del mundo en el caracol donde resuena, que es\u00a0<em>el poema<\/em>\u00a0-seg\u00fan Octavio Paz-,\u00a0para ellos y todos ofrecemos esta Escuela de Poes\u00eda que pretende descubrir matices de la enorme potencia de lo po\u00e9tico.<\/p>\n<p>Queremos, ayudados por ustedes, contar el poder de las palabras y su riqueza cotidiana, hablar de la contemplaci\u00f3n, del pensamiento y los sue\u00f1os. Hablar de tantas cosas de nuestro ser, \u00a0hermosas, crueles y canallas que tambi\u00e9n la poes\u00eda enciende, para no olvidar y revelar su condici\u00f3n, en su justa y precisa medida o f\u00e9rtil desmesura.\u00a0La poes\u00eda nos ayuda a ver, a vernos.[\/vc_column_text][\/vc_column][\/vc_row]<\/p>\n<\/div><!-- AddThis Advanced Settings generic via filter on the_content --><!-- AddThis Share Buttons generic via filter on the_content -->","protected":false},"excerpt":{"rendered":"<p>[vc_row css=&#8221;.vc_custom_1494885783598{margin-bottom: 50px !important;}&#8221;][vc_column][\/vc_column][\/vc_row][vc_row][vc_column][vc_column_text]Antecedida y apoyada en las experiencias de Viena, Medell\u00edn y La Habana, naci\u00f3 la Escuela Internacional de Poes\u00eda que, en su sexta edici\u00f3n, se realizar\u00e1 en el [&hellip;]<!-- AddThis Advanced Settings generic via filter on get_the_excerpt --><!-- AddThis Share Buttons generic via filter on get_the_excerpt --><\/p>\n","protected":false},"author":1,"featured_media":0,"parent":0,"menu_order":0,"comment_status":"closed","ping_status":"closed","template":"","meta":{"footnotes":""},"_links":{"self":[{"href":"https:\/\/festivalpoesiabsas.com.ar\/festivales-anteriores\/index.php?rest_route=\/wp\/v2\/pages\/5082"}],"collection":[{"href":"https:\/\/festivalpoesiabsas.com.ar\/festivales-anteriores\/index.php?rest_route=\/wp\/v2\/pages"}],"about":[{"href":"https:\/\/festivalpoesiabsas.com.ar\/festivales-anteriores\/index.php?rest_route=\/wp\/v2\/types\/page"}],"author":[{"embeddable":true,"href":"https:\/\/festivalpoesiabsas.com.ar\/festivales-anteriores\/index.php?rest_route=\/wp\/v2\/users\/1"}],"replies":[{"embeddable":true,"href":"https:\/\/festivalpoesiabsas.com.ar\/festivales-anteriores\/index.php?rest_route=%2Fwp%2Fv2%2Fcomments&post=5082"}],"version-history":[{"count":11,"href":"https:\/\/festivalpoesiabsas.com.ar\/festivales-anteriores\/index.php?rest_route=\/wp\/v2\/pages\/5082\/revisions"}],"predecessor-version":[{"id":5972,"href":"https:\/\/festivalpoesiabsas.com.ar\/festivales-anteriores\/index.php?rest_route=\/wp\/v2\/pages\/5082\/revisions\/5972"}],"wp:attachment":[{"href":"https:\/\/festivalpoesiabsas.com.ar\/festivales-anteriores\/index.php?rest_route=%2Fwp%2Fv2%2Fmedia&parent=5082"}],"curies":[{"name":"wp","href":"https:\/\/api.w.org\/{rel}","templated":true}]}}