{"id":5020,"date":"2017-05-08T16:43:14","date_gmt":"2017-05-08T19:43:14","guid":{"rendered":"https:\/\/festivalpoesiabsas.com.ar\/festivales-anteriores\/?page_id=5020"},"modified":"2021-09-24T19:13:25","modified_gmt":"2021-09-24T22:13:25","slug":"participantes-2012","status":"publish","type":"page","link":"https:\/\/festivalpoesiabsas.com.ar\/festivales-anteriores\/?page_id=5020","title":{"rendered":"Participantes 2012"},"content":{"rendered":"<div class=\"wpb-content-wrapper\"><p>[vc_row][vc_column][vc_column_text]Cristian Aliaga (Argentina \u2013 Darregueira \u2013 Chubut)<br \/>\nTeresa Arij\u00f3n (Argentina \u2013 CABA)<br \/>\nMarita Balla (Argentina \u2013 Paran\u00e1, Entre R\u00edos)<br \/>\nCanela (Gigliola Zecchin) (Italia \u2013 CABA)<br \/>\nC\u00e9sar Cantoni (Argentina \u2013 La Plata)<br \/>\nLola Castro (Argentina \u2013 San Salvador de Jujuy)<br \/>\nJavier C\u00f3freces (Argentina \u2013 CABA)<br \/>\nBruno Doucey (Francia)<br \/>\nLouise Dupr\u00e9 (Qu\u00e9bec, Canad\u00e1)<br \/>\nRoberto Fern\u00e1ndez Retamar (La Habana, Cuba)<br \/>\nLuisa Futoransky (Argentina \u2013 Par\u00eds, Francia)<br \/>\nCarlos Garro Aguilar (Argentina \u2013 C\u00f3rdoba)<br \/>\nGiovanny G\u00f3mez (Bogot\u00e1, Colombia)<br \/>\nOtoniel Guevara G (El Salvador)<br \/>\n\u00c1lvaro Inostroza Bidart (Santiago de Chile)<br \/>\nJackie Kay (Escocia)<br \/>\nHumberto Lobbosco (Argentina \u2013 Rosario)<br \/>\nMagia L\u00f3pez (La Habana, Cuba)<br \/>\nIn\u00e9s Manzano (Argentina \u2013 CABA)<br \/>\nManuel Augusto Mart\u00ednez Novillo (Argentina \u2013 Tucum\u00e1n)<br \/>\nEsteban Moore (Argentina \u2013 CABA)<br \/>\nKishwar Naheed (Pakist\u00e1n)<br \/>\nFernando Noy (Argentina \u2013 CABA)<br \/>\nAmir Or (Israel)<br \/>\nFrancesc Parcerisas (Barcelona, Espa\u00f1a)<br \/>\nRigoberto Paredes (Honduras)<br \/>\nDaniel Samoilovich (Argentina \u2013 CABA)[\/vc_column_text][\/vc_column][\/vc_row]<\/p>\n<\/div><!-- AddThis Advanced Settings generic via filter on the_content --><!-- AddThis Share Buttons generic via filter on the_content -->","protected":false},"excerpt":{"rendered":"<p>[vc_row][vc_column][vc_column_text]Cristian Aliaga (Argentina \u2013 Darregueira \u2013 Chubut) Teresa Arij\u00f3n (Argentina \u2013 CABA) Marita Balla (Argentina \u2013 Paran\u00e1, Entre R\u00edos) Canela (Gigliola Zecchin) (Italia \u2013 CABA) C\u00e9sar Cantoni (Argentina \u2013 La [&hellip;]<!-- AddThis Advanced Settings generic via filter on get_the_excerpt --><!-- AddThis Share Buttons generic via filter on get_the_excerpt --><\/p>\n","protected":false},"author":1,"featured_media":0,"parent":0,"menu_order":0,"comment_status":"closed","ping_status":"closed","template":"","meta":{"footnotes":""},"_links":{"self":[{"href":"https:\/\/festivalpoesiabsas.com.ar\/festivales-anteriores\/index.php?rest_route=\/wp\/v2\/pages\/5020"}],"collection":[{"href":"https:\/\/festivalpoesiabsas.com.ar\/festivales-anteriores\/index.php?rest_route=\/wp\/v2\/pages"}],"about":[{"href":"https:\/\/festivalpoesiabsas.com.ar\/festivales-anteriores\/index.php?rest_route=\/wp\/v2\/types\/page"}],"author":[{"embeddable":true,"href":"https:\/\/festivalpoesiabsas.com.ar\/festivales-anteriores\/index.php?rest_route=\/wp\/v2\/users\/1"}],"replies":[{"embeddable":true,"href":"https:\/\/festivalpoesiabsas.com.ar\/festivales-anteriores\/index.php?rest_route=%2Fwp%2Fv2%2Fcomments&post=5020"}],"version-history":[{"count":2,"href":"https:\/\/festivalpoesiabsas.com.ar\/festivales-anteriores\/index.php?rest_route=\/wp\/v2\/pages\/5020\/revisions"}],"predecessor-version":[{"id":8802,"href":"https:\/\/festivalpoesiabsas.com.ar\/festivales-anteriores\/index.php?rest_route=\/wp\/v2\/pages\/5020\/revisions\/8802"}],"wp:attachment":[{"href":"https:\/\/festivalpoesiabsas.com.ar\/festivales-anteriores\/index.php?rest_route=%2Fwp%2Fv2%2Fmedia&parent=5020"}],"curies":[{"name":"wp","href":"https:\/\/api.w.org\/{rel}","templated":true}]}}