{"id":4001,"date":"2006-10-08T10:54:12","date_gmt":"2006-10-08T13:54:12","guid":{"rendered":"https:\/\/festivalpoesiabsas.com.ar\/festivales-anteriores\/?page_id=4001"},"modified":"2021-09-24T19:12:09","modified_gmt":"2021-09-24T22:12:09","slug":"festival-de-poesia-2006","status":"publish","type":"page","link":"https:\/\/festivalpoesiabsas.com.ar\/festivales-anteriores\/?page_id=4001","title":{"rendered":"Festival de Poes\u00eda 2006"},"content":{"rendered":"<p><strong>Participantes<\/strong><\/p>\n<p>\u00c1lvaro Ojeda (Uruguay)<br \/>\nCarlos Germ\u00e1n Belli (Per\u00fa)<br \/>\nCoral Bracho (M\u00e9xico)<br \/>\nCristina Pi\u00f1a (Argentina \u2013 CABA)<br \/>\nDaniel Freidemberg (Argentina \u2013 CABA)<br \/>\nEduardo Mileo (Argentina \u2013 CABA)<br \/>\nEugenia Cabral (Argentina \u2013 C\u00f3rdoba)<br \/>\nH\u00e9ctor Hern\u00e1n Zapata Londo\u00f1o (Colombia)<br \/>\nH\u00e9ctor Miguel \u00c1ngeli (Argentina \u2013 CABA)<br \/>\nJavier Ad\u00fariz (Argentina \u2013 CABA)<br \/>\nJorge Boccanera (Argentina \u2013 Provincia de Buenos Aires)<br \/>\nJorge Montealegre (Chile)<br \/>\nJuan Carlos Mois\u00e9s (Argentina \u2013 Chubut)<br \/>\nJuan Jos\u00e9 Hern\u00e1ndez (Argentina \u2013 CABA)<br \/>\nJuan Menegu\u00edn (Argentina \u2013 Entre R\u00edos)<br \/>\nJulio Castellanos (Argentina \u2013 C\u00f3rdoba)<br \/>\nKazuko Shiraishi (Jap\u00f3n)<br \/>\nLuc\u00eda Carmona La Rioja<br \/>\nMar\u00eda del Carmen Colombo (Argentina \u2013 CABA)<br \/>\nMar\u00eda Victoria Su\u00e1rez (Argentina \u2013 CABA)<br \/>\nM\u00e1ximo Simpson (Argentina \u2013 CABA)<br \/>\nNancy Morej\u00f3n (Cuba)<br \/>\nPatricio Torne (Argentina \u2013 San Luis)<br \/>\nRafael Felipe Oteri\u00f1o (Argentina \u2013 Provincia de Buenos Aires)<br \/>\nRa\u00fal Ar\u00e1oz Anzo\u00e1tegui (Argentina \u2013 Salta)<br \/>\nSusy Delgado (Paraguay)<br \/>\nVer\u00f3nica Zondek (Chile)<br \/>\nV\u00edctor Redondo (Argentina \u2013 CABA)<\/p>\n<!-- AddThis Advanced Settings generic via filter on the_content --><!-- AddThis Share Buttons generic via filter on the_content -->","protected":false},"excerpt":{"rendered":"<p>Participantes \u00c1lvaro Ojeda (Uruguay) Carlos Germ\u00e1n Belli (Per\u00fa) Coral Bracho (M\u00e9xico) Cristina Pi\u00f1a (Argentina \u2013 CABA) Daniel Freidemberg (Argentina \u2013 CABA) Eduardo Mileo (Argentina \u2013 CABA) Eugenia Cabral (Argentina \u2013 [&hellip;]<!-- AddThis Advanced Settings generic via filter on get_the_excerpt --><!-- AddThis Share Buttons generic via filter on get_the_excerpt --><\/p>\n","protected":false},"author":1,"featured_media":0,"parent":0,"menu_order":-1,"comment_status":"closed","ping_status":"closed","template":"","meta":{"footnotes":""},"_links":{"self":[{"href":"https:\/\/festivalpoesiabsas.com.ar\/festivales-anteriores\/index.php?rest_route=\/wp\/v2\/pages\/4001"}],"collection":[{"href":"https:\/\/festivalpoesiabsas.com.ar\/festivales-anteriores\/index.php?rest_route=\/wp\/v2\/pages"}],"about":[{"href":"https:\/\/festivalpoesiabsas.com.ar\/festivales-anteriores\/index.php?rest_route=\/wp\/v2\/types\/page"}],"author":[{"embeddable":true,"href":"https:\/\/festivalpoesiabsas.com.ar\/festivales-anteriores\/index.php?rest_route=\/wp\/v2\/users\/1"}],"replies":[{"embeddable":true,"href":"https:\/\/festivalpoesiabsas.com.ar\/festivales-anteriores\/index.php?rest_route=%2Fwp%2Fv2%2Fcomments&post=4001"}],"version-history":[{"count":6,"href":"https:\/\/festivalpoesiabsas.com.ar\/festivales-anteriores\/index.php?rest_route=\/wp\/v2\/pages\/4001\/revisions"}],"predecessor-version":[{"id":8803,"href":"https:\/\/festivalpoesiabsas.com.ar\/festivales-anteriores\/index.php?rest_route=\/wp\/v2\/pages\/4001\/revisions\/8803"}],"wp:attachment":[{"href":"https:\/\/festivalpoesiabsas.com.ar\/festivales-anteriores\/index.php?rest_route=%2Fwp%2Fv2%2Fmedia&parent=4001"}],"curies":[{"name":"wp","href":"https:\/\/api.w.org\/{rel}","templated":true}]}}