{"id":3206,"date":"2015-04-03T12:42:04","date_gmt":"2015-04-03T15:42:04","guid":{"rendered":"https:\/\/festivalpoesiabsas.com.ar\/festivales-anteriores\/?page_id=3206"},"modified":"2020-05-07T14:33:19","modified_gmt":"2020-05-07T17:33:19","slug":"programacion","status":"publish","type":"page","link":"https:\/\/festivalpoesiabsas.com.ar\/festivales-anteriores\/?page_id=3206","title":{"rendered":"Programaci\u00f3n 2016"},"content":{"rendered":"<p><\/p>\n<p class=\"p1\" style=\"text-align: left;\"><strong><span style=\"color: #c21b2d;\"><em><img loading=\"lazy\" decoding=\"async\" class=\"alignleft size-full wp-image-4350\" src=\"https:\/\/festivalpoesiabsas.com.ar\/festivales-anteriores\/wp-content\/uploads\/07.jpg\" alt=\"07\" width=\"621\" height=\"121\" data-id=\"4350\" srcset=\"https:\/\/festivalpoesiabsas.com.ar\/festivales-anteriores\/wp-content\/uploads\/07.jpg 621w, https:\/\/festivalpoesiabsas.com.ar\/festivales-anteriores\/wp-content\/uploads\/07-300x58.jpg 300w\" sizes=\"(max-width: 621px) 100vw, 621px\" \/><\/em><\/span><\/strong><\/p>\n<p class=\"p1\" style=\"text-align: left;\"><strong><span style=\"color: #c21b2d;\"><em><img loading=\"lazy\" decoding=\"async\" class=\" size-full wp-image-4355 alignnone\" src=\"https:\/\/festivalpoesiabsas.com.ar\/festivales-anteriores\/wp-content\/uploads\/cck_6to.jpg\" alt=\"cck_6to\" width=\"621\" height=\"25\" data-id=\"4355\" srcset=\"https:\/\/festivalpoesiabsas.com.ar\/festivales-anteriores\/wp-content\/uploads\/cck_6to.jpg 621w, https:\/\/festivalpoesiabsas.com.ar\/festivales-anteriores\/wp-content\/uploads\/cck_6to-300x12.jpg 300w\" sizes=\"(max-width: 621px) 100vw, 621px\" \/><\/em><\/span><\/strong><\/p>\n<p><strong><span style=\"color: #999966;\">19:00 hs.<\/span><\/strong><br \/>\n<strong>Inauguraci\u00f3n<\/strong><br \/>\nProyecci\u00f3n de un video institucional<br \/>\nPalabras de Bienvenida: Gustavo Mozzi, Graciela Ar\u00e1oz, Hern\u00e1n Lombardi<\/p>\n<p><strong><span style=\"color: #999966;\">19:30 hs.<\/span><\/strong><br \/>\nProyecci\u00f3n de la\u00a0 entrevista a Jorge Luis Borges en \u201cA Fondo\u201d (1976), realizada por el periodista espa\u00f1ol Joaqu\u00edn Soler Serrano.<\/p>\n<p><strong><span style=\"color: #999966;\">20:00 hs.<\/span><\/strong><br \/>\nDmitry Legeza\u00a0 (Rusia), Giorgio Luzzi (Italia), Hugo Mujica (Ciudad Aut\u00f3noma de Buenos Aires)<\/p>\n<p><strong><span style=\"color: #999966;\">20:45 hs.<\/span><\/strong><br \/>\n<em>Un Soldado entre poetas<\/em><br \/>\nEspect\u00e1culo ac\u00fastico a cargo del cantautor argentino El Soldado<\/p>\n<p>Anfitri\u00f3n: V\u00edctor Redondo.<\/p>\n<p><strong><img loading=\"lazy\" decoding=\"async\" class=\"alignleft size-full wp-image-4351\" src=\"https:\/\/festivalpoesiabsas.com.ar\/festivales-anteriores\/wp-content\/uploads\/08.jpg\" alt=\"08\" width=\"621\" height=\"121\" data-id=\"4351\" srcset=\"https:\/\/festivalpoesiabsas.com.ar\/festivales-anteriores\/wp-content\/uploads\/08.jpg 621w, https:\/\/festivalpoesiabsas.com.ar\/festivales-anteriores\/wp-content\/uploads\/08-300x58.jpg 300w\" sizes=\"(max-width: 621px) 100vw, 621px\" \/><img loading=\"lazy\" decoding=\"async\" class=\" size-full wp-image-4359 aligncenter\" src=\"https:\/\/festivalpoesiabsas.com.ar\/festivales-anteriores\/wp-content\/uploads\/sea.jpg\" alt=\"sea\" width=\"621\" height=\"25\" data-id=\"4359\" srcset=\"https:\/\/festivalpoesiabsas.com.ar\/festivales-anteriores\/wp-content\/uploads\/sea.jpg 621w, https:\/\/festivalpoesiabsas.com.ar\/festivales-anteriores\/wp-content\/uploads\/sea-300x12.jpg 300w\" sizes=\"(max-width: 621px) 100vw, 621px\" \/><span style=\"color: #999966;\">12:00 hs. a 15:00 hs.<\/span><\/strong><br \/>\n<em>Poes\u00eda, sabores y perfumes.<\/em><br \/>\nParticipan todos los poetas del Festival.<\/p>\n<p class=\"p1\" style=\"text-align: left;\"><strong><span style=\"color: #c21b2d;\"><em><img loading=\"lazy\" decoding=\"async\" class=\" size-full wp-image-4355 aligncenter\" src=\"https:\/\/festivalpoesiabsas.com.ar\/festivales-anteriores\/wp-content\/uploads\/cck_6to.jpg\" alt=\"cck_6to\" width=\"621\" height=\"25\" data-id=\"4355\" srcset=\"https:\/\/festivalpoesiabsas.com.ar\/festivales-anteriores\/wp-content\/uploads\/cck_6to.jpg 621w, https:\/\/festivalpoesiabsas.com.ar\/festivales-anteriores\/wp-content\/uploads\/cck_6to-300x12.jpg 300w\" sizes=\"(max-width: 621px) 100vw, 621px\" \/><\/em><\/span><\/strong><\/p>\n<p><strong><span style=\"color: #999966;\">19:00 hs.<\/span><\/strong><br \/>\n<strong>Recital de poes\u00eda uno<\/strong><br \/>\nParticipan:<br \/>\nAna Guillot (Ciudad Aut\u00f3noma de Buenos Aires, Argentina), Florencia L\u00f3pez (San Luis, Argentina)<br \/>\ny Yuyutsu Shama (India).<\/p>\n<p><strong><span style=\"color: #999966;\">19:30 hs.<\/span><\/strong><br \/>\n<strong>Recital de poes\u00eda dos<\/strong><br \/>\nParticipan:<br \/>\nMarta Cwielong (Pcia. de Buenos Aires), Giovanni Catelli (Italia), Benjam\u00edn Ch\u00e1vez (Bolivia).<\/p>\n<p><strong><span style=\"color: #999966;\">20:00 hs.<\/span><\/strong><br \/>\n<strong>Recital de poes\u00eda tres<\/strong><br \/>\nParticipan:<br \/>\nJulio Pirrera Quiroga (Buenos Aires, Argentina), Thomas Boberg (Dinamarca)<\/p>\n<p><strong><span style=\"color: #999966;\">20:30 hs.<\/span><\/strong><br \/>\n<strong>Recital de poes\u00eda cuatro<\/strong><br \/>\nParticipan:<br \/>\nSandra Cornejo (Buenos Aires, Argentina), Minerva Margarita Villarreal (M\u00e9xico) y Eugenio Mandrini (Ciudad Aut\u00f3noma de Buenos Aires, Argentina).<\/p>\n<p><em>Anfitriones de la gala: Graciela Ar\u00e1oz y V\u00edctor Redondo.<\/em><\/p>\n<p><img loading=\"lazy\" decoding=\"async\" class=\"alignleft size-full wp-image-4352\" src=\"https:\/\/festivalpoesiabsas.com.ar\/festivales-anteriores\/wp-content\/uploads\/09.jpg\" alt=\"09\" width=\"621\" height=\"121\" data-id=\"4352\" srcset=\"https:\/\/festivalpoesiabsas.com.ar\/festivales-anteriores\/wp-content\/uploads\/09.jpg 621w, https:\/\/festivalpoesiabsas.com.ar\/festivales-anteriores\/wp-content\/uploads\/09-300x58.jpg 300w\" sizes=\"(max-width: 621px) 100vw, 621px\" \/><img loading=\"lazy\" decoding=\"async\" class=\" size-full wp-image-4356 aligncenter\" src=\"https:\/\/festivalpoesiabsas.com.ar\/festivales-anteriores\/wp-content\/uploads\/cck_mercado.jpg\" alt=\"cck_mercado\" width=\"621\" height=\"45\" data-id=\"4356\" srcset=\"https:\/\/festivalpoesiabsas.com.ar\/festivales-anteriores\/wp-content\/uploads\/cck_mercado.jpg 621w, https:\/\/festivalpoesiabsas.com.ar\/festivales-anteriores\/wp-content\/uploads\/cck_mercado-300x22.jpg 300w\" sizes=\"(max-width: 621px) 100vw, 621px\" \/><\/p>\n<p><strong><span style=\"color: #999966;\">10:15 hs.<\/span><\/strong><br \/>\n<strong>Tourn\u00e9e de poetas por el subte. <\/strong><br \/>\n<strong>Desde el CCK hasta el Mercado <\/strong><strong><em>Del Progreso<\/em>.<\/strong><\/p>\n<p><img loading=\"lazy\" decoding=\"async\" class=\" size-full wp-image-4358 alignnone\" src=\"https:\/\/festivalpoesiabsas.com.ar\/festivales-anteriores\/wp-content\/uploads\/mercado.jpg\" alt=\"mercado\" width=\"621\" height=\"25\" data-id=\"4358\" srcset=\"https:\/\/festivalpoesiabsas.com.ar\/festivales-anteriores\/wp-content\/uploads\/mercado.jpg 621w, https:\/\/festivalpoesiabsas.com.ar\/festivales-anteriores\/wp-content\/uploads\/mercado-300x12.jpg 300w\" sizes=\"(max-width: 621px) 100vw, 621px\" \/><\/p>\n<p><strong><span style=\"color: #999966;\">11:00 hs.<\/span><\/strong><br \/>\n<strong>Poetas con Meg\u00e1fono.<\/strong><br \/>\nRecorrido po\u00e9tico por los pasillos del mercado a cargo de los poetas participantes del Festival y del p\u00fablico que desee intervenir.<\/p>\n<p><img loading=\"lazy\" decoding=\"async\" class=\"alignleft size-full wp-image-4355\" src=\"https:\/\/festivalpoesiabsas.com.ar\/festivales-anteriores\/wp-content\/uploads\/cck_6to.jpg\" alt=\"cck_6to\" width=\"621\" height=\"25\" data-id=\"4355\" srcset=\"https:\/\/festivalpoesiabsas.com.ar\/festivales-anteriores\/wp-content\/uploads\/cck_6to.jpg 621w, https:\/\/festivalpoesiabsas.com.ar\/festivales-anteriores\/wp-content\/uploads\/cck_6to-300x12.jpg 300w\" sizes=\"(max-width: 621px) 100vw, 621px\" \/><\/p>\n<p><strong><span style=\"color: #999966;\">19:00 hs.<\/span><\/strong><br \/>\n<strong>Performance<\/strong><br \/>\nMiroslav Scheuba (Ciudad Aut\u00f3noma de Buenos Aires, Argentina).<br \/>\n<em>Informe desde la ciudad sitiada<\/em>, poema de Zbigniew Herbert, poeta polaco.<\/p>\n<p><strong><span style=\"color: #999966;\">19:10 hs.<\/span><\/strong><br \/>\n<strong>Recital de poes\u00eda seis<\/strong><br \/>\nParticipan:<br \/>\nAndr\u00e9s Montenegro (Buenos Aires, Argentina), y Serge Patrice Thibodeau (Canad\u00e1).<\/p>\n<p><strong><span style=\"color: #999966;\">19:30 hs.<\/span><\/strong><br \/>\n<strong>Recital de poes\u00eda siete<\/strong><br \/>\nParticipan:<br \/>\nMarina Serrano (Ciudad Aut\u00f3noma de Buenos Aires, Argentina), Lina Ekdahl (Suecia) y Rebeca Chambi (Jujuy, Argentina).<\/p>\n<p><strong><span style=\"color: #999966;\">20:00 hs.<\/span><\/strong><br \/>\n<em>La poes\u00eda le\u00edda desde la narrativa.<\/em><br \/>\nCarlos Gamerro, narrador y ensayista.<\/p>\n<p><strong><span style=\"color: #999966;\">20:30 hs.<\/span><\/strong><br \/>\n<strong>Recital de poes\u00eda ocho<\/strong><br \/>\nParticipan:<br \/>\nSasja Janssen (Holanda), Mal\u00fa Urriola (Chile)<br \/>\ny Jorge Fondebrider (Ciudad Aut\u00f3noma de Buenos Aires, Argentina).<\/p>\n<p><em>Anfitriones: Graciela Ar\u00e1oz y V\u00edctor Redondo<\/em><\/p>\n<p><img loading=\"lazy\" decoding=\"async\" class=\"alignleft size-full wp-image-4353\" src=\"https:\/\/festivalpoesiabsas.com.ar\/festivales-anteriores\/wp-content\/uploads\/10.jpg\" alt=\"10\" width=\"621\" height=\"121\" data-id=\"4353\" srcset=\"https:\/\/festivalpoesiabsas.com.ar\/festivales-anteriores\/wp-content\/uploads\/10.jpg 621w, https:\/\/festivalpoesiabsas.com.ar\/festivales-anteriores\/wp-content\/uploads\/10-300x58.jpg 300w\" sizes=\"(max-width: 621px) 100vw, 621px\" \/><\/p>\n<p class=\"p1\" style=\"text-align: left;\"><strong><span style=\"color: #c21b2d;\"><em><img loading=\"lazy\" decoding=\"async\" class=\" size-full wp-image-4355 alignnone\" src=\"https:\/\/festivalpoesiabsas.com.ar\/festivales-anteriores\/wp-content\/uploads\/cck_6to.jpg\" alt=\"cck_6to\" width=\"621\" height=\"25\" data-id=\"4355\" srcset=\"https:\/\/festivalpoesiabsas.com.ar\/festivales-anteriores\/wp-content\/uploads\/cck_6to.jpg 621w, https:\/\/festivalpoesiabsas.com.ar\/festivales-anteriores\/wp-content\/uploads\/cck_6to-300x12.jpg 300w\" sizes=\"(max-width: 621px) 100vw, 621px\" \/><\/em><\/span><\/strong><\/p>\n<p><strong><span style=\"color: #999966;\">19:00 hs.<\/span><\/strong><br \/>\n<strong>Recital de poes\u00eda nueve<\/strong><br \/>\nParticipan:<br \/>\nClaudio Lo Menzo (Ciudad Aut\u00f3noma de Buenos Aires, Argentina) Julio Salgado (Santiago del Estero-Ciudad Aut\u00f3noma de Buenos Aires, Argentina), y Kentaro Tanaka (Jap\u00f3n).<\/p>\n<p><strong><span style=\"color: #999966;\">19:30 hs.<\/span><\/strong><br \/>\n<strong>Recital de poes\u00eda diez<\/strong><br \/>\nParticipan:<br \/>\nBerta Garc\u00eda Faet (Espa\u00f1a-EEUU), Moon Chung-hee (Corea del Sur) y Numy Silva (Paraguay-Misiones, Argentina).<\/p>\n<p><strong><span style=\"color: #999966;\">20:00 hs.<\/span><\/strong><br \/>\n<strong>Performance<\/strong><br \/>\nElisa Lucinda (Brasil).<br \/>\n<em>A poes\u00eda viva.<\/em><\/p>\n<p><strong><span style=\"color: #999966;\">20:45 hs.<\/span><\/strong><br \/>\n<strong>Recital de poes\u00eda once<\/strong><br \/>\nParticipan:<br \/>\nMireia Calafell (Espa\u00f1a), Lu\u00eds Serguilha (Portugal-Brasil) y Laura Garc\u00eda del Casta\u00f1o (C\u00f3rdoba, Argentina).<\/p>\n<p><strong><span style=\"color: #999966;\">21:15 hs.<\/span><\/strong><br \/>\n<strong>Recital de poes\u00eda doce<\/strong><br \/>\nParticipan:<br \/>\nMirta Rosenberg (Santa Fe- Ciudad Aut\u00f3noma, Argentina) y Adnan \u00d6zer (Turqu\u00eda).<\/p>\n<p><em>Anfitriona de la gala: Graciela Ar\u00e1oz<\/em><\/p>\n<p><img loading=\"lazy\" decoding=\"async\" class=\"alignleft size-full wp-image-4354\" src=\"https:\/\/festivalpoesiabsas.com.ar\/festivales-anteriores\/wp-content\/uploads\/11.jpg\" alt=\"11\" width=\"621\" height=\"121\" data-id=\"4354\" srcset=\"https:\/\/festivalpoesiabsas.com.ar\/festivales-anteriores\/wp-content\/uploads\/11.jpg 621w, https:\/\/festivalpoesiabsas.com.ar\/festivales-anteriores\/wp-content\/uploads\/11-300x58.jpg 300w\" sizes=\"(max-width: 621px) 100vw, 621px\" \/><\/p>\n<p class=\"p1\" style=\"text-align: left;\"><strong><span style=\"color: #c21b2d;\"><em><img loading=\"lazy\" decoding=\"async\" class=\" size-full wp-image-4355 alignnone\" src=\"https:\/\/festivalpoesiabsas.com.ar\/festivales-anteriores\/wp-content\/uploads\/cck_6to.jpg\" alt=\"cck_6to\" width=\"621\" height=\"25\" data-id=\"4355\" srcset=\"https:\/\/festivalpoesiabsas.com.ar\/festivales-anteriores\/wp-content\/uploads\/cck_6to.jpg 621w, https:\/\/festivalpoesiabsas.com.ar\/festivales-anteriores\/wp-content\/uploads\/cck_6to-300x12.jpg 300w\" sizes=\"(max-width: 621px) 100vw, 621px\" \/><\/em><\/span><\/strong><\/p>\n<p><strong><span style=\"color: #999966;\">19:30 hs.<\/span><\/strong><br \/>\nHasta luego Buenos Aires, dicen los poetas participantes del XI FIP 2016<br \/>\nLecturas de todos los poetas + Patricia Barone \/ Javier Gonz\u00e1lez y sus Tangos Por Venir + espect\u00e1culos m\u00faltiples.<\/p>\n<p><em>Anfitriones de la gala: Graciela Ar\u00e1oz y V\u00edctor Redondo.<\/em><img loading=\"lazy\" decoding=\"async\" class=\"alignleft size-full wp-image-598\" src=\"https:\/\/festivalpoesiabsas.com.ar\/festivales-anteriores\/wp-content\/uploads\/linea_n1.jpg\" alt=\"linea_n\" width=\"621\" height=\"9\" data-id=\"598\" srcset=\"https:\/\/festivalpoesiabsas.com.ar\/festivales-anteriores\/wp-content\/uploads\/linea_n1.jpg 621w, https:\/\/festivalpoesiabsas.com.ar\/festivales-anteriores\/wp-content\/uploads\/linea_n1-300x4.jpg 300w\" sizes=\"(max-width: 621px) 100vw, 621px\" \/><\/p>\n<p><strong><span style=\"color: #999966;\">DIRECCIONES<\/span><\/strong><br \/>\n<strong>CCK<\/strong>: Sarmiento 151.<br \/>\n<strong>Mercado <em>Del Progreso<\/em>:<\/strong> Av. Rivadavia 5430.<br \/>\n<strong>Sociedad de Escritoras y Escritores de laArgentina.-SEA-<\/strong>: Bartolom\u00e9 Mitre 2815 &#8211; piso 2\u00ba, Of. 227 a 230. Tel.: 48648101<br \/>\n<img loading=\"lazy\" decoding=\"async\" class=\"alignleft size-full wp-image-598\" src=\"https:\/\/festivalpoesiabsas.com.ar\/festivales-anteriores\/wp-content\/uploads\/linea_n1.jpg\" alt=\"linea_n\" width=\"621\" height=\"9\" data-id=\"598\" srcset=\"https:\/\/festivalpoesiabsas.com.ar\/festivales-anteriores\/wp-content\/uploads\/linea_n1.jpg 621w, https:\/\/festivalpoesiabsas.com.ar\/festivales-anteriores\/wp-content\/uploads\/linea_n1-300x4.jpg 300w\" sizes=\"(max-width: 621px) 100vw, 621px\" \/><\/p>\n<!-- AddThis Advanced Settings generic via filter on the_content --><!-- AddThis Share Buttons generic via filter on the_content -->","protected":false},"excerpt":{"rendered":"<p>19:00 hs. Inauguraci\u00f3n Proyecci\u00f3n de un video institucional Palabras de Bienvenida: Gustavo Mozzi, Graciela Ar\u00e1oz, Hern\u00e1n Lombardi 19:30 hs. Proyecci\u00f3n de la\u00a0 entrevista a Jorge Luis Borges en \u201cA Fondo\u201d [&hellip;]<!-- AddThis Advanced Settings generic via filter on get_the_excerpt --><!-- AddThis Share Buttons generic via filter on get_the_excerpt --><\/p>\n","protected":false},"author":1,"featured_media":0,"parent":0,"menu_order":0,"comment_status":"closed","ping_status":"closed","template":"","meta":{"footnotes":""},"_links":{"self":[{"href":"https:\/\/festivalpoesiabsas.com.ar\/festivales-anteriores\/index.php?rest_route=\/wp\/v2\/pages\/3206"}],"collection":[{"href":"https:\/\/festivalpoesiabsas.com.ar\/festivales-anteriores\/index.php?rest_route=\/wp\/v2\/pages"}],"about":[{"href":"https:\/\/festivalpoesiabsas.com.ar\/festivales-anteriores\/index.php?rest_route=\/wp\/v2\/types\/page"}],"author":[{"embeddable":true,"href":"https:\/\/festivalpoesiabsas.com.ar\/festivales-anteriores\/index.php?rest_route=\/wp\/v2\/users\/1"}],"replies":[{"embeddable":true,"href":"https:\/\/festivalpoesiabsas.com.ar\/festivales-anteriores\/index.php?rest_route=%2Fwp%2Fv2%2Fcomments&post=3206"}],"version-history":[{"count":59,"href":"https:\/\/festivalpoesiabsas.com.ar\/festivales-anteriores\/index.php?rest_route=\/wp\/v2\/pages\/3206\/revisions"}],"predecessor-version":[{"id":5484,"href":"https:\/\/festivalpoesiabsas.com.ar\/festivales-anteriores\/index.php?rest_route=\/wp\/v2\/pages\/3206\/revisions\/5484"}],"wp:attachment":[{"href":"https:\/\/festivalpoesiabsas.com.ar\/festivales-anteriores\/index.php?rest_route=%2Fwp%2Fv2%2Fmedia&parent=3206"}],"curies":[{"name":"wp","href":"https:\/\/api.w.org\/{rel}","templated":true}]}}