{"id":197,"date":"2008-04-15T17:07:56","date_gmt":"2008-04-15T20:07:56","guid":{"rendered":"https:\/\/festivalpoesiabsas.com.ar\/festivales-anteriores\/?page_id=197"},"modified":"2020-05-07T14:19:29","modified_gmt":"2020-05-07T17:19:29","slug":"festival-2008","status":"publish","type":"page","link":"https:\/\/festivalpoesiabsas.com.ar\/festivales-anteriores\/?page_id=197","title":{"rendered":"Festival de Poes\u00eda 2008"},"content":{"rendered":"<p><\/p>\n<h3>BREVES RESE\u00d1AS BIOGR\u00c1FICAS DE LOS PARTICIPANTES DEL<span style=\"color: #c21b2d;\">\u00a0III FESTIVAL INTERNACIONAL DE POES\u00cdA<\/span>\u00a0DE BUENOS AIRES, 2008<\/h3>\n<p><img loading=\"lazy\" decoding=\"async\" src=\"https:\/\/festivalpoesiabsas.com.ar\/festivales-anteriores\/wp-content\/uploads\/linea_n1.jpg\" alt=\"\" width=\"621\" height=\"9\" \/><br \/>\n<img loading=\"lazy\" decoding=\"async\" class=\"alignleft size-full wp-image-199\" src=\"https:\/\/festivalpoesiabsas.com.ar\/festivales-anteriores\/wp-content\/uploads\/f2008.jpg\" alt=\"f2008\" width=\"222\" height=\"300\" \/><\/p>\n<p><strong>Alejandro Archain<\/strong>\u00a0naci\u00f3 en San Fernando, Buenos Aires, en 1953. Public\u00f3\u00a0<em>El ojo<\/em>\u00a0<em>y el sue\u00f1o<\/em>,\u00a0<em>A tientas,<\/em>\u00a0<em>Ciudad de paso<\/em>y\u00a0<em>El jard\u00edn<\/em>\u00a0<em>y sus detalles<\/em>. Ha dirigido el \u00e1rea de comunicaci\u00f3n de importantes editoriales nacionales y extranjeras y es Gerente de Comunicaci\u00f3n y Marketing del Fondo de Cultura Econ\u00f3mica de Argentina. Public\u00f3 poemas y notas relacionadas con aspectos de la actividad editorial en diarios y revistas.<\/p>\n<p><strong>Alejandro Carrizo<\/strong>\u00a0naci\u00f3 en Jujuy en 1959. Es poeta. Dirigi\u00f3 la revista cultural El Duende. Public\u00f3\u00a0<em>Pena<\/em>\u00a0por Manuel J. Castilla,\u00a0<em>Vencedor de mariposas,<\/em><em>Elementos<\/em>,\u00a0<em>Fosa com\u00fan,<\/em>\u00a0<em>La marca,<\/em>\u00a0<em>Rabdomancia,<\/em>\u00a0<em>Tren al ocaso<\/em>\u00a0y\u00a0<em>Modulaci\u00f3n<\/em>. En 1986 obtuvo el Premio de Poes\u00eda del Fondo Nacional de las Artes.<\/p>\n<p><strong>Alejandro Margulis<\/strong>\u00a0es periodista y escritor, y dirige la editorial y agencia Ayesha (www.ayeshalibros.com.ar), continuidad de la revista de igual nombre, que difunde la literatura y las artes. Public\u00f3 libros de poes\u00eda, ficci\u00f3n y no ficci\u00f3n, adem\u00e1s de colaborar en numerosos blogs y sites de Argentina y el mundo. Escribi\u00f3 en Clar\u00edn, La Naci\u00f3n, Perfil, entre otros medios, y ejerce como free lance. Ense\u00f1\u00f3 en la UBA y fue conferencista y docente invitado en la universidad de Wisconsin, UADE y El Salvador de Buenos Aires, y UCA de Santa Fe y San Luis.<\/p>\n<p><strong>Alejo Gonz\u00e1lez Prandi<\/strong>\u00a0naci\u00f3 en Buenos Aires en 1974. Es periodista y autor del libro de poemas El Deshoje. Codirigi\u00f3 la revista de poes\u00eda\u00a0<em>El Vendedor de Tierra\u00a0<\/em>y edit\u00f3 los tr\u00edpticos\u00a0<em>El Pueblo Bajo las Nubes<\/em>. Poemas de su autor\u00eda fueron publicados en distintos medios del interior del pa\u00eds y en sitios web especializados en literatura. Condujo el programa radial\u00a0<em>Ladrones de Cerebros,<\/em>\u00a0emitido por Radio La Boca durante 2003.<\/p>\n<p><strong>Ana Marques Gast\u00e3o<\/strong>\u00a0naci\u00f3 en Portugal en 1962. Es poeta, redactora cultural y cr\u00edtica literaria. Se licenci\u00f3 en Derecho en la Universidade Cat\u00f3lica Portuguesa. Entre su obra destaca\u00a0<em>Tempo de Morrer<\/em>,\u00a0<em>Tempo para<\/em>\u00a0<em>Viver,<\/em>\u00a0<em>Terra sem M\u00e3e<\/em>,\u00a0<em>Nocturnos y N\u00f3s\/<\/em>\u00a0<em>Nudos.<\/em>\u00a0Integra varias antolog\u00edas y particip\u00f3 en diversos festivales internacionales. Algunos de sus poemas fueron traducidos al castellano, catal\u00e1n, franc\u00e9s, ingl\u00e9s, alem\u00e1n e italiano. Recibi\u00f3 el premio Pen Clube Portugu\u00eas de Poesia.<\/p>\n<p><strong>Arturo Carrera<\/strong>\u00a0naci\u00f3 en Pringles, Buenos Aires, en 1948. Fund\u00f3 con C\u00e9sar Aira la revista El Cielo. Public\u00f3 Escrito con un nict\u00f3grafo, Momento de simetr\u00eda, Oro, La partera canta, Animaciones suspendidas, Negritos, El Coco y Potlatch, entre otros. Escribi\u00f3 junto a Emeterio Cerro\u00a0<em>Retrato de un alba\u00f1il adolescente<\/em>\u00a0&amp;\u00a0<em>Telones zurcidos para t\u00edteres con himen<\/em>, y junto con Osvaldo Lamborghini<em>El palacio de los aplausos.<\/em>\u00a0Tradujo a Stendhal, Mallarm\u00e9, Michaux, Bonnefoy, Haroldo de Campos y Pasolini. Recibi\u00f3 numerosos premios, y fue traducido a varios idiomas. Preside la Estaci\u00f3n Pringles.<\/p>\n<p><strong>Cecilia Romana<\/strong>\u00a0naci\u00f3 en Buenos Aires en 1975. Public\u00f3 Flota, hangares y otros trabajos mec\u00e1nicos, Duelo, Aviso de obra, No lo conozcas y las antolog\u00edas de poes\u00eda argentina\u00a0<em>Hotel Quequ\u00e9n<\/em>\u00a0y de narrativa nacional\u00a0<em>Hotel Quequ\u00e9n II<\/em>. Sus poemas han sido traducidos al franc\u00e9s en Canad\u00e1 y B\u00e9lgica. Es Licenciada en Artes y Ciencias del Teatro. Recibi\u00f3 el VIII Premio de poes\u00eda Sor Juana In\u00e9s de la Cruz y el Premio Internacional de Poes\u00eda Jaime Sabines.<\/p>\n<p><strong>Cynthia Sabat<\/strong>\u00a0naci\u00f3 en Buenos Aires en 1971. Es docente, productora de TV y periodista de cine. Public\u00f3 Sobre otras aguas, dentro de la colecci\u00f3n El mono hablador, dirigida por Joaqu\u00edn Giannuzzi. Algunos de sus poemas formaron parte de la antolog\u00eda de poes\u00eda\u00a0<em>Joven Poes\u00eda en la fisura,<\/em>\u00a0de Daniel Freidemberg. La editorial Irojo eligi\u00f3 su segundo libro,\u00a0<em>Anatom\u00eda rota,<\/em>\u00a0como el mejor de su convocatoria anual.<\/p>\n<p><strong>Delia Pasini<\/strong>\u00a0es escritora y colaboradora de la revista El Jabal\u00ed. Tradujo a Oscar Wilde, Katherine Mansfield, Lewis Carroll, William Shakespeare y Jane Austen. Public\u00f3\u00a0<em>Un decir se repite entre mujeres<\/em>, Los\u00a0<em>peces de ceniza<\/em>,\u00a0<em>Adi\u00f3s en el original,<\/em>\u00a0<em>T\u00edtere sin cabeza<\/em>,\u00a0<em>De artes y oficios y<\/em>\u00a0<em>Par\u00e1bola de ciegos.<\/em>\u00a0Recibi\u00f3 la Menci\u00f3n Especial del jurado del Premio Nacional de Poes\u00eda y el Premio Teatro del Mundo, Universidad Nacional de Buenos Aires, Categor\u00eda Traducci\u00f3n.<\/p>\n<p><strong>Enrique M. Butti<\/strong>\u00a0naci\u00f3 en Santa Fe en 1949. Es autor de las novelas\u00a0<em>Aiaia\u00a0<\/em>y,\u00a0<em>Ind\u00ed\u00a0<\/em>y\u00a0<em>El Novio,<\/em>\u00a0de cuatro novelas de aventuras\u00a0<em>No me digan que no<\/em>,\u00a0<em>Carnavalito,<\/em>\u00a0<em>El fantasma del Teatro Municipal,<\/em><em>Sin cabeza y encapuchados<\/em>\u00a0y\u00a0<em>Cada casa, un mundo<\/em>, de los cuentos policiales reunidos en\u00a0<em>La daga latente,<\/em>\u00a0obras de teatro, ensayos y traducciones.<\/p>\n<p><strong>Florencia Abadi<\/strong>\u00a0naci\u00f3 en Buenos Aires en 1979. Es Licenciada en Filosof\u00eda por la Universidad de Buenos Aires, docente auxiliar en la c\u00e1tedra de Est\u00e9tica (UBA) y becaria doctoral del CONICET. Ha publicado el libro de poemas\u00a0<em>Malaluz\u00a0<\/em>y\u00a0<em>Otro jard\u00edn.<\/em><\/p>\n<p><strong>Graciela Di Bussolo<\/strong>\u00a0naci\u00f3 en Capital Federal en 1954, y reside en C\u00f3rdoba. Es Licenciada en Ciencias de la Educaci\u00f3n, docente en Nivel Superior y en el Curso de Escritura del PROPALE de la Facultad de Humanidades de la UNC, y coordin\u00f3 talleres de escritura creativa y de lectura. Entre sus obras publicadas destaca\u00a0<em>Dice que vive,<\/em>\u00a0<em>La noche boca abajo,<\/em>\u00a0<em>Donde nadie se atreve,<\/em><em>Territorio de nadie.<\/em>\u00a0El poemario\u00a0<em>Kavafis\u00a0<\/em>fue traducido al griego y publicado en Conversando con Kavafis. Antolog\u00eda de poemas kavafianos. Recibi\u00f3 el 3\u00ba Premio Concurso Luis de Tejeda.<\/p>\n<p><strong>Hugo Padeletti<\/strong>\u00a0naci\u00f3 en 1928. Es poeta y artista pl\u00e1stico, disc\u00edpulo del maestro Juan Grela y est\u00e1 vinculado al Grupo Litoral. Comenz\u00f3 a exponer en los 60, a su regreso de un viaje por Europa y Oriente. Realiz\u00f3 numerosas muestras individuales, como\u00a0<em>La fisura, Serie de las Esfinges, El Vac\u00edo es forma, Acuarelas, Samsara y nirvana, Artefactos del Vac\u00edo, del Centro y de la Vida precaria<\/em>\u00a0y muestras colectivas. Public\u00f3, entre otros,\u00a0<em>12 poemas,<\/em>\u00a0<em>Parlamentos del viento,<\/em>\u00a0<em>Apuntamientos en el ashram<\/em>,\u00a0<em>La Atenci\u00f3n<\/em><em>,<\/em>\u00a0<em>Canci\u00f3n de viejo,<\/em>\u00a0<em>Arte y poes\u00eda en Heidegger<\/em>\u00a0y\u00a0<em>Textos sobre pl\u00e1stica y poes\u00eda<\/em>. Recibi\u00f3 el premio Boris Vian y del Fondo Nacional de las Artes.<\/p>\n<p><strong>Jacobo Rauskin<\/strong>\u00a0naci\u00f3 en Villarrica, Paraguay, en 1941. Es miembro de la Academia Paraguaya de la Lengua y de la Real Academia Espa\u00f1ola. Su obra conjuga la trascendencia oculta en la vida diaria, la celebraci\u00f3n del amor y de las tareas humildes, la denuncia de los abusos del poder y las ideolog\u00edas. Entre sus libros destaca\u00a0<em>Casa perdida\u00a0<\/em>,\u00a0<em>Jard\u00edn de la pereza<\/em>,\u00a0<em>La noche del viaje<\/em>,\u00a0<em>Alegr\u00eda de un hombre que vuelve,<\/em>\u00a0<em>Adi\u00f3s a la cigarra,<\/em>\u00a0<em>Pitog\u00fc\u00e9,<\/em>\u00a0<em>El dibujante<\/em>\u00a0<em>callejero<\/em>\u00a0<em>y La rebeli\u00f3n demorada.\u00a0<\/em>Recibi\u00f3 numerosas distinciones y fue nombrado Premio Nacional de Literatura.<\/p>\n<p><strong>Jean-Marc Desgent<\/strong>\u00a0naci\u00f3 en Montreal, Canad\u00e1, en 1951. Public\u00f3 varios t\u00edtulos, entre ellos Trois- Rivi\u00e8res, Ce que je suis devant personne y Vingti\u00e8mes si\u00e8cles. Recibi\u00f3 el Premio del Festival Internacional de Poes\u00eda en Trois-Rivi\u00e8res, el Premio Gouverneur G\u00e9n\u00e9ral, el Premio Estuaire des Terrasses Saint-Sulpice y el Premio Jaime Sabin\u00e8s \/ Gatien Lapointe<\/p>\n<p><strong>Jos\u00e9 Javier Villarreal<\/strong>\u00a0naci\u00f3 en Tijuana, Baja California, en 1959. Es profesor de la Facultad de Filosof\u00eda y Letras de la Universidad Aut\u00f3noma de Nuevo Le\u00f3n y miembro del Sistema Nacional de Creadores de Arte. Public\u00f3\u00a0<em>Estatua sumergida,<\/em>\u00a0<em>Mar del norte,<\/em>\u00a0<em>La procesi\u00f3n,<\/em>\u00a0<em>Portuaria, B\u00edblica y F\u00e1bula.<\/em>\u00a0Tradujo a Ezra Pound, Manuel Bandeira y Oswald de Andrade. Como ensayista public\u00f3<em>Entre la tradici\u00f3n y el olvido<\/em>.\u00a0<em>Antolog\u00eda del cuento nuevoleon\u00e9s<\/em>\u00a0y\u00a0<em>Los fantasmas de la pasi\u00f3n<\/em>. Recibi\u00f3 el Premio Aguascalientes de Poes\u00eda, el Premio Nacional de Poes\u00eda Alfonso Reyes y el Premio a las Artes.<\/p>\n<p><strong>Juan Garc\u00eda Gayo<\/strong>\u00a0naci\u00f3 en Buenos Aires. Es periodista y asesor de prensa. Colabora en publicaciones nacionales de poes\u00eda, codirigi\u00f3 la revista Nueva cr\u00edtica y, con el poeta Enrique Puccia, el programa radial Hojas de hierba. Tradujo, entre otros, a Emily Dickinson, Stephen Spender, Lispector, Pessoa, Ledo Ivo y Adelia Prado. Poemas suyos figuran en discos y antolog\u00edas de nuestro pa\u00eds y Espa\u00f1a. Public\u00f3 los libros\u00a0<em>De emblemas y viajeros<\/em>,\u00a0<em>Jard\u00edn Bot\u00e1nico, Las visitas nocturnas, Cactus con flores amarillas, Blue Lines, Inosha y La copa<\/em>. Recibi\u00f3 el Premio Fondo Nacional de las Artes, y el 1\u00ba y 3\u00ba Premio Municipal.<\/p>\n<p><strong>Julio Bepr\u00e9<\/strong>\u00a0naci\u00f3 en C\u00f3rdoba en 1945. Es abogado, fue docente en la UBA y Secretario de la Fundaci\u00f3n Argentina para la Poes\u00eda. Integra varias antolog\u00edas y colabor\u00f3 en publicaciones del pa\u00eds y el exterior. Realiz\u00f3 traducciones de poetas italianos del siglo XX. Public\u00f3\u00a0<em>Rastro de la proximidad, Persistencia, Nacer de olvido, Demora en el mundo, El mar es una sed, No hay d\u00eda sin noche, Callej\u00f3n de salida, Caducidad de la sombra, Arraigo Inasible e Instante italiano<\/em>, entre otros. Tiene obra ensay\u00edstica, narrativa y cr\u00edtica.<\/p>\n<p><strong>Liudmila Quincoses Clavelo<\/strong>\u00a0naci\u00f3 en Sancti Spiritus, Cuba, en 1975. Es licenciada en Literatura Espa\u00f1ola, miembro de la Uni\u00f3n Nacional de Escritores y Artistas de Cuba y de la Asociaci\u00f3n Hermanos Sa\u00edz. Su obra fue publicada en medios nacionales y extranjeros. Particip\u00f3 de encuentros, festivales y muestras. Condujo el espacio radial De pu\u00f1o y Letra. Es editora en Ediciones Luminaria de Sancti Spiritus, y dirige el espacio alternativo Caf\u00e9 de las cuatro. Entre sus obras destaca\u00a0<em>Un libro raro,<\/em>\u00a0<em>En el \u00faltimo sendero el iniciado piensa, Poemas en el \u00faltimo sendero y Plaza de Jes\u00fas.<\/em>\u00a0Obtuvo los premios Fundaci\u00f3n de la Ciudad de Santa Clara, Am\u00e9rica Bobia, Ediciones Vig\u00eda, Instituto Cubano del Libro, La Gaceta de Cuba, Frente de Afirmaci\u00f3n Hispanista y Nossi de Caribe, entre otros.<\/p>\n<p><strong>Laura Anabel L\u00f3pez<\/strong>\u00a0naci\u00f3 en Buenos Aires, en 1979. Es licenciada en Publicidad con afinidad creativa por la poes\u00eda, el dibujo, la pintura y la fotograf\u00eda. Gestora en cultura y comunicaci\u00f3n, su esp\u00edritu integrador es el eje de su comunicaci\u00f3n y gu\u00eda su mirada y actividades.<\/p>\n<p><strong>Luis Garc\u00eda Montero<\/strong>\u00a0naci\u00f3 en Granada, Espa\u00f1a, en 1958. Es catedr\u00e1tico de Literatura Espa\u00f1ola en la Universidad de Granada. Entre sus libros de poemas pueden citarse\u00a0<em>El jard\u00edn extranjero, Habitaciones separadas, Completamente viernes y Vista cansada.<\/em>\u00a0El La editorial Tusquets reuni\u00f3 en un volumen su Poes\u00eda. Como ensayista public\u00f3\u00a0<em>Poes\u00eda,<\/em>\u00a0<em>Cuartel de invierno, El sexto d\u00eda. Historia \u00edntima de la poes\u00eda espa\u00f1ola, Gigante y extra\u00f1o, Las Rimas de B\u00e9cquer, Los due\u00f1os del vac\u00edo e Inquietudes b\u00e1rbaras<\/em>. Recibi\u00f3, entre otros, el Premio Nacional de Literatura y el Premio Nacional de la Cr\u00edtica.<\/p>\n<p><strong>M. del Carmen Marengo<\/strong>\u00a0naci\u00f3 en C\u00f3rdoba en 1968. Es licenciada en Letras Modernas por la Universidad Nacional de C\u00f3rdoba. Se doctor\u00f3 en Literatura Latinoamericana en la Universidad de Maryland, y fue becaria de la Fundaci\u00f3n Antorchas. Particip\u00f3 en congresos y lecturas y escribi\u00f3 en revistas nacionales e internacionales. Ense\u00f1a literatura argentina e hispanoamericana en nivel universitario y terciario. Public\u00f3\u00a0<em>El fuego invisible<\/em>,\u00a0<em>El camino de los \u00e1ngeles, El<\/em>\u00a0<em>libro de los jardines y los abismos<\/em>\u00a0y el ensayo\u00a0<em>Geograf\u00edas de la poes\u00eda<\/em>, por el que obtuvo el Premio Luis de Tejeda.<\/p>\n<p><strong>Mar\u00eda Meleck Vivanco<\/strong>\u00a0naci\u00f3 en C\u00f3rdoba en 1921. Integr\u00f3 el grupo de surrealismo argentino con Aldo Pellegrini, Enrique Molina, Telo Casti\u00f1eira de Dios, Olga Orozco y Francisco Madariaga. Public\u00f3\u00a0<em>Taitacha temblores, Hemisferio de la rosa, Rostros que nadie toca, Los infiernos solares, Balanza de ceremonias y Canciones para Ruanda<\/em>. Parte de su obra ha sido traducida al italiano y portugu\u00e9s. Recibi\u00f3 el premio Libro de Oro, el 2\u00ba Premio Municipal de la Ciudad de Buenos Aires, el 1\u00ba Premio Fundaci\u00f3n Argentina para la Poes\u00eda, el Premio Edici\u00f3n del Fondo Nacional de Las Artes, la nominaci\u00f3n por Argentina en UNICEF de Nueva York y el Premio Universidad de Letras de La Habana. Particip\u00f3 en diversos congresos.<\/p>\n<p><strong>Mario Andr\u00e9s Caparra<\/strong>\u00a0naci\u00f3 en Resistencia, Chaco, en 1982. Integr\u00f3 grupos literarios como K\u00f3lera Buey y P.Ar.I.A. 2000, fund\u00f3 el colectivo y grupo editor A.R.T. y public\u00f3 en numerosas revistas. Entre sus obras destacan\u00a0<em>Poemas de<\/em>\u00a0<em>Tractores\u00a0<\/em>y\u00a0<em>Dios TV,<\/em>\u00a0en colaboraci\u00f3n con Tony Zalazar, y\u00a0<em>\u00daltimo Tango en<\/em>\u00a0<em>Parir.<\/em>\u00a0Particip\u00f3 en antolog\u00edas locales y nacionales. Obtuvo el 1\u00ba Premio de Poes\u00eda en el Concurso Nacional de Poes\u00eda y Narrativa del Centro Cultural Ricardo Carpani, el 1\u00ba Premio de Poes\u00eda del Concurso Literario Alfredo Veirav\u00e9 y el 1\u00ba Premio de Poes\u00eda Concurso Provincial Con Salud, Chaco.<\/p>\n<p><strong>Miguel M\u00e1rquez<\/strong>\u00a0naci\u00f3 en Caracas, Venezuela, en 1955. Es licenciado en Filosof\u00eda, y fund\u00f3, junto a otros poetas, el grupo literario Tr\u00e1fico. Ha colaborado con m\u00faltiples instituciones, entre ellas la Biblioteca Nacional, la Fundaci\u00f3n Biblioteca Ayacucho y Monte \u00c1vila Editores. Presidi\u00f3 la Fundaci\u00f3n Kuaimare, fue Director General Sectorial de Literatura del Conac, investigador del Centro R\u00f3mulo Gallegos, miembro fundador de la Red de Escritores de Venezuela, promotor del Festival Mundial de Poes\u00eda y dirige la Editorial\u00a0<em>El<\/em><em>\u00a0Perro y La Rana. Public\u00f3<\/em>\u00a0<em>Cosas por decir, Soneto al aire libre, La casa, el paso, A salvo en la penumbra y La memoria y el anzuelo,<\/em>\u00a0entre otros.<\/p>\n<p><strong>M\u00f3nica Tracey<\/strong>\u00a0naci\u00f3 en Jun\u00edn, Buenos Aires. Estudi\u00f3 Periodismo y Letras. Fue una de las fundadoras del grupo de poes\u00eda El Sonido y la Furia y de la revista y la editorial Ultimo Reino, cuyo consejo de redacci\u00f3n integr\u00f3 desde su inicio. Trabaja en distintos medios period\u00edsticos, y sus poemas fueron incluidos en varias antolog\u00edas. Entre sus libros cabe mencionar\u00a0<em>A Pesar de los dioses, Celebraci\u00f3n errante, Hablar de lo que se ama, Hablo en Lenguas y Sobre la espalda del cielo.<\/em>\u00a0Gan\u00f3 una beca de la Fundaci\u00f3n Antorchas y recibi\u00f3 el 3\u00ba premio de Poes\u00eda del Fondo Nacional de las Artes.<\/p>\n<p><strong>Osvaldo Picardo<\/strong>\u00a0naci\u00f3 en Mar del Plata en 1955. Ense\u00f1a literatura en la Universidad de Mar del Plata y dirige la revista La Pecera. Escribi\u00f3 ensayos y cr\u00edtica literaria para publicaciones del pa\u00eds y el exterior. Entre sus obras destacan\u00a0<em>Apenas en el mundo, Dejar sin ventanas la verdad,<\/em>\u00a0<em>Quis, quid, ubi. Poemas de Quintiliano, Una complicidad que sobrevive, Mar del Plata y Solicitudes y urgencia.\u00a0<\/em>Obtuvo el Premio de Poes\u00eda del Fondo Nacional de Las Artes, y los premios Alfonsina Storni de la Municipalidad de General Pueyrredon y Lobo de Mar de la Fundaci\u00f3n Toledo.<\/p>\n<p><strong>Patricia Rod\u00f3n<\/strong>\u00a0naci\u00f3 en Mendoza en 1961. Es licenciada en Letras, profesora de Teor\u00eda Literaria y de Literatura Hispanoamericana en la Facultad de Ciencias Pol\u00edticas de la UNC. Fue editora de El Altillo, suplemento cultural de diario UNO, y condujo varios programas radiales. Edita el suplemento de cultura del diario digital MDZol y conduce el programa Entre can\u00edbales, en la FM UTN. Fund\u00f3 e integr\u00f3 el Grupo Parapo\u00e9tico Las Malas Lenguas y realiz\u00f3 numerosos recitales y actos po\u00e9ticos. Sus poemas y cuentos han sido publicados en antolog\u00edas y medios gr\u00e1ficos y electr\u00f3nicos. Entre sus libros destacan\u00a0<em>Estudio Voyeur y<\/em>\u00a0<em>Tango Rock.<\/em>\u00a0Obtuvo numerosos premios provinciales, regionales y nacionales, como el 1\u00ba Premio Vendimia, el 1\u00ba Premio Certamen Literario Arte Joven y el Gran Premio de Honor Fondo Nacional de las Artes, entre otros.<\/p>\n<p><strong>Ra\u00fal Mansilla<\/strong>\u00a0naci\u00f3 en Comodoro Rivadavia, Chubut, en 1960, y vive en Neuqu\u00e9n. Escritor y docente, participa activamente en campa\u00f1as vinculadas a la promoci\u00f3n de la Lectura. Es miembro del grupo Celebriedades de Neuqu\u00e9n. Public\u00f3\u00a0<em>Maria\u00edsmo, De la construcci\u00f3n de mitos y otros sucesos, Las estaciones de la sed, El h\u00e9roe del l\u00edquido, No eras un viajero ingl\u00e9s y Ojos rojos.<\/em>\u00a0Fue incluido en varias antolog\u00edas.Recibi\u00f3 el 1\u00ba Premio de Poes\u00eda Nuestros Escritores y el Premio Patag\u00f3nico de Poes\u00eda.<\/p>\n<p><strong>Reynaldo Lac\u00e1mara<\/strong>\u00a0naci\u00f3 en Santiago de Chile en 1956. Estudi\u00f3 Ingenier\u00eda Electr\u00f3nica en la Universidad Cat\u00f3lica de Valpara\u00edso. Preside la Sociedad de Escritores de Chile y es Vicepresidente de la Casa de Arte y Cultura Delia del Carril. Ocup\u00f3 importantes cargos, dirigi\u00f3 diversos talleres de Poes\u00eda y fue editor de las revistas que emanaron de los mismos. Gest\u00f3 de numerosas actividades culturales y literarias y recibi\u00f3 diversos reconocimientos. Entre su obra destaca\u00a0<em>Esta delgada luz de tierra, Mortaja Azul, Lota sobre la tierra y Pasajes de otro A\u00f1o,<\/em>\u00a0entre otros. Adem\u00e1s fue incluido en antolog\u00eda y revistas, y algunos de sus poemas han sido musicalizados.<\/p>\n<p><strong>Rosa Machado<\/strong>\u00a0naci\u00f3 en Salta en 1954. Dirige talleres de poes\u00eda y dicta cursos de cocina natural. Publica en diarios y revistas locales y fue incluida en antolog\u00edas. Escribi\u00f3\u00a0<em>Canci\u00f3n de la Ballena, Fiesta de Mandarinas y Salmos<\/em>\u00a0<em>Dom\u00e9sticos.<\/em>\u00a0Posee otros textos in\u00e9ditos.<\/p>\n<p><strong>Sebasti\u00e1n Riestra<\/strong>\u00a0naci\u00f3 en Rosario en 1963. Es poeta y periodista. Particip\u00f3 en numerosas lecturas y coordin\u00f3 ciclos de poes\u00eda en Rosario y Santa Fe. Es subsecretario de Redacci\u00f3n en el diario\u00a0<em>La Capital<\/em>\u00a0de Rosario, del cual tambi\u00e9n es editorialista y columnista. Realiz\u00f3 y condujo programas de radio sobre m\u00fasica cl\u00e1sica y tango. Tiene publicados\u00a0<em>El \u00e1cido en las manos, El porvenir de los muertos, Clitoriana y Romero<\/em>. Fue incluido en la antolog\u00eda de la poes\u00eda rosarina\u00a0<em>La \u00fanica ciudad.<\/em><\/p>\n<!-- AddThis Advanced Settings generic via filter on the_content --><!-- AddThis Share Buttons generic via filter on the_content -->","protected":false},"excerpt":{"rendered":"<p>BREVES RESE\u00d1AS BIOGR\u00c1FICAS DE LOS PARTICIPANTES DEL\u00a0III FESTIVAL INTERNACIONAL DE POES\u00cdA\u00a0DE BUENOS AIRES, 2008 Alejandro Archain\u00a0naci\u00f3 en San Fernando, Buenos Aires, en 1953. Public\u00f3\u00a0El ojo\u00a0y el sue\u00f1o,\u00a0A tientas,\u00a0Ciudad de pasoy\u00a0El [&hellip;]<!-- AddThis Advanced Settings generic via filter on get_the_excerpt --><!-- AddThis Share Buttons generic via filter on get_the_excerpt --><\/p>\n","protected":false},"author":1,"featured_media":0,"parent":0,"menu_order":-3,"comment_status":"closed","ping_status":"closed","template":"","meta":{"footnotes":""},"_links":{"self":[{"href":"https:\/\/festivalpoesiabsas.com.ar\/festivales-anteriores\/index.php?rest_route=\/wp\/v2\/pages\/197"}],"collection":[{"href":"https:\/\/festivalpoesiabsas.com.ar\/festivales-anteriores\/index.php?rest_route=\/wp\/v2\/pages"}],"about":[{"href":"https:\/\/festivalpoesiabsas.com.ar\/festivales-anteriores\/index.php?rest_route=\/wp\/v2\/types\/page"}],"author":[{"embeddable":true,"href":"https:\/\/festivalpoesiabsas.com.ar\/festivales-anteriores\/index.php?rest_route=\/wp\/v2\/users\/1"}],"replies":[{"embeddable":true,"href":"https:\/\/festivalpoesiabsas.com.ar\/festivales-anteriores\/index.php?rest_route=%2Fwp%2Fv2%2Fcomments&post=197"}],"version-history":[{"count":32,"href":"https:\/\/festivalpoesiabsas.com.ar\/festivales-anteriores\/index.php?rest_route=\/wp\/v2\/pages\/197\/revisions"}],"predecessor-version":[{"id":5474,"href":"https:\/\/festivalpoesiabsas.com.ar\/festivales-anteriores\/index.php?rest_route=\/wp\/v2\/pages\/197\/revisions\/5474"}],"wp:attachment":[{"href":"https:\/\/festivalpoesiabsas.com.ar\/festivales-anteriores\/index.php?rest_route=%2Fwp%2Fv2%2Fmedia&parent=197"}],"curies":[{"name":"wp","href":"https:\/\/api.w.org\/{rel}","templated":true}]}}