{"id":196,"date":"2009-04-15T17:06:12","date_gmt":"2009-04-15T20:06:12","guid":{"rendered":"https:\/\/festivalpoesiabsas.com.ar\/festivales-anteriores\/?page_id=196"},"modified":"2020-05-07T14:19:34","modified_gmt":"2020-05-07T17:19:34","slug":"festival-2009","status":"publish","type":"page","link":"https:\/\/festivalpoesiabsas.com.ar\/festivales-anteriores\/?page_id=196","title":{"rendered":"Festival de Poes\u00eda 2009"},"content":{"rendered":"<p><\/p>\n<h3>BREVES RESE\u00d1AS BIOGR\u00c1FICAS DE LOS PARTICIPANTES DEL <span style=\"color: #c21b2d;\">IV FESTIVAL INTERNACIONAL DE POES\u00cdA<\/span> DE BUENOS AIRES, 2009<\/h3>\n<p><img loading=\"lazy\" decoding=\"async\" src=\"https:\/\/festivalpoesiabsas.com.ar\/festivales-anteriores\/wp-content\/uploads\/linea_n1.jpg\" alt=\"\" width=\"621\" height=\"9\" \/><br \/>\n<img loading=\"lazy\" decoding=\"async\" class=\"alignleft size-full wp-image-209\" src=\"https:\/\/festivalpoesiabsas.com.ar\/festivales-anteriores\/wp-content\/uploads\/f2009.jpg\" alt=\"f2009\" width=\"219\" height=\"300\" \/><\/p>\n<p><strong>Aitana Alberti<\/strong>\u00a0naci\u00f3 en Buenos Aires en 1941. Es poeta,narradora, traductora, editora, promotora cultural y ant\u00f3loga de grandes autores. Preside la C\u00e1tedra Rafael Alberti de la Universidad de La Habana, y es miembro de la Uni\u00f3n de Escritores y Artistas de Cuba. Entre su obra destaca<em>\u00a0A bordo de la bruma\u00a0<\/em>e\u00a0<em>Inquilinos de la soledad<\/em>.<\/p>\n<p><strong>Aldana Gaggero<\/strong>\u00a0naci\u00f3 en Buenos Aires en 1976. Es escritora y poeta. Public\u00f3\u00a0<em>Guirnalda<\/em>\u00a0y<em>\u00a0Fuegos artificiales<\/em>. Sus trabajos han sido recogidos en antolog\u00edas y medios nacionales e internacionales.<\/p>\n<p><strong>Aldo Luis Novelli<\/strong>\u00a0naci\u00f3 en Neuqu\u00e9n. Es poeta, cuentista y ensayista. Entre sus obras destaca<em>Desierto<\/em>\u00a0y\u00a0<em>M\u00ednimo mundo<\/em>. Forma parte de diversas antolog\u00edas, y fue traducido al ingl\u00e9s, portugu\u00e9s, italiano y catal\u00e1n.<\/p>\n<p><strong>Benjam\u00edn Prado<\/strong>\u00a0naci\u00f3 en Espa\u00f1a en 1961. Public\u00f3 novelas, ensayos y la autobiograf\u00eda\u00a0<em>A la sombra del \u00e1ngel (trece a\u00f1os con Alberti).<\/em>\u00a0Su poes\u00eda est\u00e1 reunida en\u00a0<em>Ecuador (poes\u00eda 1986-2001),<\/em><em>Iceberg<\/em>\u00a0y\u00a0<em>Marea humana<\/em>. Sus libros han sido traducidos a diversos idiomas.<\/p>\n<p><strong>Diana Bellessi<\/strong>\u00a0naci\u00f3 en Santa Fe en 1946. Estudi\u00f3 Filosof\u00eda, y coordin\u00f3 talleres de escritura en c\u00e1rceles de Buenos Aires. Public\u00f3\u00a0<em>La edad dorada\u00a0<\/em>y\u00a0<em>La rebeli\u00f3n del instante<\/em>, entre otros. Recibi\u00f3 la beca Guggenheim, la beca Trayectoria en las Artes de la Fundaci\u00f3n Antorchas, el premio Konex y el del Fondo Nacional de las Artes.<\/p>\n<p><strong>Dolly Pagani<\/strong>\u00a0es Licenciada en Letras, becada para especializarse en Espa\u00f1a y distinguida por su servicio en bien de la comunidad. Recibi\u00f3 el Premio Corcel al M\u00e9rito y fue premiada por la Honorable C\u00e1mara de Diputados de C\u00f3rdoba. Entre su obra destaca\u00a0<em>Vecino de Dios<\/em>, menci\u00f3n especial en el Premio Faja de Honor de ADEA<em>.<\/em><\/p>\n<p><strong>Fernando Gabriel Caniza<\/strong>\u00a0naci\u00f3 en Buenos Aires en 1970. Es licenciado en Ciencias de la Comunicaci\u00f3n y se desempe\u00f1a como redactor. Es docente y codirector de la consultora en comunicaci\u00f3n Visi\u00f3n Empresarial. Ha editado\u00a0<em>Luces de Hospital\u00a0<\/em>y\u00a0<em>Valencia<\/em>.<\/p>\n<p><strong>Graciela Ar\u00e1oz<\/strong>\u00a0naci\u00f3 en San Luis. Es profesora en Letras y se especializ\u00f3 en Literatura Espa\u00f1ola y Filolog\u00eda Hisp\u00e1nica. Es presidenta de la SEA, integra \u00daltimo Reino y es miembro de la Fundaci\u00f3n El Libro. Dise\u00f1\u00f3 la campa\u00f1a Argentina crecer leyendo. Public\u00f3\u00a0<em>Equipaje de silencio, Itinerario del fuego<\/em>\u00a0y\u00a0<em>Diabla<\/em>. Obtuvo el Premio Tiflos, el Vicente Aleixandre y Carmen Conde.<\/p>\n<p><strong>Horacio Zabalj\u00e1uregui<\/strong>\u00a0naci\u00f3 en Buenos Aires en 1955. Es licenciado en Letras, miembro de \u00daltimo Reino, jurado del Premio de Poes\u00eda V Centenario y del Concurso de Poes\u00eda del Fondo. Figura en antolog\u00edas y revistas. Es compilador y prologuista. Public\u00f3 libros como\u00a0<em>La \u00faltima estaci\u00f3n del mundo<\/em>\u00a0y\u00a0<em>Querella<\/em><\/p>\n<p><strong>Jorge Alberto C\u00f3rdoba<\/strong>\u00a0es docente, colabora en las revistas Interrup\/ciones y La Regla y coordina talleres literarios. Obtuvo el 1\u00ba Premio de poes\u00eda en el Certamen de Editorial De los Cuatro Vientos. Entre su obra destaca\u00a0<em>G\u00f3mez, nota al pie\u00a0<\/em>y\u00a0<em>Sombra de mediod\u00eda.<\/em><\/p>\n<p><strong>Jorge Madrazo<\/strong>\u00a0naci\u00f3 en Buenos Aires en 1931. Es poeta, narrador y traductor. Public\u00f3\u00a0<em>Blues de Muertevida<\/em>\u00a0(Premio Nacional-Regional),\u00a0<em>Cuerpo textual<\/em>\u00a0(Premio Municipal),\u00a0<em>Para amar a una deidad<\/em>\u00a0(Premio Fondo Nacional de las Artes), entre otros. Fue editado en italiano, franc\u00e9s, portugu\u00e9s y macedonio. Ha traducido a importantes poetas.<\/p>\n<p><strong>Jos\u00e9 Emilio Pacheco<\/strong>\u00a0naci\u00f3 en M\u00e9xico en 1939. Public\u00f3 poemas reunidos en\u00a0<em>Tarde o temprano (1958-2000),<\/em>\u00a0cuentos, cr\u00f3nicas, antolog\u00edas y traducciones y las novelas\u00a0<em>Morir\u00e1s lejos<\/em>\u00a0y<em>\u00a0Las batallas en el desierto<\/em>. Obtuvo los premios internacionales Jos\u00e9 Donoso, Pablo Neruda, Alfonso Reyes, Octavio Paz y Federico Garc\u00eda Lorca.<\/p>\n<p><strong>\u00a0<\/strong><strong>Juan L\u00f3pez<\/strong>\u00a0naci\u00f3 en Mendoza en 1962. Es licenciado en Letras. Dict\u00f3 clases de Lengua, Literatura y Redacci\u00f3n Period\u00edstica. Se especializ\u00f3 en correcci\u00f3n de textos. Edit\u00f3\u00a0<em>Poemas, Ciclos vitales<\/em>\u00a0y\u00a0<em>Mir\u00e1<\/em>. Sus textos han sido publicados en revistas literarias y particip\u00f3 en numerosos recitales po\u00e9ticos.<\/p>\n<p><strong>Juan Pablo Bertazza<\/strong>\u00a0naci\u00f3 en 1983. Colabora en el suplemento Radar y es coguionista del espect\u00e1culo\u00a0<em>Los animados di\u00e1logos del espacio y el tiempo<\/em>, presentado en el Planetario. Fue incluidos en la antolog\u00eda de la revista belga L\u00b4Arbre \u00e1 paroles, y public\u00f3 en El Jabal\u00ed, La Pecera y Ping-Pong. Ha recitado en el programa Lecturio de Canal \u00e0.<\/p>\n<p><strong>Laura Yasan<\/strong>\u00a0naci\u00f3 en Buenos Aires en 1960. Coordin\u00f3 talleres de escritura en c\u00e1rceles, bibliotecas y en forma virtual. Public\u00f3\u00a0<em>Ripio<\/em>\u00a0y\u00a0<em>La llave Marilyn,\u00a0<\/em>entre otros. Recibi\u00f3 el Premio EDUCA, el del Fondo Nacional de las Artes y el Premio Casa de Am\u00e9ricas. Sus poemas fueron incluidos en antolog\u00edas y traducidos al ingl\u00e9s y al alem\u00e1n.<\/p>\n<p><strong>Liliana Mundani<\/strong>\u00a0naci\u00f3 en C\u00f3rdoba. Estudi\u00f3 Arte Dram\u00e1tico y Letras y es mag\u00edster en Sociosemi\u00f3tica. Recibi\u00f3 el Premio Provincial de Literatura por\u00a0<em>Reserva salvaje,<\/em>\u00a0el Nacional de Ensayo por\u00a0<em>Las m\u00e1scaras de lo siniestro: escena pol\u00edtica y teatral en Argentina<\/em>, y el Municipal por<em>Ajena patria<\/em>. Su obra\u00a0<em>Efecto picadero<\/em>\u00a0obtuvo menci\u00f3n en el concurso de dramaturgia del Fondo Nacional de las Artes.<\/p>\n<p><strong>Luciana Mellado<\/strong>\u00a0naci\u00f3 en Capital en 1975. Es Licenciada en Letras, docente, investigadora y mag\u00edster en Literatura. Coordin\u00f3 talleres de escritura y hace cr\u00edtica literaria y cultural. Recibi\u00f3 el Premio Academia Argentina de Letras, y becas AECI y del Fondo Nacional de las Artes. Particip\u00f3 en antolog\u00edas y publicaciones.<\/p>\n<p><strong>\u00a0<\/strong><strong>Luisa Futoransky<\/strong>\u00a0naci\u00f3 en Argentina y reside en Par\u00eds. Escritora, periodista en la France Presse y conferenciante en el Centro Georges Pompidou. Entre sus obras se destacan<em>\u00a0Lunas de miel<\/em>\u00a0y<em>Pelos<\/em>. Recibi\u00f3 los premios Gules, Carmen Conde, Accesit Carlos Ortiz, Fondo Nacional de las Artes, Bienal Lorenzutti y XII Premio de poes\u00eda Barcarola.<\/p>\n<p><strong>Mar\u00eda Cecilia Perna<\/strong>\u00a0naci\u00f3 en Buenos Aires en 1979. Es Licenciada en Letras, investigadora y poeta. Public\u00f3\u00a0<em>La Boca<\/em><em>\u00a0de Mercurio,<\/em>\u00a0(seleccionado por la Secretar\u00eda de Cultura de la Ciudad de Buenos Aires) y\u00a0<em>Gebirge<\/em>. Particip\u00f3 de antolog\u00edas y colabor\u00f3 en diversas revistas.<\/p>\n<p><strong>\u00a0<\/strong><strong>Mariana Suozzo<\/strong>\u00a0naci\u00f3 en 1982. Su primer libro de poemas es\u00a0<em>Mark en el espacio<\/em>. Integr\u00f3 diversas antolog\u00edas, y adem\u00e1s escribe cuentos.<\/p>\n<p><strong>Miriam Fuentes<\/strong>\u00a0naci\u00f3 en Buenos Aires en 1978. Integr\u00f3 las antolog\u00edas\u00a0<em>Umbrales<\/em>\u00a0y\u00a0<em>Suburbios mentales<\/em>. En 1995 fue elegida como\u00a0 escritora del a\u00f1o por la Municipalidad de Mosconi, Salta. Recibi\u00f3 varios premios para autores in\u00e9ditos.<\/p>\n<p><strong>Nicol\u00e1s Rojo<\/strong>\u00a0es t\u00e9cnico en Derecho Parlamentario, preside la SEA Santa Fe y coordina un taller literario. Obtuvo el Premio del Concurso Municipal de Poes\u00eda y dirige la editorial Ladran Sancho. Public\u00f3\u00a0<em>Juego de locos\u00a0<\/em>y<em>\u00a0Libertad bajo palabras<\/em>\u00a0y particip\u00f3 de varias antolog\u00edas.<\/p>\n<p><strong>Nora Hall<\/strong>\u00a0es profesora de Castellano, Literatura y Lat\u00edn. Public\u00f3 los libros de poes\u00eda\u00a0<em>Hasta pulverizarse los ojos,<\/em>\u00a0(Menci\u00f3n de Honor Premio Provincial Jos\u00e9 Pedroni),\u00a0<em>Todo mal,<\/em>\u00a0(1\u00ba Premio Provincial Jos\u00e9 Pedroni) y\u00a0<em>Manual del agua.<\/em>\u00a0Fue incluida en diversas antolog\u00edas.<\/p>\n<p><strong>Os\u00edas Stutman<\/strong>\u00a0naci\u00f3 en Buenos Aires en 1933, y vive en Barcelona. Es m\u00e9dico. Public\u00f3\u00a0<em>44 Cuartetas y La Vida Galante,\u00a0<\/em>entre otros. Fue incluido en antolog\u00edas y en revistas espa\u00f1olas, argentinas, norteamericanas y mexicanas. Tradujo y edit\u00f3 la poes\u00eda de Djuna Barnes.<\/p>\n<p><strong>Paula Peyser\u00e9<\/strong>\u00a0naci\u00f3 en Buenos Aires en 1981. Public\u00f3 las plaquetas de poes\u00eda\u00a0<em>La Racha<\/em><em>, Llorona, \u00a1Espa\u00f1a, qu\u00e9 hermosa eres!, P\u00e1lpito<\/em>\u00a0y\u00a0<em>Las afueras.<\/em>\u00a0Integra varias antolog\u00edas.<\/p>\n<p><strong>Poly Balestrini<\/strong>\u00a0es profesora de Castellano y Literatura. Se licenci\u00f3 en Administraci\u00f3n y Sistemas, es escritora, editora, docente especializada en PNL y profesora de narraci\u00f3n oral y oratoria. Adem\u00e1s coordina talleres literarios.<\/p>\n<p><strong>Ra\u00fal Santana<\/strong>\u00a0naci\u00f3 en Buenos Aires en 1940. Es poeta y cr\u00edtico de arte. Dirigi\u00f3 el Museo de Arte Moderno, el Palais de Glace y fue asesor en el Centro Cultural Recoleta. Public\u00f3\u00a0<em>Lengua Materna<\/em>y\u00a0<em>M\u00e1cula<\/em>, entre otros. El gobierno de Francia lo condecor\u00f3 Caballero de la Orden de las Artes y las Letras.<\/p>\n<p><strong>Raquel Gonz\u00e1lez<\/strong>\u00a0naci\u00f3 en M\u00e9xico en 1962. Licenciada en Programaci\u00f3n Neuroling\u00fc\u00edstica, poeta y ensayista. Preside el Club del Libro de Jalisco, es miembro del Consejo de la Feria del Libro de Guadalajara y del taller de lectura infantil UTLI, premiado por la UNESCO. Entre sus libros destaca<em>H\u00e1bito de calor\u00a0<\/em>y\u00a0<em>Microscopios er\u00f3ticos.<\/em>\u00a0Recibi\u00f3 el Atlas a la Cultura.<\/p>\n<p><strong>Ricard Bellveser<\/strong>\u00a0es miembro de la Academia Valenciana de la Lengua, de la Real Academia de Bellas Artes y profesor de Cr\u00edtica Literaria. Ha publicado\u00a0<em>Fragilidad de las heridas\u00a0<\/em>y\u00a0<em>Paradoja del \u00e9xito.<\/em>\u00a0Obtuvo el Premio de Periodismo del Colegio de Arquitectos, el de la Cr\u00edtica Literaria valenciana, Acc\u00e9sit del Premio Jaime Gil de Biedma y el Premio de poes\u00eda Vicente Gaos.<\/p>\n<p><strong>Roberto Glorioso<\/strong>\u00a0naci\u00f3 en Buenos Aires. Su obra abarca cuento, poes\u00eda y teatro. Public\u00f3, entre otras obras,\u00a0<em>Los olvidos imperecederos\u00a0<\/em>y\u00a0<em>Los \u00e1ngeles prohibidos.<\/em>\u00a0Obtuvo varios premios, entre ellos el de Poes\u00eda de la Subsecretar\u00eda de Cultura de la Provincia de Buenos Aires y la Faja Nacional de Honor de la Asociaci\u00f3n de Escritores Argentinos.<\/p>\n<p><strong>Silvia Montenegro<\/strong>\u00a0naci\u00f3 en La Plata en 1961. Public\u00f3\u00a0<em>El diablo pide m\u00e1s<\/em>\u00a0(Premio Hesp\u00e9rides) y<em>Los pr\u00edncipes oscuros<\/em>. Particip\u00f3 en festivales de poes\u00eda y organiza el ciclo de lecturas de Tohu-Bohu. Su poes\u00eda integra diversas antolog\u00edas y fue traducida al alem\u00e1n.<\/p>\n<p><strong>Silvia Pastrana<\/strong>\u00a0naci\u00f3 en Buenos Aires en 1952. Es profesora, periodista, vicepresidenta de la Asociaci\u00f3n de Poetas Argentinos y miembro del Consejo de Redacci\u00f3n de La guillotina. Coordina talleres de poes\u00eda y dicta seminarios sobre Poes\u00eda de los Pueblos Originarios. Entre su obra destaca\u00a0<em>M\u00e1scaras<\/em>\u00a0y\u00a0<em>Ciudad pez.<\/em>\u00a0Recibi\u00f3 numerosos premios.<\/p>\n<p><strong>Soledad Vallejos<\/strong>\u00a0es periodista cultural y form\u00f3 parte de Las 12,\u00a0 de P\u00e1gina\/12. Es autora de breves biograf\u00edas de Colette, George Sand y Virginia Woolf. Colabora en diferentes publicaciones e hizo radio, con Gabriel Levinas y Christian Boyanovsky.<\/p>\n<p><strong>St\u00e9phane Despatie<\/strong>\u00a0naci\u00f3 en Canad\u00e1 en 1968. Editor, librero, redactor, organizador y anfitri\u00f3n de lecturas p\u00fablicas. Fund\u00f3 el Mercado de Poes\u00eda de Montreal, es cr\u00edtico literario y teatral y dirige la revista Exit y ediciones \u00c9crits des Forges. Su obra incluye\u00a0<em>Engouleventes\u00a0<\/em>y\u00a0<em>Ceux-la<\/em>. Sus poemas han sido traducidos al ruso, alem\u00e1n, turco, espa\u00f1ol, franc\u00e9s e italiano<\/p>\n<p><strong>Tatiana Oro\u00f1o<\/strong>\u00a0es poeta, narradora, cr\u00edtica literaria y de arte, profesora de Lengua y Literatura y colaboradora del semanario Brecha. Entre sus libros destaca\u00a0<em>Poes\u00eda 82\u00a0<\/em>y\u00a0<em>El alfabeto verde.<\/em><\/p>\n<p><strong>Walter Cassara<\/strong>\u00a0curs\u00f3 Letras. Es colaborador de ADN y da clases en el Centro Cultural Rojas. Particip\u00f3 como escritor becario en el Banff Centre for the Arts (Canad\u00e1). Public\u00f3\u00a0<em>Juegos Apol\u00edneos, R\u00edgida nieve<\/em>\u00a0y\u00a0<em>El paseo del ciclista.<\/em>\u00a0Integra la antolog\u00eda\u00a0<em>Monstruos<\/em>. Sus poemas fueron traducidos al franc\u00e9s, portugu\u00e9s e ingl\u00e9s.<\/p>\n<!-- AddThis Advanced Settings generic via filter on the_content --><!-- AddThis Share Buttons generic via filter on the_content -->","protected":false},"excerpt":{"rendered":"<p>BREVES RESE\u00d1AS BIOGR\u00c1FICAS DE LOS PARTICIPANTES DEL IV FESTIVAL INTERNACIONAL DE POES\u00cdA DE BUENOS AIRES, 2009 Aitana Alberti\u00a0naci\u00f3 en Buenos Aires en 1941. Es poeta,narradora, traductora, editora, promotora cultural y [&hellip;]<!-- AddThis Advanced Settings generic via filter on get_the_excerpt --><!-- AddThis Share Buttons generic via filter on get_the_excerpt --><\/p>\n","protected":false},"author":1,"featured_media":0,"parent":0,"menu_order":-4,"comment_status":"closed","ping_status":"closed","template":"","meta":{"footnotes":""},"_links":{"self":[{"href":"https:\/\/festivalpoesiabsas.com.ar\/festivales-anteriores\/index.php?rest_route=\/wp\/v2\/pages\/196"}],"collection":[{"href":"https:\/\/festivalpoesiabsas.com.ar\/festivales-anteriores\/index.php?rest_route=\/wp\/v2\/pages"}],"about":[{"href":"https:\/\/festivalpoesiabsas.com.ar\/festivales-anteriores\/index.php?rest_route=\/wp\/v2\/types\/page"}],"author":[{"embeddable":true,"href":"https:\/\/festivalpoesiabsas.com.ar\/festivales-anteriores\/index.php?rest_route=\/wp\/v2\/users\/1"}],"replies":[{"embeddable":true,"href":"https:\/\/festivalpoesiabsas.com.ar\/festivales-anteriores\/index.php?rest_route=%2Fwp%2Fv2%2Fcomments&post=196"}],"version-history":[{"count":20,"href":"https:\/\/festivalpoesiabsas.com.ar\/festivales-anteriores\/index.php?rest_route=\/wp\/v2\/pages\/196\/revisions"}],"predecessor-version":[{"id":5473,"href":"https:\/\/festivalpoesiabsas.com.ar\/festivales-anteriores\/index.php?rest_route=\/wp\/v2\/pages\/196\/revisions\/5473"}],"wp:attachment":[{"href":"https:\/\/festivalpoesiabsas.com.ar\/festivales-anteriores\/index.php?rest_route=%2Fwp%2Fv2%2Fmedia&parent=196"}],"curies":[{"name":"wp","href":"https:\/\/api.w.org\/{rel}","templated":true}]}}