{"id":191,"date":"2012-04-15T16:58:09","date_gmt":"2012-04-15T19:58:09","guid":{"rendered":"https:\/\/festivalpoesiabsas.com.ar\/festivales-anteriores\/?page_id=191"},"modified":"2020-05-07T14:28:27","modified_gmt":"2020-05-07T17:28:27","slug":"festival-2012","status":"publish","type":"page","link":"https:\/\/festivalpoesiabsas.com.ar\/festivales-anteriores\/?page_id=191","title":{"rendered":"Festival de Poes\u00eda 2012"},"content":{"rendered":"<p><\/p>\n<h3>BREVES RESE\u00d1AS BIOGR\u00c1FICAS DE LOS PARTICIPANTES DEL <span style=\"color: #c21b2d;\">VII FESTIVAL INTERNACIONAL DE POES\u00cdA<\/span> DE BUENOS AIRES, 2012<\/h3>\n<h3><img loading=\"lazy\" decoding=\"async\" src=\"https:\/\/festivalpoesiabsas.com.ar\/festivales-anteriores\/wp-content\/uploads\/linea_n1.jpg\" alt=\"\" width=\"621\" height=\"9\" \/> <img loading=\"lazy\" decoding=\"async\" class=\"alignleft size-full wp-image-227\" src=\"https:\/\/festivalpoesiabsas.com.ar\/festivales-anteriores\/wp-content\/uploads\/f2012.jpg\" alt=\"f2012\" width=\"219\" height=\"300\" \/><\/h3>\n<p><strong>El Festival Internacional de Poes\u00eda de Buenos Aires\u00a0<\/strong>abre por s\u00e9ptima vez sus puertas para recibir a poetas de la Argentina y -esta versi\u00f3n m\u00e1s internacional que nunca- de Canad\u00e1, Cuba, Francia, Colombia, El Salvador, M\u00e9xico, Chile, Escocia, Pakist\u00e1n, Israel, Espa\u00f1a y Honduras.<\/p>\n<p>\u201cSi bien no existe una definici\u00f3n de poes\u00eda, existen impresiones, aproximaciones\u201d, escribe el poeta norteamericano Wallace Stevens, y cita a Shelley: [el poema] \u201cEs a la vez el centro y la circunferencia del conocimiento [&#8230;] el registro de los momentos mejores y m\u00e1s felices, de las mentes m\u00e1s felices y mejores [&#8230;] retiene las apariciones fugaces que obsesionan a los interlunios de la vida\u201d.<\/p>\n<p>Si bien no hay \u201cuna\u201d definici\u00f3n, hay tantas como poetas. Incluso esos intentos de definici\u00f3n pueden ser varios y contradictorios en un\/una poeta, al mismo tiempo o en diferentes momentos de su vida. Quiz\u00e1s el hecho de que no haya una sola y un\u00edvoca definici\u00f3n le agregue otro atractivo a la creaci\u00f3n po\u00e9tica.<\/p>\n<p>No hay \u201cuna definici\u00f3n\u201d de la poes\u00eda, es cierto, pero s\u00ed hay algo que podemos afirmar casi sin reparos: la poes\u00eda viene librando una lucha por su sobrevivencia y la viene ganando. Centenares y centenares de poetas o aspirantes a poetas -tan meritorios- batallan constantemente para que la poes\u00eda no se termine de alejar del p\u00fablico lector y amante del poema oralizado. Encuentros, ciclos de lectura, fiestas art\u00edsticas, recitales, redes sociales, publicaciones inundan nuestro pa\u00eds de norte a sur y de este a oeste, y tambi\u00e9n lo hacen en toda Am\u00e9rica y, dig\u00e1moslo, en todo el mundo.<\/p>\n<p>\u00bfIr\u00e1n las y los poetas a contramano del mundo? Dif\u00edcil. Pero tambi\u00e9n, \u00bfde qu\u00e9 mundo hablamos?<\/p>\n<p>Un economista y soci\u00f3logo franc\u00e9s de alto nivel cient\u00edfico, Fr\u00e9deric Lordon, en una entrevista de La revue des livres, responde: \u201cDebemos abrir bien los ojos, no suele darse la oportunidad de ver algo parecido. Asistimos al derrumbamiento de un mundo que se convertir\u00e1 en escombros\u201d.<\/p>\n<p>Frente a un mundo que se derrumba, medios de comunicaci\u00f3n que nos ignoran; diarios que publican una rese\u00f1a muy cada tanto; editoriales que no conocen el rubro \u201cpoes\u00eda\u201d; librer\u00edas que los tienen en el \u00faltimo estante del fondo; distribuidoras para las que la poes\u00eda es mala palabra; planes educativos que la ense\u00f1an, si la ense\u00f1an, p\u00e9simamente\u2026 aun contra todo este panorama la poes\u00eda resiste, se niega a ser \u201cun lujo cultural por los neutrales \/ que lav\u00e1ndose las manos se desentienden y evaden\u201d (Celaya), resiste como puede y donde puede. El reguero de festivales de poes\u00eda que, como el nuestro, atraviesan Am\u00e9rica y el mundo, son un claro indicio de esta vital y alegre lucha sin descanso.<\/p>\n<p>Se abre la s\u00e9ptima puerta. Volvemos a incentivar a todas y a todos para que participen activamente del Festival, escuchando, hablando, preguntando, discutiendo, tejiendo redes entre nosotras\/os para que el Festival prosiga por otros medios luego de su finalizaci\u00f3n.<\/p>\n<p>La poes\u00eda pareciera ser eterna e indestructible. Por las dudas, redoblemos siempre esfuerzos para que as\u00ed sea.<\/p>\n<p>Bienvenidas y bienvenidos poetas y p\u00fablico. Se abre el VII Festival Internacional de Poes\u00eda de Buenos Aires. \u00a1Viva la poes\u00eda!<\/p>\n<!-- AddThis Advanced Settings generic via filter on the_content --><!-- AddThis Share Buttons generic via filter on the_content -->","protected":false},"excerpt":{"rendered":"<p>BREVES RESE\u00d1AS BIOGR\u00c1FICAS DE LOS PARTICIPANTES DEL VII FESTIVAL INTERNACIONAL DE POES\u00cdA DE BUENOS AIRES, 2012 El Festival Internacional de Poes\u00eda de Buenos Aires\u00a0abre por s\u00e9ptima vez sus puertas para [&hellip;]<!-- AddThis Advanced Settings generic via filter on get_the_excerpt --><!-- AddThis Share Buttons generic via filter on get_the_excerpt --><\/p>\n","protected":false},"author":1,"featured_media":0,"parent":0,"menu_order":-7,"comment_status":"closed","ping_status":"closed","template":"","meta":{"footnotes":""},"_links":{"self":[{"href":"https:\/\/festivalpoesiabsas.com.ar\/festivales-anteriores\/index.php?rest_route=\/wp\/v2\/pages\/191"}],"collection":[{"href":"https:\/\/festivalpoesiabsas.com.ar\/festivales-anteriores\/index.php?rest_route=\/wp\/v2\/pages"}],"about":[{"href":"https:\/\/festivalpoesiabsas.com.ar\/festivales-anteriores\/index.php?rest_route=\/wp\/v2\/types\/page"}],"author":[{"embeddable":true,"href":"https:\/\/festivalpoesiabsas.com.ar\/festivales-anteriores\/index.php?rest_route=\/wp\/v2\/users\/1"}],"replies":[{"embeddable":true,"href":"https:\/\/festivalpoesiabsas.com.ar\/festivales-anteriores\/index.php?rest_route=%2Fwp%2Fv2%2Fcomments&post=191"}],"version-history":[{"count":18,"href":"https:\/\/festivalpoesiabsas.com.ar\/festivales-anteriores\/index.php?rest_route=\/wp\/v2\/pages\/191\/revisions"}],"predecessor-version":[{"id":8461,"href":"https:\/\/festivalpoesiabsas.com.ar\/festivales-anteriores\/index.php?rest_route=\/wp\/v2\/pages\/191\/revisions\/8461"}],"wp:attachment":[{"href":"https:\/\/festivalpoesiabsas.com.ar\/festivales-anteriores\/index.php?rest_route=%2Fwp%2Fv2%2Fmedia&parent=191"}],"curies":[{"name":"wp","href":"https:\/\/api.w.org\/{rel}","templated":true}]}}