{"id":172,"date":"2013-04-15T16:01:33","date_gmt":"2013-04-15T19:01:33","guid":{"rendered":"https:\/\/festivalpoesiabsas.com.ar\/festivales-anteriores\/?page_id=172"},"modified":"2020-05-07T14:33:04","modified_gmt":"2020-05-07T17:33:04","slug":"programacion-de-la-escuela","status":"publish","type":"page","link":"https:\/\/festivalpoesiabsas.com.ar\/festivales-anteriores\/?page_id=172","title":{"rendered":"Programaci\u00f3n de la Escuela 2016"},"content":{"rendered":"<p><\/p>\n<h3><span style=\"color: #c21b2d;\"><span style=\"color: #999966;\">TALLERES<\/span><\/span><\/h3>\n<p><img loading=\"lazy\" decoding=\"async\" class=\"size-thumbnail wp-image-4041 alignleft\" src=\"https:\/\/festivalpoesiabsas.com.ar\/festivales-anteriores\/wp-content\/uploads\/elisa_lucinda--150x150.jpg\" alt=\"LUCINDA, Elisa (Esp\u00edrito Santo, Brasil, 1958) Foto: Vantoen Pereira Jr.\" width=\"150\" height=\"150\" data-id=\"4041\" \/><\/p>\n<p><strong><span style=\"color: #c21b2d;\"><span style=\"color: #999966;\">Mi\u00e9rcoles 08 de junio<\/span><\/span><\/strong><br \/>\n<b><strong>Hablar de poes\u00eda sin ser aburrido. Parte I<\/strong><\/b><br \/>\n<strong><span style=\"color: #c21b2d;\"><span style=\"color: #999966;\">jueves 09 de junio<\/span><\/span><\/strong><br \/>\n<b><strong>Hablar de poes\u00eda sin ser aburrido. Parte II<\/strong><\/b><br \/>\n<strong>17:00 a 19:00 hs<\/strong><br \/>\nLugar: <strong>CCK, Av. Sarmiento 151, CABA. Auditorio del 6\u00ba piso (612)<\/strong><br \/>\nTallerista:\u00a0<strong>Elisa Lucinda<\/strong><\/p>\n<h2><\/h2>\n<h4><span style=\"color: #999966;\">Hablar de poes\u00eda sin ser aburrido<\/span><\/h4>\n<p>Es un enfoque coloquial de la poes\u00eda, que nos facilitar\u00e1 el acceso y comunicaci\u00f3n al g\u00e9nero, para cualquier participante. La t\u00e9cnica de la declamaci\u00f3n que por mucho tiempo apost\u00f3 por la forma, los gestos y no por el contenido de lo es y de lo que deber\u00eda generar, el gesto de la performance. Esta experiencia pretende trabajar con los poemas de Alfonsina Storni.<br \/>\nEn la performance y su escritura, hallaremos el camino hacia el propio decir, hacia el poema.<\/p>\n<p><strong><span style=\"color: #999966;\">Elisa LUCINDA<\/span><\/strong><span style=\"color: #999966;\"> (Brasil). Poeta y performer. Se define como multiartista. Sus poemarios <em>O semelhante<\/em>, <em>Euteamo e suas estreias<\/em>, y <em>A f\u00faria da beleza<\/em>\u00a0fueron \u00e9xitos de venta y se transformaron en espect\u00e1culos suyos. Ha publicado m\u00e1s de dieciseis libros. Recorri\u00f3 Brasil y parte de Europa con su mon\u00f3logo <em>Parem de falar mal da rotina<\/em>. Su trabajo <em>A Menina Transparente <\/em>recibi\u00f3 el premio de la Funda\u00e7\u00e3o Nacional do Livro Infantil e Juvenil.\u00a0Viaja por el mundo con su original forma de &#8216;decir poemas&#8217;. <em>Fernando Pessoa, o Cavaleiro de Nada <\/em> -autobiografia del poeta- es su primera novela.<\/span><\/p>\n<h3><img loading=\"lazy\" decoding=\"async\" src=\"https:\/\/festivalpoesiabsas.com.ar\/festivales-anteriores\/wp-content\/uploads\/linea_n1.jpg\" alt=\"\" width=\"621\" height=\"9\" \/><\/h3>\n<p><img loading=\"lazy\" decoding=\"async\" class=\"size-thumbnail wp-image-4049 alignleft\" src=\"https:\/\/festivalpoesiabsas.com.ar\/festivales-anteriores\/wp-content\/uploads\/maestra_minerva-150x150.jpg\" alt=\"VILLARREAL, Minerva Margarita (Nuevo Le\u00f3n, M\u00e9xico, 1957)\" width=\"150\" height=\"150\" data-id=\"4049\" srcset=\"https:\/\/festivalpoesiabsas.com.ar\/festivales-anteriores\/wp-content\/uploads\/maestra_minerva-150x150.jpg 150w, https:\/\/festivalpoesiabsas.com.ar\/festivales-anteriores\/wp-content\/uploads\/maestra_minerva-300x300.jpg 300w, https:\/\/festivalpoesiabsas.com.ar\/festivales-anteriores\/wp-content\/uploads\/maestra_minerva-624x624.jpg 624w, https:\/\/festivalpoesiabsas.com.ar\/festivales-anteriores\/wp-content\/uploads\/maestra_minerva.jpg 800w\" sizes=\"(max-width: 150px) 100vw, 150px\" \/><\/p>\n<p><strong><span style=\"color: #999966;\">Jueves 09 de junio<\/span><\/strong><br \/>\n<strong>17:00 a 19:00 hs<br \/>\n<\/strong><\/p>\n<p>T\u00edtulo:<em><b>\u00a0<\/b><\/em><b><strong>Un poema de mi mejor pel\u00edcula<\/strong> <\/b><br \/>\nLugar:<strong> CCK, Av. Sarmiento 151, CABA. Auditorio del 6\u00ba piso (614)<br \/>\n<\/strong>Tallerista:<strong> Minerva Margarita Villarreal (M\u00e9xico)<\/strong><\/p>\n<h2><\/h2>\n<h4><span style=\"color: #999966;\"><strong>Un poema de mi mejor pel\u00edcula<\/strong><\/span><\/h4>\n<p>Partiendo del principio activo \u201cPresentar, no contar\u201d, y de la importancia de ponderar la implicaci\u00f3n ante la explicaci\u00f3n, este taller busca la escritura de un poema surgido de una escena de una pel\u00edcula a elecci\u00f3n del participante.<\/p>\n<p>Ejercicio de creaci\u00f3n basado en la selecci\u00f3n de un personaje. Con ello crearemos un poema que representar\u00e1 imagen l\u00edrica e impronta visual. A trav\u00e9s de esa imagen f\u00edlmica el poema mostrar\u00e1 el color, el ambiente y el sentimiento de ese segmento visual.<\/p>\n<p><span style=\"color: #999966;\"><strong>Minerva Margarita<\/strong> <strong>VILLARREAL <\/strong>(M\u00e9xico). Poeta. Public\u00f3, entre otros, <em>P\u00e9rdida<\/em> (1992), <em>El coraz\u00f3n m\u00e1s secreto <\/em>(1996), <em>Adamar<\/em> (1998), (2008), <em>T\u00e1lamo <\/em>(2011), <em>De amor y furia. Epigram\u00edsticos<\/em> (2015). Premios: Nacional &#8216;Alfonso Reyes&#8217; (1990). Internacional de Poes\u00eda &#8216;Jaime Sabines&#8217; (1994), Internacional &#8216;Sor Juana In\u00e9s de la Cruz&#8217; (2010), Presea de Honor en los Naji Naaman\u2019s Literary Prizes (2013). Pertenece al Sistema Nacional de Creadores de Arte. Catedr\u00e1tica en la UANL y directora de la Capilla Alfonsina Biblioteca Universitaria, donde publica la colecci\u00f3n de poes\u00eda internacional \u201cEl oro de los tigre\u201d&#8217;.<\/span><\/p>\n<h3><img loading=\"lazy\" decoding=\"async\" src=\"https:\/\/festivalpoesiabsas.com.ar\/festivales-anteriores\/wp-content\/uploads\/linea_n1.jpg\" alt=\"\" width=\"621\" height=\"9\" \/><\/h3>\n<p><span style=\"color: #999966;\"><strong>Viernes 10 de junio<\/strong><\/span><br \/>\n<strong>10:00 a 11:30 hs<br \/>\n<\/strong><\/p>\n<p><b><strong>Conversaciones con alumnos de la escuela (Grupos ya definidos)<\/strong> <\/b><br \/>\nLugar: Escuela N\u00ba1\u00a0<em>Juan Jos\u00e9 Castelli<\/em>: Ayacucho 1680<br \/>\nParticipan: <strong>Berta Garc\u00eda Faet (Espa\u00f1a) y Thomas Boberg (Dinamarca)<\/strong><\/p>\n<p><img loading=\"lazy\" decoding=\"async\" class=\"alignleft size-thumbnail wp-image-4385\" src=\"https:\/\/festivalpoesiabsas.com.ar\/festivales-anteriores\/wp-content\/uploads\/Marcelo-Di-Marco-150x150.jpg\" alt=\"Marcelo Di Marco\" width=\"150\" height=\"150\" data-id=\"4385\" \/><\/p>\n<p><strong><span style=\"color: #999966;\">Viernes 10 de junio<\/span><\/strong><br \/>\n<strong>17:00 a 19:00 hs<br \/>\n<\/strong><\/p>\n<p>T\u00edtulo:<b> <\/b>La m\u00fasica hecha palabra: el entramado de la lengua po\u00e9tica<br \/>\nLugar:<b> <strong>CCK, Av. Sarmiento 151, CABA.<\/strong> Auditorio del 6\u00ba piso (612)<br \/>\n<\/b>Tallerista: <b><strong>Marcelo Di Marco (Argentina)<\/strong><\/b><\/p>\n<h2><\/h2>\n<h4><span style=\"color: #999966;\">La m\u00fasica hecha palabra: el entramado de la lengua po\u00e9tica<\/span><\/h4>\n<p>Desarrollo de la idea matriz, en la obtenci\u00f3n del tema, en la m\u00fasica que dinamiza el texto y en su correcci\u00f3n y pulido. El proceso creativo de la composici\u00f3n po\u00e9tica ser\u00e1 estimulado por la lectura de autores universales \u2015tanto poetas como cr\u00edticos\u2015 y se basar\u00e1 en la aplicaci\u00f3n de t\u00e9cnicas infalibles que facilitar\u00e1n la tarea de los participantes. El objetivo es que cada uno experimente lo que siente un poeta al crear, y qu\u00e9 t\u00e9cnicas y competencias pone en juego a la hora de traer el mundo un nuevo poema. Los participantes pueden leer en voz alta sus creaciones, para favorecer el debate y la cr\u00edtica, y la correcci\u00f3n de estilo por parte del coordinador. Al t\u00e9rmino, se propiciar\u00e1 la reflexi\u00f3n sobre todo lo practicado y aprendido.<\/p>\n<p><span style=\"color: #999966;\"><strong>Marcelo DI MARCO<\/strong> (Ciudad Aut\u00f3noma de Buenos Aires, Argentina, 1957) es uno de los escritores m\u00e1s representativos de su generaci\u00f3n. El long seller <em>Taller de corte &amp; correcci\u00f3n <\/em>sintetiza su reconocida experiencia en la coordinaci\u00f3n de grupos de escritura, y es de habitual aplicaci\u00f3n en talleres y \u00e1mbitos period\u00edsticos y acad\u00e9micos. En 2011, Sudamericana Joven public\u00f3 su novela <em>Victoria entre las sombras<\/em>, cuya segunda edici\u00f3n apareci\u00f3 en 2013. Hace tres a\u00f1os, Di Marco lanz\u00f3 en la web su canal exclusivo en YouTube.<\/span><br \/>\n<span style=\"color: #999966;\">A la fecha, cuenta con m\u00e1s de ocho mil suscriptores.<\/span><br \/>\n<span style=\"color: #999966;\"><a style=\"color: #999966;\" href=\"http:\/\/www.youtube.com\/user\/TallerCyC\" target=\"_blank\" rel=\"noopener noreferrer\">http:\/\/www.youtube.com\/user\/TallerCyC<\/a><\/span><\/p>\n<h3><img loading=\"lazy\" decoding=\"async\" src=\"https:\/\/festivalpoesiabsas.com.ar\/festivales-anteriores\/wp-content\/uploads\/linea_n1.jpg\" alt=\"\" width=\"621\" height=\"9\" \/><\/h3>\n<p><img loading=\"lazy\" decoding=\"async\" class=\"size-thumbnail wp-image-4050 alignleft\" src=\"https:\/\/festivalpoesiabsas.com.ar\/festivales-anteriores\/wp-content\/uploads\/malu_urriola-150x150.jpg\" alt=\"URRIOLA, Mal\u00fa (Chile, 1967)\" width=\"150\" height=\"150\" data-id=\"4050\" \/><\/p>\n<p><span style=\"color: #999966;\"><strong>S\u00e1bado 11 de junio<\/strong><\/span><br \/>\n<strong>15:00 a 17:00 hs<br \/>\n<\/strong><\/p>\n<p>T\u00edtulo:<em><b>\u00a0<\/b><\/em><b><strong>La construcci\u00f3n de un mundo<\/strong><br \/>\n<\/b>Lugar:<b> <strong>CCK, Av. Sarmiento 151, CABA.<\/strong> Auditorio del 6\u00ba piso (612)<br \/>\n<\/b>Tallerista:<b> <strong>Mal\u00fa Urriola (Chile)<\/strong><\/b><\/p>\n<h2><\/h2>\n<h4><strong><span style=\"color: #c21b2d;\"><span style=\"color: #999966;\">La construcci\u00f3n de un mundo<\/span><br \/>\n<\/span><\/strong><\/h4>\n<p>El poema como catarsis autobiogr\u00e1fica o como propuesta de renuncia a la representaci\u00f3n.<br \/>\nCada libro que se escribe es la construcci\u00f3n de un mundo. Construcci\u00f3n de escena.\u00a0Construcci\u00f3n del propio escenario a trav\u00e9s de la palabra.<br \/>\nVida\/ escena\/ escritura.<br \/>\nNo hay diferencia en el momento de la escritura, no hay dicotom\u00eda dentro\/fuera.<br \/>\nLa escritura, la construcci\u00f3n de un cuerpo po\u00e9tico es construcci\u00f3n del cuerpo propio.<br \/>\nEscenario: S\u00ed, pero propio. Nuestra propia escena constru\u00edda por la palabra. Nuestro mundo. Palabra fundante.<br \/>\nTrabajo de taller, con aportaci\u00f3n de textos propios, cualquiera sea su tem\u00e1tica.<\/p>\n<p><span style=\"color: #999966;\"><strong>Mal\u00fa URRIOLA <\/strong>(Chile). Poeta; guionista de cine y televisi\u00f3n. Public\u00f3, entre otros, <em> Piedras Rodantes <\/em>(1987), <em>Dame tu sucio amor <\/em>(1994), <em>Hija de Perra <\/em>(1998), <em>Nada <\/em>(2004), <em>Bracea<\/em> (2007), <em>Las Estrellas de Chile para ti<\/em> (antolog\u00eda, 2015). Realiza proyecto de intervenci\u00f3n urbana\u00a0&#8220;<em>Poes\u00eda es +<\/em>&#8220;: lectura desde globos aerost\u00e1ticos (2002). Becas: Fundaci\u00f3n Andes (2005) y J.S. Guggenheim Memorial Foundation (2009). Premios: Mejor Aporte Televisivo (2004), Municipal de Poes\u00eda de Santiago ((2004), &#8216;Pablo Neruda&#8217; por trayectoria po\u00e9tica (2006). Invitada por Harvard University (para lectura de su poes\u00eda traducida por Anna Denny. En la Bienal de Venecia (2015 expuso el multimedial <em>La Luz que me ciega<\/em>, con la fot\u00f3grafa Paz Err\u00e1zuriz.<\/span><\/p>\n<h3><img loading=\"lazy\" decoding=\"async\" src=\"https:\/\/festivalpoesiabsas.com.ar\/festivales-anteriores\/wp-content\/uploads\/linea_n1.jpg\" alt=\"\" width=\"621\" height=\"9\" \/><\/h3>\n<p><img loading=\"lazy\" decoding=\"async\" class=\"size-full wp-image-4211 alignleft\" src=\"https:\/\/festivalpoesiabsas.com.ar\/festivales-anteriores\/wp-content\/uploads\/cupos_limit.jpg\" alt=\"cupos_limit\" width=\"621\" height=\"44\" data-id=\"4211\" srcset=\"https:\/\/festivalpoesiabsas.com.ar\/festivales-anteriores\/wp-content\/uploads\/cupos_limit.jpg 621w, https:\/\/festivalpoesiabsas.com.ar\/festivales-anteriores\/wp-content\/uploads\/cupos_limit-300x21.jpg 300w\" sizes=\"(max-width: 621px) 100vw, 621px\" \/><\/p>\n<p>Para las inscripciones dirigirse a:<\/p>\n<p><a href=\"mailto:escuela@festivalpoesiabsas.com.ar\">escuela@festivalpoesiabsas.com.ar<\/a>\u00a0<i>o la Sociedad de Escritoras y Escritores de la Argentina (SEA). Tel\u00e9fono: 48648101 de Lunes a Viernes de 15 a 19 hs.<\/i><\/p>\n<h3><img loading=\"lazy\" decoding=\"async\" src=\"https:\/\/festivalpoesiabsas.com.ar\/festivales-anteriores\/wp-content\/uploads\/linea_n1.jpg\" alt=\"\" width=\"621\" height=\"9\" \/><\/h3>\n<p><\/p>\n<!-- AddThis Advanced Settings generic via filter on the_content --><!-- AddThis Share Buttons generic via filter on the_content -->","protected":false},"excerpt":{"rendered":"<p>TALLERES Mi\u00e9rcoles 08 de junio Hablar de poes\u00eda sin ser aburrido. Parte I jueves 09 de junio Hablar de poes\u00eda sin ser aburrido. Parte II 17:00 a 19:00 hs Lugar: [&hellip;]<!-- AddThis Advanced Settings generic via filter on get_the_excerpt --><!-- AddThis Share Buttons generic via filter on get_the_excerpt --><\/p>\n","protected":false},"author":1,"featured_media":0,"parent":0,"menu_order":0,"comment_status":"closed","ping_status":"closed","template":"","meta":{"footnotes":""},"_links":{"self":[{"href":"https:\/\/festivalpoesiabsas.com.ar\/festivales-anteriores\/index.php?rest_route=\/wp\/v2\/pages\/172"}],"collection":[{"href":"https:\/\/festivalpoesiabsas.com.ar\/festivales-anteriores\/index.php?rest_route=\/wp\/v2\/pages"}],"about":[{"href":"https:\/\/festivalpoesiabsas.com.ar\/festivales-anteriores\/index.php?rest_route=\/wp\/v2\/types\/page"}],"author":[{"embeddable":true,"href":"https:\/\/festivalpoesiabsas.com.ar\/festivales-anteriores\/index.php?rest_route=\/wp\/v2\/users\/1"}],"replies":[{"embeddable":true,"href":"https:\/\/festivalpoesiabsas.com.ar\/festivales-anteriores\/index.php?rest_route=%2Fwp%2Fv2%2Fcomments&post=172"}],"version-history":[{"count":79,"href":"https:\/\/festivalpoesiabsas.com.ar\/festivales-anteriores\/index.php?rest_route=\/wp\/v2\/pages\/172\/revisions"}],"predecessor-version":[{"id":5468,"href":"https:\/\/festivalpoesiabsas.com.ar\/festivales-anteriores\/index.php?rest_route=\/wp\/v2\/pages\/172\/revisions\/5468"}],"wp:attachment":[{"href":"https:\/\/festivalpoesiabsas.com.ar\/festivales-anteriores\/index.php?rest_route=%2Fwp%2Fv2%2Fmedia&parent=172"}],"curies":[{"name":"wp","href":"https:\/\/api.w.org\/{rel}","templated":true}]}}