{"id":166,"date":"2013-04-15T15:59:02","date_gmt":"2013-04-15T18:59:02","guid":{"rendered":"https:\/\/festivalpoesiabsas.com.ar\/festivales-anteriores\/?page_id=166"},"modified":"2020-05-07T14:12:25","modified_gmt":"2020-05-07T17:12:25","slug":"sobre-la-escuela-de-poesia","status":"publish","type":"page","link":"https:\/\/festivalpoesiabsas.com.ar\/festivales-anteriores\/?page_id=166","title":{"rendered":"Sobre la Escuela de Poes\u00eda 2016"},"content":{"rendered":"<p><\/p>\n<address><span style=\"color: #a3aa7d;\"><em><span style=\"color: #a3aa7d;\">Poes\u00eda<\/span><br \/>\n<span style=\"color: #a3aa7d;\"> Perd\u00f3name por haberte ayudado a comprender<\/span><br \/>\n<span style=\"color: #a3aa7d;\"> que no est\u00e1s hecha s\u00f3lo de palabras.<\/span><\/em><\/span><\/address>\n<address><span style=\"color: #a3aa7d;\"><span style=\"color: #a3aa7d;\"><strong>Roque Dalton<\/strong><\/span><\/span><\/address>\n<address>\n<hr \/>\n<\/address>\n<p><span style=\"color: #a3aa7d;\"><em style=\"color: #d0101c; line-height: 1.714285714; font-size: 1rem;\"><span style=\"color: #a3aa7d;\">El otro. Con el otro<\/span><br \/>\n<span style=\"color: #a3aa7d;\"> la humanidad, el di\u00e1logo, la poes\u00eda, comienzan.<\/span><\/em><\/span><\/p>\n<p><em style=\"color: #d0101c; line-height: 1.714285714; font-size: 1rem;\"><span style=\"color: #a3aa7d;\"><strong>Rosario Castellanos<\/strong><\/span><\/em><\/p>\n<hr \/>\n<p><span style=\"color: #a3aa7d;\"><span style=\"color: #a3aa7d;\">A veces comprendemos algo<\/span><br \/>\n<span style=\"color: #a3aa7d;\"> entre la noche y la noche.<\/span><\/span><br \/>\n<span style=\"color: #a3aa7d;\"><strong>Roberto Juarroz<\/strong><\/span><\/p>\n<hr \/>\n<p>Antecedida y apoyada en las experiencias de Viena, Medell\u00edn y La Habana, naci\u00f3 la Escuela de Poes\u00eda que, en su quinta edici\u00f3n, se realizar\u00e1 en el marco del XI\u00ba Festival Internacional de Poes\u00eda de Buenos Aires. Este evento se llevar\u00e1 a cabo del martes 7 al s\u00e1bado 11 de junio del presente a\u00f1o.<\/p>\n<p>El prop\u00f3sito de las Escuela es indagar la experiencia po\u00e9tica desde diferentes \u00f3pticas para intentar responder algunas preguntas enga\u00f1osamente simples: \u00bfqu\u00e9 es la poes\u00eda?, \u00bfqu\u00e9 hacer con un libro de poemas?, \u00bfde d\u00f3nde surge un poema?,\u00a0\u00bfpara qu\u00e9 sirve la poes\u00eda?, \u00bfqu\u00e9 nos hace el poema?<\/p>\n<p>A trav\u00e9s de actividades acad\u00e9micas no formales realizadas por algunos de los escritores que nos visitan, mostraremos las posibilidades creativas de la palabra, estimulando la reflexi\u00f3n alrededor de los interrogantes arriba planteados para que la puerta de acceso a la poes\u00eda,\u00a0que para muchos\u00a0 permanece cerrada, \u00a0se abra generosa.<\/p>\n<p>Es casi un lugar com\u00fan creer que s\u00f3lo pueden acceder los elegidos, esos \u201cmuy estudiados\u201d. \u00bfY si la poes\u00eda estuviera en todas partes, esperando la atenci\u00f3n de cualquiera para ser develada?<\/p>\n<p>Muchos, en su vida cotidiana, eluden abordar un libro de poemas porque la poes\u00eda exige y puede incomodar al desnudar tantas cosas. Pero para los que trabajan en las bibliotecas, los maestros, los que quieren dar lectura a los otros, para el padre que se sienta en las noches a leerle a su hijo mientras entra en el sue\u00f1o,\u00a0para aquel que quiera\u00a0escuchar la m\u00fasica del mundo en el caracol donde resuena, que es <em>el poema<\/em> -seg\u00fan Octavio Paz-,\u00a0para ellos y todos ofrecemos esta Escuela de Poes\u00eda que pretende descubrir matices de la enorme potencia de lo po\u00e9tico.<\/p>\n<p>Queremos, ayudados por ustedes, contar el poder de las palabras y su riqueza cotidiana, hablar de la contemplaci\u00f3n, del pensamiento y los sue\u00f1os. Hablar de tantas cosas de nuestro ser, \u00a0hermosas, crueles y canallas que tambi\u00e9n la poes\u00eda alumbra, para no olvidar y revelar su condici\u00f3n, en su justa y precisa medida o f\u00e9rtil desmesura.\u00a0La poes\u00eda nos ayuda a ver, a vernos.<\/p>\n<!-- AddThis Advanced Settings generic via filter on the_content --><!-- AddThis Share Buttons generic via filter on the_content -->","protected":false},"excerpt":{"rendered":"<p>Poes\u00eda Perd\u00f3name por haberte ayudado a comprender que no est\u00e1s hecha s\u00f3lo de palabras. Roque Dalton El otro. Con el otro la humanidad, el di\u00e1logo, la poes\u00eda, comienzan. Rosario Castellanos [&hellip;]<!-- AddThis Advanced Settings generic via filter on get_the_excerpt --><!-- AddThis Share Buttons generic via filter on get_the_excerpt --><\/p>\n","protected":false},"author":1,"featured_media":0,"parent":0,"menu_order":0,"comment_status":"closed","ping_status":"closed","template":"","meta":{"footnotes":""},"_links":{"self":[{"href":"https:\/\/festivalpoesiabsas.com.ar\/festivales-anteriores\/index.php?rest_route=\/wp\/v2\/pages\/166"}],"collection":[{"href":"https:\/\/festivalpoesiabsas.com.ar\/festivales-anteriores\/index.php?rest_route=\/wp\/v2\/pages"}],"about":[{"href":"https:\/\/festivalpoesiabsas.com.ar\/festivales-anteriores\/index.php?rest_route=\/wp\/v2\/types\/page"}],"author":[{"embeddable":true,"href":"https:\/\/festivalpoesiabsas.com.ar\/festivales-anteriores\/index.php?rest_route=\/wp\/v2\/users\/1"}],"replies":[{"embeddable":true,"href":"https:\/\/festivalpoesiabsas.com.ar\/festivales-anteriores\/index.php?rest_route=%2Fwp%2Fv2%2Fcomments&post=166"}],"version-history":[{"count":37,"href":"https:\/\/festivalpoesiabsas.com.ar\/festivales-anteriores\/index.php?rest_route=\/wp\/v2\/pages\/166\/revisions"}],"predecessor-version":[{"id":5467,"href":"https:\/\/festivalpoesiabsas.com.ar\/festivales-anteriores\/index.php?rest_route=\/wp\/v2\/pages\/166\/revisions\/5467"}],"wp:attachment":[{"href":"https:\/\/festivalpoesiabsas.com.ar\/festivales-anteriores\/index.php?rest_route=%2Fwp%2Fv2%2Fmedia&parent=166"}],"curies":[{"name":"wp","href":"https:\/\/api.w.org\/{rel}","templated":true}]}}