{"id":764,"date":"2019-08-26T05:50:27","date_gmt":"2019-08-26T05:50:27","guid":{"rendered":"https:\/\/evenz.qantumthemes.xyz\/demo\/?page_id=764"},"modified":"2022-10-11T11:04:06","modified_gmt":"2022-10-11T14:04:06","slug":"contacto","status":"publish","type":"page","link":"https:\/\/festivalpoesiabsas.com.ar\/en\/contacto\/","title":{"rendered":"Contacto"},"content":{"rendered":"<div class=\"evenz-vc-row-container\" ><div class=\"vc_row evenz-stickycont wpb_row evenz-vc_row vc_custom_1557949727131 vc_row-has-fill\"><div class=\"evenz-container evenz-rowcontainer-vc\"><div class=\"evenz-rowcontent\"><div class=\"wpb_column vc_column_container vc_col-sm-12\"><div class=\"vc_column-inner\"><div class=\"wpb_wrapper\"><div class=\"vc_row wpb_row vc_inner evenz-vc_row\"><div class=\"evenz-container evenz-rowcontainer-vc\"><div class=\"evenz-rowcontent\"><div class=\"page-boxcard wpb_column vc_column_container vc_col-sm-6 vc_col-has-fill\"><div class=\"vc_column-inner vc_custom_1663272496507\"><div class=\"wpb_wrapper\">\t\t<div>\n\t\t\t<h4  class=\"evenz-element-caption evenz-caption  evenz-caption__m evenz-anim\" data-qtwaypoints-offset=\"30\" data-qtwaypoints>\t\t\t\t<span>Env\u00edanos tu mensaje<\/span>\n\t\t\t\t<\/h4>\t\t<\/div>\n\t\t\n<div class=\"wpcf7 no-js\" id=\"wpcf7-f2795-o1\" lang=\"es-AR\" dir=\"ltr\">\n<div class=\"screen-reader-response\"><p role=\"status\" aria-live=\"polite\" aria-atomic=\"true\"><\/p> <ul><\/ul><\/div>\n<form action=\"\/en\/wp-json\/wp\/v2\/pages\/764#wpcf7-f2795-o1\" method=\"post\" class=\"wpcf7-form init\" aria-label=\"Formulario de contacto\" novalidate=\"novalidate\" data-status=\"init\" data-trp-original-action=\"\/en\/wp-json\/wp\/v2\/pages\/764#wpcf7-f2795-o1\">\n<div style=\"display: none;\">\n<input type=\"hidden\" name=\"_wpcf7\" value=\"2795\" \/>\n<input type=\"hidden\" name=\"_wpcf7_version\" value=\"5.8.5\" \/>\n<input type=\"hidden\" name=\"_wpcf7_locale\" value=\"es_AR\" \/>\n<input type=\"hidden\" name=\"_wpcf7_unit_tag\" value=\"wpcf7-f2795-o1\" \/>\n<input type=\"hidden\" name=\"_wpcf7_container_post\" value=\"0\" \/>\n<input type=\"hidden\" name=\"_wpcf7_posted_data_hash\" value=\"\" \/>\n<\/div>\n<p><label> Tu nombre<br \/>\n<span class=\"wpcf7-form-control-wrap\" data-name=\"your-name\"><input size=\"40\" class=\"wpcf7-form-control wpcf7-text wpcf7-validates-as-required\" aria-required=\"true\" aria-invalid=\"false\" value=\"\" type=\"text\" name=\"your-name\" \/><\/span> <\/label>\n<\/p>\n<p><label> Tu correo electr\u00f3nico<br \/>\n<span class=\"wpcf7-form-control-wrap\" data-name=\"your-email\"><input size=\"40\" class=\"wpcf7-form-control wpcf7-email wpcf7-validates-as-required wpcf7-text wpcf7-validates-as-email\" aria-required=\"true\" aria-invalid=\"false\" value=\"\" type=\"email\" name=\"your-email\" \/><\/span> <\/label>\n<\/p>\n<p><label> Asunto<br \/>\n<span class=\"wpcf7-form-control-wrap\" data-name=\"your-subject\"><input size=\"40\" class=\"wpcf7-form-control wpcf7-text wpcf7-validates-as-required\" aria-required=\"true\" aria-invalid=\"false\" value=\"\" type=\"text\" name=\"your-subject\" \/><\/span> <\/label>\n<\/p>\n<p><label> Tu mensaje (opcional)<br \/>\n<span class=\"wpcf7-form-control-wrap\" data-name=\"your-message\"><textarea cols=\"40\" rows=\"10\" class=\"wpcf7-form-control wpcf7-textarea\" aria-invalid=\"false\" name=\"your-message\"><\/textarea><\/span> <\/label>\n<\/p>\n<p><input class=\"wpcf7-form-control wpcf7-submit has-spinner\" type=\"submit\" value=\"Enviar\" \/>\n<\/p><div class=\"wpcf7-response-output\" aria-hidden=\"true\"><\/div>\n<input type=\"hidden\" name=\"trp-form-language\" value=\"en\"\/><\/form>\n<\/div>\n<\/div><\/div><\/div><div class=\"wpb_column vc_column_container vc_col-sm-6 vc_col-has-fill\"><div class=\"vc_column-inner vc_custom_1663272510181\"><div class=\"wpb_wrapper\">\t\t<div>\n\t\t\t<h4  class=\"evenz-element-caption evenz-caption  evenz-caption__m evenz-anim\" data-qtwaypoints-offset=\"30\" data-qtwaypoints>\t\t\t\t<span>La SEA<\/span>\n\t\t\t\t<\/h4>\t\t<\/div>\n\t\t\t\t\t<hr class=\"evenz-spacer-m\">\n\t\t\t\t<div>\n\t\t\t<h5  class=\"evenz-element-caption evenz-caption  evenz-caption__s\" data-qtwaypoints-offset=\"30\" data-qtwaypoints>\t\t\t\t<span>Direcci\u00f3n<\/span>\n\t\t\t\t<\/h5>\t\t<\/div>\n\t\t\n\t<div class=\"wpb_text_column wpb_content_element\" >\n\t\t<div class=\"wpb_wrapper\">\n\t\t\t<p>Bartolom\u00e9 Mitre 2815<br \/>\n2\u00ba Piso Of 225\/230<br \/>\nCABA, Argentina<\/p>\n\n\t\t<\/div>\n\t<\/div>\n\t\t\t<hr class=\"evenz-spacer-s\">\n\t\t\t\t<div>\n\t\t\t<h5  class=\"evenz-element-caption evenz-caption  evenz-caption__s\" data-qtwaypoints-offset=\"30\" data-qtwaypoints>\t\t\t\t<span>Tel\u00e9fono<\/span>\n\t\t\t\t<\/h5>\t\t<\/div>\n\t\t\n\t<div class=\"wpb_text_column wpb_content_element\" >\n\t\t<div class=\"wpb_wrapper\">\n\t\t\t<p>+54 9 11 48734089<\/p>\n\n\t\t<\/div>\n\t<\/div>\n\t\t\t<hr class=\"evenz-spacer-s\">\n\t\t<\/div><\/div><\/div><\/div><\/div><\/div><\/div><\/div><\/div><\/div><\/div><\/div><\/div>","protected":false},"excerpt":{"rendered":"Env\u00edanos tu mensaje Tu nombre Tu correo electr\u00f3nico Asunto Tu mensaje (opcional) La SEA Direcci\u00f3n Bartolom\u00e9 Mitre 2815 2\u00ba Piso Of 225\/230 CABA, Argentina Tel\u00e9fono +54 9 11 48734089","protected":false},"author":1,"featured_media":0,"parent":0,"menu_order":0,"comment_status":"closed","ping_status":"closed","template":"page-wide.php","meta":{"footnotes":""},"_links":{"self":[{"href":"https:\/\/festivalpoesiabsas.com.ar\/en\/wp-json\/wp\/v2\/pages\/764"}],"collection":[{"href":"https:\/\/festivalpoesiabsas.com.ar\/en\/wp-json\/wp\/v2\/pages"}],"about":[{"href":"https:\/\/festivalpoesiabsas.com.ar\/en\/wp-json\/wp\/v2\/types\/page"}],"author":[{"embeddable":true,"href":"https:\/\/festivalpoesiabsas.com.ar\/en\/wp-json\/wp\/v2\/users\/1"}],"replies":[{"embeddable":true,"href":"https:\/\/festivalpoesiabsas.com.ar\/en\/wp-json\/wp\/v2\/comments?post=764"}],"version-history":[{"count":11,"href":"https:\/\/festivalpoesiabsas.com.ar\/en\/wp-json\/wp\/v2\/pages\/764\/revisions"}],"predecessor-version":[{"id":2796,"href":"https:\/\/festivalpoesiabsas.com.ar\/en\/wp-json\/wp\/v2\/pages\/764\/revisions\/2796"}],"wp:attachment":[{"href":"https:\/\/festivalpoesiabsas.com.ar\/en\/wp-json\/wp\/v2\/media?parent=764"}],"curies":[{"name":"wp","href":"https:\/\/api.w.org\/{rel}","templated":true}]}}