{"id":2864,"date":"2022-10-14T12:47:50","date_gmt":"2022-10-14T15:47:50","guid":{"rendered":"http:\/\/festivalpoesiabsas.com.ar\/?page_id=2864"},"modified":"2022-10-14T12:52:09","modified_gmt":"2022-10-14T15:52:09","slug":"discurso-de-apertura-fipba-2022","status":"publish","type":"page","link":"https:\/\/festivalpoesiabsas.com.ar\/en\/discurso-de-apertura-fipba-2022\/","title":{"rendered":"Discurso de apertura FIPBA 2022"},"content":{"rendered":"<p><p style=\"text-align: justify\">Bienvenidas y bienvenidos al FIP Festival Internacional de Poes\u00eda de Buenos Aires en su edici\u00f3n n\u00famero XVI. Hoy abrimos las puertas de casa para que nos visite la poes\u00eda, la poes\u00eda que no tiene fronteras, ni lenguas, ni sabe de guerras, desastres, hambre ni pobreza. \u201cLa poes\u00eda, ha dicho Rimbaud, quiere cambiar la vida. No piensa embellecerla como piensan los estetas y los literatos, ni hacerla m\u00e1s justa o buena, como sue\u00f1an los moralistas. Mediante la palabra, mediante la expresi\u00f3n de su experiencia, procura hacer sagrado al mundo; con la palabra consagra la experiencia de los hombres y las relaciones entre el hombre y el mundo, entre el hombre y la mujer, entre el hombre y su propia conciencia. No pretende hermosear, santificar o idealizar&nbsp;lo que toca, sino volverlo sagrado. Por eso no es moral o inmoral; justa o injusta; falsa o verdadera, hermosa o fea. Es simplemente poes\u00eda.<\/p><\/p>\n\n\n\n<p><p style=\"text-align: justify\">La palabra libertad en este refugio que hemos creado, alejado de los conflictos, dramas y el sinsentido que muchas veces nos provoca el mundo es para que esa palabra nos toque, de mil maneras diferentes y podamos pronunciarla y fundamentalmente vivirla.<\/p><\/p>\n\n\n\n<p><p style=\"text-align: justify\">La poes\u00eda atraviesa las bombas, el fuego, las batallas y nos atraviesa a nosotros, los que decimos con la palabra, a veces tan inmensa que nos abraza en un di\u00e1logo intercultural reuniendo todos los lenguajes y formatos m\u00e1s actuales, las diferentes est\u00e9ticas, en suma apuesta por la inclusi\u00f3n.<\/p><\/p>\n\n\n\n<p><p style=\"text-align: justify\">Tambi\u00e9n tenemos la Escuela Internacional de Poes\u00eda de Buenos Aires, que este a\u00f1o cumple su X edici\u00f3n, con talleres informales y con el prop\u00f3sito de ayudar a conocernos y a que los j\u00f3venes puedan tambi\u00e9n acercarse a ella con curiosidad pero tambi\u00e9n con talento.<\/p><\/p>\n\n\n\n<p><p style=\"text-align: justify\">Siempre hemos cre\u00eddo que la poes\u00eda est\u00e1 en la calle, en la vida que sucede a cada segundo y nos produce ese movimiento o temblor que nos hace ser otra\/o.<\/p><\/p>\n\n\n\n<p><p style=\"text-align: justify\">Para cerrar estas palabras de bienvenida, les digo a los poetas que asisten a esta edici\u00f3n y a los amantes de la poes\u00eda, haci\u00e9ndome eco de Elizabeth Bishop que <em>si despu\u00e9s de leer un poema el mundo se parece a ese poema durante 24 horas, estoy seguro de que es bueno. La poes\u00eda, el mundo, ustedes nosotros somos una fiesta que la podemos bailar seg\u00fan el ritmo que escuchemos<\/em>.<\/p><\/p>\n\n\n\n<p><p style=\"text-align: justify\">Aqu\u00ed recordar a esta mujer valiente, Isadora Duncan, que no dice: <em>Danzar es sentir, sentir es sufrir, sufrir es amar; Usted ama, sufre y siente. \u00a1Usted danza!<\/em><\/p><\/p>\n\n\n\n<p><p style=\"text-align: justify\">Tambi\u00e9n reflexionemos que en la poes\u00eda existe un erotismo oral (\u201cm\u00fasica bucal\u201d lo llama el premio nobel irland\u00e9s Seamus Heaney), hay libido en las palabras, y a la vez el poeta es como un ni\u00f1o que balbucea. Estos dos condimentos suman para que la poes\u00eda tenga m\u00faltiples y hasta enfrentadas lecturas e interpretaciones.<\/p><\/p>\n\n\n\n<p><p style=\"text-align: justify\">S\u00ed, por un lado \u2013siguiendo a George Steiner- \u201cla lectura es el menos pasivo de los empe\u00f1os\u201d y, por otro lado, \u201cla poes\u00eda marca probablemente la cima de las posibilidades del ser humano\u201d, de resultas nos da que el lector de poes\u00eda es casi como un atleta de la inteligencia y la sensibilidad.<\/p><\/p>\n\n\n\n<p><p style=\"text-align: justify\">Y esa lectura nos exige al m\u00e1ximo, nos lleva a contradecir al poema, a disentir, a pelear y amar al poema que se est\u00e1 escuchando o leyendo. Al poema, no a quien lo escribi\u00f3.<\/p><\/p>\n\n\n\n<p><p style=\"text-align: justify\">Todas estas fuerzas interiores que se mueven durante la lectura o (en su versi\u00f3n bucal) la audici\u00f3n del poema, son las que a veces nos hacen resplandecer.<\/p><\/p>\n\n\n\n<p><p style=\"text-align: justify\">Por lo tanto, el poeta debe ser un transgresor, aunque est\u00e9 en la Academia, el lector de poes\u00eda debe ser doblemente transgresor, debe escribir su propio poema mientras recibe los poemas de los dem\u00e1s.<\/p><\/p>\n\n\n\n<p><p style=\"text-align: justify\">Octavio Paz dijo que \u201cla poes\u00eda debe ser un poco seca para que arda bien y de este modo iluminarnos y calentarnos\u201d o El olvidado pensador franc\u00e9s conocido por su seud\u00f3nimo Alain (\u00c9mile-Auguste Chartier) expresa que no hay que sacralizar a los poetas y que la poes\u00eda es amor, reverencia y transgresi\u00f3n.<\/p><\/p>\n\n\n\n<p><p style=\"text-align: justify\">Cuestionen todo\u2026 y recuerden como dec\u00eda Emily Dickinson que <em>el para siempre est\u00e1 hecho de muchos ahoras<\/em>.<\/p><\/p>\n\n\n\n<p><p style=\"text-align: justify\">Bienvenidos\/as al XVI FIP Festival Internacional de Poes\u00eda de Buenos Aires, Rep\u00fablica Argentina.<\/p><\/p>\n\n\n\n<p><p style=\"text-align: justify\">\u00a1Viva la poes\u00eda por mantener vivas las palabras de la tribu!<\/p><\/p>\n\n\n\n<hr class=\"wp-block-separator has-alpha-channel-opacity is-style-dots\"\/>\n\n\n\n<p class=\"has-text-align-right\">Graciela Ar\u00e1oz<br>Directora General<br>Ciudad Aut\u00f3noma de Buenos Aires, 12 de octubre de 2022<\/p>","protected":false},"excerpt":{"rendered":"<p>Bienvenidas y bienvenidos al FIP Festival Internacional de Poes\u00eda de Buenos Aires en su edici\u00f3n n\u00famero XVI. Hoy abrimos las puertas de casa para que nos visite la poes\u00eda, la poes\u00eda que no tiene fronteras, ni lenguas, ni sabe de guerras, desastres, hambre ni pobreza. \u201cLa poes\u00eda, ha dicho Rimbaud, ...<\/p>","protected":false},"author":1,"featured_media":0,"parent":0,"menu_order":0,"comment_status":"closed","ping_status":"closed","template":"","meta":{"footnotes":""},"_links":{"self":[{"href":"https:\/\/festivalpoesiabsas.com.ar\/en\/wp-json\/wp\/v2\/pages\/2864"}],"collection":[{"href":"https:\/\/festivalpoesiabsas.com.ar\/en\/wp-json\/wp\/v2\/pages"}],"about":[{"href":"https:\/\/festivalpoesiabsas.com.ar\/en\/wp-json\/wp\/v2\/types\/page"}],"author":[{"embeddable":true,"href":"https:\/\/festivalpoesiabsas.com.ar\/en\/wp-json\/wp\/v2\/users\/1"}],"replies":[{"embeddable":true,"href":"https:\/\/festivalpoesiabsas.com.ar\/en\/wp-json\/wp\/v2\/comments?post=2864"}],"version-history":[{"count":4,"href":"https:\/\/festivalpoesiabsas.com.ar\/en\/wp-json\/wp\/v2\/pages\/2864\/revisions"}],"predecessor-version":[{"id":2870,"href":"https:\/\/festivalpoesiabsas.com.ar\/en\/wp-json\/wp\/v2\/pages\/2864\/revisions\/2870"}],"wp:attachment":[{"href":"https:\/\/festivalpoesiabsas.com.ar\/en\/wp-json\/wp\/v2\/media?parent=2864"}],"curies":[{"name":"wp","href":"https:\/\/api.w.org\/{rel}","templated":true}]}}