{"id":1717,"date":"2022-09-19T15:01:07","date_gmt":"2022-09-19T18:01:07","guid":{"rendered":"http:\/\/festivalpoesiabsas.com.ar\/?page_id=1717"},"modified":"2022-09-29T13:02:15","modified_gmt":"2022-09-29T16:02:15","slug":"declaraciones-de-interes-cultural-y-educativo","status":"publish","type":"page","link":"https:\/\/festivalpoesiabsas.com.ar\/en\/declaraciones-de-interes-cultural-y-educativo\/","title":{"rendered":"Declaraciones de Inter\u00e9s Cultural y Educativo"},"content":{"rendered":"<div class=\"evenz-vc-row-container\" ><div class=\"vc_row evenz-stickycont wpb_row evenz-vc_row\"><div class=\"evenz-rowcontainer-vc\"><div class=\"evenz-rowcontent\"><div class=\"wpb_column vc_column_container vc_col-sm-8\"><div class=\"vc_column-inner\"><div class=\"wpb_wrapper\">\t\t<div>\n\t\t\t<div class=\"aligncenter\"> <h4  class=\"evenz-element-caption evenz-caption  evenz-caption__m evenz-caption__c\" data-qtwaypoints-offset=\"30\" data-qtwaypoints>\t\t\t\t<span>El Festival Internacional de Poes\u00eda de Buenos Aires y la Escuela Internacional de Poes\u00eda de Buenos Aires declarados de inter\u00e9s Cultural y Educativo.<\/span>\n\t\t\t\t<\/h4><\/div>\t\t<\/div>\n\t\t\t\t\t<hr class=\"evenz-spacer-m\">\n\t\t\n\t<div class=\"wpb_text_column wpb_content_element\" >\n\t\t<div class=\"wpb_wrapper\">\n\t\t\t<p class=\"p1\"><strong><span class=\"s1\">La Legislatura de la Ciudad Aut\u00f3noma de Buenos Aires declar\u00f3 de Inter\u00e9s Cultural El FIP Festival Internacional de Poes\u00eda de Buenos Aires y la Escuela Internacional de Poes\u00eda de Buenos Aires aprobados en la sesi\u00f3n del 7 de junio de 2018 por declaraci\u00f3n 275.<\/span><\/strong><\/p>\n<p class=\"p1\"><span class=\"s1\">El Ministerio de Educaci\u00f3n, Cultura, Ciencia y Tecnolog\u00eda de la Rep\u00fablica Argentina, declar\u00f3 despu\u00e9s de XIII a\u00f1os ininterrumpidos al FIP Festival Internacional de Poes\u00eda de Buenos Aires y a la Escuela Internacional de Poes\u00eda de Inter\u00e9s Educativo aprobados en la sesi\u00f3n de martes 11 de septiembre de 2018 por Resoluci\u00f3n 2018-39-APN-ECCYT.<\/span><\/p>\n<p class=\"p1\"><span class=\"s1\">El Congreso de la Naci\u00f3n declar\u00f3 de Inter\u00e9s Cultural de la Naci\u00f3n al FIP Festival Internacional de Poes\u00eda de Buenos Aires y la Escuela Internacional de Poes\u00eda de Buenos Aires.<\/span><\/p>\n\n\t\t<\/div>\n\t<\/div>\n\t\t\t<hr class=\"evenz-spacer-m\">\n\t\t<\/div><\/div><\/div><div class=\"wpb_column vc_column_container vc_col-sm-4\"><div class=\"vc_column-inner\"><div class=\"wpb_wrapper\">\n\t<div  class=\"wpb_single_image wpb_content_element vc_align_center\">\n\t\t\n\t\t<figure class=\"wpb_wrapper vc_figure\">\n\t\t\t<div class=\"vc_single_image-wrapper   vc_box_border_grey\"><img loading=\"lazy\" decoding=\"async\" width=\"670\" height=\"130\" src=\"https:\/\/festivalpoesiabsas.com.ar\/wp-content\/uploads\/2022\/09\/5gr53a4pez_1498765469.1044.png\" class=\"vc_single_image-img attachment-full\" alt=\"\" title=\"5gr53a4pez_1498765469.1044\" \/><\/div>\n\t\t<\/figure>\n\t<\/div>\n\t\t\t<hr class=\"evenz-spacer-s\">\n\t\t\n\t<div  class=\"wpb_single_image wpb_content_element vc_align_center\">\n\t\t\n\t\t<figure class=\"wpb_wrapper vc_figure\">\n\t\t\t<div class=\"vc_single_image-wrapper   vc_box_border_grey\"><img loading=\"lazy\" decoding=\"async\" width=\"800\" height=\"156\" src=\"https:\/\/festivalpoesiabsas.com.ar\/wp-content\/uploads\/2022\/09\/logo-meccyt.303c49c7f504.png\" class=\"vc_single_image-img attachment-full\" alt=\"\" title=\"logo-meccyt.303c49c7f504\" srcset=\"https:\/\/festivalpoesiabsas.com.ar\/wp-content\/uploads\/2022\/09\/logo-meccyt.303c49c7f504.png 800w, https:\/\/festivalpoesiabsas.com.ar\/wp-content\/uploads\/2022\/09\/logo-meccyt.303c49c7f504-770x150.png 770w, https:\/\/festivalpoesiabsas.com.ar\/wp-content\/uploads\/2022\/09\/logo-meccyt.303c49c7f504-768x150.png 768w\" sizes=\"(max-width: 800px) 100vw, 800px\" \/><\/div>\n\t\t<\/figure>\n\t<\/div>\n\t\t\t<hr class=\"evenz-spacer-s\">\n\t\t<\/div><\/div><\/div><\/div><\/div><\/div><\/div>","protected":false},"excerpt":{"rendered":"El Festival Internacional de Poes\u00eda de Buenos Aires y la Escuela Internacional de Poes\u00eda de Buenos Aires declarados de inter\u00e9s Cultural y Educativo. La Legislatura de la Ciudad Aut\u00f3noma de Buenos Aires declar\u00f3 de Inter\u00e9s Cultural El FIP Festival Internacional de Poes\u00eda de Buenos Aires y la Escuela Internacional de [...]","protected":false},"author":1,"featured_media":0,"parent":0,"menu_order":0,"comment_status":"closed","ping_status":"closed","template":"page-wide.php","meta":{"footnotes":""},"_links":{"self":[{"href":"https:\/\/festivalpoesiabsas.com.ar\/en\/wp-json\/wp\/v2\/pages\/1717"}],"collection":[{"href":"https:\/\/festivalpoesiabsas.com.ar\/en\/wp-json\/wp\/v2\/pages"}],"about":[{"href":"https:\/\/festivalpoesiabsas.com.ar\/en\/wp-json\/wp\/v2\/types\/page"}],"author":[{"embeddable":true,"href":"https:\/\/festivalpoesiabsas.com.ar\/en\/wp-json\/wp\/v2\/users\/1"}],"replies":[{"embeddable":true,"href":"https:\/\/festivalpoesiabsas.com.ar\/en\/wp-json\/wp\/v2\/comments?post=1717"}],"version-history":[{"count":4,"href":"https:\/\/festivalpoesiabsas.com.ar\/en\/wp-json\/wp\/v2\/pages\/1717\/revisions"}],"predecessor-version":[{"id":2546,"href":"https:\/\/festivalpoesiabsas.com.ar\/en\/wp-json\/wp\/v2\/pages\/1717\/revisions\/2546"}],"wp:attachment":[{"href":"https:\/\/festivalpoesiabsas.com.ar\/en\/wp-json\/wp\/v2\/media?parent=1717"}],"curies":[{"name":"wp","href":"https:\/\/api.w.org\/{rel}","templated":true}]}}