{"id":1553,"date":"2022-09-15T14:30:49","date_gmt":"2022-09-15T17:30:49","guid":{"rendered":"http:\/\/festivalpoesiabsas.com.ar\/?page_id=1553"},"modified":"2022-10-17T15:02:44","modified_gmt":"2022-10-17T18:02:44","slug":"material-para-prensa-fip-16","status":"publish","type":"page","link":"https:\/\/festivalpoesiabsas.com.ar\/en\/material-para-prensa-fip-16\/","title":{"rendered":"Material para prensa FIP #16"},"content":{"rendered":"<div class=\"evenz-vc-row-container\" ><div class=\"vc_row evenz-stickycont wpb_row evenz-vc_row\"><div class=\"evenz-rowcontainer-vc\"><div class=\"evenz-rowcontent\"><div class=\"wpb_column vc_column_container vc_col-sm-12\"><div class=\"vc_column-inner\"><div class=\"wpb_wrapper\">\t\t<div>\n\t\t\t<div class=\"aligncenter\"> <h4  class=\"evenz-element-caption evenz-caption  evenz-caption__m evenz-caption__c\" data-qtwaypoints-offset=\"30\" data-qtwaypoints>\t\t\t\t<span>Logos<\/span>\n\t\t\t\t<\/h4><\/div>\t\t<\/div>\n\t\t\t\t\t<hr class=\"evenz-spacer-s\">\n\t\t<\/div><\/div><\/div><\/div><\/div><\/div><\/div><div class=\"evenz-vc-row-container\" ><div class=\"vc_row evenz-stickycont wpb_row evenz-vc_row\"><div class=\"evenz-rowcontainer-vc\"><div class=\"evenz-rowcontent\"><div class=\"wpb_column vc_column_container vc_col-sm-4\"><div class=\"vc_column-inner\"><div class=\"wpb_wrapper\">\t\t<div>\n\t\t\t<div class=\"aligncenter\"> <h4  class=\"evenz-element-caption evenz-caption  evenz-caption__m evenz-caption__c\" data-qtwaypoints-offset=\"30\" data-qtwaypoints>\t\t\t\t<span>Logos FIP #16<\/span>\n\t\t\t\t<\/h4><\/div>\t\t<\/div>\n\t\t <p class=\"aligncenter\"><a href=\"\/wp-content\/uploads\/2019\/08\/logos-FIP16.zip\"  \n\t\tclass=\"evenz-btn  aligncenter\"><span>Descargar<\/span><\/a><\/p><\/div><\/div><\/div><div class=\"wpb_column vc_column_container vc_col-sm-4\"><div class=\"vc_column-inner\"><div class=\"wpb_wrapper\">\t\t<div>\n\t\t\t<div class=\"aligncenter\"> <h4  class=\"evenz-element-caption evenz-caption  evenz-caption__m evenz-caption__c\" data-qtwaypoints-offset=\"30\" data-qtwaypoints>\t\t\t\t<span>Logos FIP<\/span>\n\t\t\t\t<\/h4><\/div>\t\t<\/div>\n\t\t <p class=\"aligncenter\"><a href=\"\/wp-content\/uploads\/2019\/08\/logos-FIP.zip\"  \n\t\tclass=\"evenz-btn  aligncenter\"><span>Descargar<\/span><\/a><\/p><\/div><\/div><\/div><div class=\"wpb_column vc_column_container vc_col-sm-4\"><div class=\"vc_column-inner\"><div class=\"wpb_wrapper\">\t\t<div>\n\t\t\t<div class=\"aligncenter\"> <h4  class=\"evenz-element-caption evenz-caption  evenz-caption__m evenz-caption__c\" data-qtwaypoints-offset=\"30\" data-qtwaypoints>\t\t\t\t<span>Logos SEA<\/span>\n\t\t\t\t<\/h4><\/div>\t\t<\/div>\n\t\t <p class=\"aligncenter\"><a href=\"\/wp-content\/uploads\/2019\/08\/logos-SEA.zip\"  \n\t\tclass=\"evenz-btn  aligncenter\"><span>Descargar<\/span><\/a><\/p><\/div><\/div><\/div><\/div><\/div><\/div><\/div><div class=\"evenz-vc-row-container\" ><div class=\"vc_row evenz-stickycont wpb_row evenz-vc_row\"><div class=\"evenz-rowcontainer-vc\"><div class=\"evenz-rowcontent\"><div class=\"wpb_column vc_column_container vc_col-sm-12\"><div class=\"vc_column-inner\"><div class=\"wpb_wrapper\">\t\t\t<hr class=\"evenz-spacer-l\">\n\t\t\t\t<div>\n\t\t\t<div class=\"aligncenter\"> <h4  class=\"evenz-element-caption evenz-caption  evenz-caption__m evenz-caption__c\" data-qtwaypoints-offset=\"30\" data-qtwaypoints>\t\t\t\t<span>Fotos participantes<\/span>\n\t\t\t\t<\/h4><\/div>\t\t<\/div>\n\t\t <p class=\"aligncenter\"><a href=\"\/wp-content\/uploads\/2019\/08\/participantes-FIP16.zip\"  \n\t\tclass=\"evenz-btn  aligncenter\"><span>Descargar<\/span><\/a><\/p><\/div><\/div><\/div><\/div><\/div><\/div><\/div><div class=\"evenz-vc-row-container\" ><div class=\"vc_row evenz-stickycont wpb_row evenz-vc_row\"><div class=\"evenz-rowcontainer-vc\"><div class=\"evenz-rowcontent\"><div class=\"wpb_column vc_column_container vc_col-sm-12\"><div class=\"vc_column-inner\"><div class=\"wpb_wrapper\">\t\t\t<hr class=\"evenz-spacer-l\">\n\t\t\t\t<div>\n\t\t\t<div class=\"aligncenter\"> <h4  class=\"evenz-element-caption evenz-caption  evenz-caption__m evenz-caption__c\" data-qtwaypoints-offset=\"30\" data-qtwaypoints>\t\t\t\t<span>Galer\u00edas<\/span>\n\t\t\t\t<\/h4><\/div>\t\t<\/div>\n\t\t\t\t\t<hr class=\"evenz-spacer-s\">\n\t\t<\/div><\/div><\/div><\/div><\/div><\/div><\/div><div class=\"evenz-vc-row-container\" ><div class=\"vc_row evenz-stickycont wpb_row evenz-vc_row\"><div class=\"evenz-rowcontainer-vc\"><div class=\"evenz-rowcontent\"><div class=\"wpb_column vc_column_container vc_col-sm-3\"><div class=\"vc_column-inner\"><div class=\"wpb_wrapper\">\t\t<div>\n\t\t\t<div class=\"aligncenter\"> <h4  class=\"evenz-element-caption evenz-caption  evenz-caption__m evenz-caption__c\" data-qtwaypoints-offset=\"30\" data-qtwaypoints>\t\t\t\t<span>D\u00eda 1<\/span>\n\t\t\t\t<\/h4><\/div>\t\t<\/div>\n\t\t <p class=\"aligncenter\"><a href=\"\/wp-content\/uploads\/2019\/08\/fip16_momentos_12-10-22.zip\"  \n\t\tclass=\"evenz-btn  aligncenter\"><span>Descargar Galer\u00eda<\/span><\/a><\/p>\t\t\t<hr class=\"evenz-spacer-s\">\n\t\t <p class=\"aligncenter\"><a href=\"https:\/\/youtu.be\/xw3PtaY-8hQ\"  target=\"_blank\"  \n\t\tclass=\"evenz-btn  aligncenter\"><span>Video resumen<\/span><\/a><\/p><\/div><\/div><\/div><div class=\"wpb_column vc_column_container vc_col-sm-3\"><div class=\"vc_column-inner\"><div class=\"wpb_wrapper\">\t\t<div>\n\t\t\t<div class=\"aligncenter\"> <h4  class=\"evenz-element-caption evenz-caption  evenz-caption__m evenz-caption__c\" data-qtwaypoints-offset=\"30\" data-qtwaypoints>\t\t\t\t<span>D\u00eda 2<\/span>\n\t\t\t\t<\/h4><\/div>\t\t<\/div>\n\t\t <p class=\"aligncenter\"><a href=\"\/wp-content\/uploads\/2019\/08\/fip16_momentos_13-10-22.zip\"  \n\t\tclass=\"evenz-btn  aligncenter\"><span>Descargar Galer\u00eda<\/span><\/a><\/p><\/div><\/div><\/div><div class=\"wpb_column vc_column_container vc_col-sm-3\"><div class=\"vc_column-inner\"><div class=\"wpb_wrapper\">\t\t<div>\n\t\t\t<div class=\"aligncenter\"> <h4  class=\"evenz-element-caption evenz-caption  evenz-caption__m evenz-caption__c\" data-qtwaypoints-offset=\"30\" data-qtwaypoints>\t\t\t\t<span>D\u00eda 3 Sivori<\/span>\n\t\t\t\t<\/h4><\/div>\t\t<\/div>\n\t\t <p class=\"aligncenter\"><a href=\"\/wp-content\/uploads\/2019\/08\/fip16_14-10-22_sivori.zip\"  \n\t\tclass=\"evenz-btn  aligncenter\"><span>Descargar Galer\u00eda<\/span><\/a><\/p>\t\t\t<hr class=\"evenz-spacer-s\">\n\t\t\t\t<div>\n\t\t\t<div class=\"aligncenter\"> <h4  class=\"evenz-element-caption evenz-caption  evenz-caption__m evenz-caption__c\" data-qtwaypoints-offset=\"30\" data-qtwaypoints>\t\t\t\t<span>D\u00eda 3 C. C. Macedonia<\/span>\n\t\t\t\t<\/h4><\/div>\t\t<\/div>\n\t\t <p class=\"aligncenter\"><a href=\"\/wp-content\/uploads\/2019\/08\/fip16_14-10-22_macedonia.zip\"  \n\t\tclass=\"evenz-btn  aligncenter\"><span>Descargar Galer\u00eda<\/span><\/a><\/p><\/div><\/div><\/div><div class=\"wpb_column vc_column_container vc_col-sm-3\"><div class=\"vc_column-inner\"><div class=\"wpb_wrapper\">\t\t<div>\n\t\t\t<div class=\"aligncenter\"> <h4  class=\"evenz-element-caption evenz-caption  evenz-caption__m evenz-caption__c\" data-qtwaypoints-offset=\"30\" data-qtwaypoints>\t\t\t\t<span>D\u00eda 4 Cierre<\/span>\n\t\t\t\t<\/h4><\/div>\t\t<\/div>\n\t\t <p class=\"aligncenter\"><a href=\"\/wp-content\/uploads\/2022\/10\/fip16_momentos_15-10-22.zip\"  \n\t\tclass=\"evenz-btn  aligncenter\"><span>Descargar Galer\u00eda<\/span><\/a><\/p><\/div><\/div><\/div><\/div><\/div><\/div><\/div>","protected":false},"excerpt":{"rendered":"Logos Logos FIP #16 Descargar Logos FIP Descargar Logos SEA Descargar Fotos participantes Descargar Galer\u00edas D\u00eda 1 Descargar Galer\u00eda Video resumen D\u00eda 2 Descargar Galer\u00eda D\u00eda 3 Sivori Descargar Galer\u00eda D\u00eda 3 C. C. Macedonia Descargar Galer\u00eda D\u00eda 4 Cierre Descargar Galer\u00eda","protected":false},"author":1,"featured_media":0,"parent":0,"menu_order":0,"comment_status":"closed","ping_status":"closed","template":"page-wide.php","meta":{"footnotes":""},"_links":{"self":[{"href":"https:\/\/festivalpoesiabsas.com.ar\/en\/wp-json\/wp\/v2\/pages\/1553"}],"collection":[{"href":"https:\/\/festivalpoesiabsas.com.ar\/en\/wp-json\/wp\/v2\/pages"}],"about":[{"href":"https:\/\/festivalpoesiabsas.com.ar\/en\/wp-json\/wp\/v2\/types\/page"}],"author":[{"embeddable":true,"href":"https:\/\/festivalpoesiabsas.com.ar\/en\/wp-json\/wp\/v2\/users\/1"}],"replies":[{"embeddable":true,"href":"https:\/\/festivalpoesiabsas.com.ar\/en\/wp-json\/wp\/v2\/comments?post=1553"}],"version-history":[{"count":18,"href":"https:\/\/festivalpoesiabsas.com.ar\/en\/wp-json\/wp\/v2\/pages\/1553\/revisions"}],"predecessor-version":[{"id":3026,"href":"https:\/\/festivalpoesiabsas.com.ar\/en\/wp-json\/wp\/v2\/pages\/1553\/revisions\/3026"}],"wp:attachment":[{"href":"https:\/\/festivalpoesiabsas.com.ar\/en\/wp-json\/wp\/v2\/media?parent=1553"}],"curies":[{"name":"wp","href":"https:\/\/api.w.org\/{rel}","templated":true}]}}