{"id":1543,"date":"2022-09-15T14:13:43","date_gmt":"2022-09-15T17:13:43","guid":{"rendered":"http:\/\/festivalpoesiabsas.com.ar\/?page_id=1543"},"modified":"2022-10-14T12:31:10","modified_gmt":"2022-10-14T15:31:10","slug":"prensa-fip-16","status":"publish","type":"page","link":"https:\/\/festivalpoesiabsas.com.ar\/en\/prensa-fip-16\/","title":{"rendered":"Prensa FIP #16"},"content":{"rendered":"<div class=\"evenz-vc-row-container\" ><div class=\"vc_row evenz-stickycont wpb_row evenz-vc_row vc_custom_1665605598707\"><div class=\"evenz-rowcontainer-vc\"><div class=\"evenz-rowcontent\"><div class=\"wpb_column vc_column_container vc_col-sm-4\"><div class=\"vc_column-inner\"><div class=\"wpb_wrapper\">\t\t<a href=\"https:\/\/www.diariodecultura.com.ar\/columna-izquierda\/el-festival-internacional-de-poesia-de-buenos-aires-esta-en-marcha\/\" class=\"evenz-cards  evenz-cards__sky\" target=\"_blank\">\n\t\t\t<div class=\"evenz-cards__content evenz-card evenz-gradprimary evenz-negative\">\n\n\t\t\t\t\t\t\t\t\t<div class=\"evenz-cards__i\"><img decoding=\"async\" src=\"https:\/\/festivalpoesiabsas.com.ar\/wp-content\/uploads\/2022\/10\/prensa-cultura2.jpg\" alt=\"Diario de cultura\"><\/div>\n\t\t\t\t\t\n\t\t\t\t<div class=\"evenz-cards__content__c\">\n\t\t\t\t\t<h4 class=\"evenz-capfont\">Diario de cultura<\/h4><p class=\"evenz-small\">El Festival Internacional de Poes\u00eda de Buenos Aires est\u00e1 en marcha<\/p><span class=\"evenz-btn evenz-btn__bold evenz-btn__s\">Ir a la nota<\/span>\n\t\t \t\t\t\n\t\t \t\t<\/div>\n\n\t \t\t\t\n\t\t\t\t<span class=\"evenz-hov\"><\/span><div class=\"evenz-particles\"><\/div>\n\t\t\t<\/div>\n\t\t<\/a>\n\t\t<\/div><\/div><\/div><div class=\"wpb_column vc_column_container vc_col-sm-4\"><div class=\"vc_column-inner\"><div class=\"wpb_wrapper\">\t\t<a href=\"https:\/\/www.clarin.com\/cultura\/sabado-realiza-nueva-edicion-festival-poesia-buenos-aires_0_bIau8ruQZc.html\" class=\"evenz-cards  evenz-cards__sky\" target=\"_blank\">\n\t\t\t<div class=\"evenz-cards__content evenz-card evenz-gradprimary evenz-negative\">\n\n\t\t\t\t\t\t\t\t\t<div class=\"evenz-cards__i\"><img decoding=\"async\" src=\"https:\/\/festivalpoesiabsas.com.ar\/wp-content\/uploads\/2022\/10\/prensa-clarincultura.jpg\" alt=\"Clar\u00edn Cultura\"><\/div>\n\t\t\t\t\t\n\t\t\t\t<div class=\"evenz-cards__content__c\">\n\t\t\t\t\t<h4 class=\"evenz-capfont\">Clar\u00edn Cultura<\/h4><p class=\"evenz-small\">Hasta el s\u00e1bado se realiza una nueva edici\u00f3n del Festival de Poes\u00eda de Buenos Aires<\/p><span class=\"evenz-btn evenz-btn__bold evenz-btn__s\">Ir a la nota<\/span>\n\t\t \t\t\t\n\t\t \t\t<\/div>\n\n\t \t\t\t\n\t\t\t\t<span class=\"evenz-hov\"><\/span><div class=\"evenz-particles\"><\/div>\n\t\t\t<\/div>\n\t\t<\/a>\n\t\t<\/div><\/div><\/div><div class=\"wpb_column vc_column_container vc_col-sm-4\"><div class=\"vc_column-inner\"><div class=\"wpb_wrapper\">\t\t<a href=\"https:\/\/www.diariodecultura.com.ar\/columna-izquierda\/se-inaugura-el-xvi-fip-festival-internacional-de-poesia-de-buenos-aires\/\" class=\"evenz-cards  evenz-cards__sky\" target=\"_blank\">\n\t\t\t<div class=\"evenz-cards__content evenz-card evenz-gradprimary evenz-negative\">\n\n\t\t\t\t\t\t\t\t\t<div class=\"evenz-cards__i\"><img decoding=\"async\" src=\"https:\/\/festivalpoesiabsas.com.ar\/wp-content\/uploads\/2022\/10\/prensa-cultura.jpg\" alt=\"Diario de cultura\"><\/div>\n\t\t\t\t\t\n\t\t\t\t<div class=\"evenz-cards__content__c\">\n\t\t\t\t\t<h4 class=\"evenz-capfont\">Diario de cultura<\/h4><p class=\"evenz-small\">Se inaugura el XVI FIP, Festival Internacional de Poes\u00eda de Buenos Aires<\/p><span class=\"evenz-btn evenz-btn__bold evenz-btn__s\">Ir a la nota<\/span>\n\t\t \t\t\t\n\t\t \t\t<\/div>\n\n\t \t\t\t\n\t\t\t\t<span class=\"evenz-hov\"><\/span><div class=\"evenz-particles\"><\/div>\n\t\t\t<\/div>\n\t\t<\/a>\n\t\t<\/div><\/div><\/div><\/div><\/div><\/div><\/div><div class=\"evenz-vc-row-container\" ><div class=\"vc_row evenz-stickycont wpb_row evenz-vc_row vc_custom_1665761459567\"><div class=\"evenz-rowcontainer-vc\"><div class=\"evenz-rowcontent\"><div class=\"wpb_column vc_column_container vc_col-sm-4\"><div class=\"vc_column-inner\"><div class=\"wpb_wrapper\">\t\t<a href=\"https:\/\/www.lanacion.com.ar\/cultura\/palabras-en-libertad-empieza-el-festival-internacional-de-poesia-de-buenos-aires-nid12102022\/\" class=\"evenz-cards  evenz-cards__sky\" target=\"_blank\">\n\t\t\t<div class=\"evenz-cards__content evenz-card evenz-gradprimary evenz-negative\">\n\n\t\t\t\t\t\t\t\t\t<div class=\"evenz-cards__i\"><img decoding=\"async\" src=\"https:\/\/festivalpoesiabsas.com.ar\/wp-content\/uploads\/2022\/10\/prensa-lanacion-2.jpg\" alt=\"La Naci\u00f3n\"><\/div>\n\t\t\t\t\t\n\t\t\t\t<div class=\"evenz-cards__content__c\">\n\t\t\t\t\t<h4 class=\"evenz-capfont\">La Naci\u00f3n<\/h4><p class=\"evenz-small\">Palabras en libertad: empieza el Festival Internacional de Poes\u00eda de Buenos Aires<\/p><span class=\"evenz-btn evenz-btn__bold evenz-btn__s\">Ir a la nota<\/span>\n\t\t \t\t\t\n\t\t \t\t<\/div>\n\n\t \t\t\t\n\t\t\t\t<span class=\"evenz-hov\"><\/span><div class=\"evenz-particles\"><\/div>\n\t\t\t<\/div>\n\t\t<\/a>\n\t\t<\/div><\/div><\/div><div class=\"wpb_column vc_column_container vc_col-sm-4\"><div class=\"vc_column-inner\"><div class=\"wpb_wrapper\">\t\t<a href=\"https:\/\/www.infobae.com\/cultura\/2022\/10\/11\/comienza-el-festival-internacional-de-poesia-de-buenos-aires\/\" class=\"evenz-cards  evenz-cards__sky\" target=\"_blank\">\n\t\t\t<div class=\"evenz-cards__content evenz-card evenz-gradprimary evenz-negative\">\n\n\t\t\t\t\t\t\t\t\t<div class=\"evenz-cards__i\"><img decoding=\"async\" src=\"https:\/\/festivalpoesiabsas.com.ar\/wp-content\/uploads\/2022\/10\/prensa-infobae.jpg\" alt=\"Infobae\"><\/div>\n\t\t\t\t\t\n\t\t\t\t<div class=\"evenz-cards__content__c\">\n\t\t\t\t\t<h4 class=\"evenz-capfont\">Infobae<\/h4><p class=\"evenz-small\">Comienza el Festival Internacional de Poes\u00eda de Buenos Aires<\/p><span class=\"evenz-btn evenz-btn__bold evenz-btn__s\">Ir a la nota<\/span>\n\t\t \t\t\t\n\t\t \t\t<\/div>\n\n\t \t\t\t\n\t\t\t\t<span class=\"evenz-hov\"><\/span><div class=\"evenz-particles\"><\/div>\n\t\t\t<\/div>\n\t\t<\/a>\n\t\t<\/div><\/div><\/div><div class=\"wpb_column vc_column_container vc_col-sm-4\"><div class=\"vc_column-inner\"><div class=\"wpb_wrapper\">\t\t<a href=\"https:\/\/www.lanacion.com.ar\/cultura\/7-recomendados-de-arte-y-cultura-para-esta-semana-nid06102022\/?outputType=amp\" class=\"evenz-cards  evenz-cards__sky\" target=\"_blank\">\n\t\t\t<div class=\"evenz-cards__content evenz-card evenz-gradprimary evenz-negative\">\n\n\t\t\t\t\t\t\t\t\t<div class=\"evenz-cards__i\"><img decoding=\"async\" src=\"https:\/\/festivalpoesiabsas.com.ar\/wp-content\/uploads\/2022\/10\/prensa-lanacion-1.jpg\" alt=\"La Naci\u00f3n\"><\/div>\n\t\t\t\t\t\n\t\t\t\t<div class=\"evenz-cards__content__c\">\n\t\t\t\t\t<h4 class=\"evenz-capfont\">La Naci\u00f3n<\/h4><p class=\"evenz-small\">7 recomendados de arte y cultura para esta semana<\/p><span class=\"evenz-btn evenz-btn__bold evenz-btn__s\">Ir a la nota<\/span>\n\t\t \t\t\t\n\t\t \t\t<\/div>\n\n\t \t\t\t\n\t\t\t\t<span class=\"evenz-hov\"><\/span><div class=\"evenz-particles\"><\/div>\n\t\t\t<\/div>\n\t\t<\/a>\n\t\t<\/div><\/div><\/div><\/div><\/div><\/div><\/div><div class=\"evenz-vc-row-container\" ><div class=\"vc_row evenz-stickycont wpb_row evenz-vc_row vc_custom_1665761469119\"><div class=\"evenz-rowcontainer-vc\"><div class=\"evenz-rowcontent\"><div class=\"wpb_column vc_column_container vc_col-sm-4\"><div class=\"vc_column-inner\"><div class=\"wpb_wrapper\">\t\t<a href=\"https:\/\/www.diarioarmenia.org.ar\/el-festival-internacional-de-poesia-de-buenos-aires-sera-inaugurado-por-lola-koundakjian-en-armenio\/\" class=\"evenz-cards  evenz-cards__sky\" target=\"_blank\">\n\t\t\t<div class=\"evenz-cards__content evenz-card evenz-gradprimary evenz-negative\">\n\n\t\t\t\t\t\t\t\t\t<div class=\"evenz-cards__i\"><img decoding=\"async\" src=\"https:\/\/festivalpoesiabsas.com.ar\/wp-content\/uploads\/2022\/10\/prensa-diarioArmenia-1.jpg\" alt=\"Diario Armenia\"><\/div>\n\t\t\t\t\t\n\t\t\t\t<div class=\"evenz-cards__content__c\">\n\t\t\t\t\t<h4 class=\"evenz-capfont\">Diario Armenia<\/h4><p class=\"evenz-small\">El Festival Internacional de Poes\u00eda de Buenos Aires contar\u00e1 en su inauguraci\u00f3n con la poeta armenia Lola Koundakjian<\/p><span class=\"evenz-btn evenz-btn__bold evenz-btn__s\">Ir a la nota<\/span>\n\t\t \t\t\t\n\t\t \t\t<\/div>\n\n\t \t\t\t\n\t\t\t\t<span class=\"evenz-hov\"><\/span><div class=\"evenz-particles\"><\/div>\n\t\t\t<\/div>\n\t\t<\/a>\n\t\t<\/div><\/div><\/div><div class=\"wpb_column vc_column_container vc_col-sm-4\"><div class=\"vc_column-inner\"><div class=\"wpb_wrapper\"><\/div><\/div><\/div><div class=\"wpb_column vc_column_container vc_col-sm-4\"><div class=\"vc_column-inner\"><div class=\"wpb_wrapper\"><\/div><\/div><\/div><\/div><\/div><\/div><\/div>","protected":false},"excerpt":{"rendered":"Diario de culturaEl Festival Internacional de Poes\u00eda de Buenos Aires est\u00e1 en marchaIr a la nota Clar\u00edn CulturaHasta el s\u00e1bado se realiza una nueva edici\u00f3n del Festival de Poes\u00eda de Buenos AiresIr a la nota Diario de culturaSe inaugura el XVI FIP, Festival Internacional de Poes\u00eda de Buenos AiresIr a [...]","protected":false},"author":1,"featured_media":0,"parent":0,"menu_order":0,"comment_status":"closed","ping_status":"closed","template":"page-wide.php","meta":{"footnotes":""},"_links":{"self":[{"href":"https:\/\/festivalpoesiabsas.com.ar\/en\/wp-json\/wp\/v2\/pages\/1543"}],"collection":[{"href":"https:\/\/festivalpoesiabsas.com.ar\/en\/wp-json\/wp\/v2\/pages"}],"about":[{"href":"https:\/\/festivalpoesiabsas.com.ar\/en\/wp-json\/wp\/v2\/types\/page"}],"author":[{"embeddable":true,"href":"https:\/\/festivalpoesiabsas.com.ar\/en\/wp-json\/wp\/v2\/users\/1"}],"replies":[{"embeddable":true,"href":"https:\/\/festivalpoesiabsas.com.ar\/en\/wp-json\/wp\/v2\/comments?post=1543"}],"version-history":[{"count":21,"href":"https:\/\/festivalpoesiabsas.com.ar\/en\/wp-json\/wp\/v2\/pages\/1543\/revisions"}],"predecessor-version":[{"id":2863,"href":"https:\/\/festivalpoesiabsas.com.ar\/en\/wp-json\/wp\/v2\/pages\/1543\/revisions\/2863"}],"wp:attachment":[{"href":"https:\/\/festivalpoesiabsas.com.ar\/en\/wp-json\/wp\/v2\/media?parent=1543"}],"curies":[{"name":"wp","href":"https:\/\/api.w.org\/{rel}","templated":true}]}}