{"id":1537,"date":"2022-09-15T14:10:58","date_gmt":"2022-09-15T17:10:58","guid":{"rendered":"http:\/\/festivalpoesiabsas.com.ar\/?page_id=1537"},"modified":"2024-01-26T15:10:32","modified_gmt":"2024-01-26T18:10:32","slug":"staff-fip-16","status":"publish","type":"page","link":"https:\/\/festivalpoesiabsas.com.ar\/en\/staff-fip-16\/","title":{"rendered":"Staff FIP #16"},"content":{"rendered":"<div class=\"evenz-vc-row-container\" ><div class=\"vc_row evenz-stickycont wpb_row evenz-vc_row\"><div class=\"evenz-rowcontainer-vc\"><div class=\"evenz-rowcontent\"><div class=\"wpb_column vc_column_container vc_col-sm-12\"><div class=\"vc_column-inner\"><div class=\"wpb_wrapper\">\n\t<div class=\"wpb_text_column wpb_content_element\" >\n\t\t<div class=\"wpb_wrapper\">\n\t\t\t<p><strong>Directora General<\/strong><br \/>\nGraciela Ar\u00e1oz<\/p>\n<p><strong>Consejo de Asesores<\/strong><br \/>\nLouis Dupr\u00e9 (Canad\u00e1)<br \/>\nLuisa Futoransky (Argentina-Francia)<br \/>\nAlejandro Nicotra (Argentina)<br \/>\nMar\u00eda \u00c1ngeles P\u00e9rez L\u00f3pez (Espa\u00f1a)<br \/>\nV\u00edctor Redondo (Argentina)<br \/>\nEnrique Solinas Argentina<\/p>\n<p><strong>Curadur\u00eda<\/strong><br \/>\nGraciela Ar\u00e1oz (Argentina)<br \/>\nMar\u00eda \u00c1ngeles P\u00e9rez L\u00f3pez (Espa\u00f1a)<br \/>\nV\u00edctor Redondo (Argentina)<\/p>\n<p><strong>Escuela Internacional de Poes\u00eda de Buenos Aires<\/strong><\/p>\n<p><strong>Equipo FIP<\/strong><\/p>\n<p><strong>Producci\u00f3n<\/strong><br \/>\nLeandro Mart\u00ednez<\/p>\n<p><strong>Traductor<\/strong><br \/>\nEnrique Solinas<\/p>\n<p><strong>Edici\u00f3n y correcci\u00f3n<\/strong><br \/>\nEdgardo Ber\u00f3n<\/p>\n<p><strong>Dise\u00f1o<\/strong><br \/>\nRamilo branding<\/p>\n<p><strong>Web<\/strong><br \/>\nPaula Buccolieri<\/p>\n<p><strong>Community Manager<\/strong><br \/>\nValentina Lombardi<\/p>\n<p><strong>Prensa<\/strong><br \/>\nEdgardo Ber\u00f3n<\/p>\n<p><strong>Audiovisual<\/strong><br \/>\nLuciano Nacci<\/p>\n<p><strong>Transmisi\u00f3n on line<\/strong><br \/>\nUlises Yanov<\/p>\n<p><strong>Fotograf\u00eda<\/strong><br \/>\nAlejandro Fiore<\/p>\n<p><strong>Servicios inform\u00e1ticos<\/strong><br \/>\nDaniel Lvovsky<\/p>\n<p><strong>Log\u00edstica<\/strong><br \/>\nRosario del Pilar Colunga Ram\u00edrez<\/p>\n\n\t\t<\/div>\n\t<\/div>\n<\/div><\/div><\/div><\/div><\/div><\/div><\/div>","protected":false},"excerpt":{"rendered":"Directora General Graciela Ar\u00e1oz Consejo de Asesores Louis Dupr\u00e9 (Canad\u00e1) Luisa Futoransky (Argentina-Francia) Alejandro Nicotra (Argentina) Mar\u00eda \u00c1ngeles P\u00e9rez L\u00f3pez (Espa\u00f1a) V\u00edctor Redondo (Argentina) Enrique Solinas Argentina Curadur\u00eda Graciela Ar\u00e1oz (Argentina) Mar\u00eda \u00c1ngeles P\u00e9rez L\u00f3pez (Espa\u00f1a) V\u00edctor Redondo (Argentina) Escuela Internacional de Poes\u00eda de Buenos Aires Equipo FIP Producci\u00f3n Leandro [...]","protected":false},"author":1,"featured_media":0,"parent":0,"menu_order":0,"comment_status":"closed","ping_status":"closed","template":"page-wide.php","meta":{"footnotes":""},"_links":{"self":[{"href":"https:\/\/festivalpoesiabsas.com.ar\/en\/wp-json\/wp\/v2\/pages\/1537"}],"collection":[{"href":"https:\/\/festivalpoesiabsas.com.ar\/en\/wp-json\/wp\/v2\/pages"}],"about":[{"href":"https:\/\/festivalpoesiabsas.com.ar\/en\/wp-json\/wp\/v2\/types\/page"}],"author":[{"embeddable":true,"href":"https:\/\/festivalpoesiabsas.com.ar\/en\/wp-json\/wp\/v2\/users\/1"}],"replies":[{"embeddable":true,"href":"https:\/\/festivalpoesiabsas.com.ar\/en\/wp-json\/wp\/v2\/comments?post=1537"}],"version-history":[{"count":9,"href":"https:\/\/festivalpoesiabsas.com.ar\/en\/wp-json\/wp\/v2\/pages\/1537\/revisions"}],"predecessor-version":[{"id":3044,"href":"https:\/\/festivalpoesiabsas.com.ar\/en\/wp-json\/wp\/v2\/pages\/1537\/revisions\/3044"}],"wp:attachment":[{"href":"https:\/\/festivalpoesiabsas.com.ar\/en\/wp-json\/wp\/v2\/media?parent=1537"}],"curies":[{"name":"wp","href":"https:\/\/api.w.org\/{rel}","templated":true}]}}