{"id":1522,"date":"2022-09-15T14:02:45","date_gmt":"2022-09-15T17:02:45","guid":{"rendered":"http:\/\/festivalpoesiabsas.com.ar\/?page_id=1522"},"modified":"2022-09-28T13:20:26","modified_gmt":"2022-09-28T16:20:26","slug":"talleristas-fip-16","status":"publish","type":"page","link":"https:\/\/festivalpoesiabsas.com.ar\/en\/talleristas-fip-16\/","title":{"rendered":"Talleristas FIP #16"},"content":{"rendered":"<div class=\"evenz-vc-row-container\" ><div class=\"vc_row evenz-stickycont wpb_row evenz-vc_row\"><div class=\"evenz-rowcontainer-vc\"><div class=\"evenz-rowcontent\"><div class=\"wpb_column vc_column_container vc_col-sm-12\"><div class=\"vc_column-inner\"><div class=\"wpb_wrapper\">\t\t\t<hr class=\"evenz-spacer-m\">\n\t\t\t\t\t<div id=\"vc_gid-1664381979962-bf6f8a7e-943a-5\" class=\"evenz-container evenz-post-grid\">\n\t\t\t\t<div class=\"evenz-row\">\n\t\t\t\t\t\t\t\t\t\t\t\t<div class=\"evenz-col evenz-col__post evenz-s12 evenz-m6 evenz-l3\">\n\t\t\t\t\t\t\t\t<article id=\"membercard-2092\" class=\"evenz-post evenz-post__member evenz-darkbg evenz-negative post-2092 evenz_member type-evenz_member status-publish has-post-thumbnail hentry evenz_membertype-poeta\">\n\t<div class=\"evenz-post__header evenz-darkbg  evenz-negative\">\n\t\t<div class=\"evenz-bgimg evenz-bgimg--full\">\n\t\t\t<img loading=\"lazy\" decoding=\"async\" width=\"370\" height=\"450\" src=\"https:\/\/festivalpoesiabsas.com.ar\/wp-content\/uploads\/2022\/09\/Cerda-Kary-Cre\u0301d.-Jorge-Ivan-Rebolledo-370x450.jpg\" class=\"evenz-post__thumb wp-post-image\" alt=\"Kary Cerda\" srcset=\"https:\/\/festivalpoesiabsas.com.ar\/wp-content\/uploads\/2022\/09\/Cerda-Kary-Cre\u0301d.-Jorge-Ivan-Rebolledo-370x450.jpg 370w, https:\/\/festivalpoesiabsas.com.ar\/wp-content\/uploads\/2022\/09\/Cerda-Kary-Cre\u0301d.-Jorge-Ivan-Rebolledo-9x12.jpg 9w\" sizes=\"(max-width: 370px) 100vw, 370px\" \/>\t\t<\/div>\n\t\t<a class=\"evenz-hov\" href=\"https:\/\/festivalpoesiabsas.com.ar\/en\/team-members\/kary-cerda\/\"> <\/a>\n\t<\/div>\n\t<div class=\"evenz-post__content\">\n\t\t<p class=\"evenz-meta evenz-small evenz-role\">\n\t\t\tTabasco, M\u00e9xico\t\t<\/p>\n\t\t<h4 class=\"evenz-post__title evenz-cutme-t-2\"><a href=\"https:\/\/festivalpoesiabsas.com.ar\/en\/team-members\/kary-cerda\/\">Kary Cerda<\/a><\/h4>\n\t\t\t<\/div>\n\n<\/article>\t\t\t\t\t\t\t<\/div>\n\t\t\t\t\t\t\t\t\t\t\t\t\t\t\t\t\t\t\t<div class=\"evenz-col evenz-col__post evenz-s12 evenz-m6 evenz-l3\">\n\t\t\t\t\t\t\t\t<article id=\"membercard-2368\" class=\"evenz-post evenz-post__member evenz-darkbg evenz-negative post-2368 evenz_member type-evenz_member status-publish has-post-thumbnail hentry evenz_membertype-talleristas\">\n\t<div class=\"evenz-post__header evenz-darkbg  evenz-negative\">\n\t\t<div class=\"evenz-bgimg evenz-bgimg--full\">\n\t\t\t<img loading=\"lazy\" decoding=\"async\" width=\"370\" height=\"450\" src=\"https:\/\/festivalpoesiabsas.com.ar\/wp-content\/uploads\/2022\/09\/chitarroni-2-370x450.jpg\" class=\"evenz-post__thumb wp-post-image\" alt=\"chitarroni\" srcset=\"https:\/\/festivalpoesiabsas.com.ar\/wp-content\/uploads\/2022\/09\/chitarroni-2-370x450.jpg 370w, https:\/\/festivalpoesiabsas.com.ar\/wp-content\/uploads\/2022\/09\/chitarroni-2-9x12.jpg 9w\" sizes=\"(max-width: 370px) 100vw, 370px\" \/>\t\t<\/div>\n\t\t<a class=\"evenz-hov\" href=\"https:\/\/festivalpoesiabsas.com.ar\/en\/team-members\/luis-chitarroni\/\"> <\/a>\n\t<\/div>\n\t<div class=\"evenz-post__content\">\n\t\t<p class=\"evenz-meta evenz-small evenz-role\">\n\t\t\tCABA, Argentina\t\t<\/p>\n\t\t<h4 class=\"evenz-post__title evenz-cutme-t-2\"><a href=\"https:\/\/festivalpoesiabsas.com.ar\/en\/team-members\/luis-chitarroni\/\">Luis Chitarroni<\/a><\/h4>\n\t\t\t<\/div>\n\n<\/article>\t\t\t\t\t\t\t<\/div>\n\t\t\t\t\t\t\t\t\t\t\t\t\t\t\t\t\t\t\t<div class=\"evenz-col evenz-col__post evenz-s12 evenz-m6 evenz-l3\">\n\t\t\t\t\t\t\t\t<article id=\"membercard-2349\" class=\"evenz-post evenz-post__member evenz-darkbg evenz-negative post-2349 evenz_member type-evenz_member status-publish has-post-thumbnail hentry evenz_membertype-talleristas\">\n\t<div class=\"evenz-post__header evenz-darkbg  evenz-negative\">\n\t\t<div class=\"evenz-bgimg evenz-bgimg--full\">\n\t\t\t<img loading=\"lazy\" decoding=\"async\" width=\"370\" height=\"450\" src=\"https:\/\/festivalpoesiabsas.com.ar\/wp-content\/uploads\/2022\/09\/paula_margules-370x450.jpg\" class=\"evenz-post__thumb wp-post-image\" alt=\"paula_margules\" srcset=\"https:\/\/festivalpoesiabsas.com.ar\/wp-content\/uploads\/2022\/09\/paula_margules-370x450.jpg 370w, https:\/\/festivalpoesiabsas.com.ar\/wp-content\/uploads\/2022\/09\/paula_margules-9x12.jpg 9w\" sizes=\"(max-width: 370px) 100vw, 370px\" \/>\t\t<\/div>\n\t\t<a class=\"evenz-hov\" href=\"https:\/\/festivalpoesiabsas.com.ar\/en\/team-members\/paula-margules\/\"> <\/a>\n\t<\/div>\n\t<div class=\"evenz-post__content\">\n\t\t<p class=\"evenz-meta evenz-small evenz-role\">\n\t\t\tCABA, Argentina\t\t<\/p>\n\t\t<h4 class=\"evenz-post__title evenz-cutme-t-2\"><a href=\"https:\/\/festivalpoesiabsas.com.ar\/en\/team-members\/paula-margules\/\">Paula Margules<\/a><\/h4>\n\t\t\t<\/div>\n\n<\/article>\t\t\t\t\t\t\t<\/div>\n\t\t\t\t\t\t\t\t\t\t\t\t\t\t\t\t\t\t\t<div class=\"evenz-col evenz-col__post evenz-s12 evenz-m6 evenz-l3\">\n\t\t\t\t\t\t\t\t<article id=\"membercard-2281\" class=\"evenz-post evenz-post__member evenz-darkbg evenz-negative post-2281 evenz_member type-evenz_member status-publish has-post-thumbnail hentry evenz_membertype-poeta\">\n\t<div class=\"evenz-post__header evenz-darkbg  evenz-negative\">\n\t\t<div class=\"evenz-bgimg evenz-bgimg--full\">\n\t\t\t<img loading=\"lazy\" decoding=\"async\" width=\"370\" height=\"450\" src=\"https:\/\/festivalpoesiabsas.com.ar\/wp-content\/uploads\/2022\/09\/Rojas-Paz-Candelaria-370x450.jpg\" class=\"evenz-post__thumb wp-post-image\" alt=\"Mar\u00eda Candelaria Rojas Paz\" srcset=\"https:\/\/festivalpoesiabsas.com.ar\/wp-content\/uploads\/2022\/09\/Rojas-Paz-Candelaria-370x450.jpg 370w, https:\/\/festivalpoesiabsas.com.ar\/wp-content\/uploads\/2022\/09\/Rojas-Paz-Candelaria-9x12.jpg 9w\" sizes=\"(max-width: 370px) 100vw, 370px\" \/>\t\t<\/div>\n\t\t<a class=\"evenz-hov\" href=\"https:\/\/festivalpoesiabsas.com.ar\/en\/team-members\/maria-candelaria-rojas-paz\/\"> <\/a>\n\t<\/div>\n\t<div class=\"evenz-post__content\">\n\t\t<p class=\"evenz-meta evenz-small evenz-role\">\n\t\t\tTucum\u00e1n, Argentina\t\t<\/p>\n\t\t<h4 class=\"evenz-post__title evenz-cutme-t-2\"><a href=\"https:\/\/festivalpoesiabsas.com.ar\/en\/team-members\/maria-candelaria-rojas-paz\/\">Mar\u00eda Candelaria Rojas Paz<\/a><\/h4>\n\t\t\t<\/div>\n\n<\/article>\t\t\t\t\t\t\t<\/div>\n\t\t\t\t\t\t\t\t\t\t\t\t\t\t\t\t<\/div>\n\t\t\t<\/div>\n\t\t\t\t\t\t<hr class=\"evenz-spacer-l\">\n\t\t<\/div><\/div><\/div><\/div><\/div><\/div><\/div>","protected":false},"excerpt":{"rendered":"Mar\u00eda Candelaria Rojas Paz Tucum\u00e1n, Argentina Licenciada en Artes, Maestra de Pl\u00e1stica y Profesora de Expresi\u00f3n Corporal. Desarrolla actividades socioculturales, literarias y art\u00edsticas en diversos \u00e1mbitos, educativos y terap\u00e9uticos. Obtuvo m\u00e1s de 30 distinciones en premios nacionales y provinciales. Publica en diversas antolog\u00edas, y La Gota en 2015. Su trabajo [...]","protected":false},"author":1,"featured_media":0,"parent":0,"menu_order":0,"comment_status":"closed","ping_status":"closed","template":"page-wide.php","meta":{"footnotes":""},"_links":{"self":[{"href":"https:\/\/festivalpoesiabsas.com.ar\/en\/wp-json\/wp\/v2\/pages\/1522"}],"collection":[{"href":"https:\/\/festivalpoesiabsas.com.ar\/en\/wp-json\/wp\/v2\/pages"}],"about":[{"href":"https:\/\/festivalpoesiabsas.com.ar\/en\/wp-json\/wp\/v2\/types\/page"}],"author":[{"embeddable":true,"href":"https:\/\/festivalpoesiabsas.com.ar\/en\/wp-json\/wp\/v2\/users\/1"}],"replies":[{"embeddable":true,"href":"https:\/\/festivalpoesiabsas.com.ar\/en\/wp-json\/wp\/v2\/comments?post=1522"}],"version-history":[{"count":9,"href":"https:\/\/festivalpoesiabsas.com.ar\/en\/wp-json\/wp\/v2\/pages\/1522\/revisions"}],"predecessor-version":[{"id":2381,"href":"https:\/\/festivalpoesiabsas.com.ar\/en\/wp-json\/wp\/v2\/pages\/1522\/revisions\/2381"}],"wp:attachment":[{"href":"https:\/\/festivalpoesiabsas.com.ar\/en\/wp-json\/wp\/v2\/media?parent=1522"}],"curies":[{"name":"wp","href":"https:\/\/api.w.org\/{rel}","templated":true}]}}