{"id":1517,"date":"2022-09-15T13:56:34","date_gmt":"2022-09-15T16:56:34","guid":{"rendered":"http:\/\/festivalpoesiabsas.com.ar\/?page_id=1517"},"modified":"2022-09-28T17:26:44","modified_gmt":"2022-09-28T20:26:44","slug":"introduccion-escuela-fip-16","status":"publish","type":"page","link":"https:\/\/festivalpoesiabsas.com.ar\/en\/introduccion-escuela-fip-16\/","title":{"rendered":"Introduction"},"content":{"rendered":"<div class=\"evenz-vc-row-container\" ><div class=\"vc_row evenz-stickycont wpb_row evenz-vc_row\"><div class=\"evenz-rowcontainer-vc\"><div class=\"evenz-rowcontent\"><div class=\"wpb_column vc_column_container vc_col-sm-12\"><div class=\"vc_column-inner\"><div class=\"wpb_wrapper\">\n\t<div  class=\"wpb_single_image wpb_content_element vc_align_left  vc_custom_1664322420979\">\n\t\t\n\t\t<figure class=\"wpb_wrapper vc_figure\">\n\t\t\t<div class=\"vc_single_image-wrapper   vc_box_border_grey\"><img loading=\"lazy\" decoding=\"async\" width=\"595\" height=\"273\" src=\"https:\/\/festivalpoesiabsas.com.ar\/wp-content\/uploads\/2022\/09\/logo-escuela.png\" class=\"vc_single_image-img attachment-full\" alt=\"\" title=\"logo-escuela\" srcset=\"https:\/\/festivalpoesiabsas.com.ar\/wp-content\/uploads\/2022\/09\/logo-escuela.png 595w, https:\/\/festivalpoesiabsas.com.ar\/wp-content\/uploads\/2022\/09\/logo-escuela-18x8.png 18w\" sizes=\"(max-width: 595px) 100vw, 595px\" \/><\/div>\n\t\t<\/figure>\n\t<\/div>\n\n\t<div class=\"wpb_text_column wpb_content_element\" >\n\t\t<div class=\"wpb_wrapper\">\n\t\t\t<p><b>X Edition<\/b><\/p>\n<p style=\"text-align: justify;\">The International School of Poetry was born with the Vienna, Medell\u00edn, and La Habana experiences as forerunners and cornerstones. This X Edition will be held virtually on October 8 and face-to-face on October 12, 13, 14 and 15,\u00a0as one more activity within the FIP International Poetry Festival of Buenos Aires in 2022.\n\nThe aim of the School is to delve into the poetic experience from different viewpoints in order to answer some tricky questions: What is poetry? What should I do with a book of poems? Where does a poem come from? What is poetry for? What does the poem do to us?<\/p>\n<p style=\"text-align: justify;\">Through unofficial schooling activities carried out by some of our international and national writers, we show the creative possibilities of words, challenging participants to ponder over the questions mentioned above and enter the world of poetry.\u00a0<\/p>\n<p style=\"text-align: justify;\">Our goal is to discover new and young readers and to learn new ways of expressing poetry collectively by means of various proposals that encourage the use of the body, the voice and other media.<\/p>\n<p style=\"text-align: justify;\">Poetry is not only written by poets. It is a poetic perception that enriches and widens the universe of anyone who experiences it.<\/p>\n<p style=\"text-align: justify;\">It is a misbelief to think that only few have access to poetry, that only \u201ccultured\u201d people may understand it. What if poetry was everywhere, waiting to be revealed?<\/p>\n<p style=\"text-align: justify;\">Many avoid reading a book of poems because it may be difficult, blunt or sensitive. Instead, we think poetry is for all those working in libraries, teaching, for the parent reading aloud to their children when they go to sleep, for those who want to listen to\u00a0the music of the world in a shell (that is\u00a0<i>the\u00a0poem<\/i>, according to Octavio Paz), but also for everyone who wishes to get closer to this world. This School of Poetry aims at discovering the different aspects within the great power of poetry.<\/p>\n<p style=\"text-align: justify;\">This X Edition will be hybrid. We\u00b4ll have two different types of workshops: one will be virtual but the others being face-to-face ones, where we will enjoy poetry again, as we enjoy any artwork or music itself.\nWe hope we can discover together the power of words and their everyday richfulness, talk about contemplation, thought and dreams, and express all those poetic ideas and feelings that arise from within, which may be beautiful, cruel or sad. Poems are never to be forgotten. Poetry is, in its true size and form, fertile and abundant. Poetry helps us to see one another and to see ourselves.<\/p>\n\n\t\t<\/div>\n\t<\/div>\n<\/div><\/div><\/div><\/div><\/div><\/div><\/div>","protected":false},"excerpt":{"rendered":"X Edici\u00f3n Antecedida y apoyada en las experiencias de Viena, Medell\u00edn y La Habana, naci\u00f3 la Escuela Internacional de Poes\u00eda que, en su d\u00e9cima edici\u00f3n se realizar\u00e1 como otra activad dentro del FIP Festival Internacional de Poes\u00eda de Buenos Aires de 2022. El prop\u00f3sito de la Escuela es indagar la [...]","protected":false},"author":1,"featured_media":0,"parent":0,"menu_order":0,"comment_status":"closed","ping_status":"closed","template":"page-sidebar.php","meta":{"footnotes":""},"_links":{"self":[{"href":"https:\/\/festivalpoesiabsas.com.ar\/en\/wp-json\/wp\/v2\/pages\/1517"}],"collection":[{"href":"https:\/\/festivalpoesiabsas.com.ar\/en\/wp-json\/wp\/v2\/pages"}],"about":[{"href":"https:\/\/festivalpoesiabsas.com.ar\/en\/wp-json\/wp\/v2\/types\/page"}],"author":[{"embeddable":true,"href":"https:\/\/festivalpoesiabsas.com.ar\/en\/wp-json\/wp\/v2\/users\/1"}],"replies":[{"embeddable":true,"href":"https:\/\/festivalpoesiabsas.com.ar\/en\/wp-json\/wp\/v2\/comments?post=1517"}],"version-history":[{"count":17,"href":"https:\/\/festivalpoesiabsas.com.ar\/en\/wp-json\/wp\/v2\/pages\/1517\/revisions"}],"predecessor-version":[{"id":2437,"href":"https:\/\/festivalpoesiabsas.com.ar\/en\/wp-json\/wp\/v2\/pages\/1517\/revisions\/2437"}],"wp:attachment":[{"href":"https:\/\/festivalpoesiabsas.com.ar\/en\/wp-json\/wp\/v2\/media?parent=1517"}],"curies":[{"name":"wp","href":"https:\/\/api.w.org\/{rel}","templated":true}]}}