{"id":1481,"date":"2022-09-15T12:17:12","date_gmt":"2022-09-15T15:17:12","guid":{"rendered":"http:\/\/festivalpoesiabsas.com.ar\/?page_id=1481"},"modified":"2022-10-07T11:43:07","modified_gmt":"2022-10-07T14:43:07","slug":"artistas-fip-16","status":"publish","type":"page","link":"https:\/\/festivalpoesiabsas.com.ar\/en\/artistas-fip-16\/","title":{"rendered":"Artistas FIP #16"},"content":{"rendered":"<div class=\"evenz-vc-row-container\" ><div class=\"vc_row evenz-stickycont wpb_row evenz-vc_row\"><div class=\"evenz-rowcontainer-vc\"><div class=\"evenz-rowcontent\"><div class=\"wpb_column vc_column_container vc_col-sm-12\"><div class=\"vc_column-inner\"><div class=\"wpb_wrapper\">\t\t\t<hr class=\"evenz-spacer-m\">\n\t\t\t\t\t<div id=\"vc_gid-1665153770836-2e255640-af56-8\" class=\"evenz-container evenz-post-grid\">\n\t\t\t\t<div class=\"evenz-row\">\n\t\t\t\t\t\t\t\t\t\t\t\t<div class=\"evenz-col evenz-col__post evenz-s12 evenz-m6 evenz-l3\">\n\t\t\t\t\t\t\t\t<article id=\"membercard-2584\" class=\"evenz-post evenz-post__member evenz-darkbg evenz-negative post-2584 evenz_member type-evenz_member status-publish has-post-thumbnail hentry evenz_membertype-artistas\">\n\t<div class=\"evenz-post__header evenz-darkbg  evenz-negative\">\n\t\t<div class=\"evenz-bgimg evenz-bgimg--full\">\n\t\t\t<img loading=\"lazy\" decoding=\"async\" width=\"370\" height=\"450\" src=\"https:\/\/festivalpoesiabsas.com.ar\/wp-content\/uploads\/2022\/09\/Casarrubia-Damia\u0301n-v2-370x450.jpg\" class=\"evenz-post__thumb wp-post-image\" alt=\"\" srcset=\"https:\/\/festivalpoesiabsas.com.ar\/wp-content\/uploads\/2022\/09\/Casarrubia-Damia\u0301n-v2-370x450.jpg 370w, https:\/\/festivalpoesiabsas.com.ar\/wp-content\/uploads\/2022\/09\/Casarrubia-Damia\u0301n-v2-9x12.jpg 9w\" sizes=\"(max-width: 370px) 100vw, 370px\" \/>\t\t<\/div>\n\t\t<a class=\"evenz-hov\" href=\"https:\/\/festivalpoesiabsas.com.ar\/en\/team-members\/damian-casarrubia\/\"> <\/a>\n\t<\/div>\n\t<div class=\"evenz-post__content\">\n\t\t<p class=\"evenz-meta evenz-small evenz-role\">\n\t\t\tCABA, Argentina\t\t<\/p>\n\t\t<h4 class=\"evenz-post__title evenz-cutme-t-2\"><a href=\"https:\/\/festivalpoesiabsas.com.ar\/en\/team-members\/damian-casarrubia\/\">Dami\u00e1n Casarrubia<\/a><\/h4>\n\t\t\t<\/div>\n\n<\/article>\t\t\t\t\t\t\t<\/div>\n\t\t\t\t\t\t\t\t\t\t\t\t\t\t\t\t\t\t\t<div class=\"evenz-col evenz-col__post evenz-s12 evenz-m6 evenz-l3\">\n\t\t\t\t\t\t\t\t<article id=\"membercard-2729\" class=\"evenz-post evenz-post__member evenz-darkbg evenz-negative post-2729 evenz_member type-evenz_member status-publish has-post-thumbnail hentry evenz_membertype-artistas\">\n\t<div class=\"evenz-post__header evenz-darkbg  evenz-negative\">\n\t\t<div class=\"evenz-bgimg evenz-bgimg--full\">\n\t\t\t<img loading=\"lazy\" decoding=\"async\" width=\"370\" height=\"450\" src=\"https:\/\/festivalpoesiabsas.com.ar\/wp-content\/uploads\/2022\/10\/participantes-frenkel-370x450.jpg\" class=\"evenz-post__thumb wp-post-image\" alt=\"\" srcset=\"https:\/\/festivalpoesiabsas.com.ar\/wp-content\/uploads\/2022\/10\/participantes-frenkel-370x450.jpg 370w, https:\/\/festivalpoesiabsas.com.ar\/wp-content\/uploads\/2022\/10\/participantes-frenkel-9x12.jpg 9w\" sizes=\"(max-width: 370px) 100vw, 370px\" \/>\t\t<\/div>\n\t\t<a class=\"evenz-hov\" href=\"https:\/\/festivalpoesiabsas.com.ar\/en\/team-members\/diego-frenkel\/\"> <\/a>\n\t<\/div>\n\t<div class=\"evenz-post__content\">\n\t\t<p class=\"evenz-meta evenz-small evenz-role\">\n\t\t\tBuenos Aires, Argentina\t\t<\/p>\n\t\t<h4 class=\"evenz-post__title evenz-cutme-t-2\"><a href=\"https:\/\/festivalpoesiabsas.com.ar\/en\/team-members\/diego-frenkel\/\">Diego Frenkel<\/a><\/h4>\n\t\t\t<\/div>\n\n<\/article>\t\t\t\t\t\t\t<\/div>\n\t\t\t\t\t\t\t\t\t\t\t\t\t\t\t\t\t\t\t<div class=\"evenz-col evenz-col__post evenz-s12 evenz-m6 evenz-l3\">\n\t\t\t\t\t\t\t\t<article id=\"membercard-2054\" class=\"evenz-post evenz-post__member evenz-darkbg evenz-negative post-2054 evenz_member type-evenz_member status-publish has-post-thumbnail hentry evenz_membertype-artistas\">\n\t<div class=\"evenz-post__header evenz-darkbg  evenz-negative\">\n\t\t<div class=\"evenz-bgimg evenz-bgimg--full\">\n\t\t\t<img loading=\"lazy\" decoding=\"async\" width=\"370\" height=\"450\" src=\"https:\/\/festivalpoesiabsas.com.ar\/wp-content\/uploads\/2022\/09\/Facundo-Monti-370x450.jpg\" class=\"evenz-post__thumb wp-post-image\" alt=\"Facundo Monti\" srcset=\"https:\/\/festivalpoesiabsas.com.ar\/wp-content\/uploads\/2022\/09\/Facundo-Monti-370x450.jpg 370w, https:\/\/festivalpoesiabsas.com.ar\/wp-content\/uploads\/2022\/09\/Facundo-Monti-9x12.jpg 9w\" sizes=\"(max-width: 370px) 100vw, 370px\" \/>\t\t<\/div>\n\t\t<a class=\"evenz-hov\" href=\"https:\/\/festivalpoesiabsas.com.ar\/en\/team-members\/facundo-monti\/\"> <\/a>\n\t<\/div>\n\t<div class=\"evenz-post__content\">\n\t\t<p class=\"evenz-meta evenz-small evenz-role\">\n\t\t\tCABA, Argentina\t\t<\/p>\n\t\t<h4 class=\"evenz-post__title evenz-cutme-t-2\"><a href=\"https:\/\/festivalpoesiabsas.com.ar\/en\/team-members\/facundo-monti\/\">Facundo Monti<\/a><\/h4>\n\t\t\t<\/div>\n\n<\/article>\t\t\t\t\t\t\t<\/div>\n\t\t\t\t\t\t\t\t\t\t\t\t\t\t\t\t\t\t\t<div class=\"evenz-col evenz-col__post evenz-s12 evenz-m6 evenz-l3\">\n\t\t\t\t\t\t\t\t<article id=\"membercard-2676\" class=\"evenz-post evenz-post__member evenz-darkbg evenz-negative post-2676 evenz_member type-evenz_member status-publish has-post-thumbnail hentry evenz_membertype-artistas\">\n\t<div class=\"evenz-post__header evenz-darkbg  evenz-negative\">\n\t\t<div class=\"evenz-bgimg evenz-bgimg--full\">\n\t\t\t<img loading=\"lazy\" decoding=\"async\" width=\"370\" height=\"450\" src=\"https:\/\/festivalpoesiabsas.com.ar\/wp-content\/uploads\/2022\/10\/participantes-peterpank2-370x450.jpg\" class=\"evenz-post__thumb wp-post-image\" alt=\"\" srcset=\"https:\/\/festivalpoesiabsas.com.ar\/wp-content\/uploads\/2022\/10\/participantes-peterpank2-370x450.jpg 370w, https:\/\/festivalpoesiabsas.com.ar\/wp-content\/uploads\/2022\/10\/participantes-peterpank2-9x12.jpg 9w\" sizes=\"(max-width: 370px) 100vw, 370px\" \/>\t\t<\/div>\n\t\t<a class=\"evenz-hov\" href=\"https:\/\/festivalpoesiabsas.com.ar\/en\/team-members\/peter-pank\/\"> <\/a>\n\t<\/div>\n\t<div class=\"evenz-post__content\">\n\t\t<p class=\"evenz-meta evenz-small evenz-role\">\n\t\t\tBuenos Aires, Argentina\t\t<\/p>\n\t\t<h4 class=\"evenz-post__title evenz-cutme-t-2\"><a href=\"https:\/\/festivalpoesiabsas.com.ar\/en\/team-members\/peter-pank\/\">Peter Pank<\/a><\/h4>\n\t\t\t<\/div>\n\n<\/article>\t\t\t\t\t\t\t<\/div>\n\t\t\t\t\t\t\t\t\t\t\t\t\t\t\t\t\t\t\t<div class=\"evenz-col evenz-col__post evenz-s12 evenz-m6 evenz-l3\">\n\t\t\t\t\t\t\t\t<article id=\"membercard-2754\" class=\"evenz-post evenz-post__member evenz-darkbg evenz-negative post-2754 evenz_member type-evenz_member status-publish has-post-thumbnail hentry evenz_membertype-artistas\">\n\t<div class=\"evenz-post__header evenz-darkbg  evenz-negative\">\n\t\t<div class=\"evenz-bgimg evenz-bgimg--full\">\n\t\t\t<img loading=\"lazy\" decoding=\"async\" width=\"370\" height=\"450\" src=\"https:\/\/festivalpoesiabsas.com.ar\/wp-content\/uploads\/2022\/10\/participantes-roncoli2-370x450.jpg\" class=\"evenz-post__thumb wp-post-image\" alt=\"\" srcset=\"https:\/\/festivalpoesiabsas.com.ar\/wp-content\/uploads\/2022\/10\/participantes-roncoli2-370x450.jpg 370w, https:\/\/festivalpoesiabsas.com.ar\/wp-content\/uploads\/2022\/10\/participantes-roncoli2-9x12.jpg 9w\" sizes=\"(max-width: 370px) 100vw, 370px\" \/>\t\t<\/div>\n\t\t<a class=\"evenz-hov\" href=\"https:\/\/festivalpoesiabsas.com.ar\/en\/team-members\/claudio-roncoli\/\"> <\/a>\n\t<\/div>\n\t<div class=\"evenz-post__content\">\n\t\t<p class=\"evenz-meta evenz-small evenz-role\">\n\t\t\tBuenos Aires, Argentina\t\t<\/p>\n\t\t<h4 class=\"evenz-post__title evenz-cutme-t-2\"><a href=\"https:\/\/festivalpoesiabsas.com.ar\/en\/team-members\/claudio-roncoli\/\">Claudio Roncoli<\/a><\/h4>\n\t\t\t<\/div>\n\n<\/article>\t\t\t\t\t\t\t<\/div>\n\t\t\t\t\t\t\t\t\t\t\t\t\t\t\t\t<\/div>\n\t\t\t<\/div>\n\t\t\t\t\t\t<hr class=\"evenz-spacer-l\">\n\t\t<\/div><\/div><\/div><\/div><\/div><\/div><\/div>","protected":false},"excerpt":{"rendered":"Claudio Roncoli Buenos Aires, Argentina, 1971 Claudio Roncoli nace el 19 de marzo de 1971, Buenos Aires, Argentina. Graduado (1995) de la Escuela Nacional de Bellas Artes Prilidiano Pueyrred\u00f3n, Buenos Aires. Reside entre Argentina, Miami y M\u00e9xico desde 2014. Recibi\u00f3 la National Endowment for the Arts 2016, Miami; en Bakehouse [...]","protected":false},"author":1,"featured_media":0,"parent":0,"menu_order":0,"comment_status":"closed","ping_status":"closed","template":"page-wide.php","meta":{"footnotes":""},"_links":{"self":[{"href":"https:\/\/festivalpoesiabsas.com.ar\/en\/wp-json\/wp\/v2\/pages\/1481"}],"collection":[{"href":"https:\/\/festivalpoesiabsas.com.ar\/en\/wp-json\/wp\/v2\/pages"}],"about":[{"href":"https:\/\/festivalpoesiabsas.com.ar\/en\/wp-json\/wp\/v2\/types\/page"}],"author":[{"embeddable":true,"href":"https:\/\/festivalpoesiabsas.com.ar\/en\/wp-json\/wp\/v2\/users\/1"}],"replies":[{"embeddable":true,"href":"https:\/\/festivalpoesiabsas.com.ar\/en\/wp-json\/wp\/v2\/comments?post=1481"}],"version-history":[{"count":18,"href":"https:\/\/festivalpoesiabsas.com.ar\/en\/wp-json\/wp\/v2\/pages\/1481\/revisions"}],"predecessor-version":[{"id":2763,"href":"https:\/\/festivalpoesiabsas.com.ar\/en\/wp-json\/wp\/v2\/pages\/1481\/revisions\/2763"}],"wp:attachment":[{"href":"https:\/\/festivalpoesiabsas.com.ar\/en\/wp-json\/wp\/v2\/media?parent=1481"}],"curies":[{"name":"wp","href":"https:\/\/api.w.org\/{rel}","templated":true}]}}